{"id":452224,"date":"2023-03-22T11:45:44","date_gmt":"2023-03-22T10:45:44","guid":{"rendered":"https:\/\/positiveprints.com\/?post_type=product&#038;p=452224"},"modified":"2026-04-18T06:06:26","modified_gmt":"2026-04-18T05:06:26","slug":"dni-w-ktorych-zostalas-nasza-mama","status":"publish","type":"product","link":"https:\/\/positiveprints.com\/pl\/produkt\/dni-w-ktorych-zostalas-nasza-mama\/","title":{"rendered":"Dni, w Kt\u00f3rych Zosta\u0142a\u015b Nasz\u0105 Mam\u0105"},"content":{"rendered":"<p style=\"margin-top: 1rem\">&#8220;Dni, w Kt\u00f3rych Zosta\u0142a\u015b Nasz\u0105 Mam\u0105&#8221; to idealny prezent dla mam, kt\u00f3re ceni\u0105 sobie wyj\u0105tkowe chwile bycia rodzicem. Ten spersonalizowany plakat pokazuje dni, w kt\u00f3rych mama wita ka\u017cde ze swoich dzieci na \u015bwiecie. Nocne niebo z tych dni zostaje odtworzone, ukazuj\u0105c pi\u0119kno i cudowno\u015b\u0107 wszech\u015bwiata w chwili narodzin ka\u017cdego dziecka.<\/p>\r\n\r\n\r\n<p style=\"margin-top: 1rem\">Ka\u017cdy plakat mo\u017cna dostosowa\u0107 za pomoc\u0105 daty, godziny i miejsca narodzin, a tak\u017ce imienia ka\u017cdego dziecka. Rezultatem jest osza\u0142amiaj\u0105ce i wyj\u0105tkowe dzie\u0142o sztuki, kt\u00f3re celebruje rado\u015b\u0107 i mi\u0142o\u015b\u0107 towarzysz\u0105c\u0105 macierzy\u0144stwu.<\/p>\r\n\r\n\r\n<p style=\"margin-top: 1rem\">&#8220;Dni, w Kt\u00f3rych Zosta\u0142a\u015b Nasz\u0105 Mam\u0105&#8221; to doskona\u0142y prezent na Dzie\u0144 Matki, prezent urodzinowy lub \u015bwi\u0105teczn\u0105 niespodziank\u0119. Ten spersonalizowany wydruk z pewno\u015bci\u0105 b\u0119dzie piel\u0119gnowany przez wiele lat i jest wspania\u0142ym sposobem na wyra\u017cenie mi\u0142o\u015bci i uznania dla wyj\u0105tkowej matki w Twoim \u017cyciu.<\/p>","protected":false},"excerpt":{"rendered":"<ul class=\"check-list\">\n<li>Dodaj konstelacje i Drog\u0119 Mleczn\u0105 <\/li>\n<li>Spersonalizuj w 3 prostych krokach<\/li>\n<li>Dodaj dedykacj\u0119 prosto z serca<\/li>\n<li>Interaktywny podgl\u0105d pozwoli dopracowa\u0107 ka\u017cdy szczeg\u00f3\u0142<\/li>\n<\/ul>\n","protected":false},"featured_media":1668359,"template":"","meta":[],"product_brand":[],"product_cat":[9279,11414,7706,9105,7328,7188,5271,99],"product_tag":[13392,12618,13393,12619,8407,13394,13395,15561,12621,15543,11819],"class_list":{"0":"post-452224","1":"product","2":"type-product","3":"status-publish","4":"has-post-thumbnail","6":"product_cat-bestsellers-label-pl","7":"product_cat-prezenty-pod-choinke-dla-mamy","8":"product_cat-prezent-dla-mamy","9":"product_cat-duo-stars-pl","10":"product_cat-prezenty-na-dzien-matki","11":"product_cat-map-pl","12":"product_cat-prezent-na-boze-narodzenie","13":"product_cat-wszystkie-produkty","14":"product_tag-mam-pl","15":"product_tag-mama-pl","16":"product_tag-mammy-pl","17":"product_tag-mamusia","18":"product_tag-mother-pl","19":"product_tag-mum-pl","20":"product_tag-mummy-pl","21":"product_tag-najlepsza-mama","22":"product_tag-prezent-dla-mamy","23":"product_tag-prezent-dla-mamy-pl","24":"product_tag-prezenty-pod-choinke-dla-mamy","26":"first","27":"instock","28":"sale","29":"taxable","30":"shipping-taxable","31":"purchasable","32":"product-type-variable"},"yoast_head":"<!-- This site is optimized with the Yoast SEO Premium plugin v27.2 (Yoast SEO v27.2) - https:\/\/yoast.com\/product\/yoast-seo-premium-wordpress\/ -->\n<title>Dni, w Kt\u00f3rych Zosta\u0142a\u015b Nasz\u0105 Mam\u0105 - Positive Prints<\/title>\n<meta name=\"description\" content=\"Dni, w Kt\u00f3rych Zosta\u0142a\u015b Nasz\u0105 Mam\u0105 to idealny prezent dla mam, kt\u00f3re ceni\u0105 sobie wyj\u0105tkowe chwile bycia rodzicem. Zam\u00f3w ju\u017c dzi\u015b!\" \/>\n<meta name=\"robots\" content=\"index, follow, max-snippet:-1, max-image-preview:large, max-video-preview:-1\" \/>\n<link rel=\"canonical\" href=\"https:\/\/positiveprints.com\/pl\/produkt\/dni-w-ktorych-zostalas-nasza-mama\/\" \/>\n<meta property=\"og:locale\" content=\"pl_PL\" \/>\n<meta property=\"og:type\" content=\"article\" \/>\n<meta property=\"og:title\" content=\"Dni, w Kt\u00f3rych Zosta\u0142a\u015b Nasz\u0105 Mam\u0105\" \/>\n<meta property=\"og:description\" content=\"Dodaj konstelacje i Drog\u0119 Mleczn\u0105   Spersonalizuj w 3 prostych krokach  Dodaj dedykacj\u0119 prosto z serca  Interaktywny podgl\u0105d pozwoli dopracowa\u0107 ka\u017cdy szczeg\u00f3\u0142\" \/>\n<meta property=\"og:url\" content=\"https:\/\/positiveprints.com\/pl\/produkt\/dni-w-ktorych-zostalas-nasza-mama\/\" \/>\n<meta property=\"og:site_name\" content=\"Positive Prints\" \/>\n<meta property=\"article:publisher\" content=\"https:\/\/www.facebook.com\/positiveprintscom\" \/>\n<meta property=\"article:modified_time\" content=\"2026-04-18T05:06:26+00:00\" \/>\n<meta property=\"og:image\" content=\"https:\/\/positiveprints.com\/wp-content\/uploads\/2026\/03\/dzien-w-ktorym-zsotalas-nasza-mama.-PL-packshot-.webp\" \/>\n\t<meta property=\"og:image:width\" content=\"1450\" \/>\n\t<meta property=\"og:image:height\" content=\"1450\" \/>\n\t<meta property=\"og:image:type\" content=\"image\/webp\" \/>\n<meta name=\"twitter:card\" content=\"summary_large_image\" \/>\n<meta name=\"twitter:label1\" content=\"Szacowany czas czytania\" \/>\n\t<meta name=\"twitter:data1\" content=\"1 minuta\" \/>\n<!-- \/ Yoast SEO Premium plugin. -->","yoast_head_json":{"title":"Dni, w Kt\u00f3rych Zosta\u0142a\u015b Nasz\u0105 Mam\u0105 - Positive Prints","description":"Dni, w Kt\u00f3rych Zosta\u0142a\u015b Nasz\u0105 Mam\u0105 to idealny prezent dla mam, kt\u00f3re ceni\u0105 sobie wyj\u0105tkowe chwile bycia rodzicem. Zam\u00f3w ju\u017c dzi\u015b!","robots":{"index":"index","follow":"follow","max-snippet":"max-snippet:-1","max-image-preview":"max-image-preview:large","max-video-preview":"max-video-preview:-1"},"canonical":"https:\/\/positiveprints.com\/pl\/produkt\/dni-w-ktorych-zostalas-nasza-mama\/","og_locale":"pl_PL","og_type":"article","og_title":"Dni, w Kt\u00f3rych Zosta\u0142a\u015b Nasz\u0105 Mam\u0105","og_description":"Dodaj konstelacje i Drog\u0119 Mleczn\u0105   Spersonalizuj w 3 prostych krokach  Dodaj dedykacj\u0119 prosto z serca  Interaktywny podgl\u0105d pozwoli dopracowa\u0107 ka\u017cdy szczeg\u00f3\u0142","og_url":"https:\/\/positiveprints.com\/pl\/produkt\/dni-w-ktorych-zostalas-nasza-mama\/","og_site_name":"Positive Prints","article_publisher":"https:\/\/www.facebook.com\/positiveprintscom","article_modified_time":"2026-04-18T05:06:26+00:00","og_image":[{"width":1450,"height":1450,"url":"https:\/\/positiveprints.com\/wp-content\/uploads\/2026\/03\/dzien-w-ktorym-zsotalas-nasza-mama.-PL-packshot-.webp","type":"image\/webp"}],"twitter_card":"summary_large_image","twitter_misc":{"Szacowany czas czytania":"1 minuta"},"schema":{"@context":"https:\/\/schema.org","@graph":[{"@type":["WebPage","ItemPage"],"@id":"https:\/\/positiveprints.com\/pl\/produkt\/dni-w-ktorych-zostalas-nasza-mama\/","url":"https:\/\/positiveprints.com\/pl\/produkt\/dni-w-ktorych-zostalas-nasza-mama\/","name":"Dni, w Kt\u00f3rych Zosta\u0142a\u015b Nasz\u0105 Mam\u0105 - Positive Prints","isPartOf":{"@id":"https:\/\/positiveprints.com\/pl\/#website"},"primaryImageOfPage":{"@id":"https:\/\/positiveprints.com\/pl\/produkt\/dni-w-ktorych-zostalas-nasza-mama\/#primaryimage"},"image":{"@id":"https:\/\/positiveprints.com\/pl\/produkt\/dni-w-ktorych-zostalas-nasza-mama\/#primaryimage"},"thumbnailUrl":"https:\/\/positiveprints.com\/wp-content\/uploads\/2026\/03\/dzien-w-ktorym-zsotalas-nasza-mama.-PL-packshot-.webp","datePublished":"2023-03-22T10:45:44+00:00","dateModified":"2026-04-18T05:06:26+00:00","description":"Dni, w Kt\u00f3rych Zosta\u0142a\u015b Nasz\u0105 Mam\u0105 to idealny prezent dla mam, kt\u00f3re ceni\u0105 sobie wyj\u0105tkowe chwile bycia rodzicem. Zam\u00f3w ju\u017c dzi\u015b!","breadcrumb":{"@id":"https:\/\/positiveprints.com\/pl\/produkt\/dni-w-ktorych-zostalas-nasza-mama\/#breadcrumb"},"inLanguage":"pl-PL","potentialAction":[{"@type":"ReadAction","target":["https:\/\/positiveprints.com\/pl\/produkt\/dni-w-ktorych-zostalas-nasza-mama\/"]}]},{"@type":"ImageObject","inLanguage":"pl-PL","@id":"https:\/\/positiveprints.com\/pl\/produkt\/dni-w-ktorych-zostalas-nasza-mama\/#primaryimage","url":"https:\/\/positiveprints.com\/wp-content\/uploads\/2026\/03\/dzien-w-ktorym-zsotalas-nasza-mama.-PL-packshot-.webp","contentUrl":"https:\/\/positiveprints.com\/wp-content\/uploads\/2026\/03\/dzien-w-ktorym-zsotalas-nasza-mama.-PL-packshot-.webp","width":1450,"height":1450},{"@type":"BreadcrumbList","@id":"https:\/\/positiveprints.com\/pl\/produkt\/dni-w-ktorych-zostalas-nasza-mama\/#breadcrumb","itemListElement":[{"@type":"ListItem","position":1,"name":"Home","item":"https:\/\/positiveprints.com\/pl\/"},{"@type":"ListItem","position":2,"name":"Produkty","item":"https:\/\/positiveprints.com\/pl\/shop\/"},{"@type":"ListItem","position":3,"name":"Dni, w Kt\u00f3rych Zosta\u0142a\u015b Nasz\u0105 Mam\u0105"}]},{"@type":"WebSite","@id":"https:\/\/positiveprints.com\/pl\/#website","url":"https:\/\/positiveprints.com\/pl\/","name":"Positive Prints","description":"Amazing Custom Personalized Gifts","publisher":{"@id":"https:\/\/positiveprints.com\/pl\/#organization"},"potentialAction":[{"@type":"SearchAction","target":{"@type":"EntryPoint","urlTemplate":"https:\/\/positiveprints.com\/pl\/?s={search_term_string}"},"query-input":{"@type":"PropertyValueSpecification","valueRequired":true,"valueName":"search_term_string"}}],"inLanguage":"pl-PL"},{"@type":"Organization","@id":"https:\/\/positiveprints.com\/pl\/#organization","name":"Positive Prints","alternateName":"Positive Prints","url":"https:\/\/positiveprints.com\/pl\/","logo":{"@type":"ImageObject","inLanguage":"pl-PL","@id":"https:\/\/positiveprints.com\/pl\/#\/schema\/logo\/image\/","url":"https:\/\/positiveprints.com\/wp-content\/uploads\/2026\/03\/245815646_1337939713319158_5671353136411139666_n.png","contentUrl":"https:\/\/positiveprints.com\/wp-content\/uploads\/2026\/03\/245815646_1337939713319158_5671353136411139666_n.png","width":800,"height":800,"caption":"Positive Prints"},"image":{"@id":"https:\/\/positiveprints.com\/pl\/#\/schema\/logo\/image\/"},"sameAs":["https:\/\/www.facebook.com\/positiveprintscom","https:\/\/www.instagram.com\/positiveprintscom\/","https:\/\/www.tiktok.com\/@positiveprintscom","https:\/\/www.pinterest.com\/positiveprintscom\/"]}]}},"jetpack_sharing_enabled":true,"_links":{"self":[{"href":"https:\/\/positiveprints.com\/pl\/wp-json\/wp\/v2\/product\/452224","targetHints":{"allow":["GET"]}}],"collection":[{"href":"https:\/\/positiveprints.com\/pl\/wp-json\/wp\/v2\/product"}],"about":[{"href":"https:\/\/positiveprints.com\/pl\/wp-json\/wp\/v2\/types\/product"}],"wp:featuredmedia":[{"embeddable":true,"href":"https:\/\/positiveprints.com\/pl\/wp-json\/wp\/v2\/media\/1668359"}],"wp:attachment":[{"href":"https:\/\/positiveprints.com\/pl\/wp-json\/wp\/v2\/media?parent=452224"}],"wp:term":[{"taxonomy":"product_brand","embeddable":true,"href":"https:\/\/positiveprints.com\/pl\/wp-json\/wp\/v2\/product_brand?post=452224"},{"taxonomy":"product_cat","embeddable":true,"href":"https:\/\/positiveprints.com\/pl\/wp-json\/wp\/v2\/product_cat?post=452224"},{"taxonomy":"product_tag","embeddable":true,"href":"https:\/\/positiveprints.com\/pl\/wp-json\/wp\/v2\/product_tag?post=452224"}],"curies":[{"name":"wp","href":"https:\/\/api.w.org\/{rel}","templated":true}]}}