{"id":451209,"date":"2023-02-10T19:32:31","date_gmt":"2023-02-10T18:32:31","guid":{"rendered":"https:\/\/positiveprints.com\/?post_type=product&#038;p=451209"},"modified":"2026-04-18T06:14:43","modified_gmt":"2026-04-18T05:14:43","slug":"milosc-nie-zna-granic-mapa-dla-mamy","status":"publish","type":"product","link":"https:\/\/positiveprints.com\/pl\/produkt\/milosc-nie-zna-granic-mapa-dla-mamy\/","title":{"rendered":"Mi\u0142o\u015b\u0107 Nie Zna Granic &#8211; Mapa dla Mamy"},"content":{"rendered":"<p style=\"margin-top: 1rem\">\u015awi\u0119towanie wyj\u0105tkowych dni z mam\u0105, takich jak urodziny czy Dzie\u0144 Matki, mo\u017ce by\u0107 trudne, gdy mieszkacie daleko od siebie. Wys\u0142anie jej wyj\u0105tkowej pami\u0105tki \u015bwiadcz\u0105cej o twojej mi\u0142o\u015bci i uznaniu jest jednym ze sposob\u00f3w na pokonanie dystansu. Spersonalizowany plakat lub wydruk na p\u0142\u00f3tnie &#8211; Mi\u0142o\u015b\u0107 Nie Zna Granic Mapa dla Mamy to idealny prezent na ka\u017cd\u0105 okazj\u0119. W ten spos\u00f3b mo\u017cesz jej pokaza\u0107, \u017ce \u200b\u200bbez wzgl\u0119du na to, jak daleko jeste\u015b, wasza wi\u0119\u017a nigdy nie zniknie. To pami\u0105tk\u0105, o kt\u00f3rej zawsze b\u0119dzie pami\u0119ta\u0107!<\/p>\r\n\r\n\r\n\r\n<h2 class=\"grenB f24 cblue\" style=\"margin-top: 3rem\">Spersonalizowana Mapa dla Mamy &#8211; Mi\u0142o\u015b\u0107 Nie Zna Granic<\/h2>\r\n\r\n\r\n<p style=\"margin-top: 1rem\">Nasza mapa \u201eMi\u0142o\u015b\u0107 Nie Zna Granic\u201d dla mamy przedstawia wyj\u0105tkow\u0105 wi\u0119\u017a mi\u0119dzy tob\u0105 a twoj\u0105 mam\u0105. Aby stworzy\u0107 idealny prezent dla Mamy, po prostu wpisz dwa adresy, kt\u00f3rymi oznaczymy Twoje lokalizacje na pi\u0119knej mapie. Mo\u017cesz tak\u017ce dostosowa\u0107 map\u0119, wybieraj\u0105c kolor, styl i rozmiar. Zadbamy o to, \u017ceby by\u0142 to prezent, kt\u00f3ry Twoja mama z dum\u0105\u00a0 b\u0119dzie prezentowa\u0142a w swoim domu.<\/p>\r\n\r\n\r\n\r\n<h2 class=\"grenB f24 cblue\" style=\"margin-top: 3rem\">Prezent, kt\u00f3ry celebruje Wasz\u0105 wi\u0119\u017a<\/h2>\r\n\r\n\r\n<p style=\"margin-top: 1rem\">Twoja mama b\u0119dzie zachwycona, gdy otrzyma tak wyj\u0105tkowy prezent, a za ka\u017cdym razem, gdy na niego spojrzy, b\u0119dzie pami\u0119ta\u0107 o Tobie i o Waszej wsp\u00f3lnej wi\u0119zi. Ta starannie wykonana mapa celebruje wi\u0119\u017a, kt\u00f3r\u0105 dzielicie, nawet je\u015bli jeste\u015bcie daleko od siebie. To \u015bwietny spos\u00f3b, aby pokaza\u0107 mamie, jak wiele dla Ciebie znaczy, i da\u0107 jej do zrozumienia, \u017ce \u200b\u200bbez wzgl\u0119du na odleg\u0142o\u015b\u0107, Twoja mi\u0142o\u015b\u0107 nie ma ko\u0144ca.<\/p>\r\n\r\n\r\n\r\n<h2 class=\"grenB f24 cblue\" style=\"margin-top: 3rem\">Zam\u00f3w Map\u0119 dla Mamy &#8211; Mi\u0142o\u015b\u0107 Nie Zna Granic ju\u017c dzi\u015b<\/h2>\r\n\r\n\r\n<p style=\"margin-top: 1rem\">W Positive Prints specjalizujemy si\u0119 w tworzeniu spersonalizowanych prezent\u00f3w, kt\u00f3re wywo\u0142aj\u0105 u\u015bmiech na twarzy Twojej Mamy. Wiemy, jak wyj\u0105tkowa jest wi\u0119\u017a mi\u0119dzy wami, i jeste\u015bmy tutaj, aby pom\u00f3c Wam pokona\u0107 dystans dzi\u0119ki naszym kreatywnym i wyj\u0105tkowym wydrukom. Zam\u00f3w spersonalizowan\u0105 map\u0119 dla mamy ju\u017c dzi\u015b i poka\u017c jej, \u017ce bez wzgl\u0119du na to, jak daleko jeste\u015b, Twoja mi\u0142o\u015b\u0107 nie zna granic.<\/p>","protected":false},"excerpt":{"rendered":"<ul class=\"check-list\">\n<li>Poka\u017c swojej mamie, jak wiele dla Ciebie znaczy, celebruj Wasz\u0105 wi\u0119\u017a, niezale\u017cnie od tego, jak daleko od siebie jeste\u015bcie<\/li>\n<li>Wyr\u00f3\u017cnij szczeg\u00f3lne lokalizacje za pomoc\u0105 symbolu<\/li>\n<li>Spersonalizuj w 3 prostych krokach<\/li>\n<li>Dodaj dedykacj\u0119 prosto z serca<\/li>\n<li>Interaktywny podgl\u0105d pozwoli dopracowa\u0107 ka\u017cdy szczeg\u00f3\u0142<\/li>\n<\/ul>\n","protected":false},"featured_media":1464857,"template":"","meta":[],"product_brand":[],"product_cat":[9116,99,7328,5271,11414,7706],"product_tag":[8407,11819],"class_list":{"0":"post-451209","1":"product","2":"type-product","3":"status-publish","4":"has-post-thumbnail","6":"product_cat-double-maps-pl","7":"product_cat-wszystkie-produkty","8":"product_cat-prezenty-na-dzien-matki","9":"product_cat-prezent-na-boze-narodzenie","10":"product_cat-prezenty-pod-choinke-dla-mamy","11":"product_cat-prezent-dla-mamy","12":"product_tag-mother-pl","13":"product_tag-prezenty-pod-choinke-dla-mamy","15":"first","16":"instock","17":"sale","18":"taxable","19":"shipping-taxable","20":"purchasable","21":"product-type-variable"},"yoast_head":"<!-- This site is optimized with the Yoast SEO Premium plugin v27.2 (Yoast SEO v27.2) - https:\/\/yoast.com\/product\/yoast-seo-premium-wordpress\/ -->\n<title>Mi\u0142o\u015b\u0107 Nie Zna Granic - Mapa dla Mamy - Positive Prints<\/title>\n<meta name=\"description\" content=\"Ju\u017c dzi\u015b zam\u00f3w spersonalizowan\u0105 Map\u0119 dla Mamy - Mi\u0142o\u015b\u0107 Nie Zna Granic i poka\u017c jej, \u017ce bez wzgl\u0119du na to, jak daleko jeste\u015b, Twoja mi\u0142o\u015b\u0107 nie zna granic\" \/>\n<meta name=\"robots\" content=\"index, follow, max-snippet:-1, max-image-preview:large, max-video-preview:-1\" \/>\n<link rel=\"canonical\" href=\"https:\/\/positiveprints.com\/pl\/produkt\/milosc-nie-zna-granic-mapa-dla-mamy\/\" \/>\n<meta property=\"og:locale\" content=\"pl_PL\" \/>\n<meta property=\"og:type\" content=\"article\" \/>\n<meta property=\"og:title\" content=\"Mi\u0142o\u015b\u0107 Nie Zna Granic - Mapa dla Mamy\" \/>\n<meta property=\"og:description\" content=\"Poka\u017c swojej mamie, jak wiele dla Ciebie znaczy, celebruj Wasz\u0105 wi\u0119\u017a, niezale\u017cnie od tego, jak daleko od siebie jeste\u015bcie  Wyr\u00f3\u017cnij szczeg\u00f3lne lokalizacje za pomoc\u0105 symbolu  Spersonalizuj w 3 prostych krokach  Dodaj dedykacj\u0119 prosto z serca  Interaktywny podgl\u0105d pozwoli dopracowa\u0107 ka\u017cdy szczeg\u00f3\u0142\" \/>\n<meta property=\"og:url\" content=\"https:\/\/positiveprints.com\/pl\/produkt\/milosc-nie-zna-granic-mapa-dla-mamy\/\" \/>\n<meta property=\"og:site_name\" content=\"Positive Prints\" \/>\n<meta property=\"article:publisher\" content=\"https:\/\/www.facebook.com\/positiveprintscom\" \/>\n<meta property=\"article:modified_time\" content=\"2026-04-18T05:14:43+00:00\" \/>\n<meta property=\"og:image\" content=\"https:\/\/positiveprints.com\/wp-content\/uploads\/2025\/06\/Packshot_PL_Milos\u0301c\u0301-Nie-Zna-Granic-Mapa-dla-Mamy.webp\" \/>\n\t<meta property=\"og:image:width\" content=\"1450\" \/>\n\t<meta property=\"og:image:height\" content=\"1450\" \/>\n\t<meta property=\"og:image:type\" content=\"image\/webp\" \/>\n<meta name=\"twitter:card\" content=\"summary_large_image\" \/>\n<meta name=\"twitter:label1\" content=\"Szacowany czas czytania\" \/>\n\t<meta name=\"twitter:data1\" content=\"2 minuty\" \/>\n<!-- \/ Yoast SEO Premium plugin. -->","yoast_head_json":{"title":"Mi\u0142o\u015b\u0107 Nie Zna Granic - Mapa dla Mamy - Positive Prints","description":"Ju\u017c dzi\u015b zam\u00f3w spersonalizowan\u0105 Map\u0119 dla Mamy - Mi\u0142o\u015b\u0107 Nie Zna Granic i poka\u017c jej, \u017ce bez wzgl\u0119du na to, jak daleko jeste\u015b, Twoja mi\u0142o\u015b\u0107 nie zna granic","robots":{"index":"index","follow":"follow","max-snippet":"max-snippet:-1","max-image-preview":"max-image-preview:large","max-video-preview":"max-video-preview:-1"},"canonical":"https:\/\/positiveprints.com\/pl\/produkt\/milosc-nie-zna-granic-mapa-dla-mamy\/","og_locale":"pl_PL","og_type":"article","og_title":"Mi\u0142o\u015b\u0107 Nie Zna Granic - Mapa dla Mamy","og_description":"Poka\u017c swojej mamie, jak wiele dla Ciebie znaczy, celebruj Wasz\u0105 wi\u0119\u017a, niezale\u017cnie od tego, jak daleko od siebie jeste\u015bcie  Wyr\u00f3\u017cnij szczeg\u00f3lne lokalizacje za pomoc\u0105 symbolu  Spersonalizuj w 3 prostych krokach  Dodaj dedykacj\u0119 prosto z serca  Interaktywny podgl\u0105d pozwoli dopracowa\u0107 ka\u017cdy szczeg\u00f3\u0142","og_url":"https:\/\/positiveprints.com\/pl\/produkt\/milosc-nie-zna-granic-mapa-dla-mamy\/","og_site_name":"Positive Prints","article_publisher":"https:\/\/www.facebook.com\/positiveprintscom","article_modified_time":"2026-04-18T05:14:43+00:00","og_image":[{"width":1450,"height":1450,"url":"https:\/\/positiveprints.com\/wp-content\/uploads\/2025\/06\/Packshot_PL_Milos\u0301c\u0301-Nie-Zna-Granic-Mapa-dla-Mamy.webp","type":"image\/webp"}],"twitter_card":"summary_large_image","twitter_misc":{"Szacowany czas czytania":"2 minuty"},"schema":{"@context":"https:\/\/schema.org","@graph":[{"@type":["WebPage","ItemPage"],"@id":"https:\/\/positiveprints.com\/pl\/produkt\/milosc-nie-zna-granic-mapa-dla-mamy\/","url":"https:\/\/positiveprints.com\/pl\/produkt\/milosc-nie-zna-granic-mapa-dla-mamy\/","name":"Mi\u0142o\u015b\u0107 Nie Zna Granic - Mapa dla Mamy - Positive Prints","isPartOf":{"@id":"https:\/\/positiveprints.com\/pl\/#website"},"primaryImageOfPage":{"@id":"https:\/\/positiveprints.com\/pl\/produkt\/milosc-nie-zna-granic-mapa-dla-mamy\/#primaryimage"},"image":{"@id":"https:\/\/positiveprints.com\/pl\/produkt\/milosc-nie-zna-granic-mapa-dla-mamy\/#primaryimage"},"thumbnailUrl":"https:\/\/positiveprints.com\/wp-content\/uploads\/2025\/06\/Packshot_PL_Milos\u0301c\u0301-Nie-Zna-Granic-Mapa-dla-Mamy.webp","datePublished":"2023-02-10T18:32:31+00:00","dateModified":"2026-04-18T05:14:43+00:00","description":"Ju\u017c dzi\u015b zam\u00f3w spersonalizowan\u0105 Map\u0119 dla Mamy - Mi\u0142o\u015b\u0107 Nie Zna Granic i poka\u017c jej, \u017ce bez wzgl\u0119du na to, jak daleko jeste\u015b, Twoja mi\u0142o\u015b\u0107 nie zna granic","breadcrumb":{"@id":"https:\/\/positiveprints.com\/pl\/produkt\/milosc-nie-zna-granic-mapa-dla-mamy\/#breadcrumb"},"inLanguage":"pl-PL","potentialAction":[{"@type":"ReadAction","target":["https:\/\/positiveprints.com\/pl\/produkt\/milosc-nie-zna-granic-mapa-dla-mamy\/"]}]},{"@type":"ImageObject","inLanguage":"pl-PL","@id":"https:\/\/positiveprints.com\/pl\/produkt\/milosc-nie-zna-granic-mapa-dla-mamy\/#primaryimage","url":"https:\/\/positiveprints.com\/wp-content\/uploads\/2025\/06\/Packshot_PL_Milos\u0301c\u0301-Nie-Zna-Granic-Mapa-dla-Mamy.webp","contentUrl":"https:\/\/positiveprints.com\/wp-content\/uploads\/2025\/06\/Packshot_PL_Milos\u0301c\u0301-Nie-Zna-Granic-Mapa-dla-Mamy.webp","width":1450,"height":1450},{"@type":"BreadcrumbList","@id":"https:\/\/positiveprints.com\/pl\/produkt\/milosc-nie-zna-granic-mapa-dla-mamy\/#breadcrumb","itemListElement":[{"@type":"ListItem","position":1,"name":"Home","item":"https:\/\/positiveprints.com\/pl\/"},{"@type":"ListItem","position":2,"name":"Produkty","item":"https:\/\/positiveprints.com\/pl\/shop\/"},{"@type":"ListItem","position":3,"name":"Mi\u0142o\u015b\u0107 Nie Zna Granic &#8211; Mapa dla Mamy"}]},{"@type":"WebSite","@id":"https:\/\/positiveprints.com\/pl\/#website","url":"https:\/\/positiveprints.com\/pl\/","name":"Positive Prints","description":"Amazing Custom Personalized Gifts","publisher":{"@id":"https:\/\/positiveprints.com\/pl\/#organization"},"potentialAction":[{"@type":"SearchAction","target":{"@type":"EntryPoint","urlTemplate":"https:\/\/positiveprints.com\/pl\/?s={search_term_string}"},"query-input":{"@type":"PropertyValueSpecification","valueRequired":true,"valueName":"search_term_string"}}],"inLanguage":"pl-PL"},{"@type":"Organization","@id":"https:\/\/positiveprints.com\/pl\/#organization","name":"Positive Prints","alternateName":"Positive Prints","url":"https:\/\/positiveprints.com\/pl\/","logo":{"@type":"ImageObject","inLanguage":"pl-PL","@id":"https:\/\/positiveprints.com\/pl\/#\/schema\/logo\/image\/","url":"https:\/\/positiveprints.com\/wp-content\/uploads\/2026\/03\/245815646_1337939713319158_5671353136411139666_n.png","contentUrl":"https:\/\/positiveprints.com\/wp-content\/uploads\/2026\/03\/245815646_1337939713319158_5671353136411139666_n.png","width":800,"height":800,"caption":"Positive Prints"},"image":{"@id":"https:\/\/positiveprints.com\/pl\/#\/schema\/logo\/image\/"},"sameAs":["https:\/\/www.facebook.com\/positiveprintscom","https:\/\/www.instagram.com\/positiveprintscom\/","https:\/\/www.tiktok.com\/@positiveprintscom","https:\/\/www.pinterest.com\/positiveprintscom\/"]}]}},"jetpack_sharing_enabled":true,"_links":{"self":[{"href":"https:\/\/positiveprints.com\/pl\/wp-json\/wp\/v2\/product\/451209","targetHints":{"allow":["GET"]}}],"collection":[{"href":"https:\/\/positiveprints.com\/pl\/wp-json\/wp\/v2\/product"}],"about":[{"href":"https:\/\/positiveprints.com\/pl\/wp-json\/wp\/v2\/types\/product"}],"wp:featuredmedia":[{"embeddable":true,"href":"https:\/\/positiveprints.com\/pl\/wp-json\/wp\/v2\/media\/1464857"}],"wp:attachment":[{"href":"https:\/\/positiveprints.com\/pl\/wp-json\/wp\/v2\/media?parent=451209"}],"wp:term":[{"taxonomy":"product_brand","embeddable":true,"href":"https:\/\/positiveprints.com\/pl\/wp-json\/wp\/v2\/product_brand?post=451209"},{"taxonomy":"product_cat","embeddable":true,"href":"https:\/\/positiveprints.com\/pl\/wp-json\/wp\/v2\/product_cat?post=451209"},{"taxonomy":"product_tag","embeddable":true,"href":"https:\/\/positiveprints.com\/pl\/wp-json\/wp\/v2\/product_tag?post=451209"}],"curies":[{"name":"wp","href":"https:\/\/api.w.org\/{rel}","templated":true}]}}