{"id":451172,"date":"2023-02-08T10:42:11","date_gmt":"2023-02-08T09:42:11","guid":{"rendered":"https:\/\/positiveprints.com\/?post_type=product&#038;p=451172"},"modified":"2026-04-18T06:16:06","modified_gmt":"2026-04-18T05:16:06","slug":"ulubiona-piosenka-mamy","status":"publish","type":"product","link":"https:\/\/positiveprints.com\/pl\/produkt\/ulubiona-piosenka-mamy\/","title":{"rendered":"Ulubiona Piosenka Mamy"},"content":{"rendered":"<p style=\"margin-top: 1rem\">Wymy\u015blenie idealnego prezentu dla mamy mo\u017ce by\u0107 wyzwaniem. Niezale\u017cnie od tego, czy szukasz czego\u015b oryginalnego, czy po prostu pr\u00f3bujesz znale\u017a\u0107 co\u015b, co sprawi, \u017ce si\u0119 u\u015bmiechnie, jest tak wiele opcji do wyboru, \u017ce \u0142atwo poczu\u0107 si\u0119 przyt\u0142oczonym. Je\u015bli chcesz podarowa\u0107 mamie co\u015b naprawd\u0119 wyj\u0105tkowego, to mamy co\u015b dla Ciebie &#8211; Plakat fali d\u017awi\u0119kowej przedstawiaj\u0105cy ulubion\u0105 piosenk\u0119 Twojej mamy!<\/p>\n\n\n\n\n\n\n\n<h2 class=\"grenB f24 cblue\" style=\"margin-top: 3rem\">Stw\u00f3rz Plakat Fali D\u017awi\u0119kowej przedstawiaj\u0105cy Ulubion\u0105 Piosenk\u0119 Mamy<\/h2>\n\n\n\n\n\n<p style=\"margin-top: 1rem\">Poka\u017c swojej mamie, jak wiele dla Ciebie znaczy, tworz\u0105c spersonalizowany plakat z jej ulubion\u0105 piosenk\u0105. To \u0142atwy spos\u00f3b na stworzenie wyj\u0105tkowego prezentu, o kt\u00f3rym na pewno szybko nie zapomni! Wszystko, co musisz zrobi\u0107, to przes\u0142a\u0107 d\u017awi\u0119k lub znale\u017a\u0107 na Spotify ulubion\u0105 piosenk\u0119 swojej mamy, wybra\u0107 kolor fali d\u017awi\u0119kowej i t\u0142a oraz je\u015bli chcesz doda\u0107 specjaln\u0105 wiadomo\u015b\u0107 lub cytat. Mo\u017cesz tak\u017ce wybra\u0107, czy chcesz go zam\u00f3wi\u0107 jako drukowany plakat, plakat w ramie czy wydruk na p\u0142\u00f3tnie \u2013 w zale\u017cno\u015bci od tego, co najbardziej spodoba si\u0119 Twojej mamie! Mo\u017cliwo\u015bci s\u0105 nieograniczone!<\/p>\n\n\n\n\n\n\n\n<p style=\"margin-top: 1rem\">Dzi\u0119ki temu przemy\u015blanemu podarunkowi Twoja mama poczuje mi\u0142o\u015b\u0107 i ciep\u0142o za ka\u017cdym razem, gdy spojrzy na to unikalne dzie\u0142o sztuki. B\u0119dzie nie tylko przypomnieniem waszej wi\u0119zi, ale r\u00f3wnie\u017c czym\u015b, co b\u0119dzie mog\u0142a z dum\u0105 eksponowa\u0107 w swoim domu przez wiele lat. To naprawd\u0119 doskona\u0142y spos\u00f3b, aby pokaza\u0107, jak bardzo j\u0105 doceniasz!<\/p>\n\n\n\n\n\n\n\n\n\n\n\n<h2 class=\"grenB f24 cblue\" style=\"margin-top: 3rem\">Poka\u017c swojej mamie, jak wiele dla Ciebie znaczy<\/h2>\n\n\n\n<p style=\"margin-top: 1rem\">Idealny prezent dla mamy powinien odzwierciedla\u0107 co\u015b wyj\u0105tkowego i szczeg\u00f3lnego, co jest dla niej wa\u017cne. Powinno to by\u0107 co\u015b, co poka\u017ce jej, \u017ce Ci zale\u017cy i \u017ce po\u015bwi\u0119ci\u0142e\u015b czas na zastanowienie si\u0119, co uszcz\u0119\u015bliwi\u0142oby j\u0105.<\/p>  \n\n\n\n\n\n\n\n<p style=\"margin-top: 1rem\">Spersonalizowany plakat fali d\u017awi\u0119kowej ulubionej piosenki mamy to doskona\u0142y spos\u00f3b, aby pokaza\u0107 jej, jak bardzo j\u0105 kochasz i doceniasz! Na pewno b\u0119dzie si\u0119 u\u015bmiecha\u0107 za ka\u017cdym razem, gdy zobaczy to pi\u0119kne dzie\u0142o sztuki. To prezent, kt\u00f3ry b\u0119dzie trwa\u0142 przez wiele lat i zawsze b\u0119dzie przypomina\u0142 jej o waszej wi\u0119zi.<\/p>\n\n\n\n\n\n\n\n\n\n\n\n\n\n\n\n<p style=\"margin-top: 3rem\">Bez wzgl\u0119du na to, jaki prezent wybierzesz dla swojej mamy, my\u015bl i wysi\u0142ek, kt\u00f3ry w\u0142o\u017cy\u0142e\u015b, z pewno\u015bci\u0105 zostan\u0105 docenione. Spersonalizowany plakat fali d\u017awi\u0119kowej to kreatywny spos\u00f3b na okazanie jej mi\u0142o\u015bci i uznania. To pi\u0119kne przypomnienie waszej wi\u0119zi, kt\u00f3r\u0105 b\u0119dzie mog\u0142a z dum\u0105 eksponowa\u0107 w swoim domu przez wiele lat. Poka\u017c swojej mamie, jak wiele dla ciebie znaczy, dzi\u0119ki temu znacz\u0105cemu i przemy\u015blanemu prezentowi, kt\u00f3ry b\u0119dzie trwa\u0142 przez ca\u0142e \u017cycie!<\/p>","protected":false},"excerpt":{"rendered":"<ul class=\"check-list\">\n<li>Zmie\u0144 ulubion\u0105 piosenk\u0119 swojej mamy w osza\u0142amiaj\u0105ce dzie\u0142o sztuki<\/li>\n<li>Dodaj plik audio<\/li>\n<li>Umie\u015b\u0107 kod QR i zeskanuj go, by odtworzy\u0107 d\u017awi\u0119k<\/li>\n<li>Spersonalizuj w 3 prostych krokach<\/li>\n<li>U\u017cyj jednego z naszych szablon\u00f3w lub daj popis swojej wyobra\u017ani<\/li>\n<\/ul>\n","protected":false},"featured_media":1337084,"template":"","meta":[],"product_brand":[],"product_cat":[7706,11414,11415,15059,7328,7483,5271,99],"product_tag":[11819,13468],"class_list":{"0":"post-451172","1":"product","2":"type-product","3":"status-publish","4":"has-post-thumbnail","6":"product_cat-prezent-dla-mamy","7":"product_cat-prezenty-pod-choinke-dla-mamy","8":"product_cat-prezenty-pod-choinke-dla-rodzicow","9":"product_cat-prezenty-pod-choinke-dla-rodziny","10":"product_cat-prezenty-na-dzien-matki","11":"product_cat-fala-dzwiekowa-pl","12":"product_cat-prezent-na-boze-narodzenie","13":"product_cat-wszystkie-produkty","14":"product_tag-prezenty-pod-choinke-dla-mamy","15":"product_tag-prezenty-swiateczne-dla-rodziny","17":"first","18":"instock","19":"sale","20":"taxable","21":"shipping-taxable","22":"purchasable","23":"product-type-variable"},"yoast_head":"<!-- This site is optimized with the Yoast SEO Premium plugin v27.2 (Yoast SEO v27.2) - https:\/\/yoast.com\/product\/yoast-seo-premium-wordpress\/ -->\n<title>Ulubiona Piosenka Mamy - Positive Prints<\/title>\n<meta name=\"description\" content=\"Plakat Fali D\u017awi\u0119kowej \u2014 Ulubiona Piosenka Mamy to doskona\u0142y spos\u00f3b, aby pokaza\u0107, swojej mamie jak bardzo j\u0105 kochasz i doceniasz!\" \/>\n<meta name=\"robots\" content=\"index, follow, max-snippet:-1, max-image-preview:large, max-video-preview:-1\" \/>\n<link rel=\"canonical\" href=\"https:\/\/positiveprints.com\/pl\/produkt\/ulubiona-piosenka-mamy\/\" \/>\n<meta property=\"og:locale\" content=\"pl_PL\" \/>\n<meta property=\"og:type\" content=\"article\" \/>\n<meta property=\"og:title\" content=\"Ulubiona Piosenka Mamy\" \/>\n<meta property=\"og:description\" content=\"Zmie\u0144 ulubion\u0105 piosenk\u0119 swojej mamy w osza\u0142amiaj\u0105ce dzie\u0142o sztuki Dodaj plik audio Umie\u015b\u0107 kod QR i zeskanuj go, by odtworzy\u0107 d\u017awi\u0119k Spersonalizuj w 3 prostych krokach U\u017cyj jednego z naszych szablon\u00f3w lub daj popis swojej wyobra\u017ani\" \/>\n<meta property=\"og:url\" content=\"https:\/\/positiveprints.com\/pl\/produkt\/ulubiona-piosenka-mamy\/\" \/>\n<meta property=\"og:site_name\" content=\"Positive Prints\" \/>\n<meta property=\"article:publisher\" content=\"https:\/\/www.facebook.com\/positiveprintscom\" \/>\n<meta property=\"article:modified_time\" content=\"2026-04-18T05:16:06+00:00\" \/>\n<meta property=\"og:image\" content=\"https:\/\/positiveprints.com\/wp-content\/uploads\/2025\/01\/Ulubiona-Piosenka-Mamy-1.webp\" \/>\n\t<meta property=\"og:image:width\" content=\"1450\" \/>\n\t<meta property=\"og:image:height\" content=\"1450\" \/>\n\t<meta property=\"og:image:type\" content=\"image\/webp\" \/>\n<meta name=\"twitter:card\" content=\"summary_large_image\" \/>\n<!-- \/ Yoast SEO Premium plugin. -->","yoast_head_json":{"title":"Ulubiona Piosenka Mamy - Positive Prints","description":"Plakat Fali D\u017awi\u0119kowej \u2014 Ulubiona Piosenka Mamy to doskona\u0142y spos\u00f3b, aby pokaza\u0107, swojej mamie jak bardzo j\u0105 kochasz i doceniasz!","robots":{"index":"index","follow":"follow","max-snippet":"max-snippet:-1","max-image-preview":"max-image-preview:large","max-video-preview":"max-video-preview:-1"},"canonical":"https:\/\/positiveprints.com\/pl\/produkt\/ulubiona-piosenka-mamy\/","og_locale":"pl_PL","og_type":"article","og_title":"Ulubiona Piosenka Mamy","og_description":"Zmie\u0144 ulubion\u0105 piosenk\u0119 swojej mamy w osza\u0142amiaj\u0105ce dzie\u0142o sztuki Dodaj plik audio Umie\u015b\u0107 kod QR i zeskanuj go, by odtworzy\u0107 d\u017awi\u0119k Spersonalizuj w 3 prostych krokach U\u017cyj jednego z naszych szablon\u00f3w lub daj popis swojej wyobra\u017ani","og_url":"https:\/\/positiveprints.com\/pl\/produkt\/ulubiona-piosenka-mamy\/","og_site_name":"Positive Prints","article_publisher":"https:\/\/www.facebook.com\/positiveprintscom","article_modified_time":"2026-04-18T05:16:06+00:00","og_image":[{"width":1450,"height":1450,"url":"https:\/\/positiveprints.com\/wp-content\/uploads\/2025\/01\/Ulubiona-Piosenka-Mamy-1.webp","type":"image\/webp"}],"twitter_card":"summary_large_image","schema":{"@context":"https:\/\/schema.org","@graph":[{"@type":["WebPage","ItemPage"],"@id":"https:\/\/positiveprints.com\/pl\/produkt\/ulubiona-piosenka-mamy\/","url":"https:\/\/positiveprints.com\/pl\/produkt\/ulubiona-piosenka-mamy\/","name":"Ulubiona Piosenka Mamy - Positive Prints","isPartOf":{"@id":"https:\/\/positiveprints.com\/pl\/#website"},"primaryImageOfPage":{"@id":"https:\/\/positiveprints.com\/pl\/produkt\/ulubiona-piosenka-mamy\/#primaryimage"},"image":{"@id":"https:\/\/positiveprints.com\/pl\/produkt\/ulubiona-piosenka-mamy\/#primaryimage"},"thumbnailUrl":"https:\/\/positiveprints.com\/wp-content\/uploads\/2025\/01\/Ulubiona-Piosenka-Mamy-1.webp","datePublished":"2023-02-08T09:42:11+00:00","dateModified":"2026-04-18T05:16:06+00:00","description":"Plakat Fali D\u017awi\u0119kowej \u2014 Ulubiona Piosenka Mamy to doskona\u0142y spos\u00f3b, aby pokaza\u0107, swojej mamie jak bardzo j\u0105 kochasz i doceniasz!","breadcrumb":{"@id":"https:\/\/positiveprints.com\/pl\/produkt\/ulubiona-piosenka-mamy\/#breadcrumb"},"inLanguage":"pl-PL","potentialAction":[{"@type":"ReadAction","target":["https:\/\/positiveprints.com\/pl\/produkt\/ulubiona-piosenka-mamy\/"]}]},{"@type":"ImageObject","inLanguage":"pl-PL","@id":"https:\/\/positiveprints.com\/pl\/produkt\/ulubiona-piosenka-mamy\/#primaryimage","url":"https:\/\/positiveprints.com\/wp-content\/uploads\/2025\/01\/Ulubiona-Piosenka-Mamy-1.webp","contentUrl":"https:\/\/positiveprints.com\/wp-content\/uploads\/2025\/01\/Ulubiona-Piosenka-Mamy-1.webp","width":1450,"height":1450},{"@type":"BreadcrumbList","@id":"https:\/\/positiveprints.com\/pl\/produkt\/ulubiona-piosenka-mamy\/#breadcrumb","itemListElement":[{"@type":"ListItem","position":1,"name":"Home","item":"https:\/\/positiveprints.com\/pl\/"},{"@type":"ListItem","position":2,"name":"Produkty","item":"https:\/\/positiveprints.com\/pl\/shop\/"},{"@type":"ListItem","position":3,"name":"Ulubiona Piosenka Mamy"}]},{"@type":"WebSite","@id":"https:\/\/positiveprints.com\/pl\/#website","url":"https:\/\/positiveprints.com\/pl\/","name":"Positive Prints","description":"Amazing Custom Personalized Gifts","publisher":{"@id":"https:\/\/positiveprints.com\/pl\/#organization"},"potentialAction":[{"@type":"SearchAction","target":{"@type":"EntryPoint","urlTemplate":"https:\/\/positiveprints.com\/pl\/?s={search_term_string}"},"query-input":{"@type":"PropertyValueSpecification","valueRequired":true,"valueName":"search_term_string"}}],"inLanguage":"pl-PL"},{"@type":"Organization","@id":"https:\/\/positiveprints.com\/pl\/#organization","name":"Positive Prints","alternateName":"Positive Prints","url":"https:\/\/positiveprints.com\/pl\/","logo":{"@type":"ImageObject","inLanguage":"pl-PL","@id":"https:\/\/positiveprints.com\/pl\/#\/schema\/logo\/image\/","url":"https:\/\/positiveprints.com\/wp-content\/uploads\/2026\/03\/245815646_1337939713319158_5671353136411139666_n.png","contentUrl":"https:\/\/positiveprints.com\/wp-content\/uploads\/2026\/03\/245815646_1337939713319158_5671353136411139666_n.png","width":800,"height":800,"caption":"Positive Prints"},"image":{"@id":"https:\/\/positiveprints.com\/pl\/#\/schema\/logo\/image\/"},"sameAs":["https:\/\/www.facebook.com\/positiveprintscom","https:\/\/www.instagram.com\/positiveprintscom\/","https:\/\/www.tiktok.com\/@positiveprintscom","https:\/\/www.pinterest.com\/positiveprintscom\/"]}]}},"jetpack_sharing_enabled":true,"_links":{"self":[{"href":"https:\/\/positiveprints.com\/pl\/wp-json\/wp\/v2\/product\/451172","targetHints":{"allow":["GET"]}}],"collection":[{"href":"https:\/\/positiveprints.com\/pl\/wp-json\/wp\/v2\/product"}],"about":[{"href":"https:\/\/positiveprints.com\/pl\/wp-json\/wp\/v2\/types\/product"}],"wp:featuredmedia":[{"embeddable":true,"href":"https:\/\/positiveprints.com\/pl\/wp-json\/wp\/v2\/media\/1337084"}],"wp:attachment":[{"href":"https:\/\/positiveprints.com\/pl\/wp-json\/wp\/v2\/media?parent=451172"}],"wp:term":[{"taxonomy":"product_brand","embeddable":true,"href":"https:\/\/positiveprints.com\/pl\/wp-json\/wp\/v2\/product_brand?post=451172"},{"taxonomy":"product_cat","embeddable":true,"href":"https:\/\/positiveprints.com\/pl\/wp-json\/wp\/v2\/product_cat?post=451172"},{"taxonomy":"product_tag","embeddable":true,"href":"https:\/\/positiveprints.com\/pl\/wp-json\/wp\/v2\/product_tag?post=451172"}],"curies":[{"name":"wp","href":"https:\/\/api.w.org\/{rel}","templated":true}]}}