{"id":451001,"date":"2023-02-07T16:03:00","date_gmt":"2023-03-31T12:49:42","guid":{"rendered":"https:\/\/positiveprints.com\/?post_type=product&#038;p=451001"},"modified":"2026-04-18T06:16:10","modified_gmt":"2026-04-18T05:16:10","slug":"moj-maluszek","status":"publish","type":"product","link":"https:\/\/positiveprints.com\/pl\/produkt\/moj-maluszek\/","title":{"rendered":"Moje Male\u0144stwo"},"content":{"rendered":"<p style=\"margin-top: 1rem\">Pok\u00f3j dzieci\u0119cy powinien by\u0107 miejscem komfortu i relaksu, w kt\u00f3rym zar\u00f3wno maluch, jak i rodzice mog\u0105 odpocz\u0105\u0107 i zrelaksowa\u0107 si\u0119. Udekoruj pok\u00f3j malucha, za pomoc\u0105 naszej spersonalizowanej metryczki dla dziecka. Mo\u017cna j\u0105 spersonalizowa\u0107, dodaj\u0105c informacje o urodzeniu dziecka, takich jak imi\u0119, data i wzrost.<\/p>\n\n\n\n\n\n<h2 class=\"grenB f24 cblue\" style=\"margin-top: 3rem\">M\u00f3j Maluszek &#8211; Spersonalizowana Metryczka dla Dziecka<\/h2>\n\n\n\n<p style=\"margin-top: 1rem\">Spersonalizowana Metryczka dla Dziecka to idealny prezent dla \u015bwie\u017co upieczonych mam i tatusi\u00f3w. Niezale\u017cnie od tego, czy szukasz wyj\u0105tkowego prezentu na powitanie dziecka w domu, czy po prostu czego\u015b oryginalnego, aby uczci\u0107 narodziny dziecka, mamy co\u015b dla Ciebie. Nasze spersonalizowane plakaty i p\u0142\u00f3tna ze szkicem dziecka robi\u0105 niesamowite wra\u017cenie dzi\u0119ki pi\u0119knej czcionce, \u017cywym kolorom i przemy\u015blanym elementom dizajnu. Ka\u017cdy plakat mo\u017cesz spersonalizowa\u0107, aby uczyni\u0107 go wyj\u0105tkowym i jedynym w swoim rodzaju. Dzi\u0119ki funkcji natychmiastowego podgl\u0105du mo\u017cesz mie\u0107 pewno\u015b\u0107, \u017ce to, co zamawiasz, zostanie wydrukowane \u2014 gwarantuj\u0105c dok\u0142adno\u015b\u0107 przed wysy\u0142k\u0105.<\/p>\n\n\n\n<p style=\"margin-top: 1rem\">Personalizacja Metryczki dla Dziecka jest \u0142atwa i wygodna! Wystarczy wprowadzi\u0107 informacje o urodzeniu dziecka, dostosowa\u0107 elementy dizajnu, a nast\u0119pnie wybra\u0107 rozmiar plakatu lub p\u0142\u00f3tna, kt\u00f3ry chcesz zam\u00f3wi\u0107. Po wprowadzeniu informacji nasz edytor wygeneruje natychmiastowy podgl\u0105d na podstawie Twoich wybor\u00f3w, dzi\u0119ki czemu mo\u017cesz mie\u0107 pewno\u015b\u0107, \u017ce plakat b\u0119dzie wygl\u0105da\u0107, dok\u0142adnie tak jak chcesz, zanim zostanie wydrukowany i wys\u0142any. Dzi\u0119ki szerokiej gamie dost\u0119pnych kolor\u00f3w i szkic\u00f3w z pewno\u015bci\u0105 znajdziesz co\u015b, co idealnie pasuje do pokoju Twojego dziecka i w stylowy spos\u00f3b upami\u0119tnia dzie\u0144 jego narodzin.<\/p>\n\n\n\n<h2 class=\"grenB f24 cblue\" style=\"margin-top: 3rem\">Poka\u017c jak bardzo Ci zale\u017cy<\/h2>\n\n\n\n<p style=\"margin-top: 1rem\">Przyjaciele cz\u0119sto chc\u0105 zapewni\u0107 pocieszenie i wsparcie \u015bwie\u017co upieczonym mamom, ale nie zawsze wiadomo, od czego zacz\u0105\u0107. Jednym z najlepszych sposob\u00f3w okazania mi\u0142o\u015bci i troski jest po prostu sp\u0119dzanie czasu z nimi. Mo\u017ce to by\u0107 rozmowa telefoniczna, czy spotkanie przy kawie, s\u0142uchanie, jak dziel\u0105 si\u0119 historiami o swojej ci\u0105\u017cy i do\u015bwiadczeniach zwi\u0105zanych z porodem. Mo\u017cesz r\u00f3wnie\u017c u\u017cyczy\u0107 im pomocnej d\u0142oni w domowych obowi\u0105zkach. Niezale\u017cnie od tego co wybierzesz, mo\u017cesz by\u0107 pewnym, \u017ce twoje wsparcie zostanie docenione.<\/p>\n\n\n\n<p style=\"margin-top: 1rem\">Daruj\u0105c wyj\u0105tkowy prezent, r\u00f3wnie\u017c mo\u017cesz pokaza\u0107 nowej mamie, jak wiele dla Ciebie znaczy. Zamiast dawa\u0107 jej kolejne pude\u0142ko pieluch lub zasypki dla niemowl\u0105t, podaruj jej prezent, kt\u00f3ry b\u0119dzie przypomina\u0142 jej, jak po raz pierwszy trzyma\u0142a swoje male\u0144stwo w ramionach. Wydrukowany w skali 1:1 z eleganck\u0105 czcionk\u0105 na dole, ten wydruk b\u0119dzie idealn\u0105 pami\u0105tk\u0105 dla nowych rodzic\u00f3w. Idealnie prezentowa\u0107 b\u0119dzie si\u0119 w pokoju dziecka lub w jakimkolwiek innym pomieszczeniu w Twoim domu.<\/p>\n\n\n\n<p style=\"margin-top: 3rem\">Nie czekaj ani chwili d\u0142u\u017cej i zam\u00f3w spersonalizowan\u0105 metryczk\u0119 dla dziecka ju\u017c dzi\u015b! Uwiecznij cenne wspomnienia na plakacie lub p\u0142\u00f3tnie i ciesz si\u0119 wyj\u0105tkow\u0105 pami\u0105tk\u0105 przez d\u0142ugie lata. Podaruj \u015bwie\u017co upieczonym rodzicom wyj\u0105tkowy prezent, kt\u00f3ry b\u0119dzie idealnie prezentowa\u0142 si\u0119 w nowym pokoju malucha. Przygotuj oryginalny projekt, kt\u00f3ry \u015bwi\u0119tuje narodziny dziecka!<\/p>","protected":false},"excerpt":{"rendered":"<ul class=\u201ccheck-list\u201d>\n<li>Uwiecznij cenne wspomnienia z Metryczk\u0105 dla Dziecka &#8211; prezentem, kt\u00f3ry zachwyci \u015bwie\u017co upieczonych rodzic\u00f3w<\/li>\n<li>Dodaj niezb\u0119dne detale takie jak imi\u0119, data urodzenia, wzrost oraz waga z dnia narodzin <\/li>\n<li>Wybierz spo\u015br\u00f3d 7 dedykowanych projekt\u00f3w i otrzymaj ilustracj\u0119 odwzorowuj\u0105c\u0105 wielko\u015b\u0107 dziecka w skali 1:1 <\/li>\n<li>Korzystaj z podgl\u0105du mapy na ka\u017cdym z etap\u00f3w tworzenia<\/li>\n<\/ul>\n","protected":false},"featured_media":458289,"template":"","meta":[],"product_brand":[],"product_cat":[99,1811],"product_tag":[8407],"class_list":{"0":"post-451001","1":"product","2":"type-product","3":"status-publish","4":"has-post-thumbnail","6":"product_cat-wszystkie-produkty","7":"product_cat-infant-pl","8":"product_tag-mother-pl","10":"first","11":"instock","12":"sale","13":"taxable","14":"shipping-taxable","15":"purchasable","16":"product-type-variable"},"yoast_head":"<!-- This site is optimized with the Yoast SEO Premium plugin v27.2 (Yoast SEO v27.2) - https:\/\/yoast.com\/product\/yoast-seo-premium-wordpress\/ -->\n<title>Moje Male\u0144stwo - Positive Prints<\/title>\n<meta name=\"description\" content=\"Nie czekaj ani chwili d\u0142u\u017cej i zam\u00f3w Spersonalizowan\u0105 Metryczk\u0119 dla Dziecka ju\u017c dzi\u015b! Uwiecznij cenne wspomnienia na plakacie lub p\u0142\u00f3tnie i ciesz si\u0119 wyj\u0105tkow\u0105 pami\u0105tk\u0105 przez d\u0142ugie lata.\" \/>\n<meta name=\"robots\" content=\"index, follow, max-snippet:-1, max-image-preview:large, max-video-preview:-1\" \/>\n<link rel=\"canonical\" href=\"https:\/\/positiveprints.com\/pl\/produkt\/moj-maluszek\/\" \/>\n<meta property=\"og:locale\" content=\"pl_PL\" \/>\n<meta property=\"og:type\" content=\"article\" \/>\n<meta property=\"og:title\" content=\"Moje Male\u0144stwo\" \/>\n<meta property=\"og:description\" content=\"Uwiecznij cenne wspomnienia z Metryczk\u0105 dla Dziecka - prezentem, kt\u00f3ry zachwyci \u015bwie\u017co upieczonych rodzic\u00f3w Dodaj niezb\u0119dne detale takie jak imi\u0119, data urodzenia, wzrost oraz waga z dnia narodzin  Wybierz spo\u015br\u00f3d 7 dedykowanych projekt\u00f3w i otrzymaj ilustracj\u0119 odwzorowuj\u0105c\u0105 wielko\u015b\u0107 dziecka w skali 1:1  Korzystaj z podgl\u0105du mapy na ka\u017cdym z etap\u00f3w tworzenia\" \/>\n<meta property=\"og:url\" content=\"https:\/\/positiveprints.com\/pl\/produkt\/moj-maluszek\/\" \/>\n<meta property=\"og:site_name\" content=\"Positive Prints\" \/>\n<meta property=\"article:publisher\" content=\"https:\/\/www.facebook.com\/positiveprintscom\" \/>\n<meta property=\"article:modified_time\" content=\"2026-04-18T05:16:10+00:00\" \/>\n<meta property=\"og:image\" content=\"https:\/\/positiveprints.com\/wp-content\/uploads\/2023\/04\/moje-malenstwo-Positive-Prints.jpg\" \/>\n\t<meta property=\"og:image:width\" content=\"1080\" \/>\n\t<meta property=\"og:image:height\" content=\"1080\" \/>\n\t<meta property=\"og:image:type\" content=\"image\/jpeg\" \/>\n<meta name=\"twitter:card\" content=\"summary_large_image\" \/>\n<!-- \/ Yoast SEO Premium plugin. -->","yoast_head_json":{"title":"Moje Male\u0144stwo - Positive Prints","description":"Nie czekaj ani chwili d\u0142u\u017cej i zam\u00f3w Spersonalizowan\u0105 Metryczk\u0119 dla Dziecka ju\u017c dzi\u015b! Uwiecznij cenne wspomnienia na plakacie lub p\u0142\u00f3tnie i ciesz si\u0119 wyj\u0105tkow\u0105 pami\u0105tk\u0105 przez d\u0142ugie lata.","robots":{"index":"index","follow":"follow","max-snippet":"max-snippet:-1","max-image-preview":"max-image-preview:large","max-video-preview":"max-video-preview:-1"},"canonical":"https:\/\/positiveprints.com\/pl\/produkt\/moj-maluszek\/","og_locale":"pl_PL","og_type":"article","og_title":"Moje Male\u0144stwo","og_description":"Uwiecznij cenne wspomnienia z Metryczk\u0105 dla Dziecka - prezentem, kt\u00f3ry zachwyci \u015bwie\u017co upieczonych rodzic\u00f3w Dodaj niezb\u0119dne detale takie jak imi\u0119, data urodzenia, wzrost oraz waga z dnia narodzin  Wybierz spo\u015br\u00f3d 7 dedykowanych projekt\u00f3w i otrzymaj ilustracj\u0119 odwzorowuj\u0105c\u0105 wielko\u015b\u0107 dziecka w skali 1:1  Korzystaj z podgl\u0105du mapy na ka\u017cdym z etap\u00f3w tworzenia","og_url":"https:\/\/positiveprints.com\/pl\/produkt\/moj-maluszek\/","og_site_name":"Positive Prints","article_publisher":"https:\/\/www.facebook.com\/positiveprintscom","article_modified_time":"2026-04-18T05:16:10+00:00","og_image":[{"width":1080,"height":1080,"url":"https:\/\/positiveprints.com\/wp-content\/uploads\/2023\/04\/moje-malenstwo-Positive-Prints.jpg","type":"image\/jpeg"}],"twitter_card":"summary_large_image","schema":{"@context":"https:\/\/schema.org","@graph":[{"@type":["WebPage","ItemPage"],"@id":"https:\/\/positiveprints.com\/pl\/produkt\/moj-maluszek\/","url":"https:\/\/positiveprints.com\/pl\/produkt\/moj-maluszek\/","name":"Moje Male\u0144stwo - Positive Prints","isPartOf":{"@id":"https:\/\/positiveprints.com\/pl\/#website"},"primaryImageOfPage":{"@id":"https:\/\/positiveprints.com\/pl\/produkt\/moj-maluszek\/#primaryimage"},"image":{"@id":"https:\/\/positiveprints.com\/pl\/produkt\/moj-maluszek\/#primaryimage"},"thumbnailUrl":"https:\/\/positiveprints.com\/wp-content\/uploads\/2023\/04\/moje-malenstwo-Positive-Prints.jpg","datePublished":"2023-03-31T12:49:42+00:00","dateModified":"2026-04-18T05:16:10+00:00","description":"Nie czekaj ani chwili d\u0142u\u017cej i zam\u00f3w Spersonalizowan\u0105 Metryczk\u0119 dla Dziecka ju\u017c dzi\u015b! Uwiecznij cenne wspomnienia na plakacie lub p\u0142\u00f3tnie i ciesz si\u0119 wyj\u0105tkow\u0105 pami\u0105tk\u0105 przez d\u0142ugie lata.","breadcrumb":{"@id":"https:\/\/positiveprints.com\/pl\/produkt\/moj-maluszek\/#breadcrumb"},"inLanguage":"pl-PL","potentialAction":[{"@type":"ReadAction","target":["https:\/\/positiveprints.com\/pl\/produkt\/moj-maluszek\/"]}]},{"@type":"ImageObject","inLanguage":"pl-PL","@id":"https:\/\/positiveprints.com\/pl\/produkt\/moj-maluszek\/#primaryimage","url":"https:\/\/positiveprints.com\/wp-content\/uploads\/2023\/04\/moje-malenstwo-Positive-Prints.jpg","contentUrl":"https:\/\/positiveprints.com\/wp-content\/uploads\/2023\/04\/moje-malenstwo-Positive-Prints.jpg","width":1080,"height":1080,"caption":"moje male\u0144stwo Positive Prints"},{"@type":"BreadcrumbList","@id":"https:\/\/positiveprints.com\/pl\/produkt\/moj-maluszek\/#breadcrumb","itemListElement":[{"@type":"ListItem","position":1,"name":"Home","item":"https:\/\/positiveprints.com\/pl\/"},{"@type":"ListItem","position":2,"name":"Produkty","item":"https:\/\/positiveprints.com\/pl\/shop\/"},{"@type":"ListItem","position":3,"name":"Moje Male\u0144stwo"}]},{"@type":"WebSite","@id":"https:\/\/positiveprints.com\/pl\/#website","url":"https:\/\/positiveprints.com\/pl\/","name":"Positive Prints","description":"Amazing Custom Personalized Gifts","publisher":{"@id":"https:\/\/positiveprints.com\/pl\/#organization"},"potentialAction":[{"@type":"SearchAction","target":{"@type":"EntryPoint","urlTemplate":"https:\/\/positiveprints.com\/pl\/?s={search_term_string}"},"query-input":{"@type":"PropertyValueSpecification","valueRequired":true,"valueName":"search_term_string"}}],"inLanguage":"pl-PL"},{"@type":"Organization","@id":"https:\/\/positiveprints.com\/pl\/#organization","name":"Positive Prints","alternateName":"Positive Prints","url":"https:\/\/positiveprints.com\/pl\/","logo":{"@type":"ImageObject","inLanguage":"pl-PL","@id":"https:\/\/positiveprints.com\/pl\/#\/schema\/logo\/image\/","url":"https:\/\/positiveprints.com\/wp-content\/uploads\/2026\/03\/245815646_1337939713319158_5671353136411139666_n.png","contentUrl":"https:\/\/positiveprints.com\/wp-content\/uploads\/2026\/03\/245815646_1337939713319158_5671353136411139666_n.png","width":800,"height":800,"caption":"Positive Prints"},"image":{"@id":"https:\/\/positiveprints.com\/pl\/#\/schema\/logo\/image\/"},"sameAs":["https:\/\/www.facebook.com\/positiveprintscom","https:\/\/www.instagram.com\/positiveprintscom\/","https:\/\/www.tiktok.com\/@positiveprintscom","https:\/\/www.pinterest.com\/positiveprintscom\/"]}]}},"jetpack_sharing_enabled":true,"_links":{"self":[{"href":"https:\/\/positiveprints.com\/pl\/wp-json\/wp\/v2\/product\/451001","targetHints":{"allow":["GET"]}}],"collection":[{"href":"https:\/\/positiveprints.com\/pl\/wp-json\/wp\/v2\/product"}],"about":[{"href":"https:\/\/positiveprints.com\/pl\/wp-json\/wp\/v2\/types\/product"}],"wp:featuredmedia":[{"embeddable":true,"href":"https:\/\/positiveprints.com\/pl\/wp-json\/wp\/v2\/media\/458289"}],"wp:attachment":[{"href":"https:\/\/positiveprints.com\/pl\/wp-json\/wp\/v2\/media?parent=451001"}],"wp:term":[{"taxonomy":"product_brand","embeddable":true,"href":"https:\/\/positiveprints.com\/pl\/wp-json\/wp\/v2\/product_brand?post=451001"},{"taxonomy":"product_cat","embeddable":true,"href":"https:\/\/positiveprints.com\/pl\/wp-json\/wp\/v2\/product_cat?post=451001"},{"taxonomy":"product_tag","embeddable":true,"href":"https:\/\/positiveprints.com\/pl\/wp-json\/wp\/v2\/product_tag?post=451001"}],"curies":[{"name":"wp","href":"https:\/\/api.w.org\/{rel}","templated":true}]}}