{"id":450369,"date":"2023-03-30T17:44:40","date_gmt":"2023-03-30T16:44:40","guid":{"rendered":"https:\/\/positiveprints.com\/?post_type=product&#038;p=450369"},"modified":"2026-04-23T11:35:13","modified_gmt":"2026-04-23T10:35:13","slug":"witaj-na-swiecie-metryczka-dla-dziecka","status":"publish","type":"product","link":"https:\/\/positiveprints.com\/pl\/produkt\/witaj-na-swiecie-metryczka-dla-dziecka\/","title":{"rendered":"Witaj na \u015awiecie &#8211; Metryczka dla Dziecka"},"content":{"rendered":"<p style=\"margin-top: 1rem\">Ci\u0105\u017ca i por\u00f3d mog\u0105 by\u0107 przyt\u0142aczaj\u0105cymi do\u015bwiadczeniami dla nowych matek, dlatego wa\u017cne jest okazywanie wsparcia i zrozumienia poprzez przemy\u015blane gesty. Jednym z najlepszych sposob\u00f3w na to jest wr\u0119czenie specjalnego prezentu \u015bwie\u017co upieczonym mamom. Spersonalizowana Metryczka to \u015bwietny spos\u00f3b na upami\u0119tnienie narodzin dziecka i doskona\u0142y prezent dla przysz\u0142ych lub \u015bwie\u017co upieczonych mam.<\/p>\r\n\r\n\r\n<h2 class=\"grenB f24 cblue\" style=\"margin-top: 3rem\">Witaj na \u015awiecie \u2014 Spersonalizowany Plakat Dziecka<\/h2>\r\n\r\n<p style=\"margin-top: 1rem\">Dzi\u0119ki naszemu edytorowi mo\u017cesz dostosowa\u0107 wiele szczeg\u00f3\u0142\u00f3w, aby stworzy\u0107 idealn\u0105 metryczk\u0119 dla dziecka. Mo\u017cesz poda\u0107 wzrost i wag\u0119 dziecka oraz dat\u0119 urodzenia. Mo\u017cesz tak\u017ce wybra\u0107 kolor t\u0142a, kt\u00f3ry pasuje do Twojego stylu, i wybiera\u0107 spo\u015br\u00f3d r\u00f3\u017cnych projekt\u00f3w szkic\u00f3w dzieci. Niezale\u017cnie od tego, czy szukasz czego\u015b minimalistycznego, czy bardziej kolorowego, znajdziesz co\u015b dla siebie i swojej rodziny.<\/p>\r\n\r\n<p style=\"margin-top: 1rem\">Spersonalizowana Metryczka dla dziecka to wspania\u0142y prezent, poniewa\u017c jest wyj\u0105tkowy i jedyny w swoim rodzaju. Co wi\u0119cej, wniesie rado\u015b\u0107 i szcz\u0119\u015bcie do ka\u017cdego pokoju dzieci\u0119cego, w kt\u00f3rym si\u0119 pojawi. Taki Plakat pomo\u017ce Ci przywo\u0142a\u0107 wspomnienia z dnia, kt\u00f3ry na zawsze zmieni\u0142 Twoje \u017cycie i wywo\u0142a\u0107 wzruszenie za ka\u017cdym razem gdy na niego spojrzysz. \u015awi\u0119tuj narodziny dziecka w wielkim stylu dzi\u0119ki naszym spersonalizowanym plakatom!<\/p>\r\n\r\n<h2 class=\"grenB f24 cblue\" style=\"margin-top: 3rem\">Poka\u017c \u015bwie\u017co upieczonej Mamie w Twoim \u017cyciu, jak wiele dla Ciebie znaczy<\/h2>\r\n\r\n<p style=\"margin-top: 1rem\">Wa\u017cne jest, aby pami\u0119ta\u0107, \u017ce podarowanie prezentu \u015bwie\u017co upieczonej mamie to znacznie wi\u0119cej ni\u017c tylko przedmiot fizyczny. Pami\u0119tajmy o tym, by okazywa\u0107 im wsparcie, mi\u0142o\u015b\u0107 i zrozumienie w tym szczeg\u00f3lnie wa\u017cnym dla nich czasie. M\u0142ode mamy potrzebuj\u0105 naszej pomocy, porady, zach\u0119ty i zrozumienia &#8211; a czasem po prostu dodatkowej pary r\u0105k!<\/p>\r\n\r\n<p style=\"margin-top: 1rem\">Zapytanie, czy mo\u017cesz w jakikolwiek spos\u00f3b pom\u00f3c, jest wyrazem Twojego wsparcia i daje m\u0142odej mamie do zrozumienia, \u017ce \u200b\u200bnie jest sama w tym szczeg\u00f3lnym czasie w jej \u017cyciu. Od oferowania opieki nad dzieckiem, przygotowywania posi\u0142k\u00f3w lub pomocy w praniu \u2014 istnieje wiele sposob\u00f3w, aby pokaza\u0107 nowej matce, jak bardzo Ci zale\u017cy. Okazywanie wsparcia w ten spos\u00f3b znaczy wi\u0119cej ni\u017c jakikolwiek fizyczny prezent, jaki mo\u017cna sobie wyobrazi\u0107!<\/p>\r\n\r\n<p style=\"margin-top: 3rem\">Tworz\u0105c spersonalizowan\u0105 Metryczk\u0119 dla Dziecka, mo\u017cesz sprawi\u0107, \u017ce ka\u017cdy \u015bwie\u017co upieczony rodzic poczuje si\u0119 wyj\u0105tkowo i przypomnie\u0107 mu, jak bardzo kochany jest jego maluch. Stw\u00f3rz sw\u00f3j plakat ju\u017c dzi\u015b i poka\u017c tej wyj\u0105tkowej osobie w Twoim \u017cyciu, jak wiele dla Ciebie znaczy!<\/p>","protected":false},"excerpt":{"rendered":"<ul class=\u201ccheck-list\u201d>\n<li>Uwiecznij cenne wspomnienia z Metryczk\u0105 dla Dziecka &#8211; prezentem, kt\u00f3ry zachwyci \u015bwie\u017co upieczonych rodzic\u00f3w<\/li>\n<li>Dodaj niezb\u0119dne detale takie jak imi\u0119, data urodzenia, wzrost oraz waga z dnia narodzin <\/li>\n<li>Wybierz spo\u015br\u00f3d 7 dedykowanych projekt\u00f3w i otrzymaj ilustracj\u0119 odwzorowuj\u0105c\u0105 wielko\u015b\u0107 dziecka w skali 1:1 <\/li>\n<li>Interaktywny podgl\u0105d pozwoli dopracowa\u0107 ka\u017cdy szczeg\u00f3\u0142<\/li>\n<\/ul>\n","protected":false},"featured_media":409827,"template":"","meta":[],"product_brand":[],"product_cat":[99,1811],"product_tag":[8451,9486,9478],"class_list":{"0":"post-450369","1":"product","2":"type-product","3":"status-publish","4":"has-post-thumbnail","6":"product_cat-wszystkie-produkty","7":"product_cat-infant-pl","8":"product_tag-new-parents-pl","9":"product_tag-noworodek","10":"product_tag-plakat-dziecko","12":"first","13":"instock","14":"sale","15":"taxable","16":"shipping-taxable","17":"purchasable","18":"product-type-variable"},"yoast_head":"<!-- This site is optimized with the Yoast SEO Premium plugin v27.2 (Yoast SEO v27.2) - https:\/\/yoast.com\/product\/yoast-seo-premium-wordpress\/ -->\n<title>Witaj na \u015awiecie - Metryczka dla Dziecka - Positive Prints<\/title>\n<meta name=\"description\" content=\"Witaj na \u015awiecie - Metryczka Dla Dziecka jest wspania\u0142ym prezentem, poniewa\u017c jest wyj\u0105tkowy i jedyny w swoim rodzaju. Co wi\u0119cej, wnosi rado\u015b\u0107 i szcz\u0119\u015bcie do ka\u017cdego pokoju dziecinnego, w kt\u00f3rym si\u0119 pojawi.\" \/>\n<meta name=\"robots\" content=\"index, follow, max-snippet:-1, max-image-preview:large, max-video-preview:-1\" \/>\n<link rel=\"canonical\" href=\"https:\/\/positiveprints.com\/pl\/produkt\/witaj-na-swiecie-metryczka-dla-dziecka\/\" \/>\n<meta property=\"og:locale\" content=\"pl_PL\" \/>\n<meta property=\"og:type\" content=\"article\" \/>\n<meta property=\"og:title\" content=\"Witaj na \u015awiecie - Metryczka dla Dziecka\" \/>\n<meta property=\"og:description\" content=\"Uwiecznij cenne wspomnienia z Metryczk\u0105 dla Dziecka - prezentem, kt\u00f3ry zachwyci \u015bwie\u017co upieczonych rodzic\u00f3w Dodaj niezb\u0119dne detale takie jak imi\u0119, data urodzenia, wzrost oraz waga z dnia narodzin  Wybierz spo\u015br\u00f3d 7 dedykowanych projekt\u00f3w i otrzymaj ilustracj\u0119 odwzorowuj\u0105c\u0105 wielko\u015b\u0107 dziecka w skali 1:1  Interaktywny podgl\u0105d pozwoli dopracowa\u0107 ka\u017cdy szczeg\u00f3\u0142\" \/>\n<meta property=\"og:url\" content=\"https:\/\/positiveprints.com\/pl\/produkt\/witaj-na-swiecie-metryczka-dla-dziecka\/\" \/>\n<meta property=\"og:site_name\" content=\"Positive Prints\" \/>\n<meta property=\"article:publisher\" content=\"https:\/\/www.facebook.com\/positiveprintscom\" \/>\n<meta property=\"article:modified_time\" content=\"2026-04-23T10:35:13+00:00\" \/>\n<meta property=\"og:image\" content=\"https:\/\/positiveprints.com\/wp-content\/uploads\/2023\/02\/hello-world-baby.jpg\" \/>\n\t<meta property=\"og:image:width\" content=\"1080\" \/>\n\t<meta property=\"og:image:height\" content=\"1080\" \/>\n\t<meta property=\"og:image:type\" content=\"image\/jpeg\" \/>\n<meta name=\"twitter:card\" content=\"summary_large_image\" \/>\n<meta name=\"twitter:label1\" content=\"Szacowany czas czytania\" \/>\n\t<meta name=\"twitter:data1\" content=\"2 minuty\" \/>\n<!-- \/ Yoast SEO Premium plugin. -->","yoast_head_json":{"title":"Witaj na \u015awiecie - Metryczka dla Dziecka - Positive Prints","description":"Witaj na \u015awiecie - Metryczka Dla Dziecka jest wspania\u0142ym prezentem, poniewa\u017c jest wyj\u0105tkowy i jedyny w swoim rodzaju. Co wi\u0119cej, wnosi rado\u015b\u0107 i szcz\u0119\u015bcie do ka\u017cdego pokoju dziecinnego, w kt\u00f3rym si\u0119 pojawi.","robots":{"index":"index","follow":"follow","max-snippet":"max-snippet:-1","max-image-preview":"max-image-preview:large","max-video-preview":"max-video-preview:-1"},"canonical":"https:\/\/positiveprints.com\/pl\/produkt\/witaj-na-swiecie-metryczka-dla-dziecka\/","og_locale":"pl_PL","og_type":"article","og_title":"Witaj na \u015awiecie - Metryczka dla Dziecka","og_description":"Uwiecznij cenne wspomnienia z Metryczk\u0105 dla Dziecka - prezentem, kt\u00f3ry zachwyci \u015bwie\u017co upieczonych rodzic\u00f3w Dodaj niezb\u0119dne detale takie jak imi\u0119, data urodzenia, wzrost oraz waga z dnia narodzin  Wybierz spo\u015br\u00f3d 7 dedykowanych projekt\u00f3w i otrzymaj ilustracj\u0119 odwzorowuj\u0105c\u0105 wielko\u015b\u0107 dziecka w skali 1:1  Interaktywny podgl\u0105d pozwoli dopracowa\u0107 ka\u017cdy szczeg\u00f3\u0142","og_url":"https:\/\/positiveprints.com\/pl\/produkt\/witaj-na-swiecie-metryczka-dla-dziecka\/","og_site_name":"Positive Prints","article_publisher":"https:\/\/www.facebook.com\/positiveprintscom","article_modified_time":"2026-04-23T10:35:13+00:00","og_image":[{"width":1080,"height":1080,"url":"https:\/\/positiveprints.com\/wp-content\/uploads\/2023\/02\/hello-world-baby.jpg","type":"image\/jpeg"}],"twitter_card":"summary_large_image","twitter_misc":{"Szacowany czas czytania":"2 minuty"},"schema":{"@context":"https:\/\/schema.org","@graph":[{"@type":["WebPage","ItemPage"],"@id":"https:\/\/positiveprints.com\/pl\/produkt\/witaj-na-swiecie-metryczka-dla-dziecka\/","url":"https:\/\/positiveprints.com\/pl\/produkt\/witaj-na-swiecie-metryczka-dla-dziecka\/","name":"Witaj na \u015awiecie - Metryczka dla Dziecka - Positive Prints","isPartOf":{"@id":"https:\/\/positiveprints.com\/pl\/#website"},"primaryImageOfPage":{"@id":"https:\/\/positiveprints.com\/pl\/produkt\/witaj-na-swiecie-metryczka-dla-dziecka\/#primaryimage"},"image":{"@id":"https:\/\/positiveprints.com\/pl\/produkt\/witaj-na-swiecie-metryczka-dla-dziecka\/#primaryimage"},"thumbnailUrl":"https:\/\/positiveprints.com\/wp-content\/uploads\/2023\/02\/hello-world-baby.jpg","datePublished":"2023-03-30T16:44:40+00:00","dateModified":"2026-04-23T10:35:13+00:00","description":"Witaj na \u015awiecie - Metryczka Dla Dziecka jest wspania\u0142ym prezentem, poniewa\u017c jest wyj\u0105tkowy i jedyny w swoim rodzaju. Co wi\u0119cej, wnosi rado\u015b\u0107 i szcz\u0119\u015bcie do ka\u017cdego pokoju dziecinnego, w kt\u00f3rym si\u0119 pojawi.","breadcrumb":{"@id":"https:\/\/positiveprints.com\/pl\/produkt\/witaj-na-swiecie-metryczka-dla-dziecka\/#breadcrumb"},"inLanguage":"pl-PL","potentialAction":[{"@type":"ReadAction","target":["https:\/\/positiveprints.com\/pl\/produkt\/witaj-na-swiecie-metryczka-dla-dziecka\/"]}]},{"@type":"ImageObject","inLanguage":"pl-PL","@id":"https:\/\/positiveprints.com\/pl\/produkt\/witaj-na-swiecie-metryczka-dla-dziecka\/#primaryimage","url":"https:\/\/positiveprints.com\/wp-content\/uploads\/2023\/02\/hello-world-baby.jpg","contentUrl":"https:\/\/positiveprints.com\/wp-content\/uploads\/2023\/02\/hello-world-baby.jpg","width":1080,"height":1080,"caption":"hello world baby"},{"@type":"BreadcrumbList","@id":"https:\/\/positiveprints.com\/pl\/produkt\/witaj-na-swiecie-metryczka-dla-dziecka\/#breadcrumb","itemListElement":[{"@type":"ListItem","position":1,"name":"Home","item":"https:\/\/positiveprints.com\/pl\/"},{"@type":"ListItem","position":2,"name":"Produkty","item":"https:\/\/positiveprints.com\/pl\/shop\/"},{"@type":"ListItem","position":3,"name":"Witaj na \u015awiecie &#8211; Metryczka dla Dziecka"}]},{"@type":"WebSite","@id":"https:\/\/positiveprints.com\/pl\/#website","url":"https:\/\/positiveprints.com\/pl\/","name":"Positive Prints","description":"Amazing Custom Personalized Gifts","publisher":{"@id":"https:\/\/positiveprints.com\/pl\/#organization"},"potentialAction":[{"@type":"SearchAction","target":{"@type":"EntryPoint","urlTemplate":"https:\/\/positiveprints.com\/pl\/?s={search_term_string}"},"query-input":{"@type":"PropertyValueSpecification","valueRequired":true,"valueName":"search_term_string"}}],"inLanguage":"pl-PL"},{"@type":"Organization","@id":"https:\/\/positiveprints.com\/pl\/#organization","name":"Positive Prints","alternateName":"Positive Prints","url":"https:\/\/positiveprints.com\/pl\/","logo":{"@type":"ImageObject","inLanguage":"pl-PL","@id":"https:\/\/positiveprints.com\/pl\/#\/schema\/logo\/image\/","url":"https:\/\/positiveprints.com\/wp-content\/uploads\/2026\/03\/245815646_1337939713319158_5671353136411139666_n.png","contentUrl":"https:\/\/positiveprints.com\/wp-content\/uploads\/2026\/03\/245815646_1337939713319158_5671353136411139666_n.png","width":800,"height":800,"caption":"Positive Prints"},"image":{"@id":"https:\/\/positiveprints.com\/pl\/#\/schema\/logo\/image\/"},"sameAs":["https:\/\/www.facebook.com\/positiveprintscom","https:\/\/www.instagram.com\/positiveprintscom\/","https:\/\/www.tiktok.com\/@positiveprintscom","https:\/\/www.pinterest.com\/positiveprintscom\/"]}]}},"jetpack_sharing_enabled":true,"_links":{"self":[{"href":"https:\/\/positiveprints.com\/pl\/wp-json\/wp\/v2\/product\/450369","targetHints":{"allow":["GET"]}}],"collection":[{"href":"https:\/\/positiveprints.com\/pl\/wp-json\/wp\/v2\/product"}],"about":[{"href":"https:\/\/positiveprints.com\/pl\/wp-json\/wp\/v2\/types\/product"}],"wp:featuredmedia":[{"embeddable":true,"href":"https:\/\/positiveprints.com\/pl\/wp-json\/wp\/v2\/media\/409827"}],"wp:attachment":[{"href":"https:\/\/positiveprints.com\/pl\/wp-json\/wp\/v2\/media?parent=450369"}],"wp:term":[{"taxonomy":"product_brand","embeddable":true,"href":"https:\/\/positiveprints.com\/pl\/wp-json\/wp\/v2\/product_brand?post=450369"},{"taxonomy":"product_cat","embeddable":true,"href":"https:\/\/positiveprints.com\/pl\/wp-json\/wp\/v2\/product_cat?post=450369"},{"taxonomy":"product_tag","embeddable":true,"href":"https:\/\/positiveprints.com\/pl\/wp-json\/wp\/v2\/product_tag?post=450369"}],"curies":[{"name":"wp","href":"https:\/\/api.w.org\/{rel}","templated":true}]}}