{"id":448023,"date":"2023-03-29T09:51:28","date_gmt":"2023-03-29T08:51:28","guid":{"rendered":"https:\/\/positiveprints.com\/?post_type=product&#038;p=448023"},"modified":"2026-04-18T06:04:48","modified_gmt":"2026-04-18T05:04:48","slug":"napis-kolaz-zdjec","status":"publish","type":"product","link":"https:\/\/positiveprints.com\/pl\/produkt\/napis-kolaz-zdjec\/","title":{"rendered":"Fotokola\u017c z dowolnym tekstem"},"content":{"rendered":"<p style=\"margin-top: 1rem;\">Podaruj swoim bliskim wyj\u0105tkowy prezent i poka\u017c im, jak wiele dla Ciebie znacz\u0105. Zamiast kupowa\u0107 co\u015b z p\u00f3\u0142ki sklepowej, stw\u00f3rz co\u015b jedynego w swoim rodzaju i zachowaj cenne wspomnienia na lata dzi\u0119ki naszemu Kola\u017cowi Zdj\u0119\u0107 w Formie Napisu. Daj popis swojej kreatywno\u015bci i podaruj prezent, kt\u00f3ry z pewno\u015bci\u0105 zachwyci ka\u017cdego, kto go otrzyma!<\/p>\r\n\r\n<h2 class=\"grenB f24 cblue\" style=\"margin-top: 3rem;\">Czym jest Kola\u017c ze Zdj\u0119\u0107 w Formie Napisu?<\/h2>\r\n<p style=\"margin-top: 1rem;\">Kola\u017c ze Zdj\u0119\u0107 w Formie Napisu to kreatywny spos\u00f3b na zaprezentowanie zdj\u0119\u0107 \u2014 ka\u017cda litera wybranego przez Ciebie s\u0142owa mo\u017ce zawiera\u0107 inn\u0105 fotografi\u0119. Dzi\u0119ki temu stworzysz nie tylko pi\u0119kn\u0105, ale i sentymentaln\u0105 pami\u0105tk\u0119.<\/p>\r\n<p style=\"margin-top: 1rem;\">Nasz edytor pozwala Ci wyrazi\u0107 siebie w unikalny spos\u00f3b. Samodzielnie wybierasz wszystkie zdj\u0119cia oraz s\u0142owo, kt\u00f3re najlepiej do nich pasuje. Mo\u017cesz r\u00f3wnie\u017c dostosowa\u0107 projekt do konkretnej okazji. Na przyk\u0142ad \u2014 na rocznic\u0119 dodaj zdj\u0119cia wsp\u00f3lnych chwil, a na prezent z okazji emerytury \u2013 fotografie z kariery zawodowej. Mo\u017cliwo\u015bci s\u0105 niemal nieograniczone!<\/p>\r\n\r\n<h2 class=\"grenB f24 cblue\" style=\"margin-top: 3rem;\">Dlaczego warto podarowa\u0107 Kola\u017c ze Zdj\u0119\u0107 w Formie Napisu?<\/h2>\r\n<p style=\"margin-top: 1rem;\">Spersonalizowany kola\u017c zdj\u0119\u0107 to doskona\u0142y prezent dla bliskiej osoby. To spos\u00f3b, by pokaza\u0107, jak bardzo j\u0105 cenisz. Tworz\u0105c kola\u017c, tworzysz co\u015b osobistego, jedynego w swoim rodzaju i pe\u0142nego emocji. Obdarowany b\u0119dzie m\u00f3g\u0142 wraca\u0107 do tych wspomnie\u0144 przez d\u0142ugie lata.<\/p>\r\n<p style=\"margin-top: 1rem;\">Je\u015bli chcesz, mo\u017cesz r\u00f3wnie\u017c doda\u0107 w\u0142asny tekst pod kola\u017cem \u2014 osobist\u0105 wiadomo\u015b\u0107, cytat, przys\u0142owie, dat\u0119, imi\u0119 lub s\u0142owo, kt\u00f3re ma dla Ciebie szczeg\u00f3lne znaczenie. To drobny detal, kt\u00f3ry sprawi, \u017ce prezent stanie si\u0119 jeszcze bardziej wyj\u0105tkowy.<\/p>\r\n\r\n<h2 class=\"grenB f24 cblue\" style=\"margin-top: 3rem;\">Jak stworzy\u0107 Kola\u017c ze Zdj\u0119\u0107 w Formie Napisu?<\/h2>\r\n<p style=\"margin-top: 1rem;\">Tworzenie kola\u017cu jest naprawd\u0119 proste i przyjemne!<\/p>\r\n<p style=\"margin-top: 1rem;\">1. Wybierz s\u0142owo, kt\u00f3re utworz\u0105 fotografie \u2014 mo\u017ce to by\u0107 imi\u0119, pseudonim, inicja\u0142y lub s\u0142owo pe\u0142ne emocji.<\/p>\r\n<p style=\"margin-top: 1rem;\">2. Wybierz kolor konturu liter \u2014 dopasuj go do zdj\u0119\u0107 lub wybierz kontrastuj\u0105cy dla efektu wow.<\/p>\r\n<p style=\"margin-top: 1rem;\">3. Dodaj specjaln\u0105 wiadomo\u015b\u0107, kt\u00f3ra pojawi si\u0119 pod kola\u017cem \u2014 mo\u017ce to by\u0107 cytat, tekst piosenki, wa\u017cna data lub imi\u0119.<\/p>\r\n<p style=\"margin-top: 1rem;\">4. Prze\u015blij zdj\u0119cia przypisane do ka\u017cdej litery. Upewnij si\u0119, \u017ce s\u0105 w dobrej rozdzielczo\u015bci i dobrze wygl\u0105daj\u0105.<\/p>\r\n<p style=\"margin-top: 1rem;\">5. Wybierz rozmiar i format kola\u017cu \u2014 mo\u017cesz zam\u00f3wi\u0107 wydruk w r\u00f3\u017cnych rozmiarach lub wersj\u0119 cyfrow\u0105 do samodzielnego pobrania.<\/p>\r\n<p style=\"margin-top: 1rem;\">Tw\u00f3j spersonalizowany kola\u017c zdj\u0119\u0107 b\u0119dzie gotowy w kilka chwil \u2014 to naprawd\u0119 proste!<\/p>\r\n\r\n<h2 class=\"grenB f24 cblue\" style=\"margin-top: 3rem;\">Podaruj prezent, kt\u00f3ry zostanie w sercu na zawsze<\/h2>\r\n<p style=\"margin-top: 1rem;\">Kola\u017c ze Zdj\u0119\u0107 w Formie Napisu to wyj\u0105tkowy i kreatywny spos\u00f3b na uchwycenie wspomnie\u0144, upami\u0119tnienie wa\u017cnych wydarze\u0144 i pokazanie bliskim, jak bardzo s\u0105 dla Ciebie wa\u017cni. Spraw im rado\u015b\u0107 ju\u017c dzi\u015b \u2014 dzi\u0119ki wyj\u0105tkowemu kola\u017cowi od serca!<\/p>","protected":false},"excerpt":{"rendered":"<ul class=\"check-list\">\n<li>Prze\u015blij ulubione zdj\u0119cia<\/li>\n<li>Dodaj osobist\u0105 dedykacj\u0119<\/li>\n<li>Spersonalizuj projekt w 3 prostych krokach<\/li>\n<li>Interaktywny podgl\u0105d pozwoli dopracowa\u0107 ka\u017cdy szczeg\u00f3\u0142<\/li>\n<\/ul>\n","protected":false},"featured_media":1674231,"template":"","meta":[],"product_brand":[],"product_cat":[15849,9279,15114,8238,8829,99,302,262,5271,15059],"product_tag":[14956,14958,13814,13468],"class_list":{"0":"post-448023","1":"product","2":"type-product","3":"status-publish","4":"has-post-thumbnail","6":"product_cat-shop-bestsellers-pl","7":"product_cat-bestsellers-label-pl","8":"product_cat-bestsellers-menu-pl","9":"product_cat-digital-products-pl","10":"product_cat-kolaz-ze-zdjec-w-formie-napisu","11":"product_cat-wszystkie-produkty","12":"product_cat-bestsellery-pl","13":"product_cat-creators-pl","14":"product_cat-prezent-na-boze-narodzenie","15":"product_cat-prezenty-pod-choinke-dla-rodziny","16":"product_tag-creators-pl-2","17":"product_tag-custom-photo-pl","18":"product_tag-personalizowany-plakat-ze-zdjeciem","19":"product_tag-prezenty-swiateczne-dla-rodziny","21":"first","22":"instock","23":"sale","24":"taxable","25":"shipping-taxable","26":"purchasable","27":"product-type-variable"},"yoast_head":"<!-- This site is optimized with the Yoast SEO Premium plugin v27.2 (Yoast SEO v27.2) - https:\/\/yoast.com\/product\/yoast-seo-premium-wordpress\/ -->\n<title>Fotokola\u017c z dowolnym tekstem - Positive Prints<\/title>\n<meta name=\"description\" content=\"Zamie\u0144 swoje zdj\u0119cia, s\u0142owa i wspomnienia w pi\u0119kny Kola\u017c Zdj\u0119\u0107 w Formie Napisu. Stw\u00f3rz wyj\u0105tkow\u0105 pami\u0105tk\u0119, kt\u00f3ra pozostanie z Tob\u0105 przez lata!\" \/>\n<meta name=\"robots\" content=\"index, follow, max-snippet:-1, max-image-preview:large, max-video-preview:-1\" \/>\n<link rel=\"canonical\" href=\"https:\/\/positiveprints.com\/pl\/produkt\/napis-kolaz-zdjec\/\" \/>\n<meta property=\"og:locale\" content=\"pl_PL\" \/>\n<meta property=\"og:type\" content=\"article\" \/>\n<meta property=\"og:title\" content=\"Fotokola\u017c z dowolnym tekstem\" \/>\n<meta property=\"og:description\" content=\"Prze\u015blij ulubione zdj\u0119cia  Dodaj osobist\u0105 dedykacj\u0119  Spersonalizuj projekt w 3 prostych krokach  Interaktywny podgl\u0105d pozwoli dopracowa\u0107 ka\u017cdy szczeg\u00f3\u0142\" \/>\n<meta property=\"og:url\" content=\"https:\/\/positiveprints.com\/pl\/produkt\/napis-kolaz-zdjec\/\" \/>\n<meta property=\"og:site_name\" content=\"Positive Prints\" \/>\n<meta property=\"article:publisher\" content=\"https:\/\/www.facebook.com\/positiveprintscom\" \/>\n<meta property=\"article:modified_time\" content=\"2026-04-18T05:04:48+00:00\" \/>\n<meta property=\"og:image\" content=\"https:\/\/positiveprints.com\/wp-content\/uploads\/2025\/06\/PL_Packshot_Fotokolaz-z-dowolnym-tekstem.webp\" \/>\n\t<meta property=\"og:image:width\" content=\"1450\" \/>\n\t<meta property=\"og:image:height\" content=\"1450\" \/>\n\t<meta property=\"og:image:type\" content=\"image\/webp\" \/>\n<meta name=\"twitter:card\" content=\"summary_large_image\" \/>\n<meta name=\"twitter:label1\" content=\"Szacowany czas czytania\" \/>\n\t<meta name=\"twitter:data1\" content=\"2 minuty\" \/>\n<!-- \/ Yoast SEO Premium plugin. -->","yoast_head_json":{"title":"Fotokola\u017c z dowolnym tekstem - Positive Prints","description":"Zamie\u0144 swoje zdj\u0119cia, s\u0142owa i wspomnienia w pi\u0119kny Kola\u017c Zdj\u0119\u0107 w Formie Napisu. Stw\u00f3rz wyj\u0105tkow\u0105 pami\u0105tk\u0119, kt\u00f3ra pozostanie z Tob\u0105 przez lata!","robots":{"index":"index","follow":"follow","max-snippet":"max-snippet:-1","max-image-preview":"max-image-preview:large","max-video-preview":"max-video-preview:-1"},"canonical":"https:\/\/positiveprints.com\/pl\/produkt\/napis-kolaz-zdjec\/","og_locale":"pl_PL","og_type":"article","og_title":"Fotokola\u017c z dowolnym tekstem","og_description":"Prze\u015blij ulubione zdj\u0119cia  Dodaj osobist\u0105 dedykacj\u0119  Spersonalizuj projekt w 3 prostych krokach  Interaktywny podgl\u0105d pozwoli dopracowa\u0107 ka\u017cdy szczeg\u00f3\u0142","og_url":"https:\/\/positiveprints.com\/pl\/produkt\/napis-kolaz-zdjec\/","og_site_name":"Positive Prints","article_publisher":"https:\/\/www.facebook.com\/positiveprintscom","article_modified_time":"2026-04-18T05:04:48+00:00","og_image":[{"width":1450,"height":1450,"url":"https:\/\/positiveprints.com\/wp-content\/uploads\/2025\/06\/PL_Packshot_Fotokolaz-z-dowolnym-tekstem.webp","type":"image\/webp"}],"twitter_card":"summary_large_image","twitter_misc":{"Szacowany czas czytania":"2 minuty"},"schema":{"@context":"https:\/\/schema.org","@graph":[{"@type":["WebPage","ItemPage"],"@id":"https:\/\/positiveprints.com\/pl\/produkt\/napis-kolaz-zdjec\/","url":"https:\/\/positiveprints.com\/pl\/produkt\/napis-kolaz-zdjec\/","name":"Fotokola\u017c z dowolnym tekstem - Positive Prints","isPartOf":{"@id":"https:\/\/positiveprints.com\/pl\/#website"},"primaryImageOfPage":{"@id":"https:\/\/positiveprints.com\/pl\/produkt\/napis-kolaz-zdjec\/#primaryimage"},"image":{"@id":"https:\/\/positiveprints.com\/pl\/produkt\/napis-kolaz-zdjec\/#primaryimage"},"thumbnailUrl":"https:\/\/positiveprints.com\/wp-content\/uploads\/2026\/03\/twoj-tekst_PL.webp","datePublished":"2023-03-29T08:51:28+00:00","dateModified":"2026-04-18T05:04:48+00:00","description":"Zamie\u0144 swoje zdj\u0119cia, s\u0142owa i wspomnienia w pi\u0119kny Kola\u017c Zdj\u0119\u0107 w Formie Napisu. Stw\u00f3rz wyj\u0105tkow\u0105 pami\u0105tk\u0119, kt\u00f3ra pozostanie z Tob\u0105 przez lata!","breadcrumb":{"@id":"https:\/\/positiveprints.com\/pl\/produkt\/napis-kolaz-zdjec\/#breadcrumb"},"inLanguage":"pl-PL","potentialAction":[{"@type":"ReadAction","target":["https:\/\/positiveprints.com\/pl\/produkt\/napis-kolaz-zdjec\/"]}]},{"@type":"ImageObject","inLanguage":"pl-PL","@id":"https:\/\/positiveprints.com\/pl\/produkt\/napis-kolaz-zdjec\/#primaryimage","url":"https:\/\/positiveprints.com\/wp-content\/uploads\/2026\/03\/twoj-tekst_PL.webp","contentUrl":"https:\/\/positiveprints.com\/wp-content\/uploads\/2026\/03\/twoj-tekst_PL.webp","width":1450,"height":1450},{"@type":"BreadcrumbList","@id":"https:\/\/positiveprints.com\/pl\/produkt\/napis-kolaz-zdjec\/#breadcrumb","itemListElement":[{"@type":"ListItem","position":1,"name":"Home","item":"https:\/\/positiveprints.com\/pl\/"},{"@type":"ListItem","position":2,"name":"Produkty","item":"https:\/\/positiveprints.com\/pl\/shop\/"},{"@type":"ListItem","position":3,"name":"Fotokola\u017c z dowolnym tekstem"}]},{"@type":"WebSite","@id":"https:\/\/positiveprints.com\/pl\/#website","url":"https:\/\/positiveprints.com\/pl\/","name":"Positive Prints","description":"Amazing Custom Personalized Gifts","publisher":{"@id":"https:\/\/positiveprints.com\/pl\/#organization"},"potentialAction":[{"@type":"SearchAction","target":{"@type":"EntryPoint","urlTemplate":"https:\/\/positiveprints.com\/pl\/?s={search_term_string}"},"query-input":{"@type":"PropertyValueSpecification","valueRequired":true,"valueName":"search_term_string"}}],"inLanguage":"pl-PL"},{"@type":"Organization","@id":"https:\/\/positiveprints.com\/pl\/#organization","name":"Positive Prints","alternateName":"Positive Prints","url":"https:\/\/positiveprints.com\/pl\/","logo":{"@type":"ImageObject","inLanguage":"pl-PL","@id":"https:\/\/positiveprints.com\/pl\/#\/schema\/logo\/image\/","url":"https:\/\/positiveprints.com\/wp-content\/uploads\/2026\/03\/245815646_1337939713319158_5671353136411139666_n.png","contentUrl":"https:\/\/positiveprints.com\/wp-content\/uploads\/2026\/03\/245815646_1337939713319158_5671353136411139666_n.png","width":800,"height":800,"caption":"Positive Prints"},"image":{"@id":"https:\/\/positiveprints.com\/pl\/#\/schema\/logo\/image\/"},"sameAs":["https:\/\/www.facebook.com\/positiveprintscom","https:\/\/www.instagram.com\/positiveprintscom\/","https:\/\/www.tiktok.com\/@positiveprintscom","https:\/\/www.pinterest.com\/positiveprintscom\/"]}]}},"jetpack_sharing_enabled":true,"_links":{"self":[{"href":"https:\/\/positiveprints.com\/pl\/wp-json\/wp\/v2\/product\/448023","targetHints":{"allow":["GET"]}}],"collection":[{"href":"https:\/\/positiveprints.com\/pl\/wp-json\/wp\/v2\/product"}],"about":[{"href":"https:\/\/positiveprints.com\/pl\/wp-json\/wp\/v2\/types\/product"}],"wp:featuredmedia":[{"embeddable":true,"href":"https:\/\/positiveprints.com\/pl\/wp-json\/wp\/v2\/media\/1674231"}],"wp:attachment":[{"href":"https:\/\/positiveprints.com\/pl\/wp-json\/wp\/v2\/media?parent=448023"}],"wp:term":[{"taxonomy":"product_brand","embeddable":true,"href":"https:\/\/positiveprints.com\/pl\/wp-json\/wp\/v2\/product_brand?post=448023"},{"taxonomy":"product_cat","embeddable":true,"href":"https:\/\/positiveprints.com\/pl\/wp-json\/wp\/v2\/product_cat?post=448023"},{"taxonomy":"product_tag","embeddable":true,"href":"https:\/\/positiveprints.com\/pl\/wp-json\/wp\/v2\/product_tag?post=448023"}],"curies":[{"name":"wp","href":"https:\/\/api.w.org\/{rel}","templated":true}]}}