{"id":421750,"date":"2023-02-23T23:27:00","date_gmt":"2023-02-23T22:27:00","guid":{"rendered":"https:\/\/positiveprints.com\/?post_type=product&#038;p=421750"},"modified":"2026-04-18T06:09:41","modified_gmt":"2026-04-18T05:09:41","slug":"potrojna-mapa-gwiazd","status":"publish","type":"product","link":"https:\/\/positiveprints.com\/pl\/produkt\/potrojna-mapa-gwiazd\/","title":{"rendered":"Potr\u00f3jna Mapa Gwiazd"},"content":{"rendered":"<p style=\"margin-top: 1rem\">Zr\u00f3b niezapomniane wra\u017cenie dzi\u0119ki naszemu spersonalizowanemu plakatowi z potr\u00f3jn\u0105 map\u0105 gwiazd \u2014 jest idealny na rocznice, \u015bluby lub urodziny! Przygotuj si\u0119 na zaskoczenie tej wyj\u0105tkowej osoby w swoim \u017cyciu tym pi\u0119knym dzie\u0142em sztuki. Czytaj dalej i dowiedz si\u0119, dlaczego b\u0119dzie to prezent, kt\u00f3ry zostanie zapami\u0119tany na d\u0142ugie lata.<\/p>\r\n\r\n<h2 class=\"grenB f24 cblue\" style=\"margin-top: 3rem\">Czym jest Potr\u00f3jna Mapa Gwiazd?<\/h2>\r\n<p style=\"margin-top: 1rem\">Potr\u00f3jna Mapa Gwiazd to doskona\u0142y spos\u00f3b, aby pokaza\u0107 ukochanej osobie, jak wiele dla Ciebie znaczy. Ten przemy\u015blany prezent pozwala uchwyci\u0107 trzy znacz\u0105ce momenty w czasie, pozwalaj\u0105c zobaczy\u0107 nocne niebo z wybranych przez Ciebie dni. Ponadto, dzi\u0119ki opcjom personalizacji, z pewno\u015bci\u0105 b\u0119dzie to niezapomniany prezent, kt\u00f3ry Twoja wyj\u0105tkowa osoba b\u0119dzie ceni\u0107 przez wiele lat.<\/p>\r\n\r\n\r\n<h2 class=\"grenB f24 cblue\" style=\"margin-top: 3rem\">Jak Stworzy\u0107 Potr\u00f3jn\u0105 Map\u0119 Gwiazd?<\/h2>\r\n<p style=\"margin-top: 1rem\">Stworzenie spersonalizowanego plakatu z potr\u00f3jn\u0105 map\u0105 gwiazd to \u0142atwy proces. Zacznij od wybrania trzech znacz\u0105cych dat, kt\u00f3re chcesz przedstawi\u0107 \u2013 mo\u017ce to by\u0107 wyj\u0105tkowa chwila, kt\u00f3r\u0105 dzielisz z ukochan\u0105 osob\u0105, data urodzin, rocznicy lub jakikolwiek inny wa\u017cny dzie\u0144 w twoim zwi\u0105zku. Nast\u0119pnie dostosuj map\u0119 za pomoc\u0105 kolor\u00f3w i tekstu zgodnie z potrzebami. Po zaprojektowaniu plakatu mo\u017cesz go zakupi\u0107 w r\u00f3\u017cnych rozmiarach lub jako plik cyfrowy do natychmiastowego pobrania.<\/p>\r\n\r\n<h2 class=\"grenB f24 cblue\" style=\"margin-top: 3rem\">Poka\u017c bliskiej osobie, jak wiele dla Ciebie znaczy<\/h2>\r\n\r\n<p style=\"margin-top: 1rem\">Spersonalizowany prezent to naprawd\u0119 wyj\u0105tkowy spos\u00f3b, aby pokaza\u0107 komu\u015b, jak wiele dla Ciebie znaczy. W przeciwie\u0144stwie do typowych produkt\u00f3w z p\u00f3\u0142ki sklepowej, spersonalizowany prezent jest wyj\u0105tkowy \u2013 pozwala doda\u0107 osobisty styl, kt\u00f3ry sprawia, \u017ce jest on jedyny w swoim rodzaju. Ponadto, gdy kto\u015b otrzymuje spersonalizowany prezent, wie, \u017ce zosta\u0142 stworzony specjalnie dla niego, dzi\u0119ki czemu jest jeszcze bardziej wyj\u0105tkowy i niezapomniany.<\/p>\r\n\r\n<p style=\"margin-top: 1rem\">Nie przegap tej niesamowitej okazji, aby pokaza\u0107 komu\u015b wyj\u0105tkowemu, jak wiele dla Ciebie znacz\u0105 \u2014 zam\u00f3w spersonalizowany plakat lub p\u0142\u00f3tno z potr\u00f3jn\u0105 map\u0105 gwiazd ju\u017c dzi\u015b! Z pewno\u015bci\u0105 b\u0119dzie to niezapomniany prezent, kt\u00f3ry zostanie w pami\u0119ci na d\u0142ugie lata.<\/p>","protected":false},"excerpt":{"rendered":"<ul class=\"check-list\">\n<li>Dodaj kontelacje i Drog\u0119 Mleczn\u0105 <\/li>\n<li>Spersonalizuj w 3 prostych krokach<\/li>\n<li>Dodaj dedykacj\u0119 prosto z serca<\/li>\n<li>Interaktywny podgl\u0105d pozwoli dopracowa\u0107 ka\u017cdy szczeg\u00f3\u0142<\/li>\n<\/ul>\n","protected":false},"featured_media":1240857,"template":"","meta":[],"product_brand":[],"product_cat":[8238,9102,99,262,11542,11604,11543,11539,11544,11540,11541,8010,7690],"product_tag":[14956],"class_list":{"0":"post-421750","1":"product","2":"type-product","3":"status-publish","4":"has-post-thumbnail","6":"product_cat-digital-products-pl","7":"product_cat-trio-stars-pl","8":"product_cat-wszystkie-produkty","9":"product_cat-creators-pl","10":"product_cat-10-rocznica","11":"product_cat-50-rocznica","12":"product_cat-15-rocznica","13":"product_cat-1-rocznica","14":"product_cat-20-rocznica","15":"product_cat-2-rocznica","16":"product_cat-5-rocznica","17":"product_cat-prezent-dla-mezczyzny","18":"product_cat-prezent-dla-kobiety","19":"product_tag-creators-pl-2","21":"first","22":"instock","23":"sale","24":"taxable","25":"shipping-taxable","26":"purchasable","27":"product-type-variable"},"yoast_head":"<!-- This site is optimized with the Yoast SEO Premium plugin v27.2 (Yoast SEO v27.2) - https:\/\/yoast.com\/product\/yoast-seo-premium-wordpress\/ -->\n<title>Potr\u00f3jna Mapa Gwiazd - Positive Prints<\/title>\n<meta name=\"description\" content=\"Pozostaw niezapomniane wra\u017cenie dzi\u0119ki naszemu spersonalizowanemu plakatowi z Potr\u00f3jn\u0105 Map\u0105 Gwiazd - jest idealny na \u015bluby, urodziny lub rocznice! Zam\u00f3w ju\u017c dzi\u015b!\" \/>\n<meta name=\"robots\" content=\"index, follow, max-snippet:-1, max-image-preview:large, max-video-preview:-1\" \/>\n<link rel=\"canonical\" href=\"https:\/\/positiveprints.com\/pl\/produkt\/potrojna-mapa-gwiazd\/\" \/>\n<meta property=\"og:locale\" content=\"pl_PL\" \/>\n<meta property=\"og:type\" content=\"article\" \/>\n<meta property=\"og:title\" content=\"Potr\u00f3jna Mapa Gwiazd\" \/>\n<meta property=\"og:description\" content=\"Dodaj kontelacje i Drog\u0119 Mleczn\u0105     Spersonalizuj w 3 prostych krokach    Dodaj dedykacj\u0119 prosto z serca    Interaktywny podgl\u0105d pozwoli dopracowa\u0107 ka\u017cdy szczeg\u00f3\u0142\" \/>\n<meta property=\"og:url\" content=\"https:\/\/positiveprints.com\/pl\/produkt\/potrojna-mapa-gwiazd\/\" \/>\n<meta property=\"og:site_name\" content=\"Positive Prints\" \/>\n<meta property=\"article:publisher\" content=\"https:\/\/www.facebook.com\/positiveprintscom\" \/>\n<meta property=\"article:modified_time\" content=\"2026-04-18T05:09:41+00:00\" \/>\n<meta property=\"og:image\" content=\"https:\/\/positiveprints.com\/wp-content\/uploads\/2024\/10\/Packshot_PL_Triple-Star-Map-product-image-1.webp\" \/>\n\t<meta property=\"og:image:width\" content=\"1450\" \/>\n\t<meta property=\"og:image:height\" content=\"1450\" \/>\n\t<meta property=\"og:image:type\" content=\"image\/webp\" \/>\n<meta name=\"twitter:card\" content=\"summary_large_image\" \/>\n<meta name=\"twitter:label1\" content=\"Szacowany czas czytania\" \/>\n\t<meta name=\"twitter:data1\" content=\"2 minuty\" \/>\n<!-- \/ Yoast SEO Premium plugin. -->","yoast_head_json":{"title":"Potr\u00f3jna Mapa Gwiazd - Positive Prints","description":"Pozostaw niezapomniane wra\u017cenie dzi\u0119ki naszemu spersonalizowanemu plakatowi z Potr\u00f3jn\u0105 Map\u0105 Gwiazd - jest idealny na \u015bluby, urodziny lub rocznice! Zam\u00f3w ju\u017c dzi\u015b!","robots":{"index":"index","follow":"follow","max-snippet":"max-snippet:-1","max-image-preview":"max-image-preview:large","max-video-preview":"max-video-preview:-1"},"canonical":"https:\/\/positiveprints.com\/pl\/produkt\/potrojna-mapa-gwiazd\/","og_locale":"pl_PL","og_type":"article","og_title":"Potr\u00f3jna Mapa Gwiazd","og_description":"Dodaj kontelacje i Drog\u0119 Mleczn\u0105     Spersonalizuj w 3 prostych krokach    Dodaj dedykacj\u0119 prosto z serca    Interaktywny podgl\u0105d pozwoli dopracowa\u0107 ka\u017cdy szczeg\u00f3\u0142","og_url":"https:\/\/positiveprints.com\/pl\/produkt\/potrojna-mapa-gwiazd\/","og_site_name":"Positive Prints","article_publisher":"https:\/\/www.facebook.com\/positiveprintscom","article_modified_time":"2026-04-18T05:09:41+00:00","og_image":[{"width":1450,"height":1450,"url":"https:\/\/positiveprints.com\/wp-content\/uploads\/2024\/10\/Packshot_PL_Triple-Star-Map-product-image-1.webp","type":"image\/webp"}],"twitter_card":"summary_large_image","twitter_misc":{"Szacowany czas czytania":"2 minuty"},"schema":{"@context":"https:\/\/schema.org","@graph":[{"@type":["WebPage","ItemPage"],"@id":"https:\/\/positiveprints.com\/pl\/produkt\/potrojna-mapa-gwiazd\/","url":"https:\/\/positiveprints.com\/pl\/produkt\/potrojna-mapa-gwiazd\/","name":"Potr\u00f3jna Mapa Gwiazd - Positive Prints","isPartOf":{"@id":"https:\/\/positiveprints.com\/pl\/#website"},"primaryImageOfPage":{"@id":"https:\/\/positiveprints.com\/pl\/produkt\/potrojna-mapa-gwiazd\/#primaryimage"},"image":{"@id":"https:\/\/positiveprints.com\/pl\/produkt\/potrojna-mapa-gwiazd\/#primaryimage"},"thumbnailUrl":"https:\/\/positiveprints.com\/wp-content\/uploads\/2024\/10\/Packshot_PL_Triple-Star-Map-product-image-1.webp","datePublished":"2023-02-23T22:27:00+00:00","dateModified":"2026-04-18T05:09:41+00:00","description":"Pozostaw niezapomniane wra\u017cenie dzi\u0119ki naszemu spersonalizowanemu plakatowi z Potr\u00f3jn\u0105 Map\u0105 Gwiazd - jest idealny na \u015bluby, urodziny lub rocznice! Zam\u00f3w ju\u017c dzi\u015b!","breadcrumb":{"@id":"https:\/\/positiveprints.com\/pl\/produkt\/potrojna-mapa-gwiazd\/#breadcrumb"},"inLanguage":"pl-PL","potentialAction":[{"@type":"ReadAction","target":["https:\/\/positiveprints.com\/pl\/produkt\/potrojna-mapa-gwiazd\/"]}]},{"@type":"ImageObject","inLanguage":"pl-PL","@id":"https:\/\/positiveprints.com\/pl\/produkt\/potrojna-mapa-gwiazd\/#primaryimage","url":"https:\/\/positiveprints.com\/wp-content\/uploads\/2024\/10\/Packshot_PL_Triple-Star-Map-product-image-1.webp","contentUrl":"https:\/\/positiveprints.com\/wp-content\/uploads\/2024\/10\/Packshot_PL_Triple-Star-Map-product-image-1.webp","width":1450,"height":1450,"caption":"Packshot_PL_Triple Star Map product image"},{"@type":"BreadcrumbList","@id":"https:\/\/positiveprints.com\/pl\/produkt\/potrojna-mapa-gwiazd\/#breadcrumb","itemListElement":[{"@type":"ListItem","position":1,"name":"Home","item":"https:\/\/positiveprints.com\/pl\/"},{"@type":"ListItem","position":2,"name":"Produkty","item":"https:\/\/positiveprints.com\/pl\/shop\/"},{"@type":"ListItem","position":3,"name":"Potr\u00f3jna Mapa Gwiazd"}]},{"@type":"WebSite","@id":"https:\/\/positiveprints.com\/pl\/#website","url":"https:\/\/positiveprints.com\/pl\/","name":"Positive Prints","description":"Amazing Custom Personalized Gifts","publisher":{"@id":"https:\/\/positiveprints.com\/pl\/#organization"},"potentialAction":[{"@type":"SearchAction","target":{"@type":"EntryPoint","urlTemplate":"https:\/\/positiveprints.com\/pl\/?s={search_term_string}"},"query-input":{"@type":"PropertyValueSpecification","valueRequired":true,"valueName":"search_term_string"}}],"inLanguage":"pl-PL"},{"@type":"Organization","@id":"https:\/\/positiveprints.com\/pl\/#organization","name":"Positive Prints","alternateName":"Positive Prints","url":"https:\/\/positiveprints.com\/pl\/","logo":{"@type":"ImageObject","inLanguage":"pl-PL","@id":"https:\/\/positiveprints.com\/pl\/#\/schema\/logo\/image\/","url":"https:\/\/positiveprints.com\/wp-content\/uploads\/2026\/03\/245815646_1337939713319158_5671353136411139666_n.png","contentUrl":"https:\/\/positiveprints.com\/wp-content\/uploads\/2026\/03\/245815646_1337939713319158_5671353136411139666_n.png","width":800,"height":800,"caption":"Positive Prints"},"image":{"@id":"https:\/\/positiveprints.com\/pl\/#\/schema\/logo\/image\/"},"sameAs":["https:\/\/www.facebook.com\/positiveprintscom","https:\/\/www.instagram.com\/positiveprintscom\/","https:\/\/www.tiktok.com\/@positiveprintscom","https:\/\/www.pinterest.com\/positiveprintscom\/"]}]}},"jetpack_sharing_enabled":true,"_links":{"self":[{"href":"https:\/\/positiveprints.com\/pl\/wp-json\/wp\/v2\/product\/421750","targetHints":{"allow":["GET"]}}],"collection":[{"href":"https:\/\/positiveprints.com\/pl\/wp-json\/wp\/v2\/product"}],"about":[{"href":"https:\/\/positiveprints.com\/pl\/wp-json\/wp\/v2\/types\/product"}],"wp:featuredmedia":[{"embeddable":true,"href":"https:\/\/positiveprints.com\/pl\/wp-json\/wp\/v2\/media\/1240857"}],"wp:attachment":[{"href":"https:\/\/positiveprints.com\/pl\/wp-json\/wp\/v2\/media?parent=421750"}],"wp:term":[{"taxonomy":"product_brand","embeddable":true,"href":"https:\/\/positiveprints.com\/pl\/wp-json\/wp\/v2\/product_brand?post=421750"},{"taxonomy":"product_cat","embeddable":true,"href":"https:\/\/positiveprints.com\/pl\/wp-json\/wp\/v2\/product_cat?post=421750"},{"taxonomy":"product_tag","embeddable":true,"href":"https:\/\/positiveprints.com\/pl\/wp-json\/wp\/v2\/product_tag?post=421750"}],"curies":[{"name":"wp","href":"https:\/\/api.w.org\/{rel}","templated":true}]}}