{"id":400379,"date":"2023-01-25T11:18:24","date_gmt":"2023-01-25T10:19:23","guid":{"rendered":"https:\/\/positiveprints.com\/?post_type=product&#038;p=400379"},"modified":"2026-04-12T22:44:02","modified_gmt":"2026-04-12T21:44:02","slug":"niebo-w-dniu-chrztu-swietego","status":"publish","type":"product","link":"https:\/\/positiveprints.com\/pl\/produkt\/niebo-w-dniu-chrztu-swietego\/","title":{"rendered":"Niebo w Dniu Chrztu \u015awi\u0119tego"},"content":{"rendered":"","protected":false},"excerpt":{"rendered":"<ul class=\"check-list\">\n<li>Dodaj planety, konstelacje i Drog\u0119 Mleczn\u0105 <\/li>\n<li>Spersonalizuj w 3 prostych krokach<\/li>\n<li>Dodaj dedykacj\u0119 prosto z serca<\/li>\n<li>Interaktywny podgl\u0105d pozwoli dopracowa\u0107 ka\u017cdy szczeg\u00f3\u0142<\/li>\n<\/ul>\n","protected":false},"featured_media":1354692,"template":"","meta":[],"product_brand":[],"product_cat":[7594,3114,99],"product_tag":[15131,15132,15133,8387,15134,15135,15136],"class_list":{"0":"post-400379","1":"product","2":"type-product","3":"status-publish","4":"has-post-thumbnail","6":"product_cat-prezent-na-chrzest","7":"product_cat-star-pl-2","8":"product_cat-wszystkie-produkty","9":"product_tag-baby-baptism-gift-pl","10":"product_tag-baptism-gift-pl","11":"product_tag-baptism-gifts-pl","12":"product_tag-baptism-pl","13":"product_tag-christening-gift-pl","14":"product_tag-christening-gifts-pl","15":"product_tag-religious-gift-pl","17":"first","18":"instock","19":"sale","20":"taxable","21":"shipping-taxable","22":"purchasable","23":"product-type-variable"},"yoast_head":"<!-- This site is optimized with the Yoast SEO Premium plugin v27.2 (Yoast SEO v27.2) - https:\/\/yoast.com\/product\/yoast-seo-premium-wordpress\/ -->\n<title>Niebo w dniu Chrztu \u015awi\u0119tego - Prezent na chrzest - Positive Prints<\/title>\n<meta name=\"description\" content=\"Szukasz wyj\u0105tkowego i wyj\u0105tkowego prezentu na chrzest? Nie szukaj dalej ni\u017c nasz dzie\u0144, w kt\u00f3rym zosta\u0142e\u015b ochrzczony. Idealny prezent dla rodzic\u00f3w chrzestnych lub chrze\u015bniak\u00f3w.\" \/>\n<meta name=\"robots\" content=\"index, follow, max-snippet:-1, max-image-preview:large, max-video-preview:-1\" \/>\n<link rel=\"canonical\" href=\"https:\/\/positiveprints.com\/pl\/produkt\/niebo-w-dniu-chrztu-swietego\/\" \/>\n<meta property=\"og:locale\" content=\"pl_PL\" \/>\n<meta property=\"og:type\" content=\"article\" \/>\n<meta property=\"og:title\" content=\"Niebo w Dniu Chrztu \u015awi\u0119tego\" \/>\n<meta property=\"og:description\" content=\"Dodaj planety, konstelacje i Drog\u0119 Mleczn\u0105  Spersonalizuj w 3 prostych krokach Dodaj dedykacj\u0119 prosto z serca Interaktywny podgl\u0105d pozwoli dopracowa\u0107 ka\u017cdy szczeg\u00f3\u0142\" \/>\n<meta property=\"og:url\" content=\"https:\/\/positiveprints.com\/pl\/produkt\/niebo-w-dniu-chrztu-swietego\/\" \/>\n<meta property=\"og:site_name\" content=\"Positive Prints\" \/>\n<meta property=\"article:publisher\" content=\"https:\/\/www.facebook.com\/positiveprintscom\" \/>\n<meta property=\"article:modified_time\" content=\"2026-04-12T21:44:02+00:00\" \/>\n<meta property=\"og:image\" content=\"https:\/\/positiveprints.com\/wp-content\/uploads\/2025\/02\/Niebo-w-Dniu-Chrztu-S\u0301wie\u0328tego-1.webp\" \/>\n\t<meta property=\"og:image:width\" content=\"1450\" \/>\n\t<meta property=\"og:image:height\" content=\"1450\" \/>\n\t<meta property=\"og:image:type\" content=\"image\/webp\" \/>\n<meta name=\"twitter:card\" content=\"summary_large_image\" \/>\n<meta name=\"twitter:label1\" content=\"Szacowany czas czytania\" \/>\n\t<meta name=\"twitter:data1\" content=\"1 minuta\" \/>\n<!-- \/ Yoast SEO Premium plugin. -->","yoast_head_json":{"title":"Niebo w dniu Chrztu \u015awi\u0119tego - Prezent na chrzest - Positive Prints","description":"Szukasz wyj\u0105tkowego i wyj\u0105tkowego prezentu na chrzest? Nie szukaj dalej ni\u017c nasz dzie\u0144, w kt\u00f3rym zosta\u0142e\u015b ochrzczony. Idealny prezent dla rodzic\u00f3w chrzestnych lub chrze\u015bniak\u00f3w.","robots":{"index":"index","follow":"follow","max-snippet":"max-snippet:-1","max-image-preview":"max-image-preview:large","max-video-preview":"max-video-preview:-1"},"canonical":"https:\/\/positiveprints.com\/pl\/produkt\/niebo-w-dniu-chrztu-swietego\/","og_locale":"pl_PL","og_type":"article","og_title":"Niebo w Dniu Chrztu \u015awi\u0119tego","og_description":"Dodaj planety, konstelacje i Drog\u0119 Mleczn\u0105  Spersonalizuj w 3 prostych krokach Dodaj dedykacj\u0119 prosto z serca Interaktywny podgl\u0105d pozwoli dopracowa\u0107 ka\u017cdy szczeg\u00f3\u0142","og_url":"https:\/\/positiveprints.com\/pl\/produkt\/niebo-w-dniu-chrztu-swietego\/","og_site_name":"Positive Prints","article_publisher":"https:\/\/www.facebook.com\/positiveprintscom","article_modified_time":"2026-04-12T21:44:02+00:00","og_image":[{"width":1450,"height":1450,"url":"https:\/\/positiveprints.com\/wp-content\/uploads\/2025\/02\/Niebo-w-Dniu-Chrztu-S\u0301wie\u0328tego-1.webp","type":"image\/webp"}],"twitter_card":"summary_large_image","twitter_misc":{"Szacowany czas czytania":"1 minuta"},"schema":{"@context":"https:\/\/schema.org","@graph":[{"@type":["WebPage","ItemPage"],"@id":"https:\/\/positiveprints.com\/pl\/produkt\/niebo-w-dniu-chrztu-swietego\/","url":"https:\/\/positiveprints.com\/pl\/produkt\/niebo-w-dniu-chrztu-swietego\/","name":"Niebo w dniu Chrztu \u015awi\u0119tego - Prezent na chrzest - Positive Prints","isPartOf":{"@id":"https:\/\/positiveprints.com\/pl\/#website"},"primaryImageOfPage":{"@id":"https:\/\/positiveprints.com\/pl\/produkt\/niebo-w-dniu-chrztu-swietego\/#primaryimage"},"image":{"@id":"https:\/\/positiveprints.com\/pl\/produkt\/niebo-w-dniu-chrztu-swietego\/#primaryimage"},"thumbnailUrl":"https:\/\/positiveprints.com\/wp-content\/uploads\/2025\/02\/Niebo-w-Dniu-Chrztu-S\u0301wie\u0328tego-1.webp","datePublished":"2023-01-25T10:19:23+00:00","dateModified":"2026-04-12T21:44:02+00:00","description":"Szukasz wyj\u0105tkowego i wyj\u0105tkowego prezentu na chrzest? Nie szukaj dalej ni\u017c nasz dzie\u0144, w kt\u00f3rym zosta\u0142e\u015b ochrzczony. Idealny prezent dla rodzic\u00f3w chrzestnych lub chrze\u015bniak\u00f3w.","breadcrumb":{"@id":"https:\/\/positiveprints.com\/pl\/produkt\/niebo-w-dniu-chrztu-swietego\/#breadcrumb"},"inLanguage":"pl-PL","potentialAction":[{"@type":"ReadAction","target":["https:\/\/positiveprints.com\/pl\/produkt\/niebo-w-dniu-chrztu-swietego\/"]}]},{"@type":"ImageObject","inLanguage":"pl-PL","@id":"https:\/\/positiveprints.com\/pl\/produkt\/niebo-w-dniu-chrztu-swietego\/#primaryimage","url":"https:\/\/positiveprints.com\/wp-content\/uploads\/2025\/02\/Niebo-w-Dniu-Chrztu-S\u0301wie\u0328tego-1.webp","contentUrl":"https:\/\/positiveprints.com\/wp-content\/uploads\/2025\/02\/Niebo-w-Dniu-Chrztu-S\u0301wie\u0328tego-1.webp","width":1450,"height":1450},{"@type":"BreadcrumbList","@id":"https:\/\/positiveprints.com\/pl\/produkt\/niebo-w-dniu-chrztu-swietego\/#breadcrumb","itemListElement":[{"@type":"ListItem","position":1,"name":"Home","item":"https:\/\/positiveprints.com\/pl\/"},{"@type":"ListItem","position":2,"name":"Produkty","item":"https:\/\/positiveprints.com\/pl\/shop\/"},{"@type":"ListItem","position":3,"name":"Niebo w Dniu Chrztu \u015awi\u0119tego"}]},{"@type":"WebSite","@id":"https:\/\/positiveprints.com\/pl\/#website","url":"https:\/\/positiveprints.com\/pl\/","name":"Positive Prints","description":"Amazing Custom Personalized Gifts","publisher":{"@id":"https:\/\/positiveprints.com\/pl\/#organization"},"potentialAction":[{"@type":"SearchAction","target":{"@type":"EntryPoint","urlTemplate":"https:\/\/positiveprints.com\/pl\/?s={search_term_string}"},"query-input":{"@type":"PropertyValueSpecification","valueRequired":true,"valueName":"search_term_string"}}],"inLanguage":"pl-PL"},{"@type":"Organization","@id":"https:\/\/positiveprints.com\/pl\/#organization","name":"Positive Prints","alternateName":"Positive Prints","url":"https:\/\/positiveprints.com\/pl\/","logo":{"@type":"ImageObject","inLanguage":"pl-PL","@id":"https:\/\/positiveprints.com\/pl\/#\/schema\/logo\/image\/","url":"https:\/\/positiveprints.com\/wp-content\/uploads\/2026\/03\/245815646_1337939713319158_5671353136411139666_n.png","contentUrl":"https:\/\/positiveprints.com\/wp-content\/uploads\/2026\/03\/245815646_1337939713319158_5671353136411139666_n.png","width":800,"height":800,"caption":"Positive Prints"},"image":{"@id":"https:\/\/positiveprints.com\/pl\/#\/schema\/logo\/image\/"},"sameAs":["https:\/\/www.facebook.com\/positiveprintscom","https:\/\/www.instagram.com\/positiveprintscom\/","https:\/\/www.tiktok.com\/@positiveprintscom","https:\/\/www.pinterest.com\/positiveprintscom\/"]}]}},"jetpack_sharing_enabled":true,"_links":{"self":[{"href":"https:\/\/positiveprints.com\/pl\/wp-json\/wp\/v2\/product\/400379","targetHints":{"allow":["GET"]}}],"collection":[{"href":"https:\/\/positiveprints.com\/pl\/wp-json\/wp\/v2\/product"}],"about":[{"href":"https:\/\/positiveprints.com\/pl\/wp-json\/wp\/v2\/types\/product"}],"wp:featuredmedia":[{"embeddable":true,"href":"https:\/\/positiveprints.com\/pl\/wp-json\/wp\/v2\/media\/1354692"}],"wp:attachment":[{"href":"https:\/\/positiveprints.com\/pl\/wp-json\/wp\/v2\/media?parent=400379"}],"wp:term":[{"taxonomy":"product_brand","embeddable":true,"href":"https:\/\/positiveprints.com\/pl\/wp-json\/wp\/v2\/product_brand?post=400379"},{"taxonomy":"product_cat","embeddable":true,"href":"https:\/\/positiveprints.com\/pl\/wp-json\/wp\/v2\/product_cat?post=400379"},{"taxonomy":"product_tag","embeddable":true,"href":"https:\/\/positiveprints.com\/pl\/wp-json\/wp\/v2\/product_tag?post=400379"}],"curies":[{"name":"wp","href":"https:\/\/api.w.org\/{rel}","templated":true}]}}