{"id":395400,"date":"2022-06-01T11:04:09","date_gmt":"2023-01-11T11:39:17","guid":{"rendered":"https:\/\/positiveprints.com\/?post_type=product&#038;p=395400"},"modified":"2026-04-28T14:41:09","modified_gmt":"2026-04-28T13:41:09","slug":"podziekowania-dla-nauczyciela","status":"publish","type":"product","link":"https:\/\/positiveprints.com\/pl\/produkt\/podziekowania-dla-nauczyciela\/","title":{"rendered":"Podzi\u0119kowania dla Nauczyciela"},"content":{"rendered":"","protected":false},"excerpt":{"rendered":"<ul class=\"check-list\">\n<li>Wyra\u017a wdzi\u0119czno\u015b\u0107 nauczycielowi za jego zaanga\u017cowanie i trud w\u0142o\u017cony w rozw\u00f3j Twojego potencja\u0142u<\/li>\n<li>Podkre\u015bl wa\u017cne miejsce za pomoc\u0105 wybranego symbolu<\/li>\n<li>Spersonalizuj w 3 prostych krokach<\/li>\n<li>Dodaj dedykacj\u0119 prosto z serca<\/li>\n<li>Interaktywny podgl\u0105d pozwoli dopracowa\u0107 ka\u017cdy szczeg\u00f3\u0142<\/li>\n<\/ul>\n","protected":false},"featured_media":1525351,"template":"","meta":[],"product_brand":[],"product_cat":[9279,7866,7188],"product_tag":[16427,16429,16969,16325,16428,16887],"class_list":{"0":"post-395400","1":"product","2":"type-product","3":"status-publish","4":"has-post-thumbnail","6":"product_cat-bestsellers-label-pl","7":"product_cat-prezent-dla-nauczyciela","8":"product_cat-map-pl","9":"product_tag-nauczyciel","10":"product_tag-pomysly-na-prezent-dla-nauczyciela","11":"product_tag-prezent-dla-nauczyciela","12":"product_tag-prezent-z-podziekowaniem-dla-nauczyciela","13":"product_tag-prezent-z-podziekowaniem-dla-nauczyciela-pl","14":"product_tag-prezenty-dla-nauczyciela","16":"first","17":"instock","18":"sale","19":"taxable","20":"shipping-taxable","21":"purchasable","22":"product-type-variable"},"yoast_head":"<!-- This site is optimized with the Yoast SEO Premium plugin v27.2 (Yoast SEO v27.2) - https:\/\/yoast.com\/product\/yoast-seo-premium-wordpress\/ -->\n<title>Podzi\u0119kowania dla Nauczyciela - Positive Prints<\/title>\n<meta name=\"robots\" content=\"index, follow, max-snippet:-1, max-image-preview:large, max-video-preview:-1\" \/>\n<link rel=\"canonical\" href=\"https:\/\/positiveprints.com\/pl\/produkt\/podziekowania-dla-nauczyciela\/\" \/>\n<meta property=\"og:locale\" content=\"pl_PL\" \/>\n<meta property=\"og:type\" content=\"article\" \/>\n<meta property=\"og:title\" content=\"Podzi\u0119kowania dla Nauczyciela\" \/>\n<meta property=\"og:description\" content=\"Wyra\u017a wdzi\u0119czno\u015b\u0107 nauczycielowi za jego zaanga\u017cowanie i trud w\u0142o\u017cony w rozw\u00f3j Twojego potencja\u0142u Podkre\u015bl wa\u017cne miejsce za pomoc\u0105 wybranego symbolu Spersonalizuj w 3 prostych krokach Dodaj dedykacj\u0119 prosto z serca Interaktywny podgl\u0105d pozwoli dopracowa\u0107 ka\u017cdy szczeg\u00f3\u0142\" \/>\n<meta property=\"og:url\" content=\"https:\/\/positiveprints.com\/pl\/produkt\/podziekowania-dla-nauczyciela\/\" \/>\n<meta property=\"og:site_name\" content=\"Positive Prints\" \/>\n<meta property=\"article:publisher\" content=\"https:\/\/www.facebook.com\/positiveprintscom\" \/>\n<meta property=\"article:modified_time\" content=\"2026-04-28T13:41:09+00:00\" \/>\n<meta property=\"og:image\" content=\"https:\/\/positiveprints.com\/wp-content\/uploads\/2022\/06\/Packshot_PL_Podzie\u0328kowania-dla-Nauczyciela.webp\" \/>\n\t<meta property=\"og:image:width\" content=\"1450\" \/>\n\t<meta property=\"og:image:height\" content=\"1450\" \/>\n\t<meta property=\"og:image:type\" content=\"image\/webp\" \/>\n<meta name=\"twitter:card\" content=\"summary_large_image\" \/>\n<!-- \/ Yoast SEO Premium plugin. -->","yoast_head_json":{"title":"Podzi\u0119kowania dla Nauczyciela - Positive Prints","robots":{"index":"index","follow":"follow","max-snippet":"max-snippet:-1","max-image-preview":"max-image-preview:large","max-video-preview":"max-video-preview:-1"},"canonical":"https:\/\/positiveprints.com\/pl\/produkt\/podziekowania-dla-nauczyciela\/","og_locale":"pl_PL","og_type":"article","og_title":"Podzi\u0119kowania dla Nauczyciela","og_description":"Wyra\u017a wdzi\u0119czno\u015b\u0107 nauczycielowi za jego zaanga\u017cowanie i trud w\u0142o\u017cony w rozw\u00f3j Twojego potencja\u0142u Podkre\u015bl wa\u017cne miejsce za pomoc\u0105 wybranego symbolu Spersonalizuj w 3 prostych krokach Dodaj dedykacj\u0119 prosto z serca Interaktywny podgl\u0105d pozwoli dopracowa\u0107 ka\u017cdy szczeg\u00f3\u0142","og_url":"https:\/\/positiveprints.com\/pl\/produkt\/podziekowania-dla-nauczyciela\/","og_site_name":"Positive Prints","article_publisher":"https:\/\/www.facebook.com\/positiveprintscom","article_modified_time":"2026-04-28T13:41:09+00:00","og_image":[{"width":1450,"height":1450,"url":"https:\/\/positiveprints.com\/wp-content\/uploads\/2022\/06\/Packshot_PL_Podzie\u0328kowania-dla-Nauczyciela.webp","type":"image\/webp"}],"twitter_card":"summary_large_image","schema":{"@context":"https:\/\/schema.org","@graph":[{"@type":["WebPage","ItemPage"],"@id":"https:\/\/positiveprints.com\/pl\/produkt\/podziekowania-dla-nauczyciela\/","url":"https:\/\/positiveprints.com\/pl\/produkt\/podziekowania-dla-nauczyciela\/","name":"Podzi\u0119kowania dla Nauczyciela - Positive Prints","isPartOf":{"@id":"https:\/\/positiveprints.com\/pl\/#website"},"primaryImageOfPage":{"@id":"https:\/\/positiveprints.com\/pl\/produkt\/podziekowania-dla-nauczyciela\/#primaryimage"},"image":{"@id":"https:\/\/positiveprints.com\/pl\/produkt\/podziekowania-dla-nauczyciela\/#primaryimage"},"thumbnailUrl":"https:\/\/positiveprints.com\/wp-content\/uploads\/2022\/06\/Packshot_PL_Podzie\u0328kowania-dla-Nauczyciela.webp","datePublished":"2023-01-11T11:39:17+00:00","dateModified":"2026-04-28T13:41:09+00:00","breadcrumb":{"@id":"https:\/\/positiveprints.com\/pl\/produkt\/podziekowania-dla-nauczyciela\/#breadcrumb"},"inLanguage":"pl-PL","potentialAction":[{"@type":"ReadAction","target":["https:\/\/positiveprints.com\/pl\/produkt\/podziekowania-dla-nauczyciela\/"]}]},{"@type":"ImageObject","inLanguage":"pl-PL","@id":"https:\/\/positiveprints.com\/pl\/produkt\/podziekowania-dla-nauczyciela\/#primaryimage","url":"https:\/\/positiveprints.com\/wp-content\/uploads\/2022\/06\/Packshot_PL_Podzie\u0328kowania-dla-Nauczyciela.webp","contentUrl":"https:\/\/positiveprints.com\/wp-content\/uploads\/2022\/06\/Packshot_PL_Podzie\u0328kowania-dla-Nauczyciela.webp","width":1450,"height":1450,"caption":"Packshot_PL_Podzie\u0328kowania dla Nauczyciela"},{"@type":"BreadcrumbList","@id":"https:\/\/positiveprints.com\/pl\/produkt\/podziekowania-dla-nauczyciela\/#breadcrumb","itemListElement":[{"@type":"ListItem","position":1,"name":"Home","item":"https:\/\/positiveprints.com\/pl\/"},{"@type":"ListItem","position":2,"name":"Produkty","item":"https:\/\/positiveprints.com\/pl\/shop\/"},{"@type":"ListItem","position":3,"name":"Podzi\u0119kowania dla Nauczyciela"}]},{"@type":"WebSite","@id":"https:\/\/positiveprints.com\/pl\/#website","url":"https:\/\/positiveprints.com\/pl\/","name":"Positive Prints","description":"Amazing Custom Personalized Gifts","publisher":{"@id":"https:\/\/positiveprints.com\/pl\/#organization"},"potentialAction":[{"@type":"SearchAction","target":{"@type":"EntryPoint","urlTemplate":"https:\/\/positiveprints.com\/pl\/?s={search_term_string}"},"query-input":{"@type":"PropertyValueSpecification","valueRequired":true,"valueName":"search_term_string"}}],"inLanguage":"pl-PL"},{"@type":"Organization","@id":"https:\/\/positiveprints.com\/pl\/#organization","name":"Positive Prints","alternateName":"Positive Prints","url":"https:\/\/positiveprints.com\/pl\/","logo":{"@type":"ImageObject","inLanguage":"pl-PL","@id":"https:\/\/positiveprints.com\/pl\/#\/schema\/logo\/image\/","url":"https:\/\/positiveprints.com\/wp-content\/uploads\/2026\/03\/245815646_1337939713319158_5671353136411139666_n.png","contentUrl":"https:\/\/positiveprints.com\/wp-content\/uploads\/2026\/03\/245815646_1337939713319158_5671353136411139666_n.png","width":800,"height":800,"caption":"Positive Prints"},"image":{"@id":"https:\/\/positiveprints.com\/pl\/#\/schema\/logo\/image\/"},"sameAs":["https:\/\/www.facebook.com\/positiveprintscom","https:\/\/www.instagram.com\/positiveprintscom\/","https:\/\/www.tiktok.com\/@positiveprintscom","https:\/\/www.pinterest.com\/positiveprintscom\/"]}]}},"jetpack_sharing_enabled":true,"_links":{"self":[{"href":"https:\/\/positiveprints.com\/pl\/wp-json\/wp\/v2\/product\/395400","targetHints":{"allow":["GET"]}}],"collection":[{"href":"https:\/\/positiveprints.com\/pl\/wp-json\/wp\/v2\/product"}],"about":[{"href":"https:\/\/positiveprints.com\/pl\/wp-json\/wp\/v2\/types\/product"}],"wp:featuredmedia":[{"embeddable":true,"href":"https:\/\/positiveprints.com\/pl\/wp-json\/wp\/v2\/media\/1525351"}],"wp:attachment":[{"href":"https:\/\/positiveprints.com\/pl\/wp-json\/wp\/v2\/media?parent=395400"}],"wp:term":[{"taxonomy":"product_brand","embeddable":true,"href":"https:\/\/positiveprints.com\/pl\/wp-json\/wp\/v2\/product_brand?post=395400"},{"taxonomy":"product_cat","embeddable":true,"href":"https:\/\/positiveprints.com\/pl\/wp-json\/wp\/v2\/product_cat?post=395400"},{"taxonomy":"product_tag","embeddable":true,"href":"https:\/\/positiveprints.com\/pl\/wp-json\/wp\/v2\/product_tag?post=395400"}],"curies":[{"name":"wp","href":"https:\/\/api.w.org\/{rel}","templated":true}]}}