{"id":392379,"date":"2022-12-20T11:49:13","date_gmt":"2022-12-20T10:49:13","guid":{"rendered":"https:\/\/positiveprints.com\/?post_type=product&#038;p=392379"},"modified":"2026-04-12T22:45:20","modified_gmt":"2026-04-12T21:45:20","slug":"przyjazn-nie-zna-granic","status":"publish","type":"product","link":"https:\/\/positiveprints.com\/pl\/produkt\/przyjazn-nie-zna-granic\/","title":{"rendered":"Przyja\u017a\u0144 Nie Zna Granic"},"content":{"rendered":"<p style=\"margin-top: 1rem\">Poka\u017c swojemu najlepszemu przyjacielowi lub przyjaci\u00f3\u0142ce, jak bardzo Ci na nich zale\u017cy dzi\u0119ki spersonalizowanej Mapie! Ten wyj\u0105tkowy prezent to doskona\u0142y spos\u00f3b, aby pokaza\u0107 im, jak blisko jeste\u015bcie, bez wzgl\u0119du na odleg\u0142o\u015b\u0107. Podaruj swojemu najlepszemu przyjacielowi lub przyjaci\u00f3\u0142ce prezent, kt\u00f3ry b\u0119dzie wzrusza\u0142 przez wiele lat.<\/p>\r\n\r\n\r\n\r\n<h2 class=\"grenB f24 cblue\" style=\"margin-top: 3rem\">Poka\u017c jak wa\u017cna dla Ciebie jest Wasza przyja\u017a\u0144<\/h2>\r\n\r\n<p style=\"margin-top: 1rem\">Przyja\u017a\u0144 jest jedn\u0105 z najpot\u0119\u017cniejszych si\u0142 na \u015bwiecie i nie ma znaczenia, jak daleko od siebie s\u0105 dwie osoby &#8211; prawdziwa przyja\u017a\u0144 przetrwa ka\u017cd\u0105 odleg\u0142o\u015b\u0107. Kiedy przyjaciele mieszkaj\u0105 w r\u00f3\u017cnych miastach lub krajach, taka odleg\u0142o\u015b\u0107 mo\u017ce by\u0107 trudna do zaakceptowania. Ale tak naprawd\u0119 oznacza to, \u017ce dwoje ludzi nadal bardzo si\u0119 o siebie troszczy, mimo \u017ce nie s\u0105 w stanie regularnie rozmawia\u0107 ani sp\u0119dza\u0107 czasu. Dystans nie os\u0142abia przyja\u017ani, lecz j\u0105 wzmacnia \u2013 kiedy dwoje przyjaci\u00f3\u0142 spotyka si\u0119 ponownie po pewnym czasie roz\u0142\u0105ki, pojawia si\u0119 zrozumienie i docenienie tego, jak bardzo s\u0105 szcz\u0119\u015bliwi, \u017ce w ko\u0144cu zn\u00f3w s\u0105 razem! Mapa Przyja\u017a\u0144 Nie Zna Granic to doskona\u0142y spos\u00f3b, aby pokaza\u0107 swoim bliskim, ile znaczy dla ciebie ich przyja\u017a\u0144, bez wzgl\u0119du na odleg\u0142o\u015b\u0107.<\/p>\r\n\r\n<h2 class=\"grenB f24 cblue\" style=\"margin-top: 3rem\">Mapa Przyja\u017a\u0144 Nie Zna Granic to idealny prezent<\/h2>\r\n\r\n<p style=\"margin-top: 1rem\">Spersonalizowana Mapa Przyja\u017a\u0144 Nie Zna Granic to idealny prezent dla wyj\u0105tkowych os\u00f3b w Twoim \u017cyciu. Poka\u017c im, jak bardzo doceniasz ich przyja\u017a\u0144, korzystaj\u0105c z dw\u00f3ch map \u2014 jednej z twoj\u0105 lokalizacj\u0105, a drug\u0105 z ich miejscem zamieszkania. Wybierz spo\u015br\u00f3d szerokiej gamy wzor\u00f3w i kolor\u00f3w, kt\u00f3re pasuj\u0105 do Twojej estetyki, i dodaj osobist\u0105 dedykacj\u0119 jako dodatkowy akcent. Niezale\u017cnie od tego, czy zdecydujesz si\u0119 na oprawiony plakat, zwyk\u0142y plakat lub p\u0142\u00f3tno, czy te\u017c natychmiastowy plik do pobrania w formie cyfrowej \u2013 ten wyj\u0105tkowy prezent sprawi, \u017ce Twoi przyjaciele poczuj\u0105 si\u0119 naprawd\u0119 wyj\u0105tkowo i poka\u017ce, jak bardzo Ci zale\u017cy. Spraw, by Tw\u00f3j najlepszy przyjaciel lub przyjaci\u00f3\u0142ka poczuli si\u0119 naprawd\u0119 docenieni dzi\u0119ki temu przemy\u015blanemu i wyj\u0105tkowemu prezentowi. Dzi\u0119ki Mapie Przyja\u017a\u0144 Nie Zna Granic mo\u017cesz pokaza\u0107 im, jak wiele znaczy dla Ciebie Wasza przyja\u017a\u0144. Zam\u00f3w ju\u017c dzi\u015b!<\/p>","protected":false},"excerpt":{"rendered":"<ul class=\"check-list\">\n<li>Przywo\u0142aj szcz\u0119\u015bliwe wspomnienia i poka\u017c swojemu przyjaci\u00f3\u0142ce, jak bardzo cenisz wyj\u0105tkow\u0105 wi\u0119\u017a mi\u0119dzy Wami<\/li>\n<li>Wyr\u00f3\u017cnij szczeg\u00f3lne lokalizacje za pomoc\u0105 symbolu<\/li>\n<li>Spersonalizuj w 3 prostych krokach<\/li>\n<li>Dodaj dedykacj\u0119 prosto z serca<\/li>\n<li>Interaktywny podgl\u0105d pozwoli dopracowa\u0107 ka\u017cdy szczeg\u00f3\u0142<\/li>\n<\/ul>\n","protected":false},"featured_media":1434541,"template":"","meta":[],"product_brand":[],"product_cat":[9116,99,5271,15037,7834],"product_tag":[15188,15189,9388,15190,15191,15234,13492,9375,13478,8631,11871],"class_list":{"0":"post-392379","1":"product","2":"type-product","3":"status-publish","4":"has-post-thumbnail","6":"product_cat-double-maps-pl","7":"product_cat-wszystkie-produkty","8":"product_cat-prezent-na-boze-narodzenie","9":"product_cat-prezenty-pod-choinke-dla-przyjaciol","10":"product_cat-prezent-dla-przyjaciol","11":"product_tag-best-friend-pl","12":"product_tag-best-friends-forever-pl","13":"product_tag-besties-pl","14":"product_tag-bff-pl","15":"product_tag-friend-pl","16":"product_tag-galentines-day-pl-2","17":"product_tag-galentines-day-pl","18":"product_tag-najlepsi-przyjaciele","19":"product_tag-prezenty-swiateczne-dla-przyjaciol","20":"product_tag-przyjaciolki","21":"product_tag-przyjazn","23":"first","24":"instock","25":"sale","26":"taxable","27":"shipping-taxable","28":"purchasable","29":"product-type-variable"},"yoast_head":"<!-- This site is optimized with the Yoast SEO Premium plugin v27.2 (Yoast SEO v27.2) - https:\/\/yoast.com\/product\/yoast-seo-premium-wordpress\/ -->\n<title>Przyja\u017a\u0144 Nie Zna Granic - Positive Prints<\/title>\n<meta name=\"robots\" content=\"index, follow, max-snippet:-1, max-image-preview:large, max-video-preview:-1\" \/>\n<link rel=\"canonical\" href=\"https:\/\/positiveprints.com\/pl\/produkt\/przyjazn-nie-zna-granic\/\" \/>\n<meta property=\"og:locale\" content=\"pl_PL\" \/>\n<meta property=\"og:type\" content=\"article\" \/>\n<meta property=\"og:title\" content=\"Przyja\u017a\u0144 Nie Zna Granic\" \/>\n<meta property=\"og:description\" content=\"Przywo\u0142aj szcz\u0119\u015bliwe wspomnienia i poka\u017c swojemu przyjaci\u00f3\u0142ce, jak bardzo cenisz wyj\u0105tkow\u0105 wi\u0119\u017a mi\u0119dzy Wami  Wyr\u00f3\u017cnij szczeg\u00f3lne lokalizacje za pomoc\u0105 symbolu  Spersonalizuj w 3 prostych krokach  Dodaj dedykacj\u0119 prosto z serca  Interaktywny podgl\u0105d pozwoli dopracowa\u0107 ka\u017cdy szczeg\u00f3\u0142\" \/>\n<meta property=\"og:url\" content=\"https:\/\/positiveprints.com\/pl\/produkt\/przyjazn-nie-zna-granic\/\" \/>\n<meta property=\"og:site_name\" content=\"Positive Prints\" \/>\n<meta property=\"article:publisher\" content=\"https:\/\/www.facebook.com\/positiveprintscom\" \/>\n<meta property=\"article:modified_time\" content=\"2026-04-12T21:45:20+00:00\" \/>\n<meta property=\"og:image\" content=\"https:\/\/positiveprints.com\/wp-content\/uploads\/2025\/05\/Przyjaz\u0301n\u0301-Nie-Zna-Granic-1.webp\" \/>\n\t<meta property=\"og:image:width\" content=\"1450\" \/>\n\t<meta property=\"og:image:height\" content=\"1450\" \/>\n\t<meta property=\"og:image:type\" content=\"image\/webp\" \/>\n<meta name=\"twitter:card\" content=\"summary_large_image\" \/>\n<meta name=\"twitter:label1\" content=\"Szacowany czas czytania\" \/>\n\t<meta name=\"twitter:data1\" content=\"2 minuty\" \/>\n<!-- \/ Yoast SEO Premium plugin. -->","yoast_head_json":{"title":"Przyja\u017a\u0144 Nie Zna Granic - Positive Prints","robots":{"index":"index","follow":"follow","max-snippet":"max-snippet:-1","max-image-preview":"max-image-preview:large","max-video-preview":"max-video-preview:-1"},"canonical":"https:\/\/positiveprints.com\/pl\/produkt\/przyjazn-nie-zna-granic\/","og_locale":"pl_PL","og_type":"article","og_title":"Przyja\u017a\u0144 Nie Zna Granic","og_description":"Przywo\u0142aj szcz\u0119\u015bliwe wspomnienia i poka\u017c swojemu przyjaci\u00f3\u0142ce, jak bardzo cenisz wyj\u0105tkow\u0105 wi\u0119\u017a mi\u0119dzy Wami  Wyr\u00f3\u017cnij szczeg\u00f3lne lokalizacje za pomoc\u0105 symbolu  Spersonalizuj w 3 prostych krokach  Dodaj dedykacj\u0119 prosto z serca  Interaktywny podgl\u0105d pozwoli dopracowa\u0107 ka\u017cdy szczeg\u00f3\u0142","og_url":"https:\/\/positiveprints.com\/pl\/produkt\/przyjazn-nie-zna-granic\/","og_site_name":"Positive Prints","article_publisher":"https:\/\/www.facebook.com\/positiveprintscom","article_modified_time":"2026-04-12T21:45:20+00:00","og_image":[{"width":1450,"height":1450,"url":"https:\/\/positiveprints.com\/wp-content\/uploads\/2025\/05\/Przyjaz\u0301n\u0301-Nie-Zna-Granic-1.webp","type":"image\/webp"}],"twitter_card":"summary_large_image","twitter_misc":{"Szacowany czas czytania":"2 minuty"},"schema":{"@context":"https:\/\/schema.org","@graph":[{"@type":["WebPage","ItemPage"],"@id":"https:\/\/positiveprints.com\/pl\/produkt\/przyjazn-nie-zna-granic\/","url":"https:\/\/positiveprints.com\/pl\/produkt\/przyjazn-nie-zna-granic\/","name":"Przyja\u017a\u0144 Nie Zna Granic - Positive Prints","isPartOf":{"@id":"https:\/\/positiveprints.com\/pl\/#website"},"primaryImageOfPage":{"@id":"https:\/\/positiveprints.com\/pl\/produkt\/przyjazn-nie-zna-granic\/#primaryimage"},"image":{"@id":"https:\/\/positiveprints.com\/pl\/produkt\/przyjazn-nie-zna-granic\/#primaryimage"},"thumbnailUrl":"https:\/\/positiveprints.com\/wp-content\/uploads\/2025\/05\/Przyjaz\u0301n\u0301-Nie-Zna-Granic-1.webp","datePublished":"2022-12-20T10:49:13+00:00","dateModified":"2026-04-12T21:45:20+00:00","breadcrumb":{"@id":"https:\/\/positiveprints.com\/pl\/produkt\/przyjazn-nie-zna-granic\/#breadcrumb"},"inLanguage":"pl-PL","potentialAction":[{"@type":"ReadAction","target":["https:\/\/positiveprints.com\/pl\/produkt\/przyjazn-nie-zna-granic\/"]}]},{"@type":"ImageObject","inLanguage":"pl-PL","@id":"https:\/\/positiveprints.com\/pl\/produkt\/przyjazn-nie-zna-granic\/#primaryimage","url":"https:\/\/positiveprints.com\/wp-content\/uploads\/2025\/05\/Przyjaz\u0301n\u0301-Nie-Zna-Granic-1.webp","contentUrl":"https:\/\/positiveprints.com\/wp-content\/uploads\/2025\/05\/Przyjaz\u0301n\u0301-Nie-Zna-Granic-1.webp","width":1450,"height":1450},{"@type":"BreadcrumbList","@id":"https:\/\/positiveprints.com\/pl\/produkt\/przyjazn-nie-zna-granic\/#breadcrumb","itemListElement":[{"@type":"ListItem","position":1,"name":"Home","item":"https:\/\/positiveprints.com\/pl\/"},{"@type":"ListItem","position":2,"name":"Produkty","item":"https:\/\/positiveprints.com\/pl\/shop\/"},{"@type":"ListItem","position":3,"name":"Przyja\u017a\u0144 Nie Zna Granic"}]},{"@type":"WebSite","@id":"https:\/\/positiveprints.com\/pl\/#website","url":"https:\/\/positiveprints.com\/pl\/","name":"Positive Prints","description":"Amazing Custom Personalized Gifts","publisher":{"@id":"https:\/\/positiveprints.com\/pl\/#organization"},"potentialAction":[{"@type":"SearchAction","target":{"@type":"EntryPoint","urlTemplate":"https:\/\/positiveprints.com\/pl\/?s={search_term_string}"},"query-input":{"@type":"PropertyValueSpecification","valueRequired":true,"valueName":"search_term_string"}}],"inLanguage":"pl-PL"},{"@type":"Organization","@id":"https:\/\/positiveprints.com\/pl\/#organization","name":"Positive Prints","alternateName":"Positive Prints","url":"https:\/\/positiveprints.com\/pl\/","logo":{"@type":"ImageObject","inLanguage":"pl-PL","@id":"https:\/\/positiveprints.com\/pl\/#\/schema\/logo\/image\/","url":"https:\/\/positiveprints.com\/wp-content\/uploads\/2026\/03\/245815646_1337939713319158_5671353136411139666_n.png","contentUrl":"https:\/\/positiveprints.com\/wp-content\/uploads\/2026\/03\/245815646_1337939713319158_5671353136411139666_n.png","width":800,"height":800,"caption":"Positive Prints"},"image":{"@id":"https:\/\/positiveprints.com\/pl\/#\/schema\/logo\/image\/"},"sameAs":["https:\/\/www.facebook.com\/positiveprintscom","https:\/\/www.instagram.com\/positiveprintscom\/","https:\/\/www.tiktok.com\/@positiveprintscom","https:\/\/www.pinterest.com\/positiveprintscom\/"]}]}},"jetpack_sharing_enabled":true,"_links":{"self":[{"href":"https:\/\/positiveprints.com\/pl\/wp-json\/wp\/v2\/product\/392379","targetHints":{"allow":["GET"]}}],"collection":[{"href":"https:\/\/positiveprints.com\/pl\/wp-json\/wp\/v2\/product"}],"about":[{"href":"https:\/\/positiveprints.com\/pl\/wp-json\/wp\/v2\/types\/product"}],"wp:featuredmedia":[{"embeddable":true,"href":"https:\/\/positiveprints.com\/pl\/wp-json\/wp\/v2\/media\/1434541"}],"wp:attachment":[{"href":"https:\/\/positiveprints.com\/pl\/wp-json\/wp\/v2\/media?parent=392379"}],"wp:term":[{"taxonomy":"product_brand","embeddable":true,"href":"https:\/\/positiveprints.com\/pl\/wp-json\/wp\/v2\/product_brand?post=392379"},{"taxonomy":"product_cat","embeddable":true,"href":"https:\/\/positiveprints.com\/pl\/wp-json\/wp\/v2\/product_cat?post=392379"},{"taxonomy":"product_tag","embeddable":true,"href":"https:\/\/positiveprints.com\/pl\/wp-json\/wp\/v2\/product_tag?post=392379"}],"curies":[{"name":"wp","href":"https:\/\/api.w.org\/{rel}","templated":true}]}}