{"id":392337,"date":"2022-12-07T09:12:30","date_gmt":"2022-12-07T08:12:30","guid":{"rendered":"https:\/\/positiveprints.com\/?post_type=product&#038;p=392337"},"modified":"2026-04-07T15:25:18","modified_gmt":"2026-04-07T14:25:18","slug":"mapa-milosci","status":"publish","type":"product","link":"https:\/\/positiveprints.com\/pl\/produkt\/mapa-milosci\/","title":{"rendered":"Mapa Mi\u0142o\u015bci"},"content":{"rendered":"<p style=\"margin-top: 1rem\">Przenie\u015b mi\u0142o\u015b\u0107 na zupe\u0142nie nowy poziom dzi\u0119ki naszej Mapie Mi\u0142o\u015bci! Niezale\u017cnie od tego, czy ty i tw\u00f3j ukochany dorastali\u015bcie w dw\u00f3ch r\u00f3\u017cnych miejscach, czy te\u017c s\u0105 dwa znacz\u0105ce miejsca, kt\u00f3re zawsze b\u0119dziecie razem pami\u0119ta\u0107, Mapa Mi\u0142o\u015bci pozwala upami\u0119tni\u0107 je obydwa w jednej wyj\u0105tkowej pami\u0105tce.<\/p>\r\n\r\n\r\n<h2 class=\"grenB f24 cblue\" style=\"margin-top: 3rem\">Miejsca Wa\u017cne dla Ciebie i Twojej Ukochanej Osoby<\/h2>\r\n\r\n<p style=\"margin-top: 1rem\">Jest co\u015b wyj\u0105tkowego w miejscach, kt\u00f3re maj\u0105 g\u0142\u0119bokie, znacz\u0105ce historie mi\u0142osne dla Ciebie i Twojego partnera. Niezale\u017cnie od tego, czy b\u0119dzie to miejsce, w kt\u00f3rym dorastali\u015bcie, gdzie po raz pierwszy si\u0119 spotkali\u015bcie, Wasz pierwszy poca\u0142unek, miejsce zar\u0119czyn lub \u015blubu, a nawet miejsce pierwszego wsp\u00f3lnego domu \u2014 te miejsca s\u0105 wa\u017cn\u0105 cz\u0119\u015bci\u0105 waszego zwi\u0105zku.<\/p>\r\n\r\n<p style=\"margin-top: 1rem\">Mi\u0142o\u015b\u0107 zaciera wszystko inne i mo\u017ce sprawi\u0107, \u017ce ma\u0142e chwile wygl\u0105daj\u0105 jak monumentalne; upami\u0119tnianie miejsc takich jak te zachowa je w pami\u0119ci na zawsze. Niezale\u017cnie od tego, czy chodzi o okazjonalne odwiedzanie, czy po prostu dzielenie si\u0119 wspomnieniami online, upami\u0119tnianie miejsc, kt\u00f3re \u0142\u0105cz\u0105 dwoje kochank\u00f3w, wniesie wi\u0119cej mi\u0142o\u015bci do waszego zwi\u0105zku \u2014 i do reszty \u017cycia.<\/p>\r\n\r\n\r\n<h2 class=\"grenB f24 cblue\" style=\"margin-top: 3rem\">Spersonalizuj Swoj\u0105 Map\u0119 Mi\u0142o\u015bci<\/h2>\r\n\r\n<p style=\"margin-top: 1rem\">Poka\u017c swoj\u0105 mi\u0142o\u015b\u0107 za pomoc\u0105 mapy mi\u0142o\u015bci! Te spersonalizowane mapy wy\u015bwietlaj\u0105 dwie lokalizacje \u2013 Twoj\u0105 i bliskiej Ci osoby. Mapa w kszta\u0142cie serca, przedstawiaj\u0105ca miejsca, w kt\u00f3rych dorastali\u015bcie, to pi\u0119kny spos\u00f3b na upami\u0119tnienie waszej historii mi\u0142osnej.<\/p>\r\n\r\n<p style=\"margin-top: 1rem\">Spersonalizuj sw\u00f3j plakat lub wydruk na p\u0142\u00f3tnie za pomoc\u0105 kolor\u00f3w i tekstu, tworz\u0105c niepowtarzaln\u0105 pami\u0105tk\u0119 przedstawiaj\u0105c\u0105 mi\u0142o\u015b\u0107. Po zako\u0144czeniu mo\u017cesz zam\u00f3wi\u0107 go jako plakat w ramce, p\u0142\u00f3tno, plik cyfrowy lub po prostu jako zwyk\u0142y plakat &#8211; cokolwiek Ci odpowiada! Uchwy\u0107 wszystkie wyj\u0105tkowe chwile razem, upami\u0119tniaj\u0105c mi\u0142o\u015b\u0107 za pomoc\u0105 mapy mi\u0142o\u015bci!<\/p>","protected":false},"excerpt":{"rendered":"<ul class=\"check-list\">\n<li>Wyr\u00f3\u017cnij szczeg\u00f3lne lokalizacje za pomoc\u0105 symbolu<\/li>\n<li>Spersonalizuj w 3 prostych krokach<\/li>\n<li>Dodaj dedykacj\u0119 prosto z serca<\/li>\n<li>Interaktywny podgl\u0105d pozwoli dopracowa\u0107 ka\u017cdy szczeg\u00f3\u0142<\/li>\n<\/ul>\n","protected":false},"featured_media":1476224,"template":"","meta":[],"product_brand":[],"product_cat":[7675,7786,7690,7643,8010,8206,8190,7753,9116,11185,11184,11186,11240,11239,5333,3120,7929,99],"product_tag":[9125],"class_list":{"0":"post-392337","1":"product","2":"type-product","3":"status-publish","4":"has-post-thumbnail","6":"product_cat-prezent-dla-chlopaka","7":"product_cat-prezent-dla-dziewczyny","8":"product_cat-prezent-dla-kobiety","9":"product_cat-prezent-dla-meza","10":"product_cat-prezent-dla-mezczyzny","11":"product_cat-dla-niego","12":"product_cat-dla-niej","13":"product_cat-prezent-dla-zony","14":"product_cat-double-maps-pl","15":"product_cat-prezenty-na-rocznice-dla-niego","16":"product_cat-prezenty-na-rocznice-dla-niej","17":"product_cat-prezenty-na-rocznice-dla-pary","18":"product_cat-prezenty-na-walentynki-dla-niego","19":"product_cat-prezenty-na-walentynki-dla-niej","20":"product_cat-prezent-na-rocznice","21":"product_cat-prezent-na-walentynki","22":"product_cat-prezent-na-wieczor-panienski","23":"product_cat-wszystkie-produkty","24":"product_tag-couples-pl-2","26":"first","27":"instock","28":"sale","29":"taxable","30":"shipping-taxable","31":"purchasable","32":"product-type-variable"},"yoast_head":"<!-- This site is optimized with the Yoast SEO Premium plugin v27.2 (Yoast SEO v27.2) - https:\/\/yoast.com\/product\/yoast-seo-premium-wordpress\/ -->\n<title>Mapa Mi\u0142o\u015bci - Positive Prints<\/title>\n<meta name=\"robots\" content=\"index, follow, max-snippet:-1, max-image-preview:large, max-video-preview:-1\" \/>\n<link rel=\"canonical\" href=\"https:\/\/positiveprints.com\/pl\/produkt\/mapa-milosci\/\" \/>\n<meta property=\"og:locale\" content=\"pl_PL\" \/>\n<meta property=\"og:type\" content=\"article\" \/>\n<meta property=\"og:title\" content=\"Mapa Mi\u0142o\u015bci\" \/>\n<meta property=\"og:description\" content=\"Wyr\u00f3\u017cnij szczeg\u00f3lne lokalizacje za pomoc\u0105 symbolu  Spersonalizuj w 3 prostych krokach  Dodaj dedykacj\u0119 prosto z serca  Interaktywny podgl\u0105d pozwoli dopracowa\u0107 ka\u017cdy szczeg\u00f3\u0142\" \/>\n<meta property=\"og:url\" content=\"https:\/\/positiveprints.com\/pl\/produkt\/mapa-milosci\/\" \/>\n<meta property=\"og:site_name\" content=\"Positive Prints\" \/>\n<meta property=\"article:publisher\" content=\"https:\/\/www.facebook.com\/positiveprintscom\" \/>\n<meta property=\"article:modified_time\" content=\"2026-04-07T14:25:18+00:00\" \/>\n<meta property=\"og:image\" content=\"https:\/\/positiveprints.com\/wp-content\/uploads\/2023\/01\/Mapa-Milosci.jpg\" \/>\n\t<meta property=\"og:image:width\" content=\"1080\" \/>\n\t<meta property=\"og:image:height\" content=\"1080\" \/>\n\t<meta property=\"og:image:type\" content=\"image\/jpeg\" \/>\n<meta name=\"twitter:card\" content=\"summary_large_image\" \/>\n<meta name=\"twitter:label1\" content=\"Szacowany czas czytania\" \/>\n\t<meta name=\"twitter:data1\" content=\"2 minuty\" \/>\n<!-- \/ Yoast SEO Premium plugin. -->","yoast_head_json":{"title":"Mapa Mi\u0142o\u015bci - Positive Prints","robots":{"index":"index","follow":"follow","max-snippet":"max-snippet:-1","max-image-preview":"max-image-preview:large","max-video-preview":"max-video-preview:-1"},"canonical":"https:\/\/positiveprints.com\/pl\/produkt\/mapa-milosci\/","og_locale":"pl_PL","og_type":"article","og_title":"Mapa Mi\u0142o\u015bci","og_description":"Wyr\u00f3\u017cnij szczeg\u00f3lne lokalizacje za pomoc\u0105 symbolu  Spersonalizuj w 3 prostych krokach  Dodaj dedykacj\u0119 prosto z serca  Interaktywny podgl\u0105d pozwoli dopracowa\u0107 ka\u017cdy szczeg\u00f3\u0142","og_url":"https:\/\/positiveprints.com\/pl\/produkt\/mapa-milosci\/","og_site_name":"Positive Prints","article_publisher":"https:\/\/www.facebook.com\/positiveprintscom","article_modified_time":"2026-04-07T14:25:18+00:00","og_image":[{"width":1080,"height":1080,"url":"https:\/\/positiveprints.com\/wp-content\/uploads\/2023\/01\/Mapa-Milosci.jpg","type":"image\/jpeg"}],"twitter_card":"summary_large_image","twitter_misc":{"Szacowany czas czytania":"2 minuty"},"schema":{"@context":"https:\/\/schema.org","@graph":[{"@type":["WebPage","ItemPage"],"@id":"https:\/\/positiveprints.com\/pl\/produkt\/mapa-milosci\/","url":"https:\/\/positiveprints.com\/pl\/produkt\/mapa-milosci\/","name":"Mapa Mi\u0142o\u015bci - Positive Prints","isPartOf":{"@id":"https:\/\/positiveprints.com\/pl\/#website"},"primaryImageOfPage":{"@id":"https:\/\/positiveprints.com\/pl\/produkt\/mapa-milosci\/#primaryimage"},"image":{"@id":"https:\/\/positiveprints.com\/pl\/produkt\/mapa-milosci\/#primaryimage"},"thumbnailUrl":"https:\/\/positiveprints.com\/wp-content\/uploads\/2025\/07\/Packshot_PL_Mapa-Milos\u0301ci.webp","datePublished":"2022-12-07T08:12:30+00:00","dateModified":"2026-04-07T14:25:18+00:00","breadcrumb":{"@id":"https:\/\/positiveprints.com\/pl\/produkt\/mapa-milosci\/#breadcrumb"},"inLanguage":"pl-PL","potentialAction":[{"@type":"ReadAction","target":["https:\/\/positiveprints.com\/pl\/produkt\/mapa-milosci\/"]}]},{"@type":"ImageObject","inLanguage":"pl-PL","@id":"https:\/\/positiveprints.com\/pl\/produkt\/mapa-milosci\/#primaryimage","url":"https:\/\/positiveprints.com\/wp-content\/uploads\/2025\/07\/Packshot_PL_Mapa-Milos\u0301ci.webp","contentUrl":"https:\/\/positiveprints.com\/wp-content\/uploads\/2025\/07\/Packshot_PL_Mapa-Milos\u0301ci.webp","width":1450,"height":1450},{"@type":"BreadcrumbList","@id":"https:\/\/positiveprints.com\/pl\/produkt\/mapa-milosci\/#breadcrumb","itemListElement":[{"@type":"ListItem","position":1,"name":"Home","item":"https:\/\/positiveprints.com\/pl\/"},{"@type":"ListItem","position":2,"name":"Produkty","item":"https:\/\/positiveprints.com\/pl\/shop\/"},{"@type":"ListItem","position":3,"name":"Mapa Mi\u0142o\u015bci"}]},{"@type":"WebSite","@id":"https:\/\/positiveprints.com\/pl\/#website","url":"https:\/\/positiveprints.com\/pl\/","name":"Positive Prints","description":"Amazing Custom Personalized Gifts","publisher":{"@id":"https:\/\/positiveprints.com\/pl\/#organization"},"potentialAction":[{"@type":"SearchAction","target":{"@type":"EntryPoint","urlTemplate":"https:\/\/positiveprints.com\/pl\/?s={search_term_string}"},"query-input":{"@type":"PropertyValueSpecification","valueRequired":true,"valueName":"search_term_string"}}],"inLanguage":"pl-PL"},{"@type":"Organization","@id":"https:\/\/positiveprints.com\/pl\/#organization","name":"Positive Prints","alternateName":"Positive Prints","url":"https:\/\/positiveprints.com\/pl\/","logo":{"@type":"ImageObject","inLanguage":"pl-PL","@id":"https:\/\/positiveprints.com\/pl\/#\/schema\/logo\/image\/","url":"https:\/\/positiveprints.com\/wp-content\/uploads\/2026\/03\/245815646_1337939713319158_5671353136411139666_n.png","contentUrl":"https:\/\/positiveprints.com\/wp-content\/uploads\/2026\/03\/245815646_1337939713319158_5671353136411139666_n.png","width":800,"height":800,"caption":"Positive Prints"},"image":{"@id":"https:\/\/positiveprints.com\/pl\/#\/schema\/logo\/image\/"},"sameAs":["https:\/\/www.facebook.com\/positiveprintscom","https:\/\/www.instagram.com\/positiveprintscom\/","https:\/\/www.tiktok.com\/@positiveprintscom","https:\/\/www.pinterest.com\/positiveprintscom\/"]}]}},"jetpack_sharing_enabled":true,"_links":{"self":[{"href":"https:\/\/positiveprints.com\/pl\/wp-json\/wp\/v2\/product\/392337","targetHints":{"allow":["GET"]}}],"collection":[{"href":"https:\/\/positiveprints.com\/pl\/wp-json\/wp\/v2\/product"}],"about":[{"href":"https:\/\/positiveprints.com\/pl\/wp-json\/wp\/v2\/types\/product"}],"wp:featuredmedia":[{"embeddable":true,"href":"https:\/\/positiveprints.com\/pl\/wp-json\/wp\/v2\/media\/1476224"}],"wp:attachment":[{"href":"https:\/\/positiveprints.com\/pl\/wp-json\/wp\/v2\/media?parent=392337"}],"wp:term":[{"taxonomy":"product_brand","embeddable":true,"href":"https:\/\/positiveprints.com\/pl\/wp-json\/wp\/v2\/product_brand?post=392337"},{"taxonomy":"product_cat","embeddable":true,"href":"https:\/\/positiveprints.com\/pl\/wp-json\/wp\/v2\/product_cat?post=392337"},{"taxonomy":"product_tag","embeddable":true,"href":"https:\/\/positiveprints.com\/pl\/wp-json\/wp\/v2\/product_tag?post=392337"}],"curies":[{"name":"wp","href":"https:\/\/api.w.org\/{rel}","templated":true}]}}