{"id":392268,"date":"2022-12-01T21:19:09","date_gmt":"2022-12-01T20:19:09","guid":{"rendered":"https:\/\/positiveprints.com\/?post_type=product&#038;p=392268"},"modified":"2026-04-12T22:47:56","modified_gmt":"2026-04-12T21:47:56","slug":"dla-mojej-bratniej-duszy","status":"publish","type":"product","link":"https:\/\/positiveprints.com\/pl\/produkt\/dla-mojej-bratniej-duszy\/","title":{"rendered":"Dla Mojej Bratniej Duszy"},"content":{"rendered":"<p>Kiedy patrzysz na nocne niebo, co widzisz? Czy widzisz ogrom wszech\u015bwiata i czujesz si\u0119 ma\u0142y w por\u00f3wnaniu? A mo\u017ce widzisz pi\u0119kno i majestat gwiazd i czujesz si\u0119 zainspirowany? Dla mnie nocne niebo przypomina mi, \u017ce kto\u015b jest dla mnie w tym wszech\u015bwiecie. Kto\u015b, kto widzi to samo pi\u0119kno w gwiazdach, co ja. Kto\u015b, kto czuje g\u0142\u0119bok\u0105 wi\u0119\u017a ze wszech\u015bwiatem i ze mn\u0105. To tak, jakby patrze\u0107 w nocne niebo i widzie\u0107 odbicie mojej bratniej duszy. <\/p>\r\n\r\n<h2 class=\"grenB f24 cblue\" style=\"margin-top: 3rem\">Nasza Idealna Para<\/h2>\r\n\r\n<p style=\"margin-top: 1rem\">Bratnia dusza to kto\u015b, z kim \u0142\u0105czy nas g\u0142\u0119boka i silna wi\u0119\u017a. To osoba, kt\u00f3ra rozumie i kocha nas bezwarunkowo i jest naszym idealnym partnerem. Bratnie dusze pomagaj\u0105 nam wzrasta\u0107 i ewoluowa\u0107, a tak\u017ce rzucaj\u0105 nam wyzwania, aby\u015bmy stawali si\u0119 najlepszymi wersjami samych siebie. Sprawiaj\u0105 te\u017c, \u017ce czujemy si\u0119 kompletni i pe\u0142ni.<\/p>\r\n\r\n<p style=\"margin-top: 1rem\">Kiedy znajdziesz swoj\u0105 bratni\u0105 dusz\u0119, wa\u017cne jest, aby docenia\u0107 i piel\u0119gnowa\u0107 t\u0119 wi\u0119\u017a. Bratnie dusze s\u0105 rzadkie i wyj\u0105tkowe, dlatego wa\u017cne jest, aby traktowa\u0107 je z mi\u0142o\u015bci\u0105. Sp\u0119dzaj\u0105c razem czas, robi\u0105c rzeczy, kt\u00f3re oboje lubicie, i komunikuj\u0105c si\u0119 ze sob\u0105 otwarcie i szczerze. Bratnie dusze to okazja, kt\u00f3ra zdarza si\u0119 raz w \u017cyciu, wi\u0119c pami\u0119taj, aby je ceni\u0107!<\/p>\r\n\r\n<h2 class=\"grenB f24 cblue\" style=\"margin-top: 3rem\">Dla Mojej Bratniej Duszy &#8211; Spersonalizowany Plakat<\/h2>\r\n\r\n<p style=\"margin-top: 1rem\">Szukasz wyj\u0105tkowego i romantycznego prezentu dla swojej bratniej duszy? Ju\u017c nie musisz! Nasz spersonalizowany plakat lub p\u0142\u00f3tno przedstawia pi\u0119kne nocne niebo ze specjaln\u0105 dat\u0105 i miejscem oraz w\u0142asnym tekstem. Mo\u017cesz nawet wybra\u0107 kolory wydruku, aby pasowa\u0142y do \u200b\u200bulubionych kolor\u00f3w Twojej bratniej duszy. Niezale\u017cnie od tego, czy zam\u00f3wisz wydrukowany plakat, obraz w ramie, p\u0142\u00f3tno czy plik cyfrowy, z pewno\u015bci\u0105 b\u0119dzie to prezent,  o kt\u00f3rym twoja bratnia dusza b\u0119dzie pami\u0119ta\u0107 na zawsze. Wi\u0119c nie czekaj d\u0142u\u017cej, zam\u00f3w Sw\u00f3j spersonalizowany Plakat Mapy Nieba ju\u017c dzi\u015b!<\/p>","protected":false},"excerpt":{"rendered":"<ul class=\"check-list\">\n<li>Uwiecznij swoj\u0105 wyj\u0105tkow\u0105 histori\u0119 mi\u0142osn\u0105 za pomoc\u0105 personalizowanej mapy gwiazd<\/li>\n<li>Dodaj planety, konstelacje i Drog\u0119 Mleczn\u0105 <\/li>\n<li>Spersonalizuj w 3 prostych krokach<\/li>\n<li>Dodaj dedykacj\u0119 prosto z serca<\/li>\n<li>Interaktywny podgl\u0105d pozwoli dopracowa\u0107 ka\u017cdy szczeg\u00f3\u0142<\/li>\n<\/ul>\n","protected":false},"featured_media":1332992,"template":"","meta":[],"product_brand":[],"product_cat":[7690,8010,11239,3114,99],"product_tag":[9125],"class_list":{"0":"post-392268","1":"product","2":"type-product","3":"status-publish","4":"has-post-thumbnail","6":"product_cat-prezent-dla-kobiety","7":"product_cat-prezent-dla-mezczyzny","8":"product_cat-prezenty-na-walentynki-dla-niej","9":"product_cat-star-pl-2","10":"product_cat-wszystkie-produkty","11":"product_tag-couples-pl-2","13":"first","14":"instock","15":"sale","16":"taxable","17":"shipping-taxable","18":"purchasable","19":"product-type-variable"},"yoast_head":"<!-- This site is optimized with the Yoast SEO Premium plugin v27.2 (Yoast SEO v27.2) - https:\/\/yoast.com\/product\/yoast-seo-premium-wordpress\/ -->\n<title>Dla Mojej Bratniej Duszy - Positive Prints<\/title>\n<meta name=\"robots\" content=\"index, follow, max-snippet:-1, max-image-preview:large, max-video-preview:-1\" \/>\n<link rel=\"canonical\" href=\"https:\/\/positiveprints.com\/pl\/produkt\/dla-mojej-bratniej-duszy\/\" \/>\n<meta property=\"og:locale\" content=\"pl_PL\" \/>\n<meta property=\"og:type\" content=\"article\" \/>\n<meta property=\"og:title\" content=\"Dla Mojej Bratniej Duszy\" \/>\n<meta property=\"og:description\" content=\"Uwiecznij swoj\u0105 wyj\u0105tkow\u0105 histori\u0119 mi\u0142osn\u0105 za pomoc\u0105 personalizowanej mapy gwiazd Dodaj planety, konstelacje i Drog\u0119 Mleczn\u0105 Spersonalizuj w 3 prostych krokach Dodaj dedykacj\u0119 prosto z serca Interaktywny podgl\u0105d pozwoli dopracowa\u0107 ka\u017cdy szczeg\u00f3\u0142\" \/>\n<meta property=\"og:url\" content=\"https:\/\/positiveprints.com\/pl\/produkt\/dla-mojej-bratniej-duszy\/\" \/>\n<meta property=\"og:site_name\" content=\"Positive Prints\" \/>\n<meta property=\"article:publisher\" content=\"https:\/\/www.facebook.com\/positiveprintscom\" \/>\n<meta property=\"article:modified_time\" content=\"2026-04-12T21:47:56+00:00\" \/>\n<meta property=\"og:image\" content=\"https:\/\/positiveprints.com\/wp-content\/uploads\/2025\/01\/Dla-Mojej-Bratniej-Duszy-1.webp\" \/>\n\t<meta property=\"og:image:width\" content=\"1450\" \/>\n\t<meta property=\"og:image:height\" content=\"1450\" \/>\n\t<meta property=\"og:image:type\" content=\"image\/webp\" \/>\n<meta name=\"twitter:card\" content=\"summary_large_image\" \/>\n<meta name=\"twitter:label1\" content=\"Szacowany czas czytania\" \/>\n\t<meta name=\"twitter:data1\" content=\"2 minuty\" \/>\n<!-- \/ Yoast SEO Premium plugin. -->","yoast_head_json":{"title":"Dla Mojej Bratniej Duszy - Positive Prints","robots":{"index":"index","follow":"follow","max-snippet":"max-snippet:-1","max-image-preview":"max-image-preview:large","max-video-preview":"max-video-preview:-1"},"canonical":"https:\/\/positiveprints.com\/pl\/produkt\/dla-mojej-bratniej-duszy\/","og_locale":"pl_PL","og_type":"article","og_title":"Dla Mojej Bratniej Duszy","og_description":"Uwiecznij swoj\u0105 wyj\u0105tkow\u0105 histori\u0119 mi\u0142osn\u0105 za pomoc\u0105 personalizowanej mapy gwiazd Dodaj planety, konstelacje i Drog\u0119 Mleczn\u0105 Spersonalizuj w 3 prostych krokach Dodaj dedykacj\u0119 prosto z serca Interaktywny podgl\u0105d pozwoli dopracowa\u0107 ka\u017cdy szczeg\u00f3\u0142","og_url":"https:\/\/positiveprints.com\/pl\/produkt\/dla-mojej-bratniej-duszy\/","og_site_name":"Positive Prints","article_publisher":"https:\/\/www.facebook.com\/positiveprintscom","article_modified_time":"2026-04-12T21:47:56+00:00","og_image":[{"width":1450,"height":1450,"url":"https:\/\/positiveprints.com\/wp-content\/uploads\/2025\/01\/Dla-Mojej-Bratniej-Duszy-1.webp","type":"image\/webp"}],"twitter_card":"summary_large_image","twitter_misc":{"Szacowany czas czytania":"2 minuty"},"schema":{"@context":"https:\/\/schema.org","@graph":[{"@type":["WebPage","ItemPage"],"@id":"https:\/\/positiveprints.com\/pl\/produkt\/dla-mojej-bratniej-duszy\/","url":"https:\/\/positiveprints.com\/pl\/produkt\/dla-mojej-bratniej-duszy\/","name":"Dla Mojej Bratniej Duszy - Positive Prints","isPartOf":{"@id":"https:\/\/positiveprints.com\/pl\/#website"},"primaryImageOfPage":{"@id":"https:\/\/positiveprints.com\/pl\/produkt\/dla-mojej-bratniej-duszy\/#primaryimage"},"image":{"@id":"https:\/\/positiveprints.com\/pl\/produkt\/dla-mojej-bratniej-duszy\/#primaryimage"},"thumbnailUrl":"https:\/\/positiveprints.com\/wp-content\/uploads\/2025\/01\/Dla-Mojej-Bratniej-Duszy-1.webp","datePublished":"2022-12-01T20:19:09+00:00","dateModified":"2026-04-12T21:47:56+00:00","breadcrumb":{"@id":"https:\/\/positiveprints.com\/pl\/produkt\/dla-mojej-bratniej-duszy\/#breadcrumb"},"inLanguage":"pl-PL","potentialAction":[{"@type":"ReadAction","target":["https:\/\/positiveprints.com\/pl\/produkt\/dla-mojej-bratniej-duszy\/"]}]},{"@type":"ImageObject","inLanguage":"pl-PL","@id":"https:\/\/positiveprints.com\/pl\/produkt\/dla-mojej-bratniej-duszy\/#primaryimage","url":"https:\/\/positiveprints.com\/wp-content\/uploads\/2025\/01\/Dla-Mojej-Bratniej-Duszy-1.webp","contentUrl":"https:\/\/positiveprints.com\/wp-content\/uploads\/2025\/01\/Dla-Mojej-Bratniej-Duszy-1.webp","width":1450,"height":1450},{"@type":"BreadcrumbList","@id":"https:\/\/positiveprints.com\/pl\/produkt\/dla-mojej-bratniej-duszy\/#breadcrumb","itemListElement":[{"@type":"ListItem","position":1,"name":"Home","item":"https:\/\/positiveprints.com\/pl\/"},{"@type":"ListItem","position":2,"name":"Produkty","item":"https:\/\/positiveprints.com\/pl\/shop\/"},{"@type":"ListItem","position":3,"name":"Dla Mojej Bratniej Duszy"}]},{"@type":"WebSite","@id":"https:\/\/positiveprints.com\/pl\/#website","url":"https:\/\/positiveprints.com\/pl\/","name":"Positive Prints","description":"Amazing Custom Personalized Gifts","publisher":{"@id":"https:\/\/positiveprints.com\/pl\/#organization"},"potentialAction":[{"@type":"SearchAction","target":{"@type":"EntryPoint","urlTemplate":"https:\/\/positiveprints.com\/pl\/?s={search_term_string}"},"query-input":{"@type":"PropertyValueSpecification","valueRequired":true,"valueName":"search_term_string"}}],"inLanguage":"pl-PL"},{"@type":"Organization","@id":"https:\/\/positiveprints.com\/pl\/#organization","name":"Positive Prints","alternateName":"Positive Prints","url":"https:\/\/positiveprints.com\/pl\/","logo":{"@type":"ImageObject","inLanguage":"pl-PL","@id":"https:\/\/positiveprints.com\/pl\/#\/schema\/logo\/image\/","url":"https:\/\/positiveprints.com\/wp-content\/uploads\/2026\/03\/245815646_1337939713319158_5671353136411139666_n.png","contentUrl":"https:\/\/positiveprints.com\/wp-content\/uploads\/2026\/03\/245815646_1337939713319158_5671353136411139666_n.png","width":800,"height":800,"caption":"Positive Prints"},"image":{"@id":"https:\/\/positiveprints.com\/pl\/#\/schema\/logo\/image\/"},"sameAs":["https:\/\/www.facebook.com\/positiveprintscom","https:\/\/www.instagram.com\/positiveprintscom\/","https:\/\/www.tiktok.com\/@positiveprintscom","https:\/\/www.pinterest.com\/positiveprintscom\/"]}]}},"jetpack_sharing_enabled":true,"_links":{"self":[{"href":"https:\/\/positiveprints.com\/pl\/wp-json\/wp\/v2\/product\/392268","targetHints":{"allow":["GET"]}}],"collection":[{"href":"https:\/\/positiveprints.com\/pl\/wp-json\/wp\/v2\/product"}],"about":[{"href":"https:\/\/positiveprints.com\/pl\/wp-json\/wp\/v2\/types\/product"}],"wp:featuredmedia":[{"embeddable":true,"href":"https:\/\/positiveprints.com\/pl\/wp-json\/wp\/v2\/media\/1332992"}],"wp:attachment":[{"href":"https:\/\/positiveprints.com\/pl\/wp-json\/wp\/v2\/media?parent=392268"}],"wp:term":[{"taxonomy":"product_brand","embeddable":true,"href":"https:\/\/positiveprints.com\/pl\/wp-json\/wp\/v2\/product_brand?post=392268"},{"taxonomy":"product_cat","embeddable":true,"href":"https:\/\/positiveprints.com\/pl\/wp-json\/wp\/v2\/product_cat?post=392268"},{"taxonomy":"product_tag","embeddable":true,"href":"https:\/\/positiveprints.com\/pl\/wp-json\/wp\/v2\/product_tag?post=392268"}],"curies":[{"name":"wp","href":"https:\/\/api.w.org\/{rel}","templated":true}]}}