{"id":392176,"date":"2022-12-12T10:35:25","date_gmt":"2023-01-04T12:35:50","guid":{"rendered":"https:\/\/positiveprints.com\/?post_type=product&#038;p=392176"},"modified":"2026-04-12T22:46:36","modified_gmt":"2026-04-12T21:46:36","slug":"nasza-piosenka-milosna-fala-dzwiekowa","status":"publish","type":"product","link":"https:\/\/positiveprints.com\/pl\/produkt\/nasza-piosenka-milosna-fala-dzwiekowa\/","title":{"rendered":"Nasza Piosenka Mi\u0142osna &#8211; Plakat Fali D\u017awi\u0119kowej"},"content":{"rendered":"<p style=\"margin-top: 1rem\">Przekszta\u0142cenie piosenki mi\u0142osnej w dzie\u0142o sztuki to wspania\u0142y spos\u00f3b na wyra\u017cenie mi\u0142o\u015bci i ozdobienie \u015bcian. Niezale\u017cnie od tego, czy kochasz kogo\u015b od dawna, czy dopiero zaczynasz docenia\u0107 kogo\u015b wyj\u0105tkowego, pokazanie mi\u0142o\u015bci za pomoc\u0105 spersonalizowanego plakatu tworzy jedyny w swoim rodzaju wystr\u00f3j wn\u0119trz, kt\u00f3ry ma warto\u015b\u0107 sentymentaln\u0105 i o\u017cywcz\u0105 energi\u0119. Ka\u017cdy zas\u0142uguje na to, by celebrowa\u0107 mi\u0142o\u015b\u0107 w swoim domu, niech twoja mi\u0142osna piosenka przyniesie ci rado\u015b\u0107, wieszaj\u0105c j\u0105 na \u015bcianie!<\/p>\n\n\n\n\n\n<h2 class=\"grenB f24 cblue\" style=\"margin-top: 3rem\">Muzyka Mo\u017ce Wyra\u017ca\u0107 Emocje i Uczucia<\/h2>\n\n\n\n<p style=\"margin-top: 1rem\">Piosenki mi\u0142osne s\u0105 naszym najwi\u0119kszym \u017ar\u00f3d\u0142em muzycznego komfortu. Uwielbiamy wyra\u017ca\u0107 nasze najskrytsze emocje poprzez piosenki mi\u0142osne, poniewa\u017c mi\u0142o\u015b\u0107 jest uniwersalnym j\u0119zykiem, z kt\u00f3rym ka\u017cdy mo\u017ce si\u0119 uto\u017csami\u0107. <\/p>\n\n\n\n<p style=\"margin-top: 1rem\">Dostajemy nasze mi\u0142osne piosenki z wielu miejsc; czasami sami je wymy\u015blamy i mamy w nich odzwierciedlenie prawdziwych historii mi\u0142osnych, a innym razem po raz pierwszy s\u0142yszymy je ze stacji radiowych lub samych piosenkarzy, kt\u00f3rzy dedykuj\u0105 je tym, kt\u00f3rych kochaj\u0105. Bez wzgl\u0119du na to, sk\u0105d pochodz\u0105 piosenki o mi\u0142o\u015bci, odnajdujemy wiele pocieszenia w ich szczerych tekstach i pi\u0119knych melodiach, kt\u00f3re daj\u0105 nam poczucie nadziei i mi\u0142o\u015bci w tym ponurym \u015bwiecie.<\/p>\n\n\n\n\n\n<h2 class=\"grenB f24 cblue\" style=\"margin-top: 3rem\">Spersonalizuj Sw\u00f3j Plakat Fali D\u017awi\u0119kowej<\/h2>\n\n\n\n<p style=\"margin-top: 1rem\">Szukasz idealnego sposobu, aby okaza\u0107 swoj\u0105 mi\u0142o\u015b\u0107? Spersonalizowany wydruk Fali D\u017awi\u0119kowej z Twoj\u0105 mi\u0142osn\u0105 piosenk\u0105 gwarantuje u\u015bmiech, a nawet \u0142zy rado\u015bci! Dzi\u0119ki temu specjalnemu upominkowi mo\u017cesz przes\u0142a\u0107 w\u0142asny plik audio lub znale\u017a\u0107 piosenk\u0119 na Spotify i dostosowa\u0107 wygl\u0105d, kolor i tekst, kt\u00f3re pojawi\u0105 si\u0119 na wydruku. Masz do wyboru kilka opcji, takich jak zam\u00f3wienie drukowanego plakatu, oprawionego obrazu lub p\u0142\u00f3tna albo pliku cyfrowego do pobrania od razu po zakupie. Naprawd\u0119 co\u015b wyj\u0105tkowego i znacz\u0105cego, co celebruje mi\u0142o\u015b\u0107, kt\u00f3r\u0105 dzielisz z kim\u015b wyj\u0105tkowym!<\/p>\n\n\n\n<p style=\"margin-top: 1rem\">Co mo\u017ce by\u0107 wyj\u0105tkowego ni\u017c podarowanie ukochanej osobie jej w\u0142asnej piosenki? Utw\u00f3rz spersonalizowany plakat fali d\u017awi\u0119kowej ze swojej piosenki mi\u0142osnej. Idealny prezent na Walentynki lub rocznic\u0119!<\/p>","protected":false},"excerpt":{"rendered":"<ul class=\"check-list\">\n<li>Zamie\u0144 Wasz\u0105 piosenk\u0119 w dzie\u0142o sztuki, kt\u00f3re zawsze b\u0119dzie Wam przypomina\u0107 o wsp\u00f3lnie sp\u0119dzonych chwilach<\/li>\n<li>Dodaj plik audio<\/li>\n<li>Umie\u015b\u0107 kod QR i zeskanuj go, by odtworzy\u0107 d\u017awi\u0119k<\/li>\n<li>Spersonalizuj w 3 prostych krokach<\/li>\n<li>U\u017cyj jednego z naszych szablon\u00f3w lub daj popis swojej wyobra\u017ani<\/li>\n<\/ul>\n","protected":false},"featured_media":1394656,"template":"","meta":[],"product_brand":[],"product_cat":[99,5333,11186,11184,11185,7483],"product_tag":[14975,9436,8375],"class_list":{"0":"post-392176","1":"product","2":"type-product","3":"status-publish","4":"has-post-thumbnail","6":"product_cat-wszystkie-produkty","7":"product_cat-prezent-na-rocznice","8":"product_cat-prezenty-na-rocznice-dla-pary","9":"product_cat-prezenty-na-rocznice-dla-niej","10":"product_cat-prezenty-na-rocznice-dla-niego","11":"product_cat-fala-dzwiekowa-pl","12":"product_tag-anniversary-pl","13":"product_tag-piosenka-milosna","14":"product_tag-rocznica","16":"first","17":"instock","18":"sale","19":"taxable","20":"shipping-taxable","21":"purchasable","22":"product-type-variable"},"yoast_head":"<!-- This site is optimized with the Yoast SEO Premium plugin v27.2 (Yoast SEO v27.2) - https:\/\/yoast.com\/product\/yoast-seo-premium-wordpress\/ -->\n<title>Fala D\u017awi\u0119kowa Nasza Piosenka Mi\u0142osna - Positive Prints<\/title>\n<meta name=\"description\" content=\"Co mo\u017ce by\u0107 wyj\u0105tkowego ni\u017c podarowanie ukochanej osobie jej w\u0142asnej piosenki? Sprawd\u017a plakat Fala D\u017awi\u0119kowa Nasza Piosenka Mi\u0142osna.\" \/>\n<meta name=\"robots\" content=\"index, follow, max-snippet:-1, max-image-preview:large, max-video-preview:-1\" \/>\n<link rel=\"canonical\" href=\"https:\/\/positiveprints.com\/pl\/produkt\/nasza-piosenka-milosna-fala-dzwiekowa\/\" \/>\n<meta property=\"og:locale\" content=\"pl_PL\" \/>\n<meta property=\"og:type\" content=\"article\" \/>\n<meta property=\"og:title\" content=\"Nasza Piosenka Mi\u0142osna - Plakat Fali D\u017awi\u0119kowej\" \/>\n<meta property=\"og:description\" content=\"Zamie\u0144 Wasz\u0105 piosenk\u0119 w dzie\u0142o sztuki, kt\u00f3re zawsze b\u0119dzie Wam przypomina\u0107 o wsp\u00f3lnie sp\u0119dzonych chwilach Dodaj plik audio Umie\u015b\u0107 kod QR i zeskanuj go, by odtworzy\u0107 d\u017awi\u0119k Spersonalizuj w 3 prostych krokach U\u017cyj jednego z naszych szablon\u00f3w lub daj popis swojej wyobra\u017ani\" \/>\n<meta property=\"og:url\" content=\"https:\/\/positiveprints.com\/pl\/produkt\/nasza-piosenka-milosna-fala-dzwiekowa\/\" \/>\n<meta property=\"og:site_name\" content=\"Positive Prints\" \/>\n<meta property=\"article:publisher\" content=\"https:\/\/www.facebook.com\/positiveprintscom\" \/>\n<meta property=\"article:modified_time\" content=\"2026-04-12T21:46:36+00:00\" \/>\n<meta property=\"og:image\" content=\"https:\/\/positiveprints.com\/wp-content\/uploads\/2023\/01\/nasza-piosenka-milosna.jpg\" \/>\n\t<meta property=\"og:image:width\" content=\"1080\" \/>\n\t<meta property=\"og:image:height\" content=\"1080\" \/>\n\t<meta property=\"og:image:type\" content=\"image\/jpeg\" \/>\n<meta name=\"twitter:card\" content=\"summary_large_image\" \/>\n<meta name=\"twitter:label1\" content=\"Szacowany czas czytania\" \/>\n\t<meta name=\"twitter:data1\" content=\"2 minuty\" \/>\n<!-- \/ Yoast SEO Premium plugin. -->","yoast_head_json":{"title":"Fala D\u017awi\u0119kowa Nasza Piosenka Mi\u0142osna - Positive Prints","description":"Co mo\u017ce by\u0107 wyj\u0105tkowego ni\u017c podarowanie ukochanej osobie jej w\u0142asnej piosenki? Sprawd\u017a plakat Fala D\u017awi\u0119kowa Nasza Piosenka Mi\u0142osna.","robots":{"index":"index","follow":"follow","max-snippet":"max-snippet:-1","max-image-preview":"max-image-preview:large","max-video-preview":"max-video-preview:-1"},"canonical":"https:\/\/positiveprints.com\/pl\/produkt\/nasza-piosenka-milosna-fala-dzwiekowa\/","og_locale":"pl_PL","og_type":"article","og_title":"Nasza Piosenka Mi\u0142osna - Plakat Fali D\u017awi\u0119kowej","og_description":"Zamie\u0144 Wasz\u0105 piosenk\u0119 w dzie\u0142o sztuki, kt\u00f3re zawsze b\u0119dzie Wam przypomina\u0107 o wsp\u00f3lnie sp\u0119dzonych chwilach Dodaj plik audio Umie\u015b\u0107 kod QR i zeskanuj go, by odtworzy\u0107 d\u017awi\u0119k Spersonalizuj w 3 prostych krokach U\u017cyj jednego z naszych szablon\u00f3w lub daj popis swojej wyobra\u017ani","og_url":"https:\/\/positiveprints.com\/pl\/produkt\/nasza-piosenka-milosna-fala-dzwiekowa\/","og_site_name":"Positive Prints","article_publisher":"https:\/\/www.facebook.com\/positiveprintscom","article_modified_time":"2026-04-12T21:46:36+00:00","og_image":[{"width":1080,"height":1080,"url":"https:\/\/positiveprints.com\/wp-content\/uploads\/2023\/01\/nasza-piosenka-milosna.jpg","type":"image\/jpeg"}],"twitter_card":"summary_large_image","twitter_misc":{"Szacowany czas czytania":"2 minuty"},"schema":{"@context":"https:\/\/schema.org","@graph":[{"@type":["WebPage","ItemPage"],"@id":"https:\/\/positiveprints.com\/pl\/produkt\/nasza-piosenka-milosna-fala-dzwiekowa\/","url":"https:\/\/positiveprints.com\/pl\/produkt\/nasza-piosenka-milosna-fala-dzwiekowa\/","name":"Fala D\u017awi\u0119kowa Nasza Piosenka Mi\u0142osna - Positive Prints","isPartOf":{"@id":"https:\/\/positiveprints.com\/pl\/#website"},"primaryImageOfPage":{"@id":"https:\/\/positiveprints.com\/pl\/produkt\/nasza-piosenka-milosna-fala-dzwiekowa\/#primaryimage"},"image":{"@id":"https:\/\/positiveprints.com\/pl\/produkt\/nasza-piosenka-milosna-fala-dzwiekowa\/#primaryimage"},"thumbnailUrl":"https:\/\/positiveprints.com\/wp-content\/uploads\/2025\/04\/Nasza-Piosenka-Milosna-Plakat-Fali-Dz\u0301wie\u0328kowej-1.webp","datePublished":"2023-01-04T12:35:50+00:00","dateModified":"2026-04-12T21:46:36+00:00","description":"Co mo\u017ce by\u0107 wyj\u0105tkowego ni\u017c podarowanie ukochanej osobie jej w\u0142asnej piosenki? Sprawd\u017a plakat Fala D\u017awi\u0119kowa Nasza Piosenka Mi\u0142osna.","breadcrumb":{"@id":"https:\/\/positiveprints.com\/pl\/produkt\/nasza-piosenka-milosna-fala-dzwiekowa\/#breadcrumb"},"inLanguage":"pl-PL","potentialAction":[{"@type":"ReadAction","target":["https:\/\/positiveprints.com\/pl\/produkt\/nasza-piosenka-milosna-fala-dzwiekowa\/"]}]},{"@type":"ImageObject","inLanguage":"pl-PL","@id":"https:\/\/positiveprints.com\/pl\/produkt\/nasza-piosenka-milosna-fala-dzwiekowa\/#primaryimage","url":"https:\/\/positiveprints.com\/wp-content\/uploads\/2025\/04\/Nasza-Piosenka-Milosna-Plakat-Fali-Dz\u0301wie\u0328kowej-1.webp","contentUrl":"https:\/\/positiveprints.com\/wp-content\/uploads\/2025\/04\/Nasza-Piosenka-Milosna-Plakat-Fali-Dz\u0301wie\u0328kowej-1.webp","width":1450,"height":1450},{"@type":"BreadcrumbList","@id":"https:\/\/positiveprints.com\/pl\/produkt\/nasza-piosenka-milosna-fala-dzwiekowa\/#breadcrumb","itemListElement":[{"@type":"ListItem","position":1,"name":"Home","item":"https:\/\/positiveprints.com\/pl\/"},{"@type":"ListItem","position":2,"name":"Produkty","item":"https:\/\/positiveprints.com\/pl\/shop\/"},{"@type":"ListItem","position":3,"name":"Nasza Piosenka Mi\u0142osna &#8211; Plakat Fali D\u017awi\u0119kowej"}]},{"@type":"WebSite","@id":"https:\/\/positiveprints.com\/pl\/#website","url":"https:\/\/positiveprints.com\/pl\/","name":"Positive Prints","description":"Amazing Custom Personalized Gifts","publisher":{"@id":"https:\/\/positiveprints.com\/pl\/#organization"},"potentialAction":[{"@type":"SearchAction","target":{"@type":"EntryPoint","urlTemplate":"https:\/\/positiveprints.com\/pl\/?s={search_term_string}"},"query-input":{"@type":"PropertyValueSpecification","valueRequired":true,"valueName":"search_term_string"}}],"inLanguage":"pl-PL"},{"@type":"Organization","@id":"https:\/\/positiveprints.com\/pl\/#organization","name":"Positive Prints","alternateName":"Positive Prints","url":"https:\/\/positiveprints.com\/pl\/","logo":{"@type":"ImageObject","inLanguage":"pl-PL","@id":"https:\/\/positiveprints.com\/pl\/#\/schema\/logo\/image\/","url":"https:\/\/positiveprints.com\/wp-content\/uploads\/2026\/03\/245815646_1337939713319158_5671353136411139666_n.png","contentUrl":"https:\/\/positiveprints.com\/wp-content\/uploads\/2026\/03\/245815646_1337939713319158_5671353136411139666_n.png","width":800,"height":800,"caption":"Positive Prints"},"image":{"@id":"https:\/\/positiveprints.com\/pl\/#\/schema\/logo\/image\/"},"sameAs":["https:\/\/www.facebook.com\/positiveprintscom","https:\/\/www.instagram.com\/positiveprintscom\/","https:\/\/www.tiktok.com\/@positiveprintscom","https:\/\/www.pinterest.com\/positiveprintscom\/"]}]}},"jetpack_sharing_enabled":true,"_links":{"self":[{"href":"https:\/\/positiveprints.com\/pl\/wp-json\/wp\/v2\/product\/392176","targetHints":{"allow":["GET"]}}],"collection":[{"href":"https:\/\/positiveprints.com\/pl\/wp-json\/wp\/v2\/product"}],"about":[{"href":"https:\/\/positiveprints.com\/pl\/wp-json\/wp\/v2\/types\/product"}],"wp:featuredmedia":[{"embeddable":true,"href":"https:\/\/positiveprints.com\/pl\/wp-json\/wp\/v2\/media\/1394656"}],"wp:attachment":[{"href":"https:\/\/positiveprints.com\/pl\/wp-json\/wp\/v2\/media?parent=392176"}],"wp:term":[{"taxonomy":"product_brand","embeddable":true,"href":"https:\/\/positiveprints.com\/pl\/wp-json\/wp\/v2\/product_brand?post=392176"},{"taxonomy":"product_cat","embeddable":true,"href":"https:\/\/positiveprints.com\/pl\/wp-json\/wp\/v2\/product_cat?post=392176"},{"taxonomy":"product_tag","embeddable":true,"href":"https:\/\/positiveprints.com\/pl\/wp-json\/wp\/v2\/product_tag?post=392176"}],"curies":[{"name":"wp","href":"https:\/\/api.w.org\/{rel}","templated":true}]}}