{"id":381788,"date":"2022-10-06T15:05:01","date_gmt":"2022-10-06T14:05:01","guid":{"rendered":"https:\/\/positiveprints.com\/?post_type=product&#038;p=381788"},"modified":"2026-04-12T22:56:07","modified_gmt":"2026-04-12T21:56:07","slug":"jestesmy-blisko-mapa-naszej-rodziny","status":"publish","type":"product","link":"https:\/\/positiveprints.com\/pl\/produkt\/jestesmy-blisko-mapa-naszej-rodziny\/","title":{"rendered":"Jeste\u015bmy Blisko &#8211; Mapa Naszej Rodziny"},"content":{"rendered":"","protected":false},"excerpt":{"rendered":"<ul class=\"check-list\">\n<li>Zaprojektuj niezwyk\u0142\u0105 map\u0119 lokalizacji, w kt\u00f3rych mieszkaj\u0105 Twoi najbli\u017csi<\/li>\n<li>Wyr\u00f3\u017cnij szczeg\u00f3lne lokalizacje za pomoc\u0105 symbolu<\/li>\n<li>Spersonalizuj w 3 prostych krokach<\/li>\n<li>Dodaj dedykacj\u0119 prosto z serca<\/li>\n<li>Interaktywny podgl\u0105d pozwoli dopracowa\u0107 ka\u017cdy szczeg\u00f3\u0142<\/li>\n<\/ul>\n","protected":false},"featured_media":1698306,"template":"","meta":[],"product_brand":[],"product_cat":[11408,7723,11404,7626,7770,7610,11409,11413,7690,8010,11415,7850,15059,11416,7739,7658,9003,5271,9765,7225],"product_tag":[12611,8538,17189,12612,12777,12776,13361,12626,11777,13458,12625],"class_list":{"0":"post-381788","1":"product","2":"type-product","3":"status-publish","4":"has-post-thumbnail","6":"product_cat-prezenty-pod-choinke-dla-babci","7":"product_cat-prezent-dla-babci","8":"product_cat-prezenty-pod-choinke-dla-brata","9":"product_cat-prezent-dla-brata","10":"product_cat-prezent-dla-corki","11":"product_cat-prezent-dla-dziadka","12":"product_cat-prezenty-pod-choinke-dla-dziadka","13":"product_cat-prezenty-pod-choinke-dla-dzieci","14":"product_cat-prezent-dla-kobiety","15":"product_cat-prezent-dla-mezczyzny","16":"product_cat-prezenty-pod-choinke-dla-rodzicow","17":"product_cat-prezent-dla-rodziny","18":"product_cat-prezenty-pod-choinke-dla-rodziny","19":"product_cat-prezenty-pod-choinke-dla-siostry","20":"product_cat-prezent-dla-siostry","21":"product_cat-prezent-dla-syna","22":"product_cat-dzien-babci-i-dziadka","23":"product_cat-prezent-na-boze-narodzenie","24":"product_cat-trending-label-pl","25":"product_cat-triple-maps-pl","26":"product_tag-brat","27":"product_tag-family-pl","28":"product_tag-prezent-dla-brata-pl","29":"product_tag-prezent-dla-brata","30":"product_tag-prezent-dla-siostry","31":"product_tag-prezent-pod-choinke-dla-siostry","32":"product_tag-prezent-swiateczny-dla-dziadka","33":"product_tag-prezenty-dla-siostry","34":"product_tag-prezenty-pod-choinke-dla-babci","35":"product_tag-prezenty-swiateczne-dla-brata","36":"product_tag-siostra","38":"first","39":"instock","40":"sale","41":"taxable","42":"shipping-taxable","43":"purchasable","44":"product-type-variable"},"yoast_head":"<!-- This site is optimized with the Yoast SEO Premium plugin v27.2 (Yoast SEO v27.2) - https:\/\/yoast.com\/product\/yoast-seo-premium-wordpress\/ -->\n<title>Jeste\u015bmy Blisko - Mapa Rodzinna - Positive Prints<\/title>\n<meta name=\"description\" content=\"Pami\u0119tanie o wszystkich mo\u017ce by\u0107 trudne, ale z nasz\u0105 Map\u0105 rodziny, kt\u00f3ra jest daleko mo\u017ce by\u0107 o wiele \u0142atwiejsze i o wiele przyjemniejsze!\" \/>\n<meta name=\"robots\" content=\"index, follow, max-snippet:-1, max-image-preview:large, max-video-preview:-1\" \/>\n<link rel=\"canonical\" href=\"https:\/\/positiveprints.com\/pl\/produkt\/jestesmy-blisko-mapa-naszej-rodziny\/\" \/>\n<meta property=\"og:locale\" content=\"pl_PL\" \/>\n<meta property=\"og:type\" content=\"article\" \/>\n<meta property=\"og:title\" content=\"Jeste\u015bmy Blisko - Mapa Naszej Rodziny\" \/>\n<meta property=\"og:description\" content=\"Zaprojektuj niezwyk\u0142\u0105 map\u0119 lokalizacji, w kt\u00f3rych mieszkaj\u0105 Twoi najbli\u017csi    Wyr\u00f3\u017cnij szczeg\u00f3lne lokalizacje za pomoc\u0105 symbolu    Spersonalizuj w 3 prostych krokach    Dodaj dedykacj\u0119 prosto z serca    Interaktywny podgl\u0105d pozwoli dopracowa\u0107 ka\u017cdy szczeg\u00f3\u0142\" \/>\n<meta property=\"og:url\" content=\"https:\/\/positiveprints.com\/pl\/produkt\/jestesmy-blisko-mapa-naszej-rodziny\/\" \/>\n<meta property=\"og:site_name\" content=\"Positive Prints\" \/>\n<meta property=\"article:publisher\" content=\"https:\/\/www.facebook.com\/positiveprintscom\" \/>\n<meta property=\"article:modified_time\" content=\"2026-04-12T21:56:07+00:00\" \/>\n<meta property=\"og:image\" content=\"https:\/\/positiveprints.com\/wp-content\/uploads\/2025\/03\/Jestes\u0301my-Blisko-Mapa-Naszej-Rodziny-1.webp\" \/>\n\t<meta property=\"og:image:width\" content=\"1450\" \/>\n\t<meta property=\"og:image:height\" content=\"1450\" \/>\n\t<meta property=\"og:image:type\" content=\"image\/webp\" \/>\n<meta name=\"twitter:card\" content=\"summary_large_image\" \/>\n<meta name=\"twitter:label1\" content=\"Szacowany czas czytania\" \/>\n\t<meta name=\"twitter:data1\" content=\"1 minuta\" \/>\n<!-- \/ Yoast SEO Premium plugin. -->","yoast_head_json":{"title":"Jeste\u015bmy Blisko - Mapa Rodzinna - Positive Prints","description":"Pami\u0119tanie o wszystkich mo\u017ce by\u0107 trudne, ale z nasz\u0105 Map\u0105 rodziny, kt\u00f3ra jest daleko mo\u017ce by\u0107 o wiele \u0142atwiejsze i o wiele przyjemniejsze!","robots":{"index":"index","follow":"follow","max-snippet":"max-snippet:-1","max-image-preview":"max-image-preview:large","max-video-preview":"max-video-preview:-1"},"canonical":"https:\/\/positiveprints.com\/pl\/produkt\/jestesmy-blisko-mapa-naszej-rodziny\/","og_locale":"pl_PL","og_type":"article","og_title":"Jeste\u015bmy Blisko - Mapa Naszej Rodziny","og_description":"Zaprojektuj niezwyk\u0142\u0105 map\u0119 lokalizacji, w kt\u00f3rych mieszkaj\u0105 Twoi najbli\u017csi    Wyr\u00f3\u017cnij szczeg\u00f3lne lokalizacje za pomoc\u0105 symbolu    Spersonalizuj w 3 prostych krokach    Dodaj dedykacj\u0119 prosto z serca    Interaktywny podgl\u0105d pozwoli dopracowa\u0107 ka\u017cdy szczeg\u00f3\u0142","og_url":"https:\/\/positiveprints.com\/pl\/produkt\/jestesmy-blisko-mapa-naszej-rodziny\/","og_site_name":"Positive Prints","article_publisher":"https:\/\/www.facebook.com\/positiveprintscom","article_modified_time":"2026-04-12T21:56:07+00:00","og_image":[{"width":1450,"height":1450,"url":"https:\/\/positiveprints.com\/wp-content\/uploads\/2025\/03\/Jestes\u0301my-Blisko-Mapa-Naszej-Rodziny-1.webp","type":"image\/webp"}],"twitter_card":"summary_large_image","twitter_misc":{"Szacowany czas czytania":"1 minuta"},"schema":{"@context":"https:\/\/schema.org","@graph":[{"@type":["WebPage","ItemPage"],"@id":"https:\/\/positiveprints.com\/pl\/produkt\/jestesmy-blisko-mapa-naszej-rodziny\/","url":"https:\/\/positiveprints.com\/pl\/produkt\/jestesmy-blisko-mapa-naszej-rodziny\/","name":"Jeste\u015bmy Blisko - Mapa Rodzinna - Positive Prints","isPartOf":{"@id":"https:\/\/positiveprints.com\/pl\/#website"},"primaryImageOfPage":{"@id":"https:\/\/positiveprints.com\/pl\/produkt\/jestesmy-blisko-mapa-naszej-rodziny\/#primaryimage"},"image":{"@id":"https:\/\/positiveprints.com\/pl\/produkt\/jestesmy-blisko-mapa-naszej-rodziny\/#primaryimage"},"thumbnailUrl":"https:\/\/positiveprints.com\/wp-content\/uploads\/2026\/04\/Packshot_PL_XX-Mapa-rodziny-na-odleglosc.webp","datePublished":"2022-10-06T14:05:01+00:00","dateModified":"2026-04-12T21:56:07+00:00","description":"Pami\u0119tanie o wszystkich mo\u017ce by\u0107 trudne, ale z nasz\u0105 Map\u0105 rodziny, kt\u00f3ra jest daleko mo\u017ce by\u0107 o wiele \u0142atwiejsze i o wiele przyjemniejsze!","breadcrumb":{"@id":"https:\/\/positiveprints.com\/pl\/produkt\/jestesmy-blisko-mapa-naszej-rodziny\/#breadcrumb"},"inLanguage":"pl-PL","potentialAction":[{"@type":"ReadAction","target":["https:\/\/positiveprints.com\/pl\/produkt\/jestesmy-blisko-mapa-naszej-rodziny\/"]}]},{"@type":"ImageObject","inLanguage":"pl-PL","@id":"https:\/\/positiveprints.com\/pl\/produkt\/jestesmy-blisko-mapa-naszej-rodziny\/#primaryimage","url":"https:\/\/positiveprints.com\/wp-content\/uploads\/2026\/04\/Packshot_PL_XX-Mapa-rodziny-na-odleglosc.webp","contentUrl":"https:\/\/positiveprints.com\/wp-content\/uploads\/2026\/04\/Packshot_PL_XX-Mapa-rodziny-na-odleglosc.webp","width":1450,"height":1450},{"@type":"BreadcrumbList","@id":"https:\/\/positiveprints.com\/pl\/produkt\/jestesmy-blisko-mapa-naszej-rodziny\/#breadcrumb","itemListElement":[{"@type":"ListItem","position":1,"name":"Home","item":"https:\/\/positiveprints.com\/pl\/"},{"@type":"ListItem","position":2,"name":"Produkty","item":"https:\/\/positiveprints.com\/pl\/shop\/"},{"@type":"ListItem","position":3,"name":"Jeste\u015bmy Blisko &#8211; Mapa Naszej Rodziny"}]},{"@type":"WebSite","@id":"https:\/\/positiveprints.com\/pl\/#website","url":"https:\/\/positiveprints.com\/pl\/","name":"Positive Prints","description":"Amazing Custom Personalized Gifts","publisher":{"@id":"https:\/\/positiveprints.com\/pl\/#organization"},"potentialAction":[{"@type":"SearchAction","target":{"@type":"EntryPoint","urlTemplate":"https:\/\/positiveprints.com\/pl\/?s={search_term_string}"},"query-input":{"@type":"PropertyValueSpecification","valueRequired":true,"valueName":"search_term_string"}}],"inLanguage":"pl-PL"},{"@type":"Organization","@id":"https:\/\/positiveprints.com\/pl\/#organization","name":"Positive Prints","alternateName":"Positive Prints","url":"https:\/\/positiveprints.com\/pl\/","logo":{"@type":"ImageObject","inLanguage":"pl-PL","@id":"https:\/\/positiveprints.com\/pl\/#\/schema\/logo\/image\/","url":"https:\/\/positiveprints.com\/wp-content\/uploads\/2026\/03\/245815646_1337939713319158_5671353136411139666_n.png","contentUrl":"https:\/\/positiveprints.com\/wp-content\/uploads\/2026\/03\/245815646_1337939713319158_5671353136411139666_n.png","width":800,"height":800,"caption":"Positive Prints"},"image":{"@id":"https:\/\/positiveprints.com\/pl\/#\/schema\/logo\/image\/"},"sameAs":["https:\/\/www.facebook.com\/positiveprintscom","https:\/\/www.instagram.com\/positiveprintscom\/","https:\/\/www.tiktok.com\/@positiveprintscom","https:\/\/www.pinterest.com\/positiveprintscom\/"]}]}},"jetpack_sharing_enabled":true,"_links":{"self":[{"href":"https:\/\/positiveprints.com\/pl\/wp-json\/wp\/v2\/product\/381788","targetHints":{"allow":["GET"]}}],"collection":[{"href":"https:\/\/positiveprints.com\/pl\/wp-json\/wp\/v2\/product"}],"about":[{"href":"https:\/\/positiveprints.com\/pl\/wp-json\/wp\/v2\/types\/product"}],"wp:featuredmedia":[{"embeddable":true,"href":"https:\/\/positiveprints.com\/pl\/wp-json\/wp\/v2\/media\/1698306"}],"wp:attachment":[{"href":"https:\/\/positiveprints.com\/pl\/wp-json\/wp\/v2\/media?parent=381788"}],"wp:term":[{"taxonomy":"product_brand","embeddable":true,"href":"https:\/\/positiveprints.com\/pl\/wp-json\/wp\/v2\/product_brand?post=381788"},{"taxonomy":"product_cat","embeddable":true,"href":"https:\/\/positiveprints.com\/pl\/wp-json\/wp\/v2\/product_cat?post=381788"},{"taxonomy":"product_tag","embeddable":true,"href":"https:\/\/positiveprints.com\/pl\/wp-json\/wp\/v2\/product_tag?post=381788"}],"curies":[{"name":"wp","href":"https:\/\/api.w.org\/{rel}","templated":true}]}}