{"id":381719,"date":"2022-10-07T09:00:40","date_gmt":"2022-10-07T08:00:40","guid":{"rendered":"https:\/\/positiveprints.com\/?post_type=product&#038;p=381719"},"modified":"2026-04-12T22:54:51","modified_gmt":"2026-04-12T21:54:51","slug":"dzien-w-ktorym-to-miejsce-zostalo-naszym-domem","status":"publish","type":"product","link":"https:\/\/positiveprints.com\/pl\/produkt\/dzien-w-ktorym-to-miejsce-zostalo-naszym-domem\/","title":{"rendered":"Dzie\u0144, w Kt\u00f3rym Znale\u017ali\u015bmy Nasze Miejsce na Ziemi"},"content":{"rendered":"","protected":false},"excerpt":{"rendered":"<ul class=\"check-list\">\n<li>Roz\u015bwietl sw\u00f3j dom z gwiezdn\u0105 map\u0105, kt\u00f3ra w wyj\u0105tkowy spos\u00f3b uchwyci wspomnienia powsta\u0142e w jego murach<\/li>\n<li>Dodaj planety, konstelacje i Drog\u0119 Mleczn\u0105 <\/li>\n<li>Spersonalizuj w 3 prostych krokach<\/li>\n<li>Dodaj dedykacj\u0119 prosto z serca<\/li>\n<li>Interaktywny podgl\u0105d pozwoli dopracowa\u0107 ka\u017cdy szczeg\u00f3\u0142<\/li>\n<\/ul>\n","protected":false},"featured_media":1338420,"template":"","meta":[],"product_brand":[],"product_cat":[5296,8010,7690,7850,3114],"product_tag":[14955],"class_list":{"0":"post-381719","1":"product","2":"type-product","3":"status-publish","4":"has-post-thumbnail","6":"product_cat-prezent-na-parapetowke","7":"product_cat-prezent-dla-mezczyzny","8":"product_cat-prezent-dla-kobiety","9":"product_cat-prezent-dla-rodziny","10":"product_cat-star-pl-2","11":"product_tag-housewarming-pl-2","13":"first","14":"instock","15":"sale","16":"taxable","17":"shipping-taxable","18":"purchasable","19":"product-type-variable"},"yoast_head":"<!-- This site is optimized with the Yoast SEO Premium plugin v27.2 (Yoast SEO v27.2) - https:\/\/yoast.com\/product\/yoast-seo-premium-wordpress\/ -->\n<title>Dom to Nie Tylko \u015aciany i Dach - Positive Prints<\/title>\n<meta name=\"description\" content=\"Stw\u00f3rz spersonalizowany plakat mapy nieba! To wspania\u0142y spos\u00f3b, by upami\u0119tni\u0107 dzie\u0144, w kt\u00f3rym to miejsce sta\u0142o si\u0119 Twoim Domem.\" \/>\n<meta name=\"robots\" content=\"index, follow, max-snippet:-1, max-image-preview:large, max-video-preview:-1\" \/>\n<link rel=\"canonical\" href=\"https:\/\/positiveprints.com\/pl\/produkt\/dzien-w-ktorym-to-miejsce-zostalo-naszym-domem\/\" \/>\n<meta property=\"og:locale\" content=\"pl_PL\" \/>\n<meta property=\"og:type\" content=\"article\" \/>\n<meta property=\"og:title\" content=\"Dzie\u0144, w Kt\u00f3rym Znale\u017ali\u015bmy Nasze Miejsce na Ziemi\" \/>\n<meta property=\"og:description\" content=\"Roz\u015bwietl sw\u00f3j dom z gwiezdn\u0105 map\u0105, kt\u00f3ra w wyj\u0105tkowy spos\u00f3b uchwyci wspomnienia powsta\u0142e w jego murach Dodaj planety, konstelacje i Drog\u0119 Mleczn\u0105 Spersonalizuj w 3 prostych krokach Dodaj dedykacj\u0119 prosto z serca Interaktywny podgl\u0105d pozwoli dopracowa\u0107 ka\u017cdy szczeg\u00f3\u0142\" \/>\n<meta property=\"og:url\" content=\"https:\/\/positiveprints.com\/pl\/produkt\/dzien-w-ktorym-to-miejsce-zostalo-naszym-domem\/\" \/>\n<meta property=\"og:site_name\" content=\"Positive Prints\" \/>\n<meta property=\"article:publisher\" content=\"https:\/\/www.facebook.com\/positiveprintscom\" \/>\n<meta property=\"article:modified_time\" content=\"2026-04-12T21:54:51+00:00\" \/>\n<meta property=\"og:image\" content=\"https:\/\/positiveprints.com\/wp-content\/uploads\/2025\/01\/Dzien\u0301-w-Kto\u0301rym-Znalez\u0301lis\u0301my-Nasze-Miejsce-na-Ziemi-1.webp\" \/>\n\t<meta property=\"og:image:width\" content=\"1450\" \/>\n\t<meta property=\"og:image:height\" content=\"1450\" \/>\n\t<meta property=\"og:image:type\" content=\"image\/webp\" \/>\n<meta name=\"twitter:card\" content=\"summary_large_image\" \/>\n<!-- \/ Yoast SEO Premium plugin. -->","yoast_head_json":{"title":"Dom to Nie Tylko \u015aciany i Dach - Positive Prints","description":"Stw\u00f3rz spersonalizowany plakat mapy nieba! To wspania\u0142y spos\u00f3b, by upami\u0119tni\u0107 dzie\u0144, w kt\u00f3rym to miejsce sta\u0142o si\u0119 Twoim Domem.","robots":{"index":"index","follow":"follow","max-snippet":"max-snippet:-1","max-image-preview":"max-image-preview:large","max-video-preview":"max-video-preview:-1"},"canonical":"https:\/\/positiveprints.com\/pl\/produkt\/dzien-w-ktorym-to-miejsce-zostalo-naszym-domem\/","og_locale":"pl_PL","og_type":"article","og_title":"Dzie\u0144, w Kt\u00f3rym Znale\u017ali\u015bmy Nasze Miejsce na Ziemi","og_description":"Roz\u015bwietl sw\u00f3j dom z gwiezdn\u0105 map\u0105, kt\u00f3ra w wyj\u0105tkowy spos\u00f3b uchwyci wspomnienia powsta\u0142e w jego murach Dodaj planety, konstelacje i Drog\u0119 Mleczn\u0105 Spersonalizuj w 3 prostych krokach Dodaj dedykacj\u0119 prosto z serca Interaktywny podgl\u0105d pozwoli dopracowa\u0107 ka\u017cdy szczeg\u00f3\u0142","og_url":"https:\/\/positiveprints.com\/pl\/produkt\/dzien-w-ktorym-to-miejsce-zostalo-naszym-domem\/","og_site_name":"Positive Prints","article_publisher":"https:\/\/www.facebook.com\/positiveprintscom","article_modified_time":"2026-04-12T21:54:51+00:00","og_image":[{"width":1450,"height":1450,"url":"https:\/\/positiveprints.com\/wp-content\/uploads\/2025\/01\/Dzien\u0301-w-Kto\u0301rym-Znalez\u0301lis\u0301my-Nasze-Miejsce-na-Ziemi-1.webp","type":"image\/webp"}],"twitter_card":"summary_large_image","schema":{"@context":"https:\/\/schema.org","@graph":[{"@type":["WebPage","ItemPage"],"@id":"https:\/\/positiveprints.com\/pl\/produkt\/dzien-w-ktorym-to-miejsce-zostalo-naszym-domem\/","url":"https:\/\/positiveprints.com\/pl\/produkt\/dzien-w-ktorym-to-miejsce-zostalo-naszym-domem\/","name":"Dom to Nie Tylko \u015aciany i Dach - Positive Prints","isPartOf":{"@id":"https:\/\/positiveprints.com\/pl\/#website"},"primaryImageOfPage":{"@id":"https:\/\/positiveprints.com\/pl\/produkt\/dzien-w-ktorym-to-miejsce-zostalo-naszym-domem\/#primaryimage"},"image":{"@id":"https:\/\/positiveprints.com\/pl\/produkt\/dzien-w-ktorym-to-miejsce-zostalo-naszym-domem\/#primaryimage"},"thumbnailUrl":"https:\/\/positiveprints.com\/wp-content\/uploads\/2025\/01\/Dzien\u0301-w-Kto\u0301rym-Znalez\u0301lis\u0301my-Nasze-Miejsce-na-Ziemi-1.webp","datePublished":"2022-10-07T08:00:40+00:00","dateModified":"2026-04-12T21:54:51+00:00","description":"Stw\u00f3rz spersonalizowany plakat mapy nieba! To wspania\u0142y spos\u00f3b, by upami\u0119tni\u0107 dzie\u0144, w kt\u00f3rym to miejsce sta\u0142o si\u0119 Twoim Domem.","breadcrumb":{"@id":"https:\/\/positiveprints.com\/pl\/produkt\/dzien-w-ktorym-to-miejsce-zostalo-naszym-domem\/#breadcrumb"},"inLanguage":"pl-PL","potentialAction":[{"@type":"ReadAction","target":["https:\/\/positiveprints.com\/pl\/produkt\/dzien-w-ktorym-to-miejsce-zostalo-naszym-domem\/"]}]},{"@type":"ImageObject","inLanguage":"pl-PL","@id":"https:\/\/positiveprints.com\/pl\/produkt\/dzien-w-ktorym-to-miejsce-zostalo-naszym-domem\/#primaryimage","url":"https:\/\/positiveprints.com\/wp-content\/uploads\/2025\/01\/Dzien\u0301-w-Kto\u0301rym-Znalez\u0301lis\u0301my-Nasze-Miejsce-na-Ziemi-1.webp","contentUrl":"https:\/\/positiveprints.com\/wp-content\/uploads\/2025\/01\/Dzien\u0301-w-Kto\u0301rym-Znalez\u0301lis\u0301my-Nasze-Miejsce-na-Ziemi-1.webp","width":1450,"height":1450},{"@type":"BreadcrumbList","@id":"https:\/\/positiveprints.com\/pl\/produkt\/dzien-w-ktorym-to-miejsce-zostalo-naszym-domem\/#breadcrumb","itemListElement":[{"@type":"ListItem","position":1,"name":"Home","item":"https:\/\/positiveprints.com\/pl\/"},{"@type":"ListItem","position":2,"name":"Produkty","item":"https:\/\/positiveprints.com\/pl\/shop\/"},{"@type":"ListItem","position":3,"name":"Dzie\u0144, w Kt\u00f3rym Znale\u017ali\u015bmy Nasze Miejsce na Ziemi"}]},{"@type":"WebSite","@id":"https:\/\/positiveprints.com\/pl\/#website","url":"https:\/\/positiveprints.com\/pl\/","name":"Positive Prints","description":"Amazing Custom Personalized Gifts","publisher":{"@id":"https:\/\/positiveprints.com\/pl\/#organization"},"potentialAction":[{"@type":"SearchAction","target":{"@type":"EntryPoint","urlTemplate":"https:\/\/positiveprints.com\/pl\/?s={search_term_string}"},"query-input":{"@type":"PropertyValueSpecification","valueRequired":true,"valueName":"search_term_string"}}],"inLanguage":"pl-PL"},{"@type":"Organization","@id":"https:\/\/positiveprints.com\/pl\/#organization","name":"Positive Prints","alternateName":"Positive Prints","url":"https:\/\/positiveprints.com\/pl\/","logo":{"@type":"ImageObject","inLanguage":"pl-PL","@id":"https:\/\/positiveprints.com\/pl\/#\/schema\/logo\/image\/","url":"https:\/\/positiveprints.com\/wp-content\/uploads\/2026\/03\/245815646_1337939713319158_5671353136411139666_n.png","contentUrl":"https:\/\/positiveprints.com\/wp-content\/uploads\/2026\/03\/245815646_1337939713319158_5671353136411139666_n.png","width":800,"height":800,"caption":"Positive Prints"},"image":{"@id":"https:\/\/positiveprints.com\/pl\/#\/schema\/logo\/image\/"},"sameAs":["https:\/\/www.facebook.com\/positiveprintscom","https:\/\/www.instagram.com\/positiveprintscom\/","https:\/\/www.tiktok.com\/@positiveprintscom","https:\/\/www.pinterest.com\/positiveprintscom\/"]}]}},"jetpack_sharing_enabled":true,"_links":{"self":[{"href":"https:\/\/positiveprints.com\/pl\/wp-json\/wp\/v2\/product\/381719","targetHints":{"allow":["GET"]}}],"collection":[{"href":"https:\/\/positiveprints.com\/pl\/wp-json\/wp\/v2\/product"}],"about":[{"href":"https:\/\/positiveprints.com\/pl\/wp-json\/wp\/v2\/types\/product"}],"wp:featuredmedia":[{"embeddable":true,"href":"https:\/\/positiveprints.com\/pl\/wp-json\/wp\/v2\/media\/1338420"}],"wp:attachment":[{"href":"https:\/\/positiveprints.com\/pl\/wp-json\/wp\/v2\/media?parent=381719"}],"wp:term":[{"taxonomy":"product_brand","embeddable":true,"href":"https:\/\/positiveprints.com\/pl\/wp-json\/wp\/v2\/product_brand?post=381719"},{"taxonomy":"product_cat","embeddable":true,"href":"https:\/\/positiveprints.com\/pl\/wp-json\/wp\/v2\/product_cat?post=381719"},{"taxonomy":"product_tag","embeddable":true,"href":"https:\/\/positiveprints.com\/pl\/wp-json\/wp\/v2\/product_tag?post=381719"}],"curies":[{"name":"wp","href":"https:\/\/api.w.org\/{rel}","templated":true}]}}