{"id":380973,"date":"2022-10-11T20:45:36","date_gmt":"2022-10-11T19:45:36","guid":{"rendered":"https:\/\/positiveprints.com\/?post_type=product&#038;p=380973"},"modified":"2026-04-18T06:25:18","modified_gmt":"2026-04-18T05:25:18","slug":"plakat-ze-zdjeciem-rodzenstwa","status":"publish","type":"product","link":"https:\/\/positiveprints.com\/pl\/produkt\/plakat-ze-zdjeciem-rodzenstwa\/","title":{"rendered":"Fotoobraz Rodze\u0144stwa\u00a0"},"content":{"rendered":"","protected":false},"excerpt":{"rendered":"<ul class=\"check-list\">\n<li>Przywo\u0142aj wspomnienia z dzieci\u0144stwa i uczcij wyj\u0105tkow\u0105 wi\u0119\u017a mi\u0119dzy rodze\u0144stwem za pomoc\u0105 ponadczasowego dzie\u0142a sztuki<\/li>\n<li>Dodaj osobisty akcent i spraw, by s\u0142owa uczyni\u0142y prezent prawdziwie wyj\u0105tkowym<\/li>\n<li>Spersonalizuj w 3 prostych krokach<\/li>\n<li>Interaktywny podgl\u0105d pozwoli dopracowa\u0107 ka\u017cdy szczeg\u00f3\u0142<\/li>\n<\/ul>\n","protected":false},"featured_media":355979,"template":"","meta":[],"product_brand":[],"product_cat":[7500,5271,11416,11404,7626,7739],"product_tag":[12611,8538,12612,17189,12777,12776,12626,13458,12625],"class_list":{"0":"post-380973","1":"product","2":"type-product","3":"status-publish","4":"has-post-thumbnail","6":"product_cat-foto-pl","7":"product_cat-prezent-na-boze-narodzenie","8":"product_cat-prezenty-pod-choinke-dla-siostry","9":"product_cat-prezenty-pod-choinke-dla-brata","10":"product_cat-prezent-dla-brata","11":"product_cat-prezent-dla-siostry","12":"product_tag-brat","13":"product_tag-family-pl","14":"product_tag-prezent-dla-brata","15":"product_tag-prezent-dla-brata-pl","16":"product_tag-prezent-dla-siostry","17":"product_tag-prezent-pod-choinke-dla-siostry","18":"product_tag-prezenty-dla-siostry","19":"product_tag-prezenty-swiateczne-dla-brata","20":"product_tag-siostra","22":"first","23":"instock","24":"sale","25":"taxable","26":"shipping-taxable","27":"purchasable","28":"product-type-variable"},"yoast_head":"<!-- This site is optimized with the Yoast SEO Premium plugin v27.2 (Yoast SEO v27.2) - https:\/\/yoast.com\/product\/yoast-seo-premium-wordpress\/ -->\n<title>Fotoobraz Rodze\u0144stwa\u00a0 - Positive Prints<\/title>\n<meta name=\"description\" content=\"Poka\u017c wyj\u0105tkow\u0105 wi\u0119\u017a mi\u0119dzy rodze\u0144stwem za pomoc\u0105 foto-plakatu. Podaruj swojemu rodze\u0144stwu wyj\u0105tkowy prezent w te \u015awi\u0119ta!\" \/>\n<meta name=\"robots\" content=\"index, follow, max-snippet:-1, max-image-preview:large, max-video-preview:-1\" \/>\n<link rel=\"canonical\" href=\"https:\/\/positiveprints.com\/pl\/produkt\/plakat-ze-zdjeciem-rodzenstwa\/\" \/>\n<meta property=\"og:locale\" content=\"pl_PL\" \/>\n<meta property=\"og:type\" content=\"article\" \/>\n<meta property=\"og:title\" content=\"Fotoobraz Rodze\u0144stwa\u00a0\" \/>\n<meta property=\"og:description\" content=\"Przywo\u0142aj wspomnienia z dzieci\u0144stwa i uczcij wyj\u0105tkow\u0105 wi\u0119\u017a mi\u0119dzy rodze\u0144stwem za pomoc\u0105 ponadczasowego dzie\u0142a sztuki Dodaj osobisty akcent i spraw, by s\u0142owa uczyni\u0142y prezent prawdziwie wyj\u0105tkowym Spersonalizuj w 3 prostych krokach Interaktywny podgl\u0105d pozwoli dopracowa\u0107 ka\u017cdy szczeg\u00f3\u0142\" \/>\n<meta property=\"og:url\" content=\"https:\/\/positiveprints.com\/pl\/produkt\/plakat-ze-zdjeciem-rodzenstwa\/\" \/>\n<meta property=\"og:site_name\" content=\"Positive Prints\" \/>\n<meta property=\"article:publisher\" content=\"https:\/\/www.facebook.com\/positiveprintscom\" \/>\n<meta property=\"article:modified_time\" content=\"2026-04-18T05:25:18+00:00\" \/>\n<meta property=\"og:image\" content=\"https:\/\/positiveprints.com\/wp-content\/uploads\/2022\/10\/siblings-photo-wall-art.jpg\" \/>\n\t<meta property=\"og:image:width\" content=\"1080\" \/>\n\t<meta property=\"og:image:height\" content=\"1080\" \/>\n\t<meta property=\"og:image:type\" content=\"image\/jpeg\" \/>\n<meta name=\"twitter:card\" content=\"summary_large_image\" \/>\n<!-- \/ Yoast SEO Premium plugin. -->","yoast_head_json":{"title":"Fotoobraz Rodze\u0144stwa\u00a0 - Positive Prints","description":"Poka\u017c wyj\u0105tkow\u0105 wi\u0119\u017a mi\u0119dzy rodze\u0144stwem za pomoc\u0105 foto-plakatu. Podaruj swojemu rodze\u0144stwu wyj\u0105tkowy prezent w te \u015awi\u0119ta!","robots":{"index":"index","follow":"follow","max-snippet":"max-snippet:-1","max-image-preview":"max-image-preview:large","max-video-preview":"max-video-preview:-1"},"canonical":"https:\/\/positiveprints.com\/pl\/produkt\/plakat-ze-zdjeciem-rodzenstwa\/","og_locale":"pl_PL","og_type":"article","og_title":"Fotoobraz Rodze\u0144stwa\u00a0","og_description":"Przywo\u0142aj wspomnienia z dzieci\u0144stwa i uczcij wyj\u0105tkow\u0105 wi\u0119\u017a mi\u0119dzy rodze\u0144stwem za pomoc\u0105 ponadczasowego dzie\u0142a sztuki Dodaj osobisty akcent i spraw, by s\u0142owa uczyni\u0142y prezent prawdziwie wyj\u0105tkowym Spersonalizuj w 3 prostych krokach Interaktywny podgl\u0105d pozwoli dopracowa\u0107 ka\u017cdy szczeg\u00f3\u0142","og_url":"https:\/\/positiveprints.com\/pl\/produkt\/plakat-ze-zdjeciem-rodzenstwa\/","og_site_name":"Positive Prints","article_publisher":"https:\/\/www.facebook.com\/positiveprintscom","article_modified_time":"2026-04-18T05:25:18+00:00","og_image":[{"width":1080,"height":1080,"url":"https:\/\/positiveprints.com\/wp-content\/uploads\/2022\/10\/siblings-photo-wall-art.jpg","type":"image\/jpeg"}],"twitter_card":"summary_large_image","schema":{"@context":"https:\/\/schema.org","@graph":[{"@type":["WebPage","ItemPage"],"@id":"https:\/\/positiveprints.com\/pl\/produkt\/plakat-ze-zdjeciem-rodzenstwa\/","url":"https:\/\/positiveprints.com\/pl\/produkt\/plakat-ze-zdjeciem-rodzenstwa\/","name":"Fotoobraz Rodze\u0144stwa\u00a0 - Positive Prints","isPartOf":{"@id":"https:\/\/positiveprints.com\/pl\/#website"},"primaryImageOfPage":{"@id":"https:\/\/positiveprints.com\/pl\/produkt\/plakat-ze-zdjeciem-rodzenstwa\/#primaryimage"},"image":{"@id":"https:\/\/positiveprints.com\/pl\/produkt\/plakat-ze-zdjeciem-rodzenstwa\/#primaryimage"},"thumbnailUrl":"https:\/\/positiveprints.com\/wp-content\/uploads\/2022\/10\/siblings-photo-wall-art.jpg","datePublished":"2022-10-11T19:45:36+00:00","dateModified":"2026-04-18T05:25:18+00:00","description":"Poka\u017c wyj\u0105tkow\u0105 wi\u0119\u017a mi\u0119dzy rodze\u0144stwem za pomoc\u0105 foto-plakatu. Podaruj swojemu rodze\u0144stwu wyj\u0105tkowy prezent w te \u015awi\u0119ta!","breadcrumb":{"@id":"https:\/\/positiveprints.com\/pl\/produkt\/plakat-ze-zdjeciem-rodzenstwa\/#breadcrumb"},"inLanguage":"pl-PL","potentialAction":[{"@type":"ReadAction","target":["https:\/\/positiveprints.com\/pl\/produkt\/plakat-ze-zdjeciem-rodzenstwa\/"]}]},{"@type":"ImageObject","inLanguage":"pl-PL","@id":"https:\/\/positiveprints.com\/pl\/produkt\/plakat-ze-zdjeciem-rodzenstwa\/#primaryimage","url":"https:\/\/positiveprints.com\/wp-content\/uploads\/2022\/10\/siblings-photo-wall-art.jpg","contentUrl":"https:\/\/positiveprints.com\/wp-content\/uploads\/2022\/10\/siblings-photo-wall-art.jpg","width":1080,"height":1080,"caption":"No matter what your relationship with your siblings is like, chances are there\u2019s a lot of love there."},{"@type":"BreadcrumbList","@id":"https:\/\/positiveprints.com\/pl\/produkt\/plakat-ze-zdjeciem-rodzenstwa\/#breadcrumb","itemListElement":[{"@type":"ListItem","position":1,"name":"Home","item":"https:\/\/positiveprints.com\/pl\/"},{"@type":"ListItem","position":2,"name":"Produkty","item":"https:\/\/positiveprints.com\/pl\/shop\/"},{"@type":"ListItem","position":3,"name":"Fotoobraz Rodze\u0144stwa\u00a0"}]},{"@type":"WebSite","@id":"https:\/\/positiveprints.com\/pl\/#website","url":"https:\/\/positiveprints.com\/pl\/","name":"Positive Prints","description":"Amazing Custom Personalized Gifts","publisher":{"@id":"https:\/\/positiveprints.com\/pl\/#organization"},"potentialAction":[{"@type":"SearchAction","target":{"@type":"EntryPoint","urlTemplate":"https:\/\/positiveprints.com\/pl\/?s={search_term_string}"},"query-input":{"@type":"PropertyValueSpecification","valueRequired":true,"valueName":"search_term_string"}}],"inLanguage":"pl-PL"},{"@type":"Organization","@id":"https:\/\/positiveprints.com\/pl\/#organization","name":"Positive Prints","alternateName":"Positive Prints","url":"https:\/\/positiveprints.com\/pl\/","logo":{"@type":"ImageObject","inLanguage":"pl-PL","@id":"https:\/\/positiveprints.com\/pl\/#\/schema\/logo\/image\/","url":"https:\/\/positiveprints.com\/wp-content\/uploads\/2026\/03\/245815646_1337939713319158_5671353136411139666_n.png","contentUrl":"https:\/\/positiveprints.com\/wp-content\/uploads\/2026\/03\/245815646_1337939713319158_5671353136411139666_n.png","width":800,"height":800,"caption":"Positive Prints"},"image":{"@id":"https:\/\/positiveprints.com\/pl\/#\/schema\/logo\/image\/"},"sameAs":["https:\/\/www.facebook.com\/positiveprintscom","https:\/\/www.instagram.com\/positiveprintscom\/","https:\/\/www.tiktok.com\/@positiveprintscom","https:\/\/www.pinterest.com\/positiveprintscom\/"]}]}},"jetpack_sharing_enabled":true,"_links":{"self":[{"href":"https:\/\/positiveprints.com\/pl\/wp-json\/wp\/v2\/product\/380973","targetHints":{"allow":["GET"]}}],"collection":[{"href":"https:\/\/positiveprints.com\/pl\/wp-json\/wp\/v2\/product"}],"about":[{"href":"https:\/\/positiveprints.com\/pl\/wp-json\/wp\/v2\/types\/product"}],"wp:featuredmedia":[{"embeddable":true,"href":"https:\/\/positiveprints.com\/pl\/wp-json\/wp\/v2\/media\/355979"}],"wp:attachment":[{"href":"https:\/\/positiveprints.com\/pl\/wp-json\/wp\/v2\/media?parent=380973"}],"wp:term":[{"taxonomy":"product_brand","embeddable":true,"href":"https:\/\/positiveprints.com\/pl\/wp-json\/wp\/v2\/product_brand?post=380973"},{"taxonomy":"product_cat","embeddable":true,"href":"https:\/\/positiveprints.com\/pl\/wp-json\/wp\/v2\/product_cat?post=380973"},{"taxonomy":"product_tag","embeddable":true,"href":"https:\/\/positiveprints.com\/pl\/wp-json\/wp\/v2\/product_tag?post=380973"}],"curies":[{"name":"wp","href":"https:\/\/api.w.org\/{rel}","templated":true}]}}