{"id":376724,"date":"2022-10-07T20:04:56","date_gmt":"2022-10-07T19:04:56","guid":{"rendered":"https:\/\/positiveprints.com\/product\/tato-kocham-cie-jak-stad-do-ksiezyca\/"},"modified":"2026-04-03T03:26:23","modified_gmt":"2026-04-03T02:26:23","slug":"tato-kocham-cie-jak-stad-do-ksiezyca","status":"publish","type":"product","link":"https:\/\/positiveprints.com\/pl\/produkt\/tato-kocham-cie-jak-stad-do-ksiezyca\/","title":{"rendered":"Tato, Kocham Ci\u0119 Jak St\u0105d do Ksi\u0119\u017cyca"},"content":{"rendered":"<h2 class=\"grenB f24 cblue\" style=\"margin-top: 3rem\">Personalizowany plakat \u201eTato, Kocham Ci\u0119 Jak St\u0105d Do Ksi\u0119\u017cyca\u201d<\/h2>\r\n\r\n<p style=\"margin-top: 1rem\">Plakat z widokiem Ksi\u0119\u017cyca z dnia, gdy Tw\u00f3j tata zosta\u0142 ojcem po raz pierwszy, to naprawd\u0119 wyj\u0105tkowy prezent. Mo\u017cesz personalizowa\u0107 kolor, doda\u0107 osobisty tekst, a nawet zam\u00f3wi\u0107 w formie wydrukowanego plakatu, plakatu w ramce, wydruku na p\u0142\u00f3tnie lub natychmiastowego cyfrowego pliku do pobrania.<\/p>","protected":false},"excerpt":{"rendered":"<ul class=\"check-list\">\n<li>Odkryj faz\u0119 ksi\u0119\u017cyca dla dowolnej daty i lokalizacji<\/li>\n<li>Spersonalizuj w 3 prostych krokach<\/li>\n<li>Wybierz jedn\u0105 z efektownych wersji kolorystycznych<\/li>\n<li>Interaktywny podgl\u0105d pozwoli dopracowa\u0107 ka\u017cdy szczeg\u00f3\u0142<\/li>\n<\/ul>\n","protected":false},"featured_media":1460792,"template":"","meta":[],"product_brand":[],"product_cat":[11406,7978,7339,7207,5271],"product_tag":[8556,11763],"class_list":{"0":"post-376724","1":"product","2":"type-product","3":"status-publish","4":"has-post-thumbnail","6":"product_cat-prezenty-pod-choinke-dla-taty","7":"product_cat-prezent-dla-taty","8":"product_cat-prezenty-na-dzien-ojca","9":"product_cat-moon-pl","10":"product_cat-prezent-na-boze-narodzenie","11":"product_tag-father-pl","12":"product_tag-prezenty-pod-choinke-dla-taty","14":"first","15":"instock","16":"sale","17":"taxable","18":"shipping-taxable","19":"purchasable","20":"product-type-variable"},"yoast_head":"<!-- This site is optimized with the Yoast SEO Premium plugin v27.2 (Yoast SEO v27.2) - https:\/\/yoast.com\/product\/yoast-seo-premium-wordpress\/ -->\n<title>Tato, Kocham Ci\u0119 Jak St\u0105d Do Ksi\u0119\u017cyca - Positive Prints<\/title>\n<meta name=\"description\" content=\"Tato, Kocham Ci\u0119 Jak St\u0105d Do Ksi\u0119\u017cyca. Plakat z widokiem Ksi\u0119\u017cyca z dnia, gdy Tw\u00f3j tata zosta\u0142 ojcem po raz pierwszy, to naprawd\u0119 wyj\u0105tkowy prezent.\" \/>\n<meta name=\"robots\" content=\"index, follow, max-snippet:-1, max-image-preview:large, max-video-preview:-1\" \/>\n<link rel=\"canonical\" href=\"https:\/\/positiveprints.com\/pl\/produkt\/tato-kocham-cie-jak-stad-do-ksiezyca\/\" \/>\n<meta property=\"og:locale\" content=\"pl_PL\" \/>\n<meta property=\"og:type\" content=\"article\" \/>\n<meta property=\"og:title\" content=\"Tato, Kocham Ci\u0119 Jak St\u0105d do Ksi\u0119\u017cyca\" \/>\n<meta property=\"og:description\" content=\"Odkryj faz\u0119 ksi\u0119\u017cyca dla dowolnej daty i lokalizacji  Spersonalizuj w 3 prostych krokach  Wybierz jedn\u0105 z efektownych wersji kolorystycznych  Interaktywny podgl\u0105d pozwoli dopracowa\u0107 ka\u017cdy szczeg\u00f3\u0142\" \/>\n<meta property=\"og:url\" content=\"https:\/\/positiveprints.com\/pl\/produkt\/tato-kocham-cie-jak-stad-do-ksiezyca\/\" \/>\n<meta property=\"og:site_name\" content=\"Positive Prints\" \/>\n<meta property=\"article:publisher\" content=\"https:\/\/www.facebook.com\/positiveprintscom\" \/>\n<meta property=\"article:modified_time\" content=\"2026-04-03T02:26:23+00:00\" \/>\n<meta property=\"og:image\" content=\"https:\/\/positiveprints.com\/wp-content\/uploads\/2022\/10\/Packshot_PL_Tato-Kocham-Cie\u0328-Jak-Sta\u0328d-do-Ksie\u0328z\u0307yca.webp\" \/>\n\t<meta property=\"og:image:width\" content=\"1450\" \/>\n\t<meta property=\"og:image:height\" content=\"1450\" \/>\n\t<meta property=\"og:image:type\" content=\"image\/webp\" \/>\n<meta name=\"twitter:card\" content=\"summary_large_image\" \/>\n<meta name=\"twitter:label1\" content=\"Szacowany czas czytania\" \/>\n\t<meta name=\"twitter:data1\" content=\"1 minuta\" \/>\n<!-- \/ Yoast SEO Premium plugin. -->","yoast_head_json":{"title":"Tato, Kocham Ci\u0119 Jak St\u0105d Do Ksi\u0119\u017cyca - Positive Prints","description":"Tato, Kocham Ci\u0119 Jak St\u0105d Do Ksi\u0119\u017cyca. Plakat z widokiem Ksi\u0119\u017cyca z dnia, gdy Tw\u00f3j tata zosta\u0142 ojcem po raz pierwszy, to naprawd\u0119 wyj\u0105tkowy prezent.","robots":{"index":"index","follow":"follow","max-snippet":"max-snippet:-1","max-image-preview":"max-image-preview:large","max-video-preview":"max-video-preview:-1"},"canonical":"https:\/\/positiveprints.com\/pl\/produkt\/tato-kocham-cie-jak-stad-do-ksiezyca\/","og_locale":"pl_PL","og_type":"article","og_title":"Tato, Kocham Ci\u0119 Jak St\u0105d do Ksi\u0119\u017cyca","og_description":"Odkryj faz\u0119 ksi\u0119\u017cyca dla dowolnej daty i lokalizacji  Spersonalizuj w 3 prostych krokach  Wybierz jedn\u0105 z efektownych wersji kolorystycznych  Interaktywny podgl\u0105d pozwoli dopracowa\u0107 ka\u017cdy szczeg\u00f3\u0142","og_url":"https:\/\/positiveprints.com\/pl\/produkt\/tato-kocham-cie-jak-stad-do-ksiezyca\/","og_site_name":"Positive Prints","article_publisher":"https:\/\/www.facebook.com\/positiveprintscom","article_modified_time":"2026-04-03T02:26:23+00:00","og_image":[{"width":1450,"height":1450,"url":"https:\/\/positiveprints.com\/wp-content\/uploads\/2022\/10\/Packshot_PL_Tato-Kocham-Cie\u0328-Jak-Sta\u0328d-do-Ksie\u0328z\u0307yca.webp","type":"image\/webp"}],"twitter_card":"summary_large_image","twitter_misc":{"Szacowany czas czytania":"1 minuta"},"schema":{"@context":"https:\/\/schema.org","@graph":[{"@type":["WebPage","ItemPage"],"@id":"https:\/\/positiveprints.com\/pl\/produkt\/tato-kocham-cie-jak-stad-do-ksiezyca\/","url":"https:\/\/positiveprints.com\/pl\/produkt\/tato-kocham-cie-jak-stad-do-ksiezyca\/","name":"Tato, Kocham Ci\u0119 Jak St\u0105d Do Ksi\u0119\u017cyca - Positive Prints","isPartOf":{"@id":"https:\/\/positiveprints.com\/pl\/#website"},"primaryImageOfPage":{"@id":"https:\/\/positiveprints.com\/pl\/produkt\/tato-kocham-cie-jak-stad-do-ksiezyca\/#primaryimage"},"image":{"@id":"https:\/\/positiveprints.com\/pl\/produkt\/tato-kocham-cie-jak-stad-do-ksiezyca\/#primaryimage"},"thumbnailUrl":"https:\/\/positiveprints.com\/wp-content\/uploads\/2022\/10\/Packshot_PL_Tato-Kocham-Cie\u0328-Jak-Sta\u0328d-do-Ksie\u0328z\u0307yca.webp","datePublished":"2022-10-07T19:04:56+00:00","dateModified":"2026-04-03T02:26:23+00:00","description":"Tato, Kocham Ci\u0119 Jak St\u0105d Do Ksi\u0119\u017cyca. Plakat z widokiem Ksi\u0119\u017cyca z dnia, gdy Tw\u00f3j tata zosta\u0142 ojcem po raz pierwszy, to naprawd\u0119 wyj\u0105tkowy prezent.","breadcrumb":{"@id":"https:\/\/positiveprints.com\/pl\/produkt\/tato-kocham-cie-jak-stad-do-ksiezyca\/#breadcrumb"},"inLanguage":"pl-PL","potentialAction":[{"@type":"ReadAction","target":["https:\/\/positiveprints.com\/pl\/produkt\/tato-kocham-cie-jak-stad-do-ksiezyca\/"]}]},{"@type":"ImageObject","inLanguage":"pl-PL","@id":"https:\/\/positiveprints.com\/pl\/produkt\/tato-kocham-cie-jak-stad-do-ksiezyca\/#primaryimage","url":"https:\/\/positiveprints.com\/wp-content\/uploads\/2022\/10\/Packshot_PL_Tato-Kocham-Cie\u0328-Jak-Sta\u0328d-do-Ksie\u0328z\u0307yca.webp","contentUrl":"https:\/\/positiveprints.com\/wp-content\/uploads\/2022\/10\/Packshot_PL_Tato-Kocham-Cie\u0328-Jak-Sta\u0328d-do-Ksie\u0328z\u0307yca.webp","width":1450,"height":1450,"caption":"Packshot_PL_Tato, Kocham Cie\u0328 Jak Sta\u0328d do Ksie\u0328z\u0307yca"},{"@type":"BreadcrumbList","@id":"https:\/\/positiveprints.com\/pl\/produkt\/tato-kocham-cie-jak-stad-do-ksiezyca\/#breadcrumb","itemListElement":[{"@type":"ListItem","position":1,"name":"Home","item":"https:\/\/positiveprints.com\/pl\/"},{"@type":"ListItem","position":2,"name":"Produkty","item":"https:\/\/positiveprints.com\/pl\/shop\/"},{"@type":"ListItem","position":3,"name":"Tato, Kocham Ci\u0119 Jak St\u0105d do Ksi\u0119\u017cyca"}]},{"@type":"WebSite","@id":"https:\/\/positiveprints.com\/pl\/#website","url":"https:\/\/positiveprints.com\/pl\/","name":"Positive Prints","description":"Amazing Custom Personalized Gifts","publisher":{"@id":"https:\/\/positiveprints.com\/pl\/#organization"},"potentialAction":[{"@type":"SearchAction","target":{"@type":"EntryPoint","urlTemplate":"https:\/\/positiveprints.com\/pl\/?s={search_term_string}"},"query-input":{"@type":"PropertyValueSpecification","valueRequired":true,"valueName":"search_term_string"}}],"inLanguage":"pl-PL"},{"@type":"Organization","@id":"https:\/\/positiveprints.com\/pl\/#organization","name":"Positive Prints","alternateName":"Positive Prints","url":"https:\/\/positiveprints.com\/pl\/","logo":{"@type":"ImageObject","inLanguage":"pl-PL","@id":"https:\/\/positiveprints.com\/pl\/#\/schema\/logo\/image\/","url":"https:\/\/positiveprints.com\/wp-content\/uploads\/2026\/03\/245815646_1337939713319158_5671353136411139666_n.png","contentUrl":"https:\/\/positiveprints.com\/wp-content\/uploads\/2026\/03\/245815646_1337939713319158_5671353136411139666_n.png","width":800,"height":800,"caption":"Positive Prints"},"image":{"@id":"https:\/\/positiveprints.com\/pl\/#\/schema\/logo\/image\/"},"sameAs":["https:\/\/www.facebook.com\/positiveprintscom","https:\/\/www.instagram.com\/positiveprintscom\/","https:\/\/www.tiktok.com\/@positiveprintscom","https:\/\/www.pinterest.com\/positiveprintscom\/"]}]}},"jetpack_sharing_enabled":true,"_links":{"self":[{"href":"https:\/\/positiveprints.com\/pl\/wp-json\/wp\/v2\/product\/376724","targetHints":{"allow":["GET"]}}],"collection":[{"href":"https:\/\/positiveprints.com\/pl\/wp-json\/wp\/v2\/product"}],"about":[{"href":"https:\/\/positiveprints.com\/pl\/wp-json\/wp\/v2\/types\/product"}],"wp:featuredmedia":[{"embeddable":true,"href":"https:\/\/positiveprints.com\/pl\/wp-json\/wp\/v2\/media\/1460792"}],"wp:attachment":[{"href":"https:\/\/positiveprints.com\/pl\/wp-json\/wp\/v2\/media?parent=376724"}],"wp:term":[{"taxonomy":"product_brand","embeddable":true,"href":"https:\/\/positiveprints.com\/pl\/wp-json\/wp\/v2\/product_brand?post=376724"},{"taxonomy":"product_cat","embeddable":true,"href":"https:\/\/positiveprints.com\/pl\/wp-json\/wp\/v2\/product_cat?post=376724"},{"taxonomy":"product_tag","embeddable":true,"href":"https:\/\/positiveprints.com\/pl\/wp-json\/wp\/v2\/product_tag?post=376724"}],"curies":[{"name":"wp","href":"https:\/\/api.w.org\/{rel}","templated":true}]}}