{"id":376546,"date":"2022-10-06T21:17:27","date_gmt":"2022-10-06T20:17:27","guid":{"rendered":"https:\/\/positiveprints.com\/product\/i-zyli-dlugo-i-szczesliwie\/"},"modified":"2026-04-23T11:42:33","modified_gmt":"2026-04-23T10:42:33","slug":"i-zyli-dlugo-i-szczesliwie","status":"publish","type":"product","link":"https:\/\/positiveprints.com\/pl\/produkt\/i-zyli-dlugo-i-szczesliwie\/","title":{"rendered":"Spotkanie \u015alub Mieszkanie"},"content":{"rendered":"<p>Opowiedz Wasz\u0105 histori\u0119 w oryginalny spos\u00f3b \u2013 zaprojektuj plakat z trzema mapami: miejsca pierwszego spotkania, zar\u0119czyn oraz \u015blubu.<\/p>","protected":false},"excerpt":{"rendered":"<ul class=\"check-list\">\n<li>Wyr\u00f3\u017cnij szczeg\u00f3lne lokalizacje za pomoc\u0105 symbolu<\/li>\n<li>Spersonalizuj w 3 prostych krokach<\/li>\n<li>Dodaj dedykacj\u0119 prosto z serca<\/li>\n<li>Interaktywny podgl\u0105d pozwoli dopracowa\u0107 ka\u017cdy szczeg\u00f3\u0142<\/li>\n<\/ul>\n","protected":false},"featured_media":1321346,"template":"","meta":[],"product_brand":[],"product_cat":[5296,8010,7690,7225],"product_tag":[14975,8375],"class_list":{"0":"post-376546","1":"product","2":"type-product","3":"status-publish","4":"has-post-thumbnail","6":"product_cat-prezent-na-parapetowke","7":"product_cat-prezent-dla-mezczyzny","8":"product_cat-prezent-dla-kobiety","9":"product_cat-triple-maps-pl","10":"product_tag-anniversary-pl","11":"product_tag-rocznica","13":"first","14":"instock","15":"sale","16":"taxable","17":"shipping-taxable","18":"purchasable","19":"product-type-variable"},"yoast_head":"<!-- This site is optimized with the Yoast SEO Premium plugin v27.2 (Yoast SEO v27.2) - https:\/\/yoast.com\/product\/yoast-seo-premium-wordpress\/ -->\n<title>Spotkanie \u015alub Mieszkanie - Positive Prints<\/title>\n<meta name=\"description\" content=\"Opowiedz Wasz\u0105 histori\u0119 w oryginalny spos\u00f3b \u2013 zaprojektuj plakat z trzema mapami: miejsca pierwszego spotkania, zar\u0119czyn oraz \u015blubu.\" \/>\n<meta name=\"robots\" content=\"index, follow, max-snippet:-1, max-image-preview:large, max-video-preview:-1\" \/>\n<link rel=\"canonical\" href=\"https:\/\/positiveprints.com\/pl\/produkt\/i-zyli-dlugo-i-szczesliwie\/\" \/>\n<meta property=\"og:locale\" content=\"pl_PL\" \/>\n<meta property=\"og:type\" content=\"article\" \/>\n<meta property=\"og:title\" content=\"Spotkanie \u015alub Mieszkanie\" \/>\n<meta property=\"og:description\" content=\"Wyr\u00f3\u017cnij szczeg\u00f3lne lokalizacje za pomoc\u0105 symbolu  Spersonalizuj w 3 prostych krokach  Dodaj dedykacj\u0119 prosto z serca  Interaktywny podgl\u0105d pozwoli dopracowa\u0107 ka\u017cdy szczeg\u00f3\u0142\" \/>\n<meta property=\"og:url\" content=\"https:\/\/positiveprints.com\/pl\/produkt\/i-zyli-dlugo-i-szczesliwie\/\" \/>\n<meta property=\"og:site_name\" content=\"Positive Prints\" \/>\n<meta property=\"article:publisher\" content=\"https:\/\/www.facebook.com\/positiveprintscom\" \/>\n<meta property=\"article:modified_time\" content=\"2026-04-23T10:42:33+00:00\" \/>\n<meta property=\"og:image\" content=\"https:\/\/positiveprints.com\/wp-content\/uploads\/2022\/10\/Spotkanie-S\u0301lub-Mieszkanie.webp\" \/>\n\t<meta property=\"og:image:width\" content=\"1450\" \/>\n\t<meta property=\"og:image:height\" content=\"1450\" \/>\n\t<meta property=\"og:image:type\" content=\"image\/webp\" \/>\n<meta name=\"twitter:card\" content=\"summary_large_image\" \/>\n<!-- \/ Yoast SEO Premium plugin. -->","yoast_head_json":{"title":"Spotkanie \u015alub Mieszkanie - Positive Prints","description":"Opowiedz Wasz\u0105 histori\u0119 w oryginalny spos\u00f3b \u2013 zaprojektuj plakat z trzema mapami: miejsca pierwszego spotkania, zar\u0119czyn oraz \u015blubu.","robots":{"index":"index","follow":"follow","max-snippet":"max-snippet:-1","max-image-preview":"max-image-preview:large","max-video-preview":"max-video-preview:-1"},"canonical":"https:\/\/positiveprints.com\/pl\/produkt\/i-zyli-dlugo-i-szczesliwie\/","og_locale":"pl_PL","og_type":"article","og_title":"Spotkanie \u015alub Mieszkanie","og_description":"Wyr\u00f3\u017cnij szczeg\u00f3lne lokalizacje za pomoc\u0105 symbolu  Spersonalizuj w 3 prostych krokach  Dodaj dedykacj\u0119 prosto z serca  Interaktywny podgl\u0105d pozwoli dopracowa\u0107 ka\u017cdy szczeg\u00f3\u0142","og_url":"https:\/\/positiveprints.com\/pl\/produkt\/i-zyli-dlugo-i-szczesliwie\/","og_site_name":"Positive Prints","article_publisher":"https:\/\/www.facebook.com\/positiveprintscom","article_modified_time":"2026-04-23T10:42:33+00:00","og_image":[{"width":1450,"height":1450,"url":"https:\/\/positiveprints.com\/wp-content\/uploads\/2022\/10\/Spotkanie-S\u0301lub-Mieszkanie.webp","type":"image\/webp"}],"twitter_card":"summary_large_image","schema":{"@context":"https:\/\/schema.org","@graph":[{"@type":["WebPage","ItemPage"],"@id":"https:\/\/positiveprints.com\/pl\/produkt\/i-zyli-dlugo-i-szczesliwie\/","url":"https:\/\/positiveprints.com\/pl\/produkt\/i-zyli-dlugo-i-szczesliwie\/","name":"Spotkanie \u015alub Mieszkanie - Positive Prints","isPartOf":{"@id":"https:\/\/positiveprints.com\/pl\/#website"},"primaryImageOfPage":{"@id":"https:\/\/positiveprints.com\/pl\/produkt\/i-zyli-dlugo-i-szczesliwie\/#primaryimage"},"image":{"@id":"https:\/\/positiveprints.com\/pl\/produkt\/i-zyli-dlugo-i-szczesliwie\/#primaryimage"},"thumbnailUrl":"https:\/\/positiveprints.com\/wp-content\/uploads\/2022\/10\/Spotkanie-S\u0301lub-Mieszkanie.webp","datePublished":"2022-10-06T20:17:27+00:00","dateModified":"2026-04-23T10:42:33+00:00","description":"Opowiedz Wasz\u0105 histori\u0119 w oryginalny spos\u00f3b \u2013 zaprojektuj plakat z trzema mapami: miejsca pierwszego spotkania, zar\u0119czyn oraz \u015blubu.","breadcrumb":{"@id":"https:\/\/positiveprints.com\/pl\/produkt\/i-zyli-dlugo-i-szczesliwie\/#breadcrumb"},"inLanguage":"pl-PL","potentialAction":[{"@type":"ReadAction","target":["https:\/\/positiveprints.com\/pl\/produkt\/i-zyli-dlugo-i-szczesliwie\/"]}]},{"@type":"ImageObject","inLanguage":"pl-PL","@id":"https:\/\/positiveprints.com\/pl\/produkt\/i-zyli-dlugo-i-szczesliwie\/#primaryimage","url":"https:\/\/positiveprints.com\/wp-content\/uploads\/2022\/10\/Spotkanie-S\u0301lub-Mieszkanie.webp","contentUrl":"https:\/\/positiveprints.com\/wp-content\/uploads\/2022\/10\/Spotkanie-S\u0301lub-Mieszkanie.webp","width":1450,"height":1450,"caption":"Spotkanie \u015alub Mieszkanie"},{"@type":"BreadcrumbList","@id":"https:\/\/positiveprints.com\/pl\/produkt\/i-zyli-dlugo-i-szczesliwie\/#breadcrumb","itemListElement":[{"@type":"ListItem","position":1,"name":"Home","item":"https:\/\/positiveprints.com\/pl\/"},{"@type":"ListItem","position":2,"name":"Produkty","item":"https:\/\/positiveprints.com\/pl\/shop\/"},{"@type":"ListItem","position":3,"name":"Spotkanie \u015alub Mieszkanie"}]},{"@type":"WebSite","@id":"https:\/\/positiveprints.com\/pl\/#website","url":"https:\/\/positiveprints.com\/pl\/","name":"Positive Prints","description":"Amazing Custom Personalized Gifts","publisher":{"@id":"https:\/\/positiveprints.com\/pl\/#organization"},"potentialAction":[{"@type":"SearchAction","target":{"@type":"EntryPoint","urlTemplate":"https:\/\/positiveprints.com\/pl\/?s={search_term_string}"},"query-input":{"@type":"PropertyValueSpecification","valueRequired":true,"valueName":"search_term_string"}}],"inLanguage":"pl-PL"},{"@type":"Organization","@id":"https:\/\/positiveprints.com\/pl\/#organization","name":"Positive Prints","alternateName":"Positive Prints","url":"https:\/\/positiveprints.com\/pl\/","logo":{"@type":"ImageObject","inLanguage":"pl-PL","@id":"https:\/\/positiveprints.com\/pl\/#\/schema\/logo\/image\/","url":"https:\/\/positiveprints.com\/wp-content\/uploads\/2026\/03\/245815646_1337939713319158_5671353136411139666_n.png","contentUrl":"https:\/\/positiveprints.com\/wp-content\/uploads\/2026\/03\/245815646_1337939713319158_5671353136411139666_n.png","width":800,"height":800,"caption":"Positive Prints"},"image":{"@id":"https:\/\/positiveprints.com\/pl\/#\/schema\/logo\/image\/"},"sameAs":["https:\/\/www.facebook.com\/positiveprintscom","https:\/\/www.instagram.com\/positiveprintscom\/","https:\/\/www.tiktok.com\/@positiveprintscom","https:\/\/www.pinterest.com\/positiveprintscom\/"]}]}},"jetpack_sharing_enabled":true,"_links":{"self":[{"href":"https:\/\/positiveprints.com\/pl\/wp-json\/wp\/v2\/product\/376546","targetHints":{"allow":["GET"]}}],"collection":[{"href":"https:\/\/positiveprints.com\/pl\/wp-json\/wp\/v2\/product"}],"about":[{"href":"https:\/\/positiveprints.com\/pl\/wp-json\/wp\/v2\/types\/product"}],"wp:featuredmedia":[{"embeddable":true,"href":"https:\/\/positiveprints.com\/pl\/wp-json\/wp\/v2\/media\/1321346"}],"wp:attachment":[{"href":"https:\/\/positiveprints.com\/pl\/wp-json\/wp\/v2\/media?parent=376546"}],"wp:term":[{"taxonomy":"product_brand","embeddable":true,"href":"https:\/\/positiveprints.com\/pl\/wp-json\/wp\/v2\/product_brand?post=376546"},{"taxonomy":"product_cat","embeddable":true,"href":"https:\/\/positiveprints.com\/pl\/wp-json\/wp\/v2\/product_cat?post=376546"},{"taxonomy":"product_tag","embeddable":true,"href":"https:\/\/positiveprints.com\/pl\/wp-json\/wp\/v2\/product_tag?post=376546"}],"curies":[{"name":"wp","href":"https:\/\/api.w.org\/{rel}","templated":true}]}}