{"id":375844,"date":"2022-10-11T14:55:34","date_gmt":"2022-10-11T13:55:34","guid":{"rendered":"https:\/\/positiveprints.com\/product\/fotoobraz-milosc\/"},"modified":"2026-04-18T06:26:41","modified_gmt":"2026-04-18T05:26:41","slug":"fotoobraz-milosc","status":"publish","type":"product","link":"https:\/\/positiveprints.com\/pl\/produkt\/fotoobraz-milosc\/","title":{"rendered":"Fotoobraz Mi\u0142o\u015b\u0107"},"content":{"rendered":"<p>Mi\u0142o\u015b\u0107 to uczucie silnego przywi\u0105zania lub podziwu i troski o kogo\u015b. Kiedy kogo\u015b kochasz, dbasz o ich dobro i cz\u0119sto stawiasz ich potrzeby ponad swoje w\u0142asne. Mi\u0142o\u015b\u0107 jest cz\u0119sto opisywana jako rzeczownik, ale mo\u017ce by\u0107 r\u00f3wnie\u017c postrzegana jako czasownik \u2013 czynno\u015b\u0107, kt\u00f3ra wymaga wysi\u0142ku i czasu.<\/p>","protected":false},"excerpt":{"rendered":"<ul class=\"check-list\">\n<li>Dodaj szczypt\u0119 mi\u0142o\u015bci do swojego domu: wyeksponuj ulubione wspomnienia z ukochan\u0105 osob\u0105<\/li>\n<li>Dodaj osobisty akcent i spraw, by s\u0142owa uczyni\u0142y prezent prawdziwie wyj\u0105tkowym<\/li>\n<li>Spersonalizuj w 3 prostych krokach<\/li>\n<li>Interaktywny podgl\u0105d pozwoli dopracowa\u0107 ka\u017cdy szczeg\u00f3\u0142<\/li>\n<\/ul>\n","protected":false},"featured_media":355667,"template":"","meta":[],"product_brand":[],"product_cat":[8190,8206,7500,7929,5271,11410,11411,11407,11403,11417,11412,8010,7675,7643,7690,7786,7753,7802],"product_tag":[9125,11756,11770,11817,11816,11815,11813],"class_list":{"0":"post-375844","1":"product","2":"type-product","3":"status-publish","4":"has-post-thumbnail","6":"product_cat-dla-niej","7":"product_cat-dla-niego","8":"product_cat-foto-pl","9":"product_cat-prezent-na-wieczor-panienski","10":"product_cat-prezent-na-boze-narodzenie","11":"product_cat-prezenty-pod-choinke-dla-niej","12":"product_cat-prezenty-pod-choinke-dla-niego","13":"product_cat-prezenty-pod-choinke-dla-dziewczyny","14":"product_cat-prezenty-pod-choinke-dla-chlopaka","15":"product_cat-prezenty-pod-choinke-dla-zony","16":"product_cat-prezenty-pod-choinke-dla-meza","17":"product_cat-prezent-dla-mezczyzny","18":"product_cat-prezent-dla-chlopaka","19":"product_cat-prezent-dla-meza","20":"product_cat-prezent-dla-kobiety","21":"product_cat-prezent-dla-dziewczyny","22":"product_cat-prezent-dla-zony","23":"product_cat-prezent-dla-pary","24":"product_tag-couples-pl-2","25":"product_tag-prezenty-pod-choinke-dla-chlopaka","26":"product_tag-prezenty-pod-choinke-dla-dziewczyny","27":"product_tag-prezenty-pod-choinke-dla-meza","28":"product_tag-prezenty-pod-choinke-dla-niego","29":"product_tag-prezenty-pod-choinke-dla-niej","30":"product_tag-prezenty-pod-choinke-dla-zony","32":"first","33":"instock","34":"sale","35":"taxable","36":"shipping-taxable","37":"purchasable","38":"product-type-variable"},"yoast_head":"<!-- This site is optimized with the Yoast SEO Premium plugin v27.2 (Yoast SEO v27.2) - https:\/\/yoast.com\/product\/yoast-seo-premium-wordpress\/ -->\n<title>Fotoobraz Mi\u0142o\u015b\u0107 - Positive Prints<\/title>\n<meta name=\"description\" content=\"Mi\u0142o\u015b\u0107 to uczucie silnego przywi\u0105zania lub podziwu i troski o kogo\u015b. Kiedy kogo\u015b kochasz, dbasz o ich dobro i cz\u0119sto stawiasz ich potrzeby ponad swoje w\u0142asne.\" \/>\n<meta name=\"robots\" content=\"index, follow, max-snippet:-1, max-image-preview:large, max-video-preview:-1\" \/>\n<link rel=\"canonical\" href=\"https:\/\/positiveprints.com\/pl\/produkt\/fotoobraz-milosc\/\" \/>\n<meta property=\"og:locale\" content=\"pl_PL\" \/>\n<meta property=\"og:type\" content=\"article\" \/>\n<meta property=\"og:title\" content=\"Fotoobraz Mi\u0142o\u015b\u0107\" \/>\n<meta property=\"og:description\" content=\"Dodaj szczypt\u0119 mi\u0142o\u015bci do swojego domu: wyeksponuj ulubione wspomnienia z ukochan\u0105 osob\u0105 Dodaj osobisty akcent i spraw, by s\u0142owa uczyni\u0142y prezent prawdziwie wyj\u0105tkowym Spersonalizuj w 3 prostych krokach Interaktywny podgl\u0105d pozwoli dopracowa\u0107 ka\u017cdy szczeg\u00f3\u0142\" \/>\n<meta property=\"og:url\" content=\"https:\/\/positiveprints.com\/pl\/produkt\/fotoobraz-milosc\/\" \/>\n<meta property=\"og:site_name\" content=\"Positive Prints\" \/>\n<meta property=\"article:publisher\" content=\"https:\/\/www.facebook.com\/positiveprintscom\" \/>\n<meta property=\"article:modified_time\" content=\"2026-04-18T05:26:41+00:00\" \/>\n<meta property=\"og:image\" content=\"https:\/\/positiveprints.com\/wp-content\/uploads\/2022\/10\/love-photo-art.jpg\" \/>\n\t<meta property=\"og:image:width\" content=\"1080\" \/>\n\t<meta property=\"og:image:height\" content=\"1080\" \/>\n\t<meta property=\"og:image:type\" content=\"image\/jpeg\" \/>\n<meta name=\"twitter:card\" content=\"summary_large_image\" \/>\n<meta name=\"twitter:label1\" content=\"Szacowany czas czytania\" \/>\n\t<meta name=\"twitter:data1\" content=\"1 minuta\" \/>\n<!-- \/ Yoast SEO Premium plugin. -->","yoast_head_json":{"title":"Fotoobraz Mi\u0142o\u015b\u0107 - Positive Prints","description":"Mi\u0142o\u015b\u0107 to uczucie silnego przywi\u0105zania lub podziwu i troski o kogo\u015b. Kiedy kogo\u015b kochasz, dbasz o ich dobro i cz\u0119sto stawiasz ich potrzeby ponad swoje w\u0142asne.","robots":{"index":"index","follow":"follow","max-snippet":"max-snippet:-1","max-image-preview":"max-image-preview:large","max-video-preview":"max-video-preview:-1"},"canonical":"https:\/\/positiveprints.com\/pl\/produkt\/fotoobraz-milosc\/","og_locale":"pl_PL","og_type":"article","og_title":"Fotoobraz Mi\u0142o\u015b\u0107","og_description":"Dodaj szczypt\u0119 mi\u0142o\u015bci do swojego domu: wyeksponuj ulubione wspomnienia z ukochan\u0105 osob\u0105 Dodaj osobisty akcent i spraw, by s\u0142owa uczyni\u0142y prezent prawdziwie wyj\u0105tkowym Spersonalizuj w 3 prostych krokach Interaktywny podgl\u0105d pozwoli dopracowa\u0107 ka\u017cdy szczeg\u00f3\u0142","og_url":"https:\/\/positiveprints.com\/pl\/produkt\/fotoobraz-milosc\/","og_site_name":"Positive Prints","article_publisher":"https:\/\/www.facebook.com\/positiveprintscom","article_modified_time":"2026-04-18T05:26:41+00:00","og_image":[{"width":1080,"height":1080,"url":"https:\/\/positiveprints.com\/wp-content\/uploads\/2022\/10\/love-photo-art.jpg","type":"image\/jpeg"}],"twitter_card":"summary_large_image","twitter_misc":{"Szacowany czas czytania":"1 minuta"},"schema":{"@context":"https:\/\/schema.org","@graph":[{"@type":["WebPage","ItemPage"],"@id":"https:\/\/positiveprints.com\/pl\/produkt\/fotoobraz-milosc\/","url":"https:\/\/positiveprints.com\/pl\/produkt\/fotoobraz-milosc\/","name":"Fotoobraz Mi\u0142o\u015b\u0107 - Positive Prints","isPartOf":{"@id":"https:\/\/positiveprints.com\/pl\/#website"},"primaryImageOfPage":{"@id":"https:\/\/positiveprints.com\/pl\/produkt\/fotoobraz-milosc\/#primaryimage"},"image":{"@id":"https:\/\/positiveprints.com\/pl\/produkt\/fotoobraz-milosc\/#primaryimage"},"thumbnailUrl":"https:\/\/positiveprints.com\/wp-content\/uploads\/2022\/10\/love-photo-art.jpg","datePublished":"2022-10-11T13:55:34+00:00","dateModified":"2026-04-18T05:26:41+00:00","description":"Mi\u0142o\u015b\u0107 to uczucie silnego przywi\u0105zania lub podziwu i troski o kogo\u015b. Kiedy kogo\u015b kochasz, dbasz o ich dobro i cz\u0119sto stawiasz ich potrzeby ponad swoje w\u0142asne.","breadcrumb":{"@id":"https:\/\/positiveprints.com\/pl\/produkt\/fotoobraz-milosc\/#breadcrumb"},"inLanguage":"pl-PL","potentialAction":[{"@type":"ReadAction","target":["https:\/\/positiveprints.com\/pl\/produkt\/fotoobraz-milosc\/"]}]},{"@type":"ImageObject","inLanguage":"pl-PL","@id":"https:\/\/positiveprints.com\/pl\/produkt\/fotoobraz-milosc\/#primaryimage","url":"https:\/\/positiveprints.com\/wp-content\/uploads\/2022\/10\/love-photo-art.jpg","contentUrl":"https:\/\/positiveprints.com\/wp-content\/uploads\/2022\/10\/love-photo-art.jpg","width":1080,"height":1080,"caption":"This unique gift allows you to upload your own photo and add text for a truly custom gift."},{"@type":"BreadcrumbList","@id":"https:\/\/positiveprints.com\/pl\/produkt\/fotoobraz-milosc\/#breadcrumb","itemListElement":[{"@type":"ListItem","position":1,"name":"Home","item":"https:\/\/positiveprints.com\/pl\/"},{"@type":"ListItem","position":2,"name":"Produkty","item":"https:\/\/positiveprints.com\/pl\/shop\/"},{"@type":"ListItem","position":3,"name":"Fotoobraz Mi\u0142o\u015b\u0107"}]},{"@type":"WebSite","@id":"https:\/\/positiveprints.com\/pl\/#website","url":"https:\/\/positiveprints.com\/pl\/","name":"Positive Prints","description":"Amazing Custom Personalized Gifts","publisher":{"@id":"https:\/\/positiveprints.com\/pl\/#organization"},"potentialAction":[{"@type":"SearchAction","target":{"@type":"EntryPoint","urlTemplate":"https:\/\/positiveprints.com\/pl\/?s={search_term_string}"},"query-input":{"@type":"PropertyValueSpecification","valueRequired":true,"valueName":"search_term_string"}}],"inLanguage":"pl-PL"},{"@type":"Organization","@id":"https:\/\/positiveprints.com\/pl\/#organization","name":"Positive Prints","alternateName":"Positive Prints","url":"https:\/\/positiveprints.com\/pl\/","logo":{"@type":"ImageObject","inLanguage":"pl-PL","@id":"https:\/\/positiveprints.com\/pl\/#\/schema\/logo\/image\/","url":"https:\/\/positiveprints.com\/wp-content\/uploads\/2026\/03\/245815646_1337939713319158_5671353136411139666_n.png","contentUrl":"https:\/\/positiveprints.com\/wp-content\/uploads\/2026\/03\/245815646_1337939713319158_5671353136411139666_n.png","width":800,"height":800,"caption":"Positive Prints"},"image":{"@id":"https:\/\/positiveprints.com\/pl\/#\/schema\/logo\/image\/"},"sameAs":["https:\/\/www.facebook.com\/positiveprintscom","https:\/\/www.instagram.com\/positiveprintscom\/","https:\/\/www.tiktok.com\/@positiveprintscom","https:\/\/www.pinterest.com\/positiveprintscom\/"]}]}},"jetpack_sharing_enabled":true,"_links":{"self":[{"href":"https:\/\/positiveprints.com\/pl\/wp-json\/wp\/v2\/product\/375844","targetHints":{"allow":["GET"]}}],"collection":[{"href":"https:\/\/positiveprints.com\/pl\/wp-json\/wp\/v2\/product"}],"about":[{"href":"https:\/\/positiveprints.com\/pl\/wp-json\/wp\/v2\/types\/product"}],"wp:featuredmedia":[{"embeddable":true,"href":"https:\/\/positiveprints.com\/pl\/wp-json\/wp\/v2\/media\/355667"}],"wp:attachment":[{"href":"https:\/\/positiveprints.com\/pl\/wp-json\/wp\/v2\/media?parent=375844"}],"wp:term":[{"taxonomy":"product_brand","embeddable":true,"href":"https:\/\/positiveprints.com\/pl\/wp-json\/wp\/v2\/product_brand?post=375844"},{"taxonomy":"product_cat","embeddable":true,"href":"https:\/\/positiveprints.com\/pl\/wp-json\/wp\/v2\/product_cat?post=375844"},{"taxonomy":"product_tag","embeddable":true,"href":"https:\/\/positiveprints.com\/pl\/wp-json\/wp\/v2\/product_tag?post=375844"}],"curies":[{"name":"wp","href":"https:\/\/api.w.org\/{rel}","templated":true}]}}