{"id":369119,"date":"2022-11-15T12:54:27","date_gmt":"2022-11-15T11:54:27","guid":{"rendered":"https:\/\/positiveprints.com\/product\/milosc-nie-zna-granic\/"},"modified":"2026-04-18T06:21:58","modified_gmt":"2026-04-18T05:21:58","slug":"milosc-nie-zna-granic","status":"publish","type":"product","link":"https:\/\/positiveprints.com\/pl\/produkt\/milosc-nie-zna-granic\/","title":{"rendered":"Mi\u0142o\u015b\u0107 Nie Zna Granic"},"content":{"rendered":"<p style=\"margin-top: 1rem\">\r\n\r\nBez wzgl\u0119du na to, jak du\u017ca jest odleg\u0142o\u015b\u0107 mi\u0119dzy wami, ten wyj\u0105tkowy plakat przypomni ukochanej osobie, jak silna jest wasza mi\u0142o\u015b\u0107. Mi\u0142o\u015b\u0107 nie zna granic, a ta spersonalizowana mapa to doskona\u0142y spos\u00f3b, aby przypomnie\u0107 o tym ukochanej osobie!\r\n<\/p>","protected":false},"excerpt":{"rendered":"<ul class=\"check-list\">\n<li>Wyr\u00f3\u017cnij szczeg\u00f3lne lokalizacje za pomoc\u0105 symbolu<\/li>\n<li>Spersonalizuj w 3 prostych krokach<\/li>\n<li>Dodaj dedykacj\u0119 prosto z serca<\/li>\n<li>Interaktywny podgl\u0105d pozwoli dopracowa\u0107 ka\u017cdy szczeg\u00f3\u0142<\/li>\n<\/ul>\n","protected":false},"featured_media":1465403,"template":"","meta":[],"product_brand":[],"product_cat":[9116,8190,8206,99,9003,5271,11410,11411,11408,11409,11407,11403,11415,8010,7675,7626,7610,7658,7690,7770,7786,7723,7739,7802,7850,7834,3120,11239,11240],"product_tag":[9125,13360,13361,11756,11770,11816,11815,14982,14964],"class_list":{"0":"post-369119","1":"product","2":"type-product","3":"status-publish","4":"has-post-thumbnail","6":"product_cat-double-maps-pl","7":"product_cat-dla-niej","8":"product_cat-dla-niego","9":"product_cat-wszystkie-produkty","10":"product_cat-dzien-babci-i-dziadka","11":"product_cat-prezent-na-boze-narodzenie","12":"product_cat-prezenty-pod-choinke-dla-niej","13":"product_cat-prezenty-pod-choinke-dla-niego","14":"product_cat-prezenty-pod-choinke-dla-babci","15":"product_cat-prezenty-pod-choinke-dla-dziadka","16":"product_cat-prezenty-pod-choinke-dla-dziewczyny","17":"product_cat-prezenty-pod-choinke-dla-chlopaka","18":"product_cat-prezenty-pod-choinke-dla-rodzicow","19":"product_cat-prezent-dla-mezczyzny","20":"product_cat-prezent-dla-chlopaka","21":"product_cat-prezent-dla-brata","22":"product_cat-prezent-dla-dziadka","23":"product_cat-prezent-dla-syna","24":"product_cat-prezent-dla-kobiety","25":"product_cat-prezent-dla-corki","26":"product_cat-prezent-dla-dziewczyny","27":"product_cat-prezent-dla-babci","28":"product_cat-prezent-dla-siostry","29":"product_cat-prezent-dla-pary","30":"product_cat-prezent-dla-rodziny","31":"product_cat-prezent-dla-przyjaciol","32":"product_cat-prezent-na-walentynki","33":"product_cat-prezenty-na-walentynki-dla-niej","34":"product_cat-prezenty-na-walentynki-dla-niego","35":"product_tag-couples-pl-2","36":"product_tag-prezent-swiateczny-dla-babci","37":"product_tag-prezent-swiateczny-dla-dziadka","38":"product_tag-prezenty-pod-choinke-dla-chlopaka","39":"product_tag-prezenty-pod-choinke-dla-dziewczyny","40":"product_tag-prezenty-pod-choinke-dla-niego","41":"product_tag-prezenty-pod-choinke-dla-niej","42":"product_tag-valentines-day-pl","43":"product_tag-valentines-day-gift-pl","45":"first","46":"instock","47":"sale","48":"taxable","49":"shipping-taxable","50":"purchasable","51":"product-type-variable"},"yoast_head":"<!-- This site is optimized with the Yoast SEO Premium plugin v27.2 (Yoast SEO v27.2) - https:\/\/yoast.com\/product\/yoast-seo-premium-wordpress\/ -->\n<title>Mi\u0142o\u015b\u0107 Nie Zna Granic - Positive Prints<\/title>\n<meta name=\"description\" content=\"Bez wzgl\u0119du na to, jak du\u017ca jest odleg\u0142o\u015b\u0107 mi\u0119dzy wami, ten wyj\u0105tkowy plakat przypomni ukochanej osobie, jak silna jest wasza mi\u0142o\u015b\u0107.\" \/>\n<meta name=\"robots\" content=\"index, follow, max-snippet:-1, max-image-preview:large, max-video-preview:-1\" \/>\n<link rel=\"canonical\" href=\"https:\/\/positiveprints.com\/pl\/produkt\/milosc-nie-zna-granic\/\" \/>\n<meta property=\"og:locale\" content=\"pl_PL\" \/>\n<meta property=\"og:type\" content=\"article\" \/>\n<meta property=\"og:title\" content=\"Mi\u0142o\u015b\u0107 Nie Zna Granic\" \/>\n<meta property=\"og:description\" content=\"Wyr\u00f3\u017cnij szczeg\u00f3lne lokalizacje za pomoc\u0105 symbolu  Spersonalizuj w 3 prostych krokach  Dodaj dedykacj\u0119 prosto z serca  Interaktywny podgl\u0105d pozwoli dopracowa\u0107 ka\u017cdy szczeg\u00f3\u0142\" \/>\n<meta property=\"og:url\" content=\"https:\/\/positiveprints.com\/pl\/produkt\/milosc-nie-zna-granic\/\" \/>\n<meta property=\"og:site_name\" content=\"Positive Prints\" \/>\n<meta property=\"article:publisher\" content=\"https:\/\/www.facebook.com\/positiveprintscom\" \/>\n<meta property=\"article:modified_time\" content=\"2026-04-18T05:21:58+00:00\" \/>\n<meta property=\"og:image\" content=\"https:\/\/positiveprints.com\/wp-content\/uploads\/2025\/06\/Packshot_PL_Milos\u0301c\u0301-Nie-Zna-Granic.webp\" \/>\n\t<meta property=\"og:image:width\" content=\"1450\" \/>\n\t<meta property=\"og:image:height\" content=\"1450\" \/>\n\t<meta property=\"og:image:type\" content=\"image\/webp\" \/>\n<meta name=\"twitter:card\" content=\"summary_large_image\" \/>\n<meta name=\"twitter:label1\" content=\"Szacowany czas czytania\" \/>\n\t<meta name=\"twitter:data1\" content=\"1 minuta\" \/>\n<!-- \/ Yoast SEO Premium plugin. -->","yoast_head_json":{"title":"Mi\u0142o\u015b\u0107 Nie Zna Granic - Positive Prints","description":"Bez wzgl\u0119du na to, jak du\u017ca jest odleg\u0142o\u015b\u0107 mi\u0119dzy wami, ten wyj\u0105tkowy plakat przypomni ukochanej osobie, jak silna jest wasza mi\u0142o\u015b\u0107.","robots":{"index":"index","follow":"follow","max-snippet":"max-snippet:-1","max-image-preview":"max-image-preview:large","max-video-preview":"max-video-preview:-1"},"canonical":"https:\/\/positiveprints.com\/pl\/produkt\/milosc-nie-zna-granic\/","og_locale":"pl_PL","og_type":"article","og_title":"Mi\u0142o\u015b\u0107 Nie Zna Granic","og_description":"Wyr\u00f3\u017cnij szczeg\u00f3lne lokalizacje za pomoc\u0105 symbolu  Spersonalizuj w 3 prostych krokach  Dodaj dedykacj\u0119 prosto z serca  Interaktywny podgl\u0105d pozwoli dopracowa\u0107 ka\u017cdy szczeg\u00f3\u0142","og_url":"https:\/\/positiveprints.com\/pl\/produkt\/milosc-nie-zna-granic\/","og_site_name":"Positive Prints","article_publisher":"https:\/\/www.facebook.com\/positiveprintscom","article_modified_time":"2026-04-18T05:21:58+00:00","og_image":[{"width":1450,"height":1450,"url":"https:\/\/positiveprints.com\/wp-content\/uploads\/2025\/06\/Packshot_PL_Milos\u0301c\u0301-Nie-Zna-Granic.webp","type":"image\/webp"}],"twitter_card":"summary_large_image","twitter_misc":{"Szacowany czas czytania":"1 minuta"},"schema":{"@context":"https:\/\/schema.org","@graph":[{"@type":["WebPage","ItemPage"],"@id":"https:\/\/positiveprints.com\/pl\/produkt\/milosc-nie-zna-granic\/","url":"https:\/\/positiveprints.com\/pl\/produkt\/milosc-nie-zna-granic\/","name":"Mi\u0142o\u015b\u0107 Nie Zna Granic - Positive Prints","isPartOf":{"@id":"https:\/\/positiveprints.com\/pl\/#website"},"primaryImageOfPage":{"@id":"https:\/\/positiveprints.com\/pl\/produkt\/milosc-nie-zna-granic\/#primaryimage"},"image":{"@id":"https:\/\/positiveprints.com\/pl\/produkt\/milosc-nie-zna-granic\/#primaryimage"},"thumbnailUrl":"https:\/\/positiveprints.com\/wp-content\/uploads\/2025\/06\/Packshot_PL_Milos\u0301c\u0301-Nie-Zna-Granic.webp","datePublished":"2022-11-15T11:54:27+00:00","dateModified":"2026-04-18T05:21:58+00:00","description":"Bez wzgl\u0119du na to, jak du\u017ca jest odleg\u0142o\u015b\u0107 mi\u0119dzy wami, ten wyj\u0105tkowy plakat przypomni ukochanej osobie, jak silna jest wasza mi\u0142o\u015b\u0107.","breadcrumb":{"@id":"https:\/\/positiveprints.com\/pl\/produkt\/milosc-nie-zna-granic\/#breadcrumb"},"inLanguage":"pl-PL","potentialAction":[{"@type":"ReadAction","target":["https:\/\/positiveprints.com\/pl\/produkt\/milosc-nie-zna-granic\/"]}]},{"@type":"ImageObject","inLanguage":"pl-PL","@id":"https:\/\/positiveprints.com\/pl\/produkt\/milosc-nie-zna-granic\/#primaryimage","url":"https:\/\/positiveprints.com\/wp-content\/uploads\/2025\/06\/Packshot_PL_Milos\u0301c\u0301-Nie-Zna-Granic.webp","contentUrl":"https:\/\/positiveprints.com\/wp-content\/uploads\/2025\/06\/Packshot_PL_Milos\u0301c\u0301-Nie-Zna-Granic.webp","width":1450,"height":1450},{"@type":"BreadcrumbList","@id":"https:\/\/positiveprints.com\/pl\/produkt\/milosc-nie-zna-granic\/#breadcrumb","itemListElement":[{"@type":"ListItem","position":1,"name":"Home","item":"https:\/\/positiveprints.com\/pl\/"},{"@type":"ListItem","position":2,"name":"Produkty","item":"https:\/\/positiveprints.com\/pl\/shop\/"},{"@type":"ListItem","position":3,"name":"Mi\u0142o\u015b\u0107 Nie Zna Granic"}]},{"@type":"WebSite","@id":"https:\/\/positiveprints.com\/pl\/#website","url":"https:\/\/positiveprints.com\/pl\/","name":"Positive Prints","description":"Amazing Custom Personalized Gifts","publisher":{"@id":"https:\/\/positiveprints.com\/pl\/#organization"},"potentialAction":[{"@type":"SearchAction","target":{"@type":"EntryPoint","urlTemplate":"https:\/\/positiveprints.com\/pl\/?s={search_term_string}"},"query-input":{"@type":"PropertyValueSpecification","valueRequired":true,"valueName":"search_term_string"}}],"inLanguage":"pl-PL"},{"@type":"Organization","@id":"https:\/\/positiveprints.com\/pl\/#organization","name":"Positive Prints","alternateName":"Positive Prints","url":"https:\/\/positiveprints.com\/pl\/","logo":{"@type":"ImageObject","inLanguage":"pl-PL","@id":"https:\/\/positiveprints.com\/pl\/#\/schema\/logo\/image\/","url":"https:\/\/positiveprints.com\/wp-content\/uploads\/2026\/03\/245815646_1337939713319158_5671353136411139666_n.png","contentUrl":"https:\/\/positiveprints.com\/wp-content\/uploads\/2026\/03\/245815646_1337939713319158_5671353136411139666_n.png","width":800,"height":800,"caption":"Positive Prints"},"image":{"@id":"https:\/\/positiveprints.com\/pl\/#\/schema\/logo\/image\/"},"sameAs":["https:\/\/www.facebook.com\/positiveprintscom","https:\/\/www.instagram.com\/positiveprintscom\/","https:\/\/www.tiktok.com\/@positiveprintscom","https:\/\/www.pinterest.com\/positiveprintscom\/"]}]}},"jetpack_sharing_enabled":true,"_links":{"self":[{"href":"https:\/\/positiveprints.com\/pl\/wp-json\/wp\/v2\/product\/369119","targetHints":{"allow":["GET"]}}],"collection":[{"href":"https:\/\/positiveprints.com\/pl\/wp-json\/wp\/v2\/product"}],"about":[{"href":"https:\/\/positiveprints.com\/pl\/wp-json\/wp\/v2\/types\/product"}],"wp:featuredmedia":[{"embeddable":true,"href":"https:\/\/positiveprints.com\/pl\/wp-json\/wp\/v2\/media\/1465403"}],"wp:attachment":[{"href":"https:\/\/positiveprints.com\/pl\/wp-json\/wp\/v2\/media?parent=369119"}],"wp:term":[{"taxonomy":"product_brand","embeddable":true,"href":"https:\/\/positiveprints.com\/pl\/wp-json\/wp\/v2\/product_brand?post=369119"},{"taxonomy":"product_cat","embeddable":true,"href":"https:\/\/positiveprints.com\/pl\/wp-json\/wp\/v2\/product_cat?post=369119"},{"taxonomy":"product_tag","embeddable":true,"href":"https:\/\/positiveprints.com\/pl\/wp-json\/wp\/v2\/product_tag?post=369119"}],"curies":[{"name":"wp","href":"https:\/\/api.w.org\/{rel}","templated":true}]}}