{"id":368295,"date":"2022-11-07T15:10:47","date_gmt":"2022-11-07T14:10:47","guid":{"rendered":"https:\/\/positiveprints.com\/?post_type=product&#038;p=368295"},"modified":"2026-04-23T11:39:57","modified_gmt":"2026-04-23T10:39:57","slug":"podwojna-mapa","status":"publish","type":"product","link":"https:\/\/positiveprints.com\/pl\/produkt\/podwojna-mapa\/","title":{"rendered":"Podw\u00f3jna Mapa"},"content":{"rendered":"<p style=\"margin-top: 1rem\">Wybierz si\u0119 w podr\u00f3\u017c w czasie z Podw\u00f3jn\u0105 Map\u0105 i opowiedz swoj\u0105 histori\u0119. Twoja spersonalizowana mapa jest jak dzie\u0142o sztuki, kt\u00f3re opowiada o wi\u0119zi dwojga ludzi. Wyobra\u017a sobie zachwyt na twarzy bliskiej Ci osoby, gdy otrzyma tak przemy\u015blany i unikatowy prezent.<\/p>\r\n\r\n<h2 class=\"grenB f24 cblue\" style=\"margin-top: 3rem\">Czym jest Podw\u00f3jna Mapa?<\/h2>\r\n<p style=\"margin-top: 1rem\">Jest co\u015b wyj\u0105tkowego w mo\u017cliwo\u015bci zobaczenia na mapie wa\u017cnych dla Ciebie miejsc. Podw\u00f3jna Mapa oferuje nietuzinkowy spos\u00f3b, aby to zrobi\u0107 &#8211; tworz\u0105c dwucz\u0119\u015bciow\u0105 map\u0119, kt\u00f3ra pokazuje dwa miejsca, kt\u00f3re maj\u0105 dla Ciebie specjalne znaczenie. Niezale\u017cnie od tego, czy jest to Twoja pierwsza i druga randka, pami\u0105tki z Twoich ulubionych podr\u00f3\u017cy, czy inne miejsca, kt\u00f3re opowiadaj\u0105 Twoj\u0105 histori\u0119, Podw\u00f3jna Mapa pozwala uchwyci\u0107 te wspomnienia w pi\u0119kny i spersonalizowany spos\u00f3b.<\/p>\r\n\r\n<h2 class=\"grenB f24 cblue\" style=\"margin-top: 3rem\">Co sprawia, \u017ce Podw\u00f3jna Mapa to idealny pomys\u0142 na romantyczny prezent dla par?<\/h2>\r\n<p style=\"margin-top: 1rem\">Co mo\u017ce by\u0107 bardziej romantycznego ni\u017c spersonalizowana mapa przedstawiaj\u0105ca histori\u0119 Waszego zwi\u0105zku? Podw\u00f3jna Mapa to idealny prezent dla ka\u017cdej pary, niezale\u017cnie od tego, czy \u015bwi\u0119tuj\u0105 \u015blub, rocznic\u0119 czy zar\u0119czyny. Ta wyj\u0105tkowa mapa sk\u0142ada si\u0119 z dw\u00f3ch element\u00f3w, kt\u00f3re pasuj\u0105 do siebie jak puzzle, przedstawiaj\u0105c podr\u00f3\u017c, kt\u00f3r\u0105 wsp\u00f3lnie przebyli partnerzy. Map\u0119 mo\u017cna spersonalizowa\u0107 za pomoc\u0105 lokalizacji i specjalnych tytu\u0142\u00f3w, dzi\u0119ki czemu jest to naprawd\u0119 jedyny w swoim rodzaju prezent. Niezale\u017cnie od tego, czy szukasz sposobu na upami\u0119tnienie w\u0142asnego zwi\u0105zku, czy znasz wyj\u0105tkow\u0105 par\u0119, kt\u00f3ra doceni\u0142aby ten sentymentalny prezent, Podw\u00f3jna Mapa z pewno\u015bci\u0105 b\u0119dzie skarbem na d\u0142ugie lata.<\/p>\r\n\r\n<h2 class=\"grenB f24 cblue\" style=\"margin-top: 3rem\">Dlaczego Podw\u00f3jna Mapa jest wyj\u0105tkowym prezentem dla cz\u0142onk\u00f3w rodziny?<\/h2>\r\n<p style=\"margin-top: 1rem\">Je\u015bli masz cz\u0142onk\u00f3w rodziny, kt\u00f3rzy mieszkaj\u0105 w innym kraju, mo\u017ce by\u0107 Ci trudno okaza\u0107, jak wiele dla Ciebie znacz\u0105. Podw\u00f3jna Mapa pozwala da\u0107 oznak\u0119 Twojej troski, mi\u0142o\u015bci i zaanga\u017cowania. Mapa sk\u0142ada si\u0119 z dw\u00f3ch cz\u0119\u015bci \u2013 jednej dla nich, a drugiej dla Ciebie. Ka\u017cdy kawa\u0142ek jest spersonalizowany za pomoc\u0105 opisu i lokalizacji ukochanej osoby, aby zawsze wiedzia\u0142a, \u017ce sercem jeste\u015b przy niej. I za ka\u017cdym razem, gdy spojrzy na map\u0119, przypomni sobie o Twojej mi\u0142o\u015bci. Wi\u0119c je\u015bli szukasz sposobu, aby pokaza\u0107 swojej rodzinie, ile dla ciebie znaczy, jest to idealny prezent.<\/p>\r\n\r\n<h2 class=\"grenB f24 cblue\" style=\"margin-top: 3rem\">Co sprawia, \u017ce personalizowane prezenty s\u0105 tak wyj\u0105tkowe?<\/h2>\r\n<p style=\"margin-top: 1rem\">Sp\u00f3jrzmy prawdzie w oczy, kupowanie prezentu, pakowanie go i wr\u0119czanie ukochanej osobie nie wymaga wielkiej pomys\u0142owo\u015bci. Je\u015bli obdarowywana osoba chce lub zamierza skorzysta\u0107 z prezentu, nie ma nic z\u0142ego w jego wr\u0119czeniu. Ale prezenty, kt\u00f3re wyr\u00f3\u017cniaj\u0105 si\u0119 w pami\u0119ci, to te, kt\u00f3re s\u0105 wyj\u0105tkowe, zindywidualizowane i wymagaj\u0105 przemy\u015blenia i wysi\u0142ku. Symboliczne znaczenie prezentu jest tak samo wa\u017cne jak sam prezent.<p\/>\r\n\r\n<h2 class=\"grenB f24 cblue\" style=\"margin-top: 3rem\">Jak stworzy\u0107 Podw\u00f3jn\u0105 Map\u0119<\/h2>\r\n<p style=\"margin-top: 1rem\">Spersonalizowane mapy Positive Prints s\u0105 tworzone jako pojedyncze dzie\u0142o, ale przedstawiaj\u0105 dwa znacz\u0105ce okresy w Twojej historii. Precyzyjnie lokalizujemy ka\u017cdy adres za pomoc\u0105 najnowocze\u015bniejszej technologii GPS, aby zapewni\u0107 najdok\u0142adniejsze odwzorowanie tych miejsc.<\/p>\r\n\r\n<p style=\"margin-top: 1rem\">Aby wcieli\u0107 si\u0119 w rol\u0119 artysty i stworzy\u0107 w\u0142asn\u0105 Podw\u00f3jn\u0105 Map\u0119, wykonaj nast\u0119puj\u0105ce kroki:<\/p>\r\n\r\n<h3 class=\"grenB f18 cblue\" style=\"margin-top: 3rem\">Krok 1: Wybierz sw\u00f3j styl<\/h3>\r\n<p style=\"margin-top: 1rem\">Nie istnieje uniwersalny wz\u00f3r do tworzenia idealnych prezent\u00f3w. Z tego powodu dajemy Ci r\u00f3\u017cne opcje stylizowania Twojej Podw\u00f3jnej Mapy. Mo\u017cesz wybra\u0107 spo\u015br\u00f3d wielu profesjonalnie utworzonych szablon\u00f3w. Lub, je\u015bli czujesz si\u0119 wyj\u0105tkowo kreatywnie, kliknij opcj\u0119 Custom, aby wybra\u0107 w\u0142asny schemat kolor\u00f3w. Mo\u017cesz tak\u017ce dostosowa\u0107 kszta\u0142ty obu cz\u0119\u015bci swojej mapy &#8211; zr\u00f3b map\u0119 w kszta\u0142cie ko\u0142a, kwadratu lub\u2026 serca!<\/p>\r\n<p style=\"margin-top: 1rem\">Wszystkie szczeg\u00f3\u0142y s\u0105 aktualizowane w czasie rzeczywistym, gdy dokonujesz wybor\u00f3w, dzi\u0119ki czemu mo\u017cesz obserwowa\u0107, jak Twoja mapa o\u017cywa.<\/p>\r\n\r\n<h3 class=\"grenB f18 cblue\" style=\"margin-top: 3rem\">Krok 2: Wprowad\u017a swoje dane<\/h3>\r\n<p style=\"margin-top: 1rem\">Twoja Podw\u00f3jna Mapa zawiera wi\u0119cej ni\u017c tylko obrazy; zawiera r\u00f3wnie\u017c miejsce na tytu\u0142 i podtytu\u0142, dzi\u0119ki czemu mo\u017cesz opatrzy\u0107 adnotacj\u0105 ka\u017cde miejsce. Do\u0142\u0105cz daty lub nazwy zwi\u0105zane z wybranymi miejscami lub wpisz cytaty, kt\u00f3re najlepiej opisuj\u0105 ka\u017cdy okres czasu. Mo\u017cesz te\u017c po prostu opisa\u0107 szczeg\u00f3\u0142owo, co czyni dane miejsce wyj\u0105tkowym. Istnieje niezliczona ilo\u015b\u0107 opcji!<\/p>\r\n\r\n<h3 class=\"grenB f18 cblue\" style=\"margin-top: 3rem\">Krok 3: Wybierz format<\/h3>\r\n<p style=\"margin-top: 1rem\">Podobnie jak w przypadku innych plakat\u00f3w firmy Positive Prints, tak i tutaj masz do wyboru r\u00f3\u017cne formaty i opcje dostawy. Ka\u017cda mapa jest produkowana na wysokiej jako\u015bci papierze muzealnym. Papier zachowa wyraziste kolory i b\u0119dzie fantastycznie wygl\u0105da\u0107 na \u015bcianie. Je\u015bli wolisz, mo\u017cemy wydrukowa\u0107 Tw\u00f3j projekt na p\u0142\u00f3tnie lub doda\u0107 ramk\u0119, aby od razu by\u0142 gotowy do podarowania ukochanej osobie.<\/p>\r\n<p style=\"margin-top: 1rem\">Zalecamy skorzystanie z opcji pliku cyfrowego, je\u015bli szukasz pomys\u0142u na prezent na ostatni\u0105 chwil\u0119. Twoja Podw\u00f3jna Mapa zostanie wys\u0142ana do Ciebie jako plik cyfrowy poczt\u0105 elektroniczn\u0105. Nast\u0119pnie mo\u017cesz wydrukowa\u0107 j\u0105 w pobliskiej drukarni, aby przyspieszy\u0107 realizacj\u0119.<\/p>\r\n\r\n<h2 class=\"grenB f24 cblue\" style=\"margin-top: 3rem\">Zaskocz kogo\u015b wyj\u0105tkowego Podw\u00f3jn\u0105 Map\u0105<\/h2>\r\n<p style=\"margin-top: 1rem\">Podaruj prezent, kt\u00f3ry zachwyci ka\u017cdego. Nasze Podw\u00f3jne Mapy s\u0105 idealnym prezentem na ka\u017cd\u0105 okazj\u0119 \u2013 od urodzin po \u015bluby i rocznice \u2013 i mo\u017cna je spersonalizowa\u0107 za pomoc\u0105 w\u0142asnej dedykacji!<\/p>","protected":false},"excerpt":{"rendered":"<ul class=\"check-list\">\n<li>Stw\u00f3rz map\u0119, kt\u00f3ra \u0142\u0105czy dwie najbli\u017csze Twojemu sercu lokalizacje<\/li>\n<li>Wyr\u00f3\u017cnij szczeg\u00f3lne lokalizacje za pomoc\u0105 symbolu<\/li>\n<li>Spersonalizuj w 3 prostych krokach<\/li>\n<li>Dodaj dedykacj\u0119 prosto z serca<\/li>\n<li>Interaktywny podgl\u0105d pozwoli dopracowa\u0107 ka\u017cdy szczeg\u00f3\u0142<\/li>\n<\/ul>\n","protected":false},"featured_media":1363508,"template":"","meta":[],"product_brand":[],"product_cat":[8238,9116,99,262,8010,7690],"product_tag":[14956,13673],"class_list":{"0":"post-368295","1":"product","2":"type-product","3":"status-publish","4":"has-post-thumbnail","6":"product_cat-digital-products-pl","7":"product_cat-double-maps-pl","8":"product_cat-wszystkie-produkty","9":"product_cat-creators-pl","10":"product_cat-prezent-dla-mezczyzny","11":"product_cat-prezent-dla-kobiety","12":"product_tag-creators-pl-2","13":"product_tag-mapa-z-2-lokalizacjami","15":"first","16":"instock","17":"sale","18":"taxable","19":"shipping-taxable","20":"purchasable","21":"product-type-variable"},"yoast_head":"<!-- This site is optimized with the Yoast SEO Premium plugin v27.2 (Yoast SEO v27.2) - https:\/\/yoast.com\/product\/yoast-seo-premium-wordpress\/ -->\n<title>Podw\u00f3jna Mapa - Positive Prints<\/title>\n<meta name=\"robots\" content=\"index, follow, max-snippet:-1, max-image-preview:large, max-video-preview:-1\" \/>\n<link rel=\"canonical\" href=\"https:\/\/positiveprints.com\/pl\/produkt\/podwojna-mapa\/\" \/>\n<meta property=\"og:locale\" content=\"pl_PL\" \/>\n<meta property=\"og:type\" content=\"article\" \/>\n<meta property=\"og:title\" content=\"Podw\u00f3jna Mapa\" \/>\n<meta property=\"og:description\" content=\"Stw\u00f3rz map\u0119, kt\u00f3ra \u0142\u0105czy dwie najbli\u017csze Twojemu sercu lokalizacje  Wyr\u00f3\u017cnij szczeg\u00f3lne lokalizacje za pomoc\u0105 symbolu  Spersonalizuj w 3 prostych krokach  Dodaj dedykacj\u0119 prosto z serca  Interaktywny podgl\u0105d pozwoli dopracowa\u0107 ka\u017cdy szczeg\u00f3\u0142\" \/>\n<meta property=\"og:url\" content=\"https:\/\/positiveprints.com\/pl\/produkt\/podwojna-mapa\/\" \/>\n<meta property=\"og:site_name\" content=\"Positive Prints\" \/>\n<meta property=\"article:publisher\" content=\"https:\/\/www.facebook.com\/positiveprintscom\" \/>\n<meta property=\"article:modified_time\" content=\"2026-04-23T10:39:57+00:00\" \/>\n<meta property=\"og:image\" content=\"https:\/\/positiveprints.com\/wp-content\/uploads\/2025\/02\/Podwo\u0301jna-Mapa-1.webp\" \/>\n\t<meta property=\"og:image:width\" content=\"1450\" \/>\n\t<meta property=\"og:image:height\" content=\"1450\" \/>\n\t<meta property=\"og:image:type\" content=\"image\/webp\" \/>\n<meta name=\"twitter:card\" content=\"summary_large_image\" \/>\n<meta name=\"twitter:label1\" content=\"Szacowany czas czytania\" \/>\n\t<meta name=\"twitter:data1\" content=\"4 minuty\" \/>\n<!-- \/ Yoast SEO Premium plugin. -->","yoast_head_json":{"title":"Podw\u00f3jna Mapa - Positive Prints","robots":{"index":"index","follow":"follow","max-snippet":"max-snippet:-1","max-image-preview":"max-image-preview:large","max-video-preview":"max-video-preview:-1"},"canonical":"https:\/\/positiveprints.com\/pl\/produkt\/podwojna-mapa\/","og_locale":"pl_PL","og_type":"article","og_title":"Podw\u00f3jna Mapa","og_description":"Stw\u00f3rz map\u0119, kt\u00f3ra \u0142\u0105czy dwie najbli\u017csze Twojemu sercu lokalizacje  Wyr\u00f3\u017cnij szczeg\u00f3lne lokalizacje za pomoc\u0105 symbolu  Spersonalizuj w 3 prostych krokach  Dodaj dedykacj\u0119 prosto z serca  Interaktywny podgl\u0105d pozwoli dopracowa\u0107 ka\u017cdy szczeg\u00f3\u0142","og_url":"https:\/\/positiveprints.com\/pl\/produkt\/podwojna-mapa\/","og_site_name":"Positive Prints","article_publisher":"https:\/\/www.facebook.com\/positiveprintscom","article_modified_time":"2026-04-23T10:39:57+00:00","og_image":[{"width":1450,"height":1450,"url":"https:\/\/positiveprints.com\/wp-content\/uploads\/2025\/02\/Podwo\u0301jna-Mapa-1.webp","type":"image\/webp"}],"twitter_card":"summary_large_image","twitter_misc":{"Szacowany czas czytania":"4 minuty"},"schema":{"@context":"https:\/\/schema.org","@graph":[{"@type":["WebPage","ItemPage"],"@id":"https:\/\/positiveprints.com\/pl\/produkt\/podwojna-mapa\/","url":"https:\/\/positiveprints.com\/pl\/produkt\/podwojna-mapa\/","name":"Podw\u00f3jna Mapa - Positive Prints","isPartOf":{"@id":"https:\/\/positiveprints.com\/pl\/#website"},"primaryImageOfPage":{"@id":"https:\/\/positiveprints.com\/pl\/produkt\/podwojna-mapa\/#primaryimage"},"image":{"@id":"https:\/\/positiveprints.com\/pl\/produkt\/podwojna-mapa\/#primaryimage"},"thumbnailUrl":"https:\/\/positiveprints.com\/wp-content\/uploads\/2025\/02\/Podwo\u0301jna-Mapa-1.webp","datePublished":"2022-11-07T14:10:47+00:00","dateModified":"2026-04-23T10:39:57+00:00","breadcrumb":{"@id":"https:\/\/positiveprints.com\/pl\/produkt\/podwojna-mapa\/#breadcrumb"},"inLanguage":"pl-PL","potentialAction":[{"@type":"ReadAction","target":["https:\/\/positiveprints.com\/pl\/produkt\/podwojna-mapa\/"]}]},{"@type":"ImageObject","inLanguage":"pl-PL","@id":"https:\/\/positiveprints.com\/pl\/produkt\/podwojna-mapa\/#primaryimage","url":"https:\/\/positiveprints.com\/wp-content\/uploads\/2025\/02\/Podwo\u0301jna-Mapa-1.webp","contentUrl":"https:\/\/positiveprints.com\/wp-content\/uploads\/2025\/02\/Podwo\u0301jna-Mapa-1.webp","width":1450,"height":1450},{"@type":"BreadcrumbList","@id":"https:\/\/positiveprints.com\/pl\/produkt\/podwojna-mapa\/#breadcrumb","itemListElement":[{"@type":"ListItem","position":1,"name":"Home","item":"https:\/\/positiveprints.com\/pl\/"},{"@type":"ListItem","position":2,"name":"Produkty","item":"https:\/\/positiveprints.com\/pl\/shop\/"},{"@type":"ListItem","position":3,"name":"Podw\u00f3jna Mapa"}]},{"@type":"WebSite","@id":"https:\/\/positiveprints.com\/pl\/#website","url":"https:\/\/positiveprints.com\/pl\/","name":"Positive Prints","description":"Amazing Custom Personalized Gifts","publisher":{"@id":"https:\/\/positiveprints.com\/pl\/#organization"},"potentialAction":[{"@type":"SearchAction","target":{"@type":"EntryPoint","urlTemplate":"https:\/\/positiveprints.com\/pl\/?s={search_term_string}"},"query-input":{"@type":"PropertyValueSpecification","valueRequired":true,"valueName":"search_term_string"}}],"inLanguage":"pl-PL"},{"@type":"Organization","@id":"https:\/\/positiveprints.com\/pl\/#organization","name":"Positive Prints","alternateName":"Positive Prints","url":"https:\/\/positiveprints.com\/pl\/","logo":{"@type":"ImageObject","inLanguage":"pl-PL","@id":"https:\/\/positiveprints.com\/pl\/#\/schema\/logo\/image\/","url":"https:\/\/positiveprints.com\/wp-content\/uploads\/2026\/03\/245815646_1337939713319158_5671353136411139666_n.png","contentUrl":"https:\/\/positiveprints.com\/wp-content\/uploads\/2026\/03\/245815646_1337939713319158_5671353136411139666_n.png","width":800,"height":800,"caption":"Positive Prints"},"image":{"@id":"https:\/\/positiveprints.com\/pl\/#\/schema\/logo\/image\/"},"sameAs":["https:\/\/www.facebook.com\/positiveprintscom","https:\/\/www.instagram.com\/positiveprintscom\/","https:\/\/www.tiktok.com\/@positiveprintscom","https:\/\/www.pinterest.com\/positiveprintscom\/"]}]}},"jetpack_sharing_enabled":true,"_links":{"self":[{"href":"https:\/\/positiveprints.com\/pl\/wp-json\/wp\/v2\/product\/368295","targetHints":{"allow":["GET"]}}],"collection":[{"href":"https:\/\/positiveprints.com\/pl\/wp-json\/wp\/v2\/product"}],"about":[{"href":"https:\/\/positiveprints.com\/pl\/wp-json\/wp\/v2\/types\/product"}],"wp:featuredmedia":[{"embeddable":true,"href":"https:\/\/positiveprints.com\/pl\/wp-json\/wp\/v2\/media\/1363508"}],"wp:attachment":[{"href":"https:\/\/positiveprints.com\/pl\/wp-json\/wp\/v2\/media?parent=368295"}],"wp:term":[{"taxonomy":"product_brand","embeddable":true,"href":"https:\/\/positiveprints.com\/pl\/wp-json\/wp\/v2\/product_brand?post=368295"},{"taxonomy":"product_cat","embeddable":true,"href":"https:\/\/positiveprints.com\/pl\/wp-json\/wp\/v2\/product_cat?post=368295"},{"taxonomy":"product_tag","embeddable":true,"href":"https:\/\/positiveprints.com\/pl\/wp-json\/wp\/v2\/product_tag?post=368295"}],"curies":[{"name":"wp","href":"https:\/\/api.w.org\/{rel}","templated":true}]}}