{"id":363383,"date":"2022-07-22T18:37:57","date_gmt":"2022-07-22T17:37:57","guid":{"rendered":"https:\/\/positiveprints.com\/?post_type=product&#038;p=363383"},"modified":"2026-04-03T03:31:22","modified_gmt":"2026-04-03T02:31:22","slug":"kocham-cie-tato-plakat-z-fala-dzwiekowa","status":"publish","type":"product","link":"https:\/\/positiveprints.com\/pl\/produkt\/kocham-cie-tato-plakat-z-fala-dzwiekowa\/","title":{"rendered":"Kocham Ci\u0119 Tato &#8211; Plakat z Fal\u0105 D\u017awi\u0119kow\u0105"},"content":{"rendered":"","protected":false},"excerpt":{"rendered":"<ul class=\"check-list\">\n<li>Wyra\u017a swoj\u0105 mi\u0142o\u015b\u0107 do taty w kreatywny spos\u00f3b. Niech Tw\u00f3j g\u0142os poka\u017ce mu, jak bardzo doceniasz to, \u017ce jest przy Tobie<\/li>\n<li>Dodaj plik audio<\/li>\n<li>Umie\u015b\u0107 kod QR i zeskanuj go, by odtworzy\u0107 d\u017awi\u0119k<\/li>\n<li>Spersonalizuj w 3 prostych krokach<\/li>\n<li>U\u017cyj jednego z naszych szablon\u00f3w lub daj popis swojej wyobra\u017ani<\/li>\n<\/ul>\n","protected":false},"featured_media":1425702,"template":"","meta":[],"product_brand":[],"product_cat":[11415,15059,11406,7978,7339,7483,5271],"product_tag":[15408,8556,11763,13468],"class_list":{"0":"post-363383","1":"product","2":"type-product","3":"status-publish","4":"has-post-thumbnail","6":"product_cat-prezenty-pod-choinke-dla-rodzicow","7":"product_cat-prezenty-pod-choinke-dla-rodziny","8":"product_cat-prezenty-pod-choinke-dla-taty","9":"product_cat-prezent-dla-taty","10":"product_cat-prezenty-na-dzien-ojca","11":"product_cat-fala-dzwiekowa-pl","12":"product_cat-prezent-na-boze-narodzenie","13":"product_tag-audio-pl","14":"product_tag-father-pl","15":"product_tag-prezenty-pod-choinke-dla-taty","16":"product_tag-prezenty-swiateczne-dla-rodziny","18":"first","19":"instock","20":"sale","21":"taxable","22":"shipping-taxable","23":"purchasable","24":"product-type-variable"},"yoast_head":"<!-- This site is optimized with the Yoast SEO Premium plugin v27.2 (Yoast SEO v27.2) - https:\/\/yoast.com\/product\/yoast-seo-premium-wordpress\/ -->\n<title>&quot;Kocham Ci\u0119 Tato&quot; - Plakat z Fal\u0105 D\u017awi\u0119kow\u0105 | Positive Prints<\/title>\n<meta name=\"description\" content=\"Us\u0142yszenie dziecka m\u00f3wi\u0105cego &quot;Kocham Ci\u0119 Tato&quot; to s\u0142owa, kt\u00f3re roztapiaj\u0105 serce. Zachowaj je na zawsze dzi\u0119ki naszemu Plakatowi z Fal\u0105 D\u017awi\u0119kow\u0105!\" \/>\n<meta name=\"robots\" content=\"index, follow, max-snippet:-1, max-image-preview:large, max-video-preview:-1\" \/>\n<link rel=\"canonical\" href=\"https:\/\/positiveprints.com\/pl\/produkt\/kocham-cie-tato-plakat-z-fala-dzwiekowa\/\" \/>\n<meta property=\"og:locale\" content=\"pl_PL\" \/>\n<meta property=\"og:type\" content=\"article\" \/>\n<meta property=\"og:title\" content=\"Kocham Ci\u0119 Tato - Plakat z Fal\u0105 D\u017awi\u0119kow\u0105\" \/>\n<meta property=\"og:description\" content=\"Wyra\u017a swoj\u0105 mi\u0142o\u015b\u0107 do taty w kreatywny spos\u00f3b. Niech Tw\u00f3j g\u0142os poka\u017ce mu, jak bardzo doceniasz to, \u017ce jest przy Tobie Dodaj plik audio Umie\u015b\u0107 kod QR i zeskanuj go, by odtworzy\u0107 d\u017awi\u0119k Spersonalizuj w 3 prostych krokach U\u017cyj jednego z naszych szablon\u00f3w lub daj popis swojej wyobra\u017ani\" \/>\n<meta property=\"og:url\" content=\"https:\/\/positiveprints.com\/pl\/produkt\/kocham-cie-tato-plakat-z-fala-dzwiekowa\/\" \/>\n<meta property=\"og:site_name\" content=\"Positive Prints\" \/>\n<meta property=\"article:publisher\" content=\"https:\/\/www.facebook.com\/positiveprintscom\" \/>\n<meta property=\"article:modified_time\" content=\"2026-04-03T02:31:22+00:00\" \/>\n<meta property=\"og:image\" content=\"https:\/\/positiveprints.com\/wp-content\/uploads\/2023\/04\/kocham-cie-tato-prezent.jpg\" \/>\n\t<meta property=\"og:image:width\" content=\"1080\" \/>\n\t<meta property=\"og:image:height\" content=\"1080\" \/>\n\t<meta property=\"og:image:type\" content=\"image\/jpeg\" \/>\n<meta name=\"twitter:card\" content=\"summary_large_image\" \/>\n<!-- \/ Yoast SEO Premium plugin. -->","yoast_head_json":{"title":"\"Kocham Ci\u0119 Tato\" - Plakat z Fal\u0105 D\u017awi\u0119kow\u0105 | Positive Prints","description":"Us\u0142yszenie dziecka m\u00f3wi\u0105cego \"Kocham Ci\u0119 Tato\" to s\u0142owa, kt\u00f3re roztapiaj\u0105 serce. Zachowaj je na zawsze dzi\u0119ki naszemu Plakatowi z Fal\u0105 D\u017awi\u0119kow\u0105!","robots":{"index":"index","follow":"follow","max-snippet":"max-snippet:-1","max-image-preview":"max-image-preview:large","max-video-preview":"max-video-preview:-1"},"canonical":"https:\/\/positiveprints.com\/pl\/produkt\/kocham-cie-tato-plakat-z-fala-dzwiekowa\/","og_locale":"pl_PL","og_type":"article","og_title":"Kocham Ci\u0119 Tato - Plakat z Fal\u0105 D\u017awi\u0119kow\u0105","og_description":"Wyra\u017a swoj\u0105 mi\u0142o\u015b\u0107 do taty w kreatywny spos\u00f3b. Niech Tw\u00f3j g\u0142os poka\u017ce mu, jak bardzo doceniasz to, \u017ce jest przy Tobie Dodaj plik audio Umie\u015b\u0107 kod QR i zeskanuj go, by odtworzy\u0107 d\u017awi\u0119k Spersonalizuj w 3 prostych krokach U\u017cyj jednego z naszych szablon\u00f3w lub daj popis swojej wyobra\u017ani","og_url":"https:\/\/positiveprints.com\/pl\/produkt\/kocham-cie-tato-plakat-z-fala-dzwiekowa\/","og_site_name":"Positive Prints","article_publisher":"https:\/\/www.facebook.com\/positiveprintscom","article_modified_time":"2026-04-03T02:31:22+00:00","og_image":[{"width":1080,"height":1080,"url":"https:\/\/positiveprints.com\/wp-content\/uploads\/2023\/04\/kocham-cie-tato-prezent.jpg","type":"image\/jpeg"}],"twitter_card":"summary_large_image","schema":{"@context":"https:\/\/schema.org","@graph":[{"@type":["WebPage","ItemPage"],"@id":"https:\/\/positiveprints.com\/pl\/produkt\/kocham-cie-tato-plakat-z-fala-dzwiekowa\/","url":"https:\/\/positiveprints.com\/pl\/produkt\/kocham-cie-tato-plakat-z-fala-dzwiekowa\/","name":"\"Kocham Ci\u0119 Tato\" - Plakat z Fal\u0105 D\u017awi\u0119kow\u0105 | Positive Prints","isPartOf":{"@id":"https:\/\/positiveprints.com\/pl\/#website"},"primaryImageOfPage":{"@id":"https:\/\/positiveprints.com\/pl\/produkt\/kocham-cie-tato-plakat-z-fala-dzwiekowa\/#primaryimage"},"image":{"@id":"https:\/\/positiveprints.com\/pl\/produkt\/kocham-cie-tato-plakat-z-fala-dzwiekowa\/#primaryimage"},"thumbnailUrl":"https:\/\/positiveprints.com\/wp-content\/uploads\/2025\/05\/Kocham-Cie\u0328-Tato-Plakat-z-Fala\u0328-Dz\u0301wie\u0328kowa\u0328-1.webp","datePublished":"2022-07-22T17:37:57+00:00","dateModified":"2026-04-03T02:31:22+00:00","description":"Us\u0142yszenie dziecka m\u00f3wi\u0105cego \"Kocham Ci\u0119 Tato\" to s\u0142owa, kt\u00f3re roztapiaj\u0105 serce. Zachowaj je na zawsze dzi\u0119ki naszemu Plakatowi z Fal\u0105 D\u017awi\u0119kow\u0105!","breadcrumb":{"@id":"https:\/\/positiveprints.com\/pl\/produkt\/kocham-cie-tato-plakat-z-fala-dzwiekowa\/#breadcrumb"},"inLanguage":"pl-PL","potentialAction":[{"@type":"ReadAction","target":["https:\/\/positiveprints.com\/pl\/produkt\/kocham-cie-tato-plakat-z-fala-dzwiekowa\/"]}]},{"@type":"ImageObject","inLanguage":"pl-PL","@id":"https:\/\/positiveprints.com\/pl\/produkt\/kocham-cie-tato-plakat-z-fala-dzwiekowa\/#primaryimage","url":"https:\/\/positiveprints.com\/wp-content\/uploads\/2025\/05\/Kocham-Cie\u0328-Tato-Plakat-z-Fala\u0328-Dz\u0301wie\u0328kowa\u0328-1.webp","contentUrl":"https:\/\/positiveprints.com\/wp-content\/uploads\/2025\/05\/Kocham-Cie\u0328-Tato-Plakat-z-Fala\u0328-Dz\u0301wie\u0328kowa\u0328-1.webp","width":1450,"height":1450},{"@type":"BreadcrumbList","@id":"https:\/\/positiveprints.com\/pl\/produkt\/kocham-cie-tato-plakat-z-fala-dzwiekowa\/#breadcrumb","itemListElement":[{"@type":"ListItem","position":1,"name":"Home","item":"https:\/\/positiveprints.com\/pl\/"},{"@type":"ListItem","position":2,"name":"Produkty","item":"https:\/\/positiveprints.com\/pl\/shop\/"},{"@type":"ListItem","position":3,"name":"Kocham Ci\u0119 Tato &#8211; Plakat z Fal\u0105 D\u017awi\u0119kow\u0105"}]},{"@type":"WebSite","@id":"https:\/\/positiveprints.com\/pl\/#website","url":"https:\/\/positiveprints.com\/pl\/","name":"Positive Prints","description":"Amazing Custom Personalized Gifts","publisher":{"@id":"https:\/\/positiveprints.com\/pl\/#organization"},"potentialAction":[{"@type":"SearchAction","target":{"@type":"EntryPoint","urlTemplate":"https:\/\/positiveprints.com\/pl\/?s={search_term_string}"},"query-input":{"@type":"PropertyValueSpecification","valueRequired":true,"valueName":"search_term_string"}}],"inLanguage":"pl-PL"},{"@type":"Organization","@id":"https:\/\/positiveprints.com\/pl\/#organization","name":"Positive Prints","alternateName":"Positive Prints","url":"https:\/\/positiveprints.com\/pl\/","logo":{"@type":"ImageObject","inLanguage":"pl-PL","@id":"https:\/\/positiveprints.com\/pl\/#\/schema\/logo\/image\/","url":"https:\/\/positiveprints.com\/wp-content\/uploads\/2026\/03\/245815646_1337939713319158_5671353136411139666_n.png","contentUrl":"https:\/\/positiveprints.com\/wp-content\/uploads\/2026\/03\/245815646_1337939713319158_5671353136411139666_n.png","width":800,"height":800,"caption":"Positive Prints"},"image":{"@id":"https:\/\/positiveprints.com\/pl\/#\/schema\/logo\/image\/"},"sameAs":["https:\/\/www.facebook.com\/positiveprintscom","https:\/\/www.instagram.com\/positiveprintscom\/","https:\/\/www.tiktok.com\/@positiveprintscom","https:\/\/www.pinterest.com\/positiveprintscom\/"]}]}},"jetpack_sharing_enabled":true,"_links":{"self":[{"href":"https:\/\/positiveprints.com\/pl\/wp-json\/wp\/v2\/product\/363383","targetHints":{"allow":["GET"]}}],"collection":[{"href":"https:\/\/positiveprints.com\/pl\/wp-json\/wp\/v2\/product"}],"about":[{"href":"https:\/\/positiveprints.com\/pl\/wp-json\/wp\/v2\/types\/product"}],"wp:featuredmedia":[{"embeddable":true,"href":"https:\/\/positiveprints.com\/pl\/wp-json\/wp\/v2\/media\/1425702"}],"wp:attachment":[{"href":"https:\/\/positiveprints.com\/pl\/wp-json\/wp\/v2\/media?parent=363383"}],"wp:term":[{"taxonomy":"product_brand","embeddable":true,"href":"https:\/\/positiveprints.com\/pl\/wp-json\/wp\/v2\/product_brand?post=363383"},{"taxonomy":"product_cat","embeddable":true,"href":"https:\/\/positiveprints.com\/pl\/wp-json\/wp\/v2\/product_cat?post=363383"},{"taxonomy":"product_tag","embeddable":true,"href":"https:\/\/positiveprints.com\/pl\/wp-json\/wp\/v2\/product_tag?post=363383"}],"curies":[{"name":"wp","href":"https:\/\/api.w.org\/{rel}","templated":true}]}}