{"id":363278,"date":"2022-07-21T12:51:35","date_gmt":"2022-07-21T11:51:35","guid":{"rendered":"https:\/\/positiveprints.com\/?post_type=product&#038;p=363278"},"modified":"2026-04-28T14:31:19","modified_gmt":"2026-04-28T13:31:19","slug":"czy-wyjdziesz-za-mnie-plakat-fali-dzwiekowej","status":"publish","type":"product","link":"https:\/\/positiveprints.com\/pl\/produkt\/czy-wyjdziesz-za-mnie-plakat-fali-dzwiekowej\/","title":{"rendered":"Czy Wyjdziesz za Mnie &#8211; Plakat Fali D\u017awi\u0119kowej"},"content":{"rendered":"","protected":false},"excerpt":{"rendered":"<ul class=\"check-list\">\n<li>Wystarczy tylko odrobina kreatywno\u015bci, by uczyni\u0107 to jedno pytanie niezapomnianym, zmieniaj\u0105c je w ponadczasow\u0105 pami\u0105tk\u0119<\/li>\n<li>Dodaj plik audio<\/li>\n<li>Umie\u015b\u0107 kod QR i zeskanuj go, by odtworzy\u0107 d\u017awi\u0119k<\/li>\n<li>Spersonalizuj w 3 prostych krokach<\/li>\n<li>U\u017cyj jednego z naszych szablon\u00f3w lub daj popis swojej wyobra\u017ani<\/li>\n<\/ul>\n","protected":false},"featured_media":320928,"template":"","meta":[],"product_brand":[],"product_cat":[7483,5279],"product_tag":[8437],"class_list":{"0":"post-363278","1":"product","2":"type-product","3":"status-publish","4":"has-post-thumbnail","6":"product_cat-fala-dzwiekowa-pl","7":"product_cat-prezent-na-zareczyny","8":"product_tag-zareczyny","10":"first","11":"instock","12":"sale","13":"taxable","14":"shipping-taxable","15":"purchasable","16":"product-type-variable"},"yoast_head":"<!-- This site is optimized with the Yoast SEO Premium plugin v27.2 (Yoast SEO v27.2) - https:\/\/yoast.com\/product\/yoast-seo-premium-wordpress\/ -->\n<title>&quot;Czy Wyjdziesz za Mnie&quot; - Plakat Fali D\u017awi\u0119kowej | Positive Prints<\/title>\n<meta name=\"description\" content=\"Czy wyjdziesz za mnie? To pytanie, kt\u00f3re z pewno\u015bci\u0105 chcia\u0142e\u015b us\u0142ysze\u0107 lub powiedzie\u0107. Zapami\u0119taj t\u0119 wyj\u0105tkow\u0105 chwil\u0119 na zawsze dzi\u0119ki naszemu Plakatowi z Fal\u0105 D\u017awi\u0119kow\u0105!\" \/>\n<meta name=\"robots\" content=\"index, follow, max-snippet:-1, max-image-preview:large, max-video-preview:-1\" \/>\n<link rel=\"canonical\" href=\"https:\/\/positiveprints.com\/pl\/produkt\/czy-wyjdziesz-za-mnie-plakat-fali-dzwiekowej\/\" \/>\n<meta property=\"og:locale\" content=\"pl_PL\" \/>\n<meta property=\"og:type\" content=\"article\" \/>\n<meta property=\"og:title\" content=\"Czy Wyjdziesz za Mnie - Plakat Fali D\u017awi\u0119kowej\" \/>\n<meta property=\"og:description\" content=\"Wystarczy tylko odrobina kreatywno\u015bci, by uczyni\u0107 to jedno pytanie niezapomnianym, zmieniaj\u0105c je w ponadczasow\u0105 pami\u0105tk\u0119 Dodaj plik audio Umie\u015b\u0107 kod QR i zeskanuj go, by odtworzy\u0107 d\u017awi\u0119k Spersonalizuj w 3 prostych krokach U\u017cyj jednego z naszych szablon\u00f3w lub daj popis swojej wyobra\u017ani\" \/>\n<meta property=\"og:url\" content=\"https:\/\/positiveprints.com\/pl\/produkt\/czy-wyjdziesz-za-mnie-plakat-fali-dzwiekowej\/\" \/>\n<meta property=\"og:site_name\" content=\"Positive Prints\" \/>\n<meta property=\"article:publisher\" content=\"https:\/\/www.facebook.com\/positiveprintscom\" \/>\n<meta property=\"article:modified_time\" content=\"2026-04-28T13:31:19+00:00\" \/>\n<meta property=\"og:image\" content=\"https:\/\/positiveprints.com\/wp-content\/uploads\/2022\/07\/will-you-marry-me-soundwave-art.jpg\" \/>\n\t<meta property=\"og:image:width\" content=\"1080\" \/>\n\t<meta property=\"og:image:height\" content=\"1080\" \/>\n\t<meta property=\"og:image:type\" content=\"image\/jpeg\" \/>\n<meta name=\"twitter:card\" content=\"summary_large_image\" \/>\n<!-- \/ Yoast SEO Premium plugin. -->","yoast_head_json":{"title":"\"Czy Wyjdziesz za Mnie\" - Plakat Fali D\u017awi\u0119kowej | Positive Prints","description":"Czy wyjdziesz za mnie? To pytanie, kt\u00f3re z pewno\u015bci\u0105 chcia\u0142e\u015b us\u0142ysze\u0107 lub powiedzie\u0107. Zapami\u0119taj t\u0119 wyj\u0105tkow\u0105 chwil\u0119 na zawsze dzi\u0119ki naszemu Plakatowi z Fal\u0105 D\u017awi\u0119kow\u0105!","robots":{"index":"index","follow":"follow","max-snippet":"max-snippet:-1","max-image-preview":"max-image-preview:large","max-video-preview":"max-video-preview:-1"},"canonical":"https:\/\/positiveprints.com\/pl\/produkt\/czy-wyjdziesz-za-mnie-plakat-fali-dzwiekowej\/","og_locale":"pl_PL","og_type":"article","og_title":"Czy Wyjdziesz za Mnie - Plakat Fali D\u017awi\u0119kowej","og_description":"Wystarczy tylko odrobina kreatywno\u015bci, by uczyni\u0107 to jedno pytanie niezapomnianym, zmieniaj\u0105c je w ponadczasow\u0105 pami\u0105tk\u0119 Dodaj plik audio Umie\u015b\u0107 kod QR i zeskanuj go, by odtworzy\u0107 d\u017awi\u0119k Spersonalizuj w 3 prostych krokach U\u017cyj jednego z naszych szablon\u00f3w lub daj popis swojej wyobra\u017ani","og_url":"https:\/\/positiveprints.com\/pl\/produkt\/czy-wyjdziesz-za-mnie-plakat-fali-dzwiekowej\/","og_site_name":"Positive Prints","article_publisher":"https:\/\/www.facebook.com\/positiveprintscom","article_modified_time":"2026-04-28T13:31:19+00:00","og_image":[{"width":1080,"height":1080,"url":"https:\/\/positiveprints.com\/wp-content\/uploads\/2022\/07\/will-you-marry-me-soundwave-art.jpg","type":"image\/jpeg"}],"twitter_card":"summary_large_image","schema":{"@context":"https:\/\/schema.org","@graph":[{"@type":["WebPage","ItemPage"],"@id":"https:\/\/positiveprints.com\/pl\/produkt\/czy-wyjdziesz-za-mnie-plakat-fali-dzwiekowej\/","url":"https:\/\/positiveprints.com\/pl\/produkt\/czy-wyjdziesz-za-mnie-plakat-fali-dzwiekowej\/","name":"\"Czy Wyjdziesz za Mnie\" - Plakat Fali D\u017awi\u0119kowej | Positive Prints","isPartOf":{"@id":"https:\/\/positiveprints.com\/pl\/#website"},"primaryImageOfPage":{"@id":"https:\/\/positiveprints.com\/pl\/produkt\/czy-wyjdziesz-za-mnie-plakat-fali-dzwiekowej\/#primaryimage"},"image":{"@id":"https:\/\/positiveprints.com\/pl\/produkt\/czy-wyjdziesz-za-mnie-plakat-fali-dzwiekowej\/#primaryimage"},"thumbnailUrl":"https:\/\/positiveprints.com\/wp-content\/uploads\/2022\/07\/will-you-marry-me-soundwave-art.jpg","datePublished":"2022-07-21T11:51:35+00:00","dateModified":"2026-04-28T13:31:19+00:00","description":"Czy wyjdziesz za mnie? To pytanie, kt\u00f3re z pewno\u015bci\u0105 chcia\u0142e\u015b us\u0142ysze\u0107 lub powiedzie\u0107. Zapami\u0119taj t\u0119 wyj\u0105tkow\u0105 chwil\u0119 na zawsze dzi\u0119ki naszemu Plakatowi z Fal\u0105 D\u017awi\u0119kow\u0105!","breadcrumb":{"@id":"https:\/\/positiveprints.com\/pl\/produkt\/czy-wyjdziesz-za-mnie-plakat-fali-dzwiekowej\/#breadcrumb"},"inLanguage":"pl-PL","potentialAction":[{"@type":"ReadAction","target":["https:\/\/positiveprints.com\/pl\/produkt\/czy-wyjdziesz-za-mnie-plakat-fali-dzwiekowej\/"]}]},{"@type":"ImageObject","inLanguage":"pl-PL","@id":"https:\/\/positiveprints.com\/pl\/produkt\/czy-wyjdziesz-za-mnie-plakat-fali-dzwiekowej\/#primaryimage","url":"https:\/\/positiveprints.com\/wp-content\/uploads\/2022\/07\/will-you-marry-me-soundwave-art.jpg","contentUrl":"https:\/\/positiveprints.com\/wp-content\/uploads\/2022\/07\/will-you-marry-me-soundwave-art.jpg","width":1080,"height":1080,"caption":"Art makes the perfect gift for a first anniversary, which is also known as the Paper anniversary."},{"@type":"BreadcrumbList","@id":"https:\/\/positiveprints.com\/pl\/produkt\/czy-wyjdziesz-za-mnie-plakat-fali-dzwiekowej\/#breadcrumb","itemListElement":[{"@type":"ListItem","position":1,"name":"Home","item":"https:\/\/positiveprints.com\/pl\/"},{"@type":"ListItem","position":2,"name":"Produkty","item":"https:\/\/positiveprints.com\/pl\/shop\/"},{"@type":"ListItem","position":3,"name":"Czy Wyjdziesz za Mnie &#8211; Plakat Fali D\u017awi\u0119kowej"}]},{"@type":"WebSite","@id":"https:\/\/positiveprints.com\/pl\/#website","url":"https:\/\/positiveprints.com\/pl\/","name":"Positive Prints","description":"Amazing Custom Personalized Gifts","publisher":{"@id":"https:\/\/positiveprints.com\/pl\/#organization"},"potentialAction":[{"@type":"SearchAction","target":{"@type":"EntryPoint","urlTemplate":"https:\/\/positiveprints.com\/pl\/?s={search_term_string}"},"query-input":{"@type":"PropertyValueSpecification","valueRequired":true,"valueName":"search_term_string"}}],"inLanguage":"pl-PL"},{"@type":"Organization","@id":"https:\/\/positiveprints.com\/pl\/#organization","name":"Positive Prints","alternateName":"Positive Prints","url":"https:\/\/positiveprints.com\/pl\/","logo":{"@type":"ImageObject","inLanguage":"pl-PL","@id":"https:\/\/positiveprints.com\/pl\/#\/schema\/logo\/image\/","url":"https:\/\/positiveprints.com\/wp-content\/uploads\/2026\/03\/245815646_1337939713319158_5671353136411139666_n.png","contentUrl":"https:\/\/positiveprints.com\/wp-content\/uploads\/2026\/03\/245815646_1337939713319158_5671353136411139666_n.png","width":800,"height":800,"caption":"Positive Prints"},"image":{"@id":"https:\/\/positiveprints.com\/pl\/#\/schema\/logo\/image\/"},"sameAs":["https:\/\/www.facebook.com\/positiveprintscom","https:\/\/www.instagram.com\/positiveprintscom\/","https:\/\/www.tiktok.com\/@positiveprintscom","https:\/\/www.pinterest.com\/positiveprintscom\/"]}]}},"jetpack_sharing_enabled":true,"_links":{"self":[{"href":"https:\/\/positiveprints.com\/pl\/wp-json\/wp\/v2\/product\/363278","targetHints":{"allow":["GET"]}}],"collection":[{"href":"https:\/\/positiveprints.com\/pl\/wp-json\/wp\/v2\/product"}],"about":[{"href":"https:\/\/positiveprints.com\/pl\/wp-json\/wp\/v2\/types\/product"}],"wp:featuredmedia":[{"embeddable":true,"href":"https:\/\/positiveprints.com\/pl\/wp-json\/wp\/v2\/media\/320928"}],"wp:attachment":[{"href":"https:\/\/positiveprints.com\/pl\/wp-json\/wp\/v2\/media?parent=363278"}],"wp:term":[{"taxonomy":"product_brand","embeddable":true,"href":"https:\/\/positiveprints.com\/pl\/wp-json\/wp\/v2\/product_brand?post=363278"},{"taxonomy":"product_cat","embeddable":true,"href":"https:\/\/positiveprints.com\/pl\/wp-json\/wp\/v2\/product_cat?post=363278"},{"taxonomy":"product_tag","embeddable":true,"href":"https:\/\/positiveprints.com\/pl\/wp-json\/wp\/v2\/product_tag?post=363278"}],"curies":[{"name":"wp","href":"https:\/\/api.w.org\/{rel}","templated":true}]}}