{"id":363202,"date":"2025-06-27T15:31:35","date_gmt":"2025-06-27T13:31:35","guid":{"rendered":"https:\/\/positiveprints.com\/?post_type=product&#038;p=363202"},"modified":"2026-04-18T02:35:41","modified_gmt":"2026-04-18T01:35:41","slug":"ukochany-glos-fala-dzwiekowa","status":"publish","type":"product","link":"https:\/\/positiveprints.com\/pl\/produkt\/ukochany-glos-fala-dzwiekowa\/","title":{"rendered":"Pami\u0105tka z Nagraniem G\u0142osu Zmar\u0142ej Osoby"},"content":{"rendered":"","protected":false},"excerpt":{"rendered":"<ul class=\"check-list\">\n<li>Zachowaj pami\u0119\u0107 o ukochanej osobie za pomoc\u0105 pi\u0119knego dzie\u0142a sztuki, w kt\u00f3rym na zawsze pozostanie jej koj\u0105cy g\u0142os<\/li>\n<li>Dodaj plik audio<\/li>\n<li>Umie\u015b\u0107 kod QR i zeskanuj go, by odtworzy\u0107 d\u017awi\u0119k<\/li>\n<li>Spersonalizuj w 3 prostych krokach<\/li>\n<li>U\u017cyj jednego z naszych szablon\u00f3w lub daj popis swojej wyobra\u017ani<\/li>\n<\/ul>\n","protected":false},"featured_media":1470036,"template":"","meta":[],"product_brand":[],"product_cat":[7483,7993],"product_tag":[15408,15370,15371,15372,15373,15374,15375,15262,15376,15377],"class_list":{"0":"post-363202","1":"product","2":"type-product","3":"status-publish","4":"has-post-thumbnail","6":"product_cat-fala-dzwiekowa-pl","7":"product_cat-smierc-bliskiej-osoby","8":"product_tag-audio-pl","9":"product_tag-condolence-gift-pl","10":"product_tag-condolence-gifts-pl","11":"product_tag-grief-support-gift-pl","12":"product_tag-memorial-pl","13":"product_tag-memorial-gift-pl","14":"product_tag-remembrance-gift-pl","15":"product_tag-sympathy-pl-2","16":"product_tag-sympathy-gift-pl","17":"product_tag-sympathy-gifts-pl","19":"first","20":"instock","21":"sale","22":"taxable","23":"shipping-taxable","24":"purchasable","25":"product-type-variable"},"yoast_head":"<!-- This site is optimized with the Yoast SEO Premium plugin v27.2 (Yoast SEO v27.2) - https:\/\/yoast.com\/product\/yoast-seo-premium-wordpress\/ -->\n<title>Pami\u0105tka z Nagraniem G\u0142osu Zmar\u0142ej Osoby - Positive Prints<\/title>\n<meta name=\"description\" content=\"Zatrzymaj s\u0142owa ukochanej osoby na ca\u0142e \u017cycie. Nasz plakat Ukochany G\u0142os Fala D\u017awi\u0119kowa podtrzymuje je w pami\u0119ci.\" \/>\n<meta name=\"robots\" content=\"index, follow, max-snippet:-1, max-image-preview:large, max-video-preview:-1\" \/>\n<link rel=\"canonical\" href=\"https:\/\/positiveprints.com\/pl\/produkt\/ukochany-glos-fala-dzwiekowa\/\" \/>\n<meta property=\"og:locale\" content=\"pl_PL\" \/>\n<meta property=\"og:type\" content=\"article\" \/>\n<meta property=\"og:title\" content=\"Pami\u0105tka z Nagraniem G\u0142osu Zmar\u0142ej Osoby\" \/>\n<meta property=\"og:description\" content=\"Zachowaj pami\u0119\u0107 o ukochanej osobie za pomoc\u0105 pi\u0119knego dzie\u0142a sztuki, w kt\u00f3rym na zawsze pozostanie jej koj\u0105cy g\u0142os Dodaj plik audio Umie\u015b\u0107 kod QR i zeskanuj go, by odtworzy\u0107 d\u017awi\u0119k Spersonalizuj w 3 prostych krokach U\u017cyj jednego z naszych szablon\u00f3w lub daj popis swojej wyobra\u017ani\" \/>\n<meta property=\"og:url\" content=\"https:\/\/positiveprints.com\/pl\/produkt\/ukochany-glos-fala-dzwiekowa\/\" \/>\n<meta property=\"og:site_name\" content=\"Positive Prints\" \/>\n<meta property=\"article:publisher\" content=\"https:\/\/www.facebook.com\/positiveprintscom\" \/>\n<meta property=\"article:modified_time\" content=\"2026-04-18T01:35:41+00:00\" \/>\n<meta property=\"og:image\" content=\"https:\/\/positiveprints.com\/wp-content\/uploads\/2025\/07\/Packshot_PL_Pamia\u0328tka-z-Nagraniem-Glosu-Zmarlej-Osoby.webp\" \/>\n\t<meta property=\"og:image:width\" content=\"1450\" \/>\n\t<meta property=\"og:image:height\" content=\"1450\" \/>\n\t<meta property=\"og:image:type\" content=\"image\/webp\" \/>\n<meta name=\"twitter:card\" content=\"summary_large_image\" \/>\n<meta name=\"twitter:label1\" content=\"Szacowany czas czytania\" \/>\n\t<meta name=\"twitter:data1\" content=\"1 minuta\" \/>\n<!-- \/ Yoast SEO Premium plugin. -->","yoast_head_json":{"title":"Pami\u0105tka z Nagraniem G\u0142osu Zmar\u0142ej Osoby - Positive Prints","description":"Zatrzymaj s\u0142owa ukochanej osoby na ca\u0142e \u017cycie. Nasz plakat Ukochany G\u0142os Fala D\u017awi\u0119kowa podtrzymuje je w pami\u0119ci.","robots":{"index":"index","follow":"follow","max-snippet":"max-snippet:-1","max-image-preview":"max-image-preview:large","max-video-preview":"max-video-preview:-1"},"canonical":"https:\/\/positiveprints.com\/pl\/produkt\/ukochany-glos-fala-dzwiekowa\/","og_locale":"pl_PL","og_type":"article","og_title":"Pami\u0105tka z Nagraniem G\u0142osu Zmar\u0142ej Osoby","og_description":"Zachowaj pami\u0119\u0107 o ukochanej osobie za pomoc\u0105 pi\u0119knego dzie\u0142a sztuki, w kt\u00f3rym na zawsze pozostanie jej koj\u0105cy g\u0142os Dodaj plik audio Umie\u015b\u0107 kod QR i zeskanuj go, by odtworzy\u0107 d\u017awi\u0119k Spersonalizuj w 3 prostych krokach U\u017cyj jednego z naszych szablon\u00f3w lub daj popis swojej wyobra\u017ani","og_url":"https:\/\/positiveprints.com\/pl\/produkt\/ukochany-glos-fala-dzwiekowa\/","og_site_name":"Positive Prints","article_publisher":"https:\/\/www.facebook.com\/positiveprintscom","article_modified_time":"2026-04-18T01:35:41+00:00","og_image":[{"width":1450,"height":1450,"url":"https:\/\/positiveprints.com\/wp-content\/uploads\/2025\/07\/Packshot_PL_Pamia\u0328tka-z-Nagraniem-Glosu-Zmarlej-Osoby.webp","type":"image\/webp"}],"twitter_card":"summary_large_image","twitter_misc":{"Szacowany czas czytania":"1 minuta"},"schema":{"@context":"https:\/\/schema.org","@graph":[{"@type":["WebPage","ItemPage"],"@id":"https:\/\/positiveprints.com\/pl\/produkt\/ukochany-glos-fala-dzwiekowa\/","url":"https:\/\/positiveprints.com\/pl\/produkt\/ukochany-glos-fala-dzwiekowa\/","name":"Pami\u0105tka z Nagraniem G\u0142osu Zmar\u0142ej Osoby - Positive Prints","isPartOf":{"@id":"https:\/\/positiveprints.com\/pl\/#website"},"primaryImageOfPage":{"@id":"https:\/\/positiveprints.com\/pl\/produkt\/ukochany-glos-fala-dzwiekowa\/#primaryimage"},"image":{"@id":"https:\/\/positiveprints.com\/pl\/produkt\/ukochany-glos-fala-dzwiekowa\/#primaryimage"},"thumbnailUrl":"https:\/\/positiveprints.com\/wp-content\/uploads\/2025\/07\/Packshot_PL_Pamia\u0328tka-z-Nagraniem-Glosu-Zmarlej-Osoby.webp","datePublished":"2025-06-27T13:31:35+00:00","dateModified":"2026-04-18T01:35:41+00:00","description":"Zatrzymaj s\u0142owa ukochanej osoby na ca\u0142e \u017cycie. Nasz plakat Ukochany G\u0142os Fala D\u017awi\u0119kowa podtrzymuje je w pami\u0119ci.","breadcrumb":{"@id":"https:\/\/positiveprints.com\/pl\/produkt\/ukochany-glos-fala-dzwiekowa\/#breadcrumb"},"inLanguage":"pl-PL","potentialAction":[{"@type":"ReadAction","target":["https:\/\/positiveprints.com\/pl\/produkt\/ukochany-glos-fala-dzwiekowa\/"]}]},{"@type":"ImageObject","inLanguage":"pl-PL","@id":"https:\/\/positiveprints.com\/pl\/produkt\/ukochany-glos-fala-dzwiekowa\/#primaryimage","url":"https:\/\/positiveprints.com\/wp-content\/uploads\/2025\/07\/Packshot_PL_Pamia\u0328tka-z-Nagraniem-Glosu-Zmarlej-Osoby.webp","contentUrl":"https:\/\/positiveprints.com\/wp-content\/uploads\/2025\/07\/Packshot_PL_Pamia\u0328tka-z-Nagraniem-Glosu-Zmarlej-Osoby.webp","width":1450,"height":1450},{"@type":"BreadcrumbList","@id":"https:\/\/positiveprints.com\/pl\/produkt\/ukochany-glos-fala-dzwiekowa\/#breadcrumb","itemListElement":[{"@type":"ListItem","position":1,"name":"Home","item":"https:\/\/positiveprints.com\/pl\/"},{"@type":"ListItem","position":2,"name":"Produkty","item":"https:\/\/positiveprints.com\/pl\/shop\/"},{"@type":"ListItem","position":3,"name":"Pami\u0105tka z Nagraniem G\u0142osu Zmar\u0142ej Osoby"}]},{"@type":"WebSite","@id":"https:\/\/positiveprints.com\/pl\/#website","url":"https:\/\/positiveprints.com\/pl\/","name":"Positive Prints","description":"Amazing Custom Personalized Gifts","publisher":{"@id":"https:\/\/positiveprints.com\/pl\/#organization"},"potentialAction":[{"@type":"SearchAction","target":{"@type":"EntryPoint","urlTemplate":"https:\/\/positiveprints.com\/pl\/?s={search_term_string}"},"query-input":{"@type":"PropertyValueSpecification","valueRequired":true,"valueName":"search_term_string"}}],"inLanguage":"pl-PL"},{"@type":"Organization","@id":"https:\/\/positiveprints.com\/pl\/#organization","name":"Positive Prints","alternateName":"Positive Prints","url":"https:\/\/positiveprints.com\/pl\/","logo":{"@type":"ImageObject","inLanguage":"pl-PL","@id":"https:\/\/positiveprints.com\/pl\/#\/schema\/logo\/image\/","url":"https:\/\/positiveprints.com\/wp-content\/uploads\/2026\/03\/245815646_1337939713319158_5671353136411139666_n.png","contentUrl":"https:\/\/positiveprints.com\/wp-content\/uploads\/2026\/03\/245815646_1337939713319158_5671353136411139666_n.png","width":800,"height":800,"caption":"Positive Prints"},"image":{"@id":"https:\/\/positiveprints.com\/pl\/#\/schema\/logo\/image\/"},"sameAs":["https:\/\/www.facebook.com\/positiveprintscom","https:\/\/www.instagram.com\/positiveprintscom\/","https:\/\/www.tiktok.com\/@positiveprintscom","https:\/\/www.pinterest.com\/positiveprintscom\/"]}]}},"jetpack_sharing_enabled":true,"_links":{"self":[{"href":"https:\/\/positiveprints.com\/pl\/wp-json\/wp\/v2\/product\/363202","targetHints":{"allow":["GET"]}}],"collection":[{"href":"https:\/\/positiveprints.com\/pl\/wp-json\/wp\/v2\/product"}],"about":[{"href":"https:\/\/positiveprints.com\/pl\/wp-json\/wp\/v2\/types\/product"}],"wp:featuredmedia":[{"embeddable":true,"href":"https:\/\/positiveprints.com\/pl\/wp-json\/wp\/v2\/media\/1470036"}],"wp:attachment":[{"href":"https:\/\/positiveprints.com\/pl\/wp-json\/wp\/v2\/media?parent=363202"}],"wp:term":[{"taxonomy":"product_brand","embeddable":true,"href":"https:\/\/positiveprints.com\/pl\/wp-json\/wp\/v2\/product_brand?post=363202"},{"taxonomy":"product_cat","embeddable":true,"href":"https:\/\/positiveprints.com\/pl\/wp-json\/wp\/v2\/product_cat?post=363202"},{"taxonomy":"product_tag","embeddable":true,"href":"https:\/\/positiveprints.com\/pl\/wp-json\/wp\/v2\/product_tag?post=363202"}],"curies":[{"name":"wp","href":"https:\/\/api.w.org\/{rel}","templated":true}]}}