{"id":362886,"date":"2022-07-22T20:53:04","date_gmt":"2022-07-22T19:53:04","guid":{"rendered":"https:\/\/positiveprints.com\/?post_type=product&#038;p=362886"},"modified":"2026-04-18T06:50:48","modified_gmt":"2026-04-18T05:50:48","slug":"kocham-cie-papo-fala-dzwiekowa-plakat","status":"publish","type":"product","link":"https:\/\/positiveprints.com\/pl\/produkt\/kocham-cie-papo-fala-dzwiekowa-plakat\/","title":{"rendered":"Kocham Ci\u0119 Dziadku &#8211; Plakat Fali D\u017awi\u0119kowej"},"content":{"rendered":"","protected":false},"excerpt":{"rendered":"<ul class=\"check-list\">\n<li>Odtw\u00f3rz mi\u0142o\u015b\u0107 wyra\u017con\u0105 s\u0142owami dziecka na wyj\u0105tkowym obrazie, aby stworzy\u0107 jedyny w swoim rodzaju prezent<\/li>\n<li>Dodaj plik audio<\/li>\n<li>Umie\u015b\u0107 kod QR i zeskanuj go, by odtworzy\u0107 d\u017awi\u0119k<\/li>\n<li>Spersonalizuj w 3 prostych krokach<\/li>\n<li>U\u017cyj jednego z naszych szablon\u00f3w lub daj popis swojej wyobra\u017ani<\/li>\n<\/ul>\n","protected":false},"featured_media":322015,"template":"","meta":[],"product_brand":[],"product_cat":[5271,11409,7610,7483],"product_tag":[8667,13361],"class_list":{"0":"post-362886","1":"product","2":"type-product","3":"status-publish","4":"has-post-thumbnail","6":"product_cat-prezent-na-boze-narodzenie","7":"product_cat-prezenty-pod-choinke-dla-dziadka","8":"product_cat-prezent-dla-dziadka","9":"product_cat-fala-dzwiekowa-pl","10":"product_tag-grandpa-pl","11":"product_tag-prezent-swiateczny-dla-dziadka","13":"first","14":"instock","15":"sale","16":"taxable","17":"shipping-taxable","18":"purchasable","19":"product-type-variable"},"yoast_head":"<!-- This site is optimized with the Yoast SEO Premium plugin v27.2 (Yoast SEO v27.2) - https:\/\/yoast.com\/product\/yoast-seo-premium-wordpress\/ -->\n<title>&quot;Kocham Ci\u0119 Papo&quot; Fala D\u017awi\u0119kowa - Plakat | Positive Prints<\/title>\n<meta name=\"description\" content=\"Chcesz podarowa\u0107 Papie prezent, z kt\u00f3rego b\u0119dzie si\u0119 cieszy\u0142 przez wiele lat? Nasz Plakat Fali D\u017awi\u0119kowej jest jedyny w swoim rodzaju. Stw\u00f3rz sw\u00f3j ju\u017c dzi\u015b!\" \/>\n<meta name=\"robots\" content=\"index, follow, max-snippet:-1, max-image-preview:large, max-video-preview:-1\" \/>\n<link rel=\"canonical\" href=\"https:\/\/positiveprints.com\/pl\/produkt\/kocham-cie-papo-fala-dzwiekowa-plakat\/\" \/>\n<meta property=\"og:locale\" content=\"pl_PL\" \/>\n<meta property=\"og:type\" content=\"article\" \/>\n<meta property=\"og:title\" content=\"Kocham Ci\u0119 Dziadku - Plakat Fali D\u017awi\u0119kowej\" \/>\n<meta property=\"og:description\" content=\"Odtw\u00f3rz mi\u0142o\u015b\u0107 wyra\u017con\u0105 s\u0142owami dziecka na wyj\u0105tkowym obrazie, aby stworzy\u0107 jedyny w swoim rodzaju prezent Dodaj plik audio Umie\u015b\u0107 kod QR i zeskanuj go, by odtworzy\u0107 d\u017awi\u0119k Spersonalizuj w 3 prostych krokach U\u017cyj jednego z naszych szablon\u00f3w lub daj popis swojej wyobra\u017ani\" \/>\n<meta property=\"og:url\" content=\"https:\/\/positiveprints.com\/pl\/produkt\/kocham-cie-papo-fala-dzwiekowa-plakat\/\" \/>\n<meta property=\"og:site_name\" content=\"Positive Prints\" \/>\n<meta property=\"article:publisher\" content=\"https:\/\/www.facebook.com\/positiveprintscom\" \/>\n<meta property=\"article:modified_time\" content=\"2026-04-18T05:50:48+00:00\" \/>\n<meta property=\"og:image\" content=\"https:\/\/positiveprints.com\/wp-content\/uploads\/2022\/07\/i-love-you-papa-soundwave-art.jpg\" \/>\n\t<meta property=\"og:image:width\" content=\"1080\" \/>\n\t<meta property=\"og:image:height\" content=\"1080\" \/>\n\t<meta property=\"og:image:type\" content=\"image\/jpeg\" \/>\n<meta name=\"twitter:card\" content=\"summary_large_image\" \/>\n<!-- \/ Yoast SEO Premium plugin. -->","yoast_head_json":{"title":"\"Kocham Ci\u0119 Papo\" Fala D\u017awi\u0119kowa - Plakat | Positive Prints","description":"Chcesz podarowa\u0107 Papie prezent, z kt\u00f3rego b\u0119dzie si\u0119 cieszy\u0142 przez wiele lat? Nasz Plakat Fali D\u017awi\u0119kowej jest jedyny w swoim rodzaju. Stw\u00f3rz sw\u00f3j ju\u017c dzi\u015b!","robots":{"index":"index","follow":"follow","max-snippet":"max-snippet:-1","max-image-preview":"max-image-preview:large","max-video-preview":"max-video-preview:-1"},"canonical":"https:\/\/positiveprints.com\/pl\/produkt\/kocham-cie-papo-fala-dzwiekowa-plakat\/","og_locale":"pl_PL","og_type":"article","og_title":"Kocham Ci\u0119 Dziadku - Plakat Fali D\u017awi\u0119kowej","og_description":"Odtw\u00f3rz mi\u0142o\u015b\u0107 wyra\u017con\u0105 s\u0142owami dziecka na wyj\u0105tkowym obrazie, aby stworzy\u0107 jedyny w swoim rodzaju prezent Dodaj plik audio Umie\u015b\u0107 kod QR i zeskanuj go, by odtworzy\u0107 d\u017awi\u0119k Spersonalizuj w 3 prostych krokach U\u017cyj jednego z naszych szablon\u00f3w lub daj popis swojej wyobra\u017ani","og_url":"https:\/\/positiveprints.com\/pl\/produkt\/kocham-cie-papo-fala-dzwiekowa-plakat\/","og_site_name":"Positive Prints","article_publisher":"https:\/\/www.facebook.com\/positiveprintscom","article_modified_time":"2026-04-18T05:50:48+00:00","og_image":[{"width":1080,"height":1080,"url":"https:\/\/positiveprints.com\/wp-content\/uploads\/2022\/07\/i-love-you-papa-soundwave-art.jpg","type":"image\/jpeg"}],"twitter_card":"summary_large_image","schema":{"@context":"https:\/\/schema.org","@graph":[{"@type":["WebPage","ItemPage"],"@id":"https:\/\/positiveprints.com\/pl\/produkt\/kocham-cie-papo-fala-dzwiekowa-plakat\/","url":"https:\/\/positiveprints.com\/pl\/produkt\/kocham-cie-papo-fala-dzwiekowa-plakat\/","name":"\"Kocham Ci\u0119 Papo\" Fala D\u017awi\u0119kowa - Plakat | Positive Prints","isPartOf":{"@id":"https:\/\/positiveprints.com\/pl\/#website"},"primaryImageOfPage":{"@id":"https:\/\/positiveprints.com\/pl\/produkt\/kocham-cie-papo-fala-dzwiekowa-plakat\/#primaryimage"},"image":{"@id":"https:\/\/positiveprints.com\/pl\/produkt\/kocham-cie-papo-fala-dzwiekowa-plakat\/#primaryimage"},"thumbnailUrl":"https:\/\/positiveprints.com\/wp-content\/uploads\/2022\/07\/i-love-you-papa-soundwave-art.jpg","datePublished":"2022-07-22T19:53:04+00:00","dateModified":"2026-04-18T05:50:48+00:00","description":"Chcesz podarowa\u0107 Papie prezent, z kt\u00f3rego b\u0119dzie si\u0119 cieszy\u0142 przez wiele lat? Nasz Plakat Fali D\u017awi\u0119kowej jest jedyny w swoim rodzaju. Stw\u00f3rz sw\u00f3j ju\u017c dzi\u015b!","breadcrumb":{"@id":"https:\/\/positiveprints.com\/pl\/produkt\/kocham-cie-papo-fala-dzwiekowa-plakat\/#breadcrumb"},"inLanguage":"pl-PL","potentialAction":[{"@type":"ReadAction","target":["https:\/\/positiveprints.com\/pl\/produkt\/kocham-cie-papo-fala-dzwiekowa-plakat\/"]}]},{"@type":"ImageObject","inLanguage":"pl-PL","@id":"https:\/\/positiveprints.com\/pl\/produkt\/kocham-cie-papo-fala-dzwiekowa-plakat\/#primaryimage","url":"https:\/\/positiveprints.com\/wp-content\/uploads\/2022\/07\/i-love-you-papa-soundwave-art.jpg","contentUrl":"https:\/\/positiveprints.com\/wp-content\/uploads\/2022\/07\/i-love-you-papa-soundwave-art.jpg","width":1080,"height":1080,"caption":"Capture the voice of a child or grandchild in a recording"},{"@type":"BreadcrumbList","@id":"https:\/\/positiveprints.com\/pl\/produkt\/kocham-cie-papo-fala-dzwiekowa-plakat\/#breadcrumb","itemListElement":[{"@type":"ListItem","position":1,"name":"Home","item":"https:\/\/positiveprints.com\/pl\/"},{"@type":"ListItem","position":2,"name":"Produkty","item":"https:\/\/positiveprints.com\/pl\/shop\/"},{"@type":"ListItem","position":3,"name":"Kocham Ci\u0119 Dziadku &#8211; Plakat Fali D\u017awi\u0119kowej"}]},{"@type":"WebSite","@id":"https:\/\/positiveprints.com\/pl\/#website","url":"https:\/\/positiveprints.com\/pl\/","name":"Positive Prints","description":"Amazing Custom Personalized Gifts","publisher":{"@id":"https:\/\/positiveprints.com\/pl\/#organization"},"potentialAction":[{"@type":"SearchAction","target":{"@type":"EntryPoint","urlTemplate":"https:\/\/positiveprints.com\/pl\/?s={search_term_string}"},"query-input":{"@type":"PropertyValueSpecification","valueRequired":true,"valueName":"search_term_string"}}],"inLanguage":"pl-PL"},{"@type":"Organization","@id":"https:\/\/positiveprints.com\/pl\/#organization","name":"Positive Prints","alternateName":"Positive Prints","url":"https:\/\/positiveprints.com\/pl\/","logo":{"@type":"ImageObject","inLanguage":"pl-PL","@id":"https:\/\/positiveprints.com\/pl\/#\/schema\/logo\/image\/","url":"https:\/\/positiveprints.com\/wp-content\/uploads\/2026\/03\/245815646_1337939713319158_5671353136411139666_n.png","contentUrl":"https:\/\/positiveprints.com\/wp-content\/uploads\/2026\/03\/245815646_1337939713319158_5671353136411139666_n.png","width":800,"height":800,"caption":"Positive Prints"},"image":{"@id":"https:\/\/positiveprints.com\/pl\/#\/schema\/logo\/image\/"},"sameAs":["https:\/\/www.facebook.com\/positiveprintscom","https:\/\/www.instagram.com\/positiveprintscom\/","https:\/\/www.tiktok.com\/@positiveprintscom","https:\/\/www.pinterest.com\/positiveprintscom\/"]}]}},"jetpack_sharing_enabled":true,"_links":{"self":[{"href":"https:\/\/positiveprints.com\/pl\/wp-json\/wp\/v2\/product\/362886","targetHints":{"allow":["GET"]}}],"collection":[{"href":"https:\/\/positiveprints.com\/pl\/wp-json\/wp\/v2\/product"}],"about":[{"href":"https:\/\/positiveprints.com\/pl\/wp-json\/wp\/v2\/types\/product"}],"wp:featuredmedia":[{"embeddable":true,"href":"https:\/\/positiveprints.com\/pl\/wp-json\/wp\/v2\/media\/322015"}],"wp:attachment":[{"href":"https:\/\/positiveprints.com\/pl\/wp-json\/wp\/v2\/media?parent=362886"}],"wp:term":[{"taxonomy":"product_brand","embeddable":true,"href":"https:\/\/positiveprints.com\/pl\/wp-json\/wp\/v2\/product_brand?post=362886"},{"taxonomy":"product_cat","embeddable":true,"href":"https:\/\/positiveprints.com\/pl\/wp-json\/wp\/v2\/product_cat?post=362886"},{"taxonomy":"product_tag","embeddable":true,"href":"https:\/\/positiveprints.com\/pl\/wp-json\/wp\/v2\/product_tag?post=362886"}],"curies":[{"name":"wp","href":"https:\/\/api.w.org\/{rel}","templated":true}]}}