{"id":362818,"date":"2022-07-25T10:37:13","date_gmt":"2022-07-25T09:37:13","guid":{"rendered":"https:\/\/positiveprints.com\/?post_type=product&#038;p=362818"},"modified":"2026-04-18T06:49:10","modified_gmt":"2026-04-18T05:49:10","slug":"fala-dzwiekowa-szczeku-psa-plakat","status":"publish","type":"product","link":"https:\/\/positiveprints.com\/pl\/produkt\/fala-dzwiekowa-szczeku-psa-plakat\/","title":{"rendered":"Szczekanie Psa &#8211; Plakat Fali D\u017awi\u0119kowej"},"content":{"rendered":"","protected":false},"excerpt":{"rendered":"<ul class=\"check-list\">\n<li>Zachowaj urocze szczekanie psa w pi\u0119knej dekoracji, kt\u00f3ra rozczuli ka\u017cdego mi\u0142o\u015bnika futrzanych przyjaci\u00f3\u0142<\/li>\n<li>Dodaj plik audio<\/li>\n<li>Umie\u015b\u0107 kod QR i zeskanuj go, by odtworzy\u0107 d\u017awi\u0119k<\/li>\n<li>Spersonalizuj w 3 prostych krokach<\/li>\n<li>U\u017cyj jednego z naszych szablon\u00f3w lub daj popis swojej wyobra\u017ani<\/li>\n<\/ul>\n","protected":false},"featured_media":322837,"template":"","meta":[],"product_brand":[],"product_cat":[7898,7483],"product_tag":[15631,8694,15398],"class_list":{"0":"post-362818","1":"product","2":"type-product","3":"status-publish","4":"has-post-thumbnail","6":"product_cat-prezent-dla-psiarza","7":"product_cat-fala-dzwiekowa-pl","8":"product_tag-animals-pl","9":"product_tag-dog-lovers-pl","10":"product_tag-zwierzeta","12":"first","13":"instock","14":"sale","15":"taxable","16":"shipping-taxable","17":"purchasable","18":"product-type-variable"},"yoast_head":"<!-- This site is optimized with the Yoast SEO Premium plugin v27.2 (Yoast SEO v27.2) - https:\/\/yoast.com\/product\/yoast-seo-premium-wordpress\/ -->\n<title>Szczekanie Psa - Plakat Fali D\u017awi\u0119kowej - Positive Prints<\/title>\n<meta name=\"description\" content=\"Czy szczekanie psa to mi\u00f3d dla Twoich uszu? Zachowaj ten d\u017awi\u0119k na zawsze dzi\u0119ki naszemu spersonalizowanemu plakatowi z fal\u0105 d\u017awi\u0119kow\u0105.\" \/>\n<meta name=\"robots\" content=\"index, follow, max-snippet:-1, max-image-preview:large, max-video-preview:-1\" \/>\n<link rel=\"canonical\" href=\"https:\/\/positiveprints.com\/pl\/produkt\/fala-dzwiekowa-szczeku-psa-plakat\/\" \/>\n<meta property=\"og:locale\" content=\"pl_PL\" \/>\n<meta property=\"og:type\" content=\"article\" \/>\n<meta property=\"og:title\" content=\"Szczekanie Psa - Plakat Fali D\u017awi\u0119kowej\" \/>\n<meta property=\"og:description\" content=\"Zachowaj urocze szczekanie psa w pi\u0119knej dekoracji, kt\u00f3ra rozczuli ka\u017cdego mi\u0142o\u015bnika futrzanych przyjaci\u00f3\u0142 Dodaj plik audio Umie\u015b\u0107 kod QR i zeskanuj go, by odtworzy\u0107 d\u017awi\u0119k Spersonalizuj w 3 prostych krokach U\u017cyj jednego z naszych szablon\u00f3w lub daj popis swojej wyobra\u017ani\" \/>\n<meta property=\"og:url\" content=\"https:\/\/positiveprints.com\/pl\/produkt\/fala-dzwiekowa-szczeku-psa-plakat\/\" \/>\n<meta property=\"og:site_name\" content=\"Positive Prints\" \/>\n<meta property=\"article:publisher\" content=\"https:\/\/www.facebook.com\/positiveprintscom\" \/>\n<meta property=\"article:modified_time\" content=\"2026-04-18T05:49:10+00:00\" \/>\n<meta property=\"og:image\" content=\"https:\/\/positiveprints.com\/wp-content\/uploads\/2022\/07\/dog-bark-soundwave-art.jpg\" \/>\n\t<meta property=\"og:image:width\" content=\"1080\" \/>\n\t<meta property=\"og:image:height\" content=\"1080\" \/>\n\t<meta property=\"og:image:type\" content=\"image\/jpeg\" \/>\n<meta name=\"twitter:card\" content=\"summary_large_image\" \/>\n<!-- \/ Yoast SEO Premium plugin. -->","yoast_head_json":{"title":"Szczekanie Psa - Plakat Fali D\u017awi\u0119kowej - Positive Prints","description":"Czy szczekanie psa to mi\u00f3d dla Twoich uszu? Zachowaj ten d\u017awi\u0119k na zawsze dzi\u0119ki naszemu spersonalizowanemu plakatowi z fal\u0105 d\u017awi\u0119kow\u0105.","robots":{"index":"index","follow":"follow","max-snippet":"max-snippet:-1","max-image-preview":"max-image-preview:large","max-video-preview":"max-video-preview:-1"},"canonical":"https:\/\/positiveprints.com\/pl\/produkt\/fala-dzwiekowa-szczeku-psa-plakat\/","og_locale":"pl_PL","og_type":"article","og_title":"Szczekanie Psa - Plakat Fali D\u017awi\u0119kowej","og_description":"Zachowaj urocze szczekanie psa w pi\u0119knej dekoracji, kt\u00f3ra rozczuli ka\u017cdego mi\u0142o\u015bnika futrzanych przyjaci\u00f3\u0142 Dodaj plik audio Umie\u015b\u0107 kod QR i zeskanuj go, by odtworzy\u0107 d\u017awi\u0119k Spersonalizuj w 3 prostych krokach U\u017cyj jednego z naszych szablon\u00f3w lub daj popis swojej wyobra\u017ani","og_url":"https:\/\/positiveprints.com\/pl\/produkt\/fala-dzwiekowa-szczeku-psa-plakat\/","og_site_name":"Positive Prints","article_publisher":"https:\/\/www.facebook.com\/positiveprintscom","article_modified_time":"2026-04-18T05:49:10+00:00","og_image":[{"width":1080,"height":1080,"url":"https:\/\/positiveprints.com\/wp-content\/uploads\/2022\/07\/dog-bark-soundwave-art.jpg","type":"image\/jpeg"}],"twitter_card":"summary_large_image","schema":{"@context":"https:\/\/schema.org","@graph":[{"@type":["WebPage","ItemPage"],"@id":"https:\/\/positiveprints.com\/pl\/produkt\/fala-dzwiekowa-szczeku-psa-plakat\/","url":"https:\/\/positiveprints.com\/pl\/produkt\/fala-dzwiekowa-szczeku-psa-plakat\/","name":"Szczekanie Psa - Plakat Fali D\u017awi\u0119kowej - Positive Prints","isPartOf":{"@id":"https:\/\/positiveprints.com\/pl\/#website"},"primaryImageOfPage":{"@id":"https:\/\/positiveprints.com\/pl\/produkt\/fala-dzwiekowa-szczeku-psa-plakat\/#primaryimage"},"image":{"@id":"https:\/\/positiveprints.com\/pl\/produkt\/fala-dzwiekowa-szczeku-psa-plakat\/#primaryimage"},"thumbnailUrl":"https:\/\/positiveprints.com\/wp-content\/uploads\/2022\/07\/dog-bark-soundwave-art.jpg","datePublished":"2022-07-25T09:37:13+00:00","dateModified":"2026-04-18T05:49:10+00:00","description":"Czy szczekanie psa to mi\u00f3d dla Twoich uszu? Zachowaj ten d\u017awi\u0119k na zawsze dzi\u0119ki naszemu spersonalizowanemu plakatowi z fal\u0105 d\u017awi\u0119kow\u0105.","breadcrumb":{"@id":"https:\/\/positiveprints.com\/pl\/produkt\/fala-dzwiekowa-szczeku-psa-plakat\/#breadcrumb"},"inLanguage":"pl-PL","potentialAction":[{"@type":"ReadAction","target":["https:\/\/positiveprints.com\/pl\/produkt\/fala-dzwiekowa-szczeku-psa-plakat\/"]}]},{"@type":"ImageObject","inLanguage":"pl-PL","@id":"https:\/\/positiveprints.com\/pl\/produkt\/fala-dzwiekowa-szczeku-psa-plakat\/#primaryimage","url":"https:\/\/positiveprints.com\/wp-content\/uploads\/2022\/07\/dog-bark-soundwave-art.jpg","contentUrl":"https:\/\/positiveprints.com\/wp-content\/uploads\/2022\/07\/dog-bark-soundwave-art.jpg","width":1080,"height":1080,"caption":"dog bark soundwave art"},{"@type":"BreadcrumbList","@id":"https:\/\/positiveprints.com\/pl\/produkt\/fala-dzwiekowa-szczeku-psa-plakat\/#breadcrumb","itemListElement":[{"@type":"ListItem","position":1,"name":"Home","item":"https:\/\/positiveprints.com\/pl\/"},{"@type":"ListItem","position":2,"name":"Produkty","item":"https:\/\/positiveprints.com\/pl\/shop\/"},{"@type":"ListItem","position":3,"name":"Szczekanie Psa &#8211; Plakat Fali D\u017awi\u0119kowej"}]},{"@type":"WebSite","@id":"https:\/\/positiveprints.com\/pl\/#website","url":"https:\/\/positiveprints.com\/pl\/","name":"Positive Prints","description":"Amazing Custom Personalized Gifts","publisher":{"@id":"https:\/\/positiveprints.com\/pl\/#organization"},"potentialAction":[{"@type":"SearchAction","target":{"@type":"EntryPoint","urlTemplate":"https:\/\/positiveprints.com\/pl\/?s={search_term_string}"},"query-input":{"@type":"PropertyValueSpecification","valueRequired":true,"valueName":"search_term_string"}}],"inLanguage":"pl-PL"},{"@type":"Organization","@id":"https:\/\/positiveprints.com\/pl\/#organization","name":"Positive Prints","alternateName":"Positive Prints","url":"https:\/\/positiveprints.com\/pl\/","logo":{"@type":"ImageObject","inLanguage":"pl-PL","@id":"https:\/\/positiveprints.com\/pl\/#\/schema\/logo\/image\/","url":"https:\/\/positiveprints.com\/wp-content\/uploads\/2026\/03\/245815646_1337939713319158_5671353136411139666_n.png","contentUrl":"https:\/\/positiveprints.com\/wp-content\/uploads\/2026\/03\/245815646_1337939713319158_5671353136411139666_n.png","width":800,"height":800,"caption":"Positive Prints"},"image":{"@id":"https:\/\/positiveprints.com\/pl\/#\/schema\/logo\/image\/"},"sameAs":["https:\/\/www.facebook.com\/positiveprintscom","https:\/\/www.instagram.com\/positiveprintscom\/","https:\/\/www.tiktok.com\/@positiveprintscom","https:\/\/www.pinterest.com\/positiveprintscom\/"]}]}},"jetpack_sharing_enabled":true,"_links":{"self":[{"href":"https:\/\/positiveprints.com\/pl\/wp-json\/wp\/v2\/product\/362818","targetHints":{"allow":["GET"]}}],"collection":[{"href":"https:\/\/positiveprints.com\/pl\/wp-json\/wp\/v2\/product"}],"about":[{"href":"https:\/\/positiveprints.com\/pl\/wp-json\/wp\/v2\/types\/product"}],"wp:featuredmedia":[{"embeddable":true,"href":"https:\/\/positiveprints.com\/pl\/wp-json\/wp\/v2\/media\/322837"}],"wp:attachment":[{"href":"https:\/\/positiveprints.com\/pl\/wp-json\/wp\/v2\/media?parent=362818"}],"wp:term":[{"taxonomy":"product_brand","embeddable":true,"href":"https:\/\/positiveprints.com\/pl\/wp-json\/wp\/v2\/product_brand?post=362818"},{"taxonomy":"product_cat","embeddable":true,"href":"https:\/\/positiveprints.com\/pl\/wp-json\/wp\/v2\/product_cat?post=362818"},{"taxonomy":"product_tag","embeddable":true,"href":"https:\/\/positiveprints.com\/pl\/wp-json\/wp\/v2\/product_tag?post=362818"}],"curies":[{"name":"wp","href":"https:\/\/api.w.org\/{rel}","templated":true}]}}