{"id":362735,"date":"2022-10-31T14:48:39","date_gmt":"2022-10-31T13:48:39","guid":{"rendered":"https:\/\/positiveprints.com\/?post_type=product&#038;p=362735"},"modified":"2026-04-12T22:49:25","modified_gmt":"2026-04-12T21:49:25","slug":"tak-slubuje-fala-dzwiekowa","status":"publish","type":"product","link":"https:\/\/positiveprints.com\/pl\/produkt\/tak-slubuje-fala-dzwiekowa\/","title":{"rendered":"Powiedzieli Sobie Tak!  &#8211; Plakat Fali D\u017awi\u0119kowej"},"content":{"rendered":"","protected":false},"excerpt":{"rendered":"<ul class=\"check-list\">\n<li>Uchwy\u0107 przysi\u0119g\u0119 \u015blubn\u0105 na ponadczasowym wydruku, kt\u00f3ry zachowa brzmienie Waszych s\u0142\u00f3w i towarzysz\u0105cych Wam emocji<\/li>\n<li>Dodaj plik audio<\/li>\n<li>Umie\u015b\u0107 kod QR i zeskanuj go, by odtworzy\u0107 d\u017awi\u0119k<\/li>\n<li>Spersonalizuj w 3 prostych krokach<\/li>\n<li>U\u017cyj jednego z naszych szablon\u00f3w lub daj popis swojej wyobra\u017ani<\/li>\n<\/ul>\n","protected":false},"featured_media":633261,"template":"","meta":[],"product_brand":[],"product_cat":[7483],"product_tag":[14975,8375],"class_list":{"0":"post-362735","1":"product","2":"type-product","3":"status-publish","4":"has-post-thumbnail","6":"product_cat-fala-dzwiekowa-pl","7":"product_tag-anniversary-pl","8":"product_tag-rocznica","10":"first","11":"instock","12":"sale","13":"taxable","14":"shipping-taxable","15":"purchasable","16":"product-type-variable"},"yoast_head":"<!-- This site is optimized with the Yoast SEO Premium plugin v27.2 (Yoast SEO v27.2) - https:\/\/yoast.com\/product\/yoast-seo-premium-wordpress\/ -->\n<title>\u201eTak, \u015alubuj\u0119\u201d Fala D\u017awi\u0119kowa | Positive Prints<\/title>\n<meta name=\"description\" content=\"\u017baden dzie\u0144 nie wyr\u00f3\u017cnia si\u0119 w twoich wspomnieniach tak jak dzie\u0144, w kt\u00f3rym powiedzia\u0142a\u015b\/e\u015b \u201e\u201dTak\u201d . Zamie\u0144 te cenne s\u0142owa w pami\u0105tk\u0119 dzi\u0119ki plakatowi \u201dTak, \u015alubuj\u0119\u201d Fala D\u017awi\u0119kowa.\" \/>\n<meta name=\"robots\" content=\"index, follow, max-snippet:-1, max-image-preview:large, max-video-preview:-1\" \/>\n<link rel=\"canonical\" href=\"https:\/\/positiveprints.com\/pl\/produkt\/tak-slubuje-fala-dzwiekowa\/\" \/>\n<meta property=\"og:locale\" content=\"pl_PL\" \/>\n<meta property=\"og:type\" content=\"article\" \/>\n<meta property=\"og:title\" content=\"Powiedzieli Sobie Tak! - Plakat Fali D\u017awi\u0119kowej\" \/>\n<meta property=\"og:description\" content=\"Uchwy\u0107 przysi\u0119g\u0119 \u015blubn\u0105 na ponadczasowym wydruku, kt\u00f3ry zachowa brzmienie Waszych s\u0142\u00f3w i towarzysz\u0105cych Wam emocji Dodaj plik audio Umie\u015b\u0107 kod QR i zeskanuj go, by odtworzy\u0107 d\u017awi\u0119k Spersonalizuj w 3 prostych krokach U\u017cyj jednego z naszych szablon\u00f3w lub daj popis swojej wyobra\u017ani\" \/>\n<meta property=\"og:url\" content=\"https:\/\/positiveprints.com\/pl\/produkt\/tak-slubuje-fala-dzwiekowa\/\" \/>\n<meta property=\"og:site_name\" content=\"Positive Prints\" \/>\n<meta property=\"article:publisher\" content=\"https:\/\/www.facebook.com\/positiveprintscom\" \/>\n<meta property=\"article:modified_time\" content=\"2026-04-12T21:49:25+00:00\" \/>\n<meta property=\"og:image\" content=\"https:\/\/positiveprints.com\/wp-content\/uploads\/2023\/07\/Powiedzieli-Sobie-Tak-Plakat-Fali-Dzwiekowej.jpg\" \/>\n\t<meta property=\"og:image:width\" content=\"1080\" \/>\n\t<meta property=\"og:image:height\" content=\"1080\" \/>\n\t<meta property=\"og:image:type\" content=\"image\/jpeg\" \/>\n<meta name=\"twitter:card\" content=\"summary_large_image\" \/>\n<!-- \/ Yoast SEO Premium plugin. -->","yoast_head_json":{"title":"\u201eTak, \u015alubuj\u0119\u201d Fala D\u017awi\u0119kowa | Positive Prints","description":"\u017baden dzie\u0144 nie wyr\u00f3\u017cnia si\u0119 w twoich wspomnieniach tak jak dzie\u0144, w kt\u00f3rym powiedzia\u0142a\u015b\/e\u015b \u201e\u201dTak\u201d . Zamie\u0144 te cenne s\u0142owa w pami\u0105tk\u0119 dzi\u0119ki plakatowi \u201dTak, \u015alubuj\u0119\u201d Fala D\u017awi\u0119kowa.","robots":{"index":"index","follow":"follow","max-snippet":"max-snippet:-1","max-image-preview":"max-image-preview:large","max-video-preview":"max-video-preview:-1"},"canonical":"https:\/\/positiveprints.com\/pl\/produkt\/tak-slubuje-fala-dzwiekowa\/","og_locale":"pl_PL","og_type":"article","og_title":"Powiedzieli Sobie Tak! - Plakat Fali D\u017awi\u0119kowej","og_description":"Uchwy\u0107 przysi\u0119g\u0119 \u015blubn\u0105 na ponadczasowym wydruku, kt\u00f3ry zachowa brzmienie Waszych s\u0142\u00f3w i towarzysz\u0105cych Wam emocji Dodaj plik audio Umie\u015b\u0107 kod QR i zeskanuj go, by odtworzy\u0107 d\u017awi\u0119k Spersonalizuj w 3 prostych krokach U\u017cyj jednego z naszych szablon\u00f3w lub daj popis swojej wyobra\u017ani","og_url":"https:\/\/positiveprints.com\/pl\/produkt\/tak-slubuje-fala-dzwiekowa\/","og_site_name":"Positive Prints","article_publisher":"https:\/\/www.facebook.com\/positiveprintscom","article_modified_time":"2026-04-12T21:49:25+00:00","og_image":[{"width":1080,"height":1080,"url":"https:\/\/positiveprints.com\/wp-content\/uploads\/2023\/07\/Powiedzieli-Sobie-Tak-Plakat-Fali-Dzwiekowej.jpg","type":"image\/jpeg"}],"twitter_card":"summary_large_image","schema":{"@context":"https:\/\/schema.org","@graph":[{"@type":["WebPage","ItemPage"],"@id":"https:\/\/positiveprints.com\/pl\/produkt\/tak-slubuje-fala-dzwiekowa\/","url":"https:\/\/positiveprints.com\/pl\/produkt\/tak-slubuje-fala-dzwiekowa\/","name":"\u201eTak, \u015alubuj\u0119\u201d Fala D\u017awi\u0119kowa | Positive Prints","isPartOf":{"@id":"https:\/\/positiveprints.com\/pl\/#website"},"primaryImageOfPage":{"@id":"https:\/\/positiveprints.com\/pl\/produkt\/tak-slubuje-fala-dzwiekowa\/#primaryimage"},"image":{"@id":"https:\/\/positiveprints.com\/pl\/produkt\/tak-slubuje-fala-dzwiekowa\/#primaryimage"},"thumbnailUrl":"https:\/\/positiveprints.com\/wp-content\/uploads\/2023\/07\/Powiedzieli-Sobie-Tak-Plakat-Fali-Dzwiekowej.jpg","datePublished":"2022-10-31T13:48:39+00:00","dateModified":"2026-04-12T21:49:25+00:00","description":"\u017baden dzie\u0144 nie wyr\u00f3\u017cnia si\u0119 w twoich wspomnieniach tak jak dzie\u0144, w kt\u00f3rym powiedzia\u0142a\u015b\/e\u015b \u201e\u201dTak\u201d . Zamie\u0144 te cenne s\u0142owa w pami\u0105tk\u0119 dzi\u0119ki plakatowi \u201dTak, \u015alubuj\u0119\u201d Fala D\u017awi\u0119kowa.","breadcrumb":{"@id":"https:\/\/positiveprints.com\/pl\/produkt\/tak-slubuje-fala-dzwiekowa\/#breadcrumb"},"inLanguage":"pl-PL","potentialAction":[{"@type":"ReadAction","target":["https:\/\/positiveprints.com\/pl\/produkt\/tak-slubuje-fala-dzwiekowa\/"]}]},{"@type":"ImageObject","inLanguage":"pl-PL","@id":"https:\/\/positiveprints.com\/pl\/produkt\/tak-slubuje-fala-dzwiekowa\/#primaryimage","url":"https:\/\/positiveprints.com\/wp-content\/uploads\/2023\/07\/Powiedzieli-Sobie-Tak-Plakat-Fali-Dzwiekowej.jpg","contentUrl":"https:\/\/positiveprints.com\/wp-content\/uploads\/2023\/07\/Powiedzieli-Sobie-Tak-Plakat-Fali-Dzwiekowej.jpg","width":1080,"height":1080,"caption":"Powiedzieli Sobie Tak! - Plakat Fali D\u017awi\u0119kowej"},{"@type":"BreadcrumbList","@id":"https:\/\/positiveprints.com\/pl\/produkt\/tak-slubuje-fala-dzwiekowa\/#breadcrumb","itemListElement":[{"@type":"ListItem","position":1,"name":"Home","item":"https:\/\/positiveprints.com\/pl\/"},{"@type":"ListItem","position":2,"name":"Produkty","item":"https:\/\/positiveprints.com\/pl\/shop\/"},{"@type":"ListItem","position":3,"name":"Powiedzieli Sobie Tak! &#8211; Plakat Fali D\u017awi\u0119kowej"}]},{"@type":"WebSite","@id":"https:\/\/positiveprints.com\/pl\/#website","url":"https:\/\/positiveprints.com\/pl\/","name":"Positive Prints","description":"Amazing Custom Personalized Gifts","publisher":{"@id":"https:\/\/positiveprints.com\/pl\/#organization"},"potentialAction":[{"@type":"SearchAction","target":{"@type":"EntryPoint","urlTemplate":"https:\/\/positiveprints.com\/pl\/?s={search_term_string}"},"query-input":{"@type":"PropertyValueSpecification","valueRequired":true,"valueName":"search_term_string"}}],"inLanguage":"pl-PL"},{"@type":"Organization","@id":"https:\/\/positiveprints.com\/pl\/#organization","name":"Positive Prints","alternateName":"Positive Prints","url":"https:\/\/positiveprints.com\/pl\/","logo":{"@type":"ImageObject","inLanguage":"pl-PL","@id":"https:\/\/positiveprints.com\/pl\/#\/schema\/logo\/image\/","url":"https:\/\/positiveprints.com\/wp-content\/uploads\/2026\/03\/245815646_1337939713319158_5671353136411139666_n.png","contentUrl":"https:\/\/positiveprints.com\/wp-content\/uploads\/2026\/03\/245815646_1337939713319158_5671353136411139666_n.png","width":800,"height":800,"caption":"Positive Prints"},"image":{"@id":"https:\/\/positiveprints.com\/pl\/#\/schema\/logo\/image\/"},"sameAs":["https:\/\/www.facebook.com\/positiveprintscom","https:\/\/www.instagram.com\/positiveprintscom\/","https:\/\/www.tiktok.com\/@positiveprintscom","https:\/\/www.pinterest.com\/positiveprintscom\/"]}]}},"jetpack_sharing_enabled":true,"_links":{"self":[{"href":"https:\/\/positiveprints.com\/pl\/wp-json\/wp\/v2\/product\/362735","targetHints":{"allow":["GET"]}}],"collection":[{"href":"https:\/\/positiveprints.com\/pl\/wp-json\/wp\/v2\/product"}],"about":[{"href":"https:\/\/positiveprints.com\/pl\/wp-json\/wp\/v2\/types\/product"}],"wp:featuredmedia":[{"embeddable":true,"href":"https:\/\/positiveprints.com\/pl\/wp-json\/wp\/v2\/media\/633261"}],"wp:attachment":[{"href":"https:\/\/positiveprints.com\/pl\/wp-json\/wp\/v2\/media?parent=362735"}],"wp:term":[{"taxonomy":"product_brand","embeddable":true,"href":"https:\/\/positiveprints.com\/pl\/wp-json\/wp\/v2\/product_brand?post=362735"},{"taxonomy":"product_cat","embeddable":true,"href":"https:\/\/positiveprints.com\/pl\/wp-json\/wp\/v2\/product_cat?post=362735"},{"taxonomy":"product_tag","embeddable":true,"href":"https:\/\/positiveprints.com\/pl\/wp-json\/wp\/v2\/product_tag?post=362735"}],"curies":[{"name":"wp","href":"https:\/\/api.w.org\/{rel}","templated":true}]}}