{"id":362726,"date":"2022-10-31T14:12:41","date_gmt":"2022-10-31T13:12:41","guid":{"rendered":"https:\/\/positiveprints.com\/?post_type=product&#038;p=362726"},"modified":"2026-04-12T22:49:26","modified_gmt":"2026-04-12T21:49:26","slug":"zdjecie-jako-prezent-urodzinowy","status":"publish","type":"product","link":"https:\/\/positiveprints.com\/pl\/produkt\/zdjecie-jako-prezent-urodzinowy\/","title":{"rendered":"Fotoobraz z Okazji Urodzin"},"content":{"rendered":"","protected":false},"excerpt":{"rendered":"<ul class=\"check-list\">\n<li>Uczcij urodziny swoich przyjaci\u00f3\u0142 w niezapomniany spos\u00f3b: uchwy\u0107 najcenniejsze wspomnienia w rozczulaj\u0105cym prezencie<\/li>\n<li>Dodaj osobisty akcent i spraw, by s\u0142owa uczyni\u0142y prezent prawdziwie wyj\u0105tkowym<\/li>\n<li>Spersonalizuj w 3 prostych krokach<\/li>\n<li>Interaktywny podgl\u0105d pozwoli dopracowa\u0107 ka\u017cdy szczeg\u00f3\u0142<\/li>\n<\/ul>\n","protected":false},"featured_media":332939,"template":"","meta":[],"product_brand":[],"product_cat":[7690,8010,7500,11210,11209,3126],"product_tag":[8468],"class_list":{"0":"post-362726","1":"product","2":"type-product","3":"status-publish","4":"has-post-thumbnail","6":"product_cat-prezent-dla-kobiety","7":"product_cat-prezent-dla-mezczyzny","8":"product_cat-foto-pl","9":"product_cat-prezenty-urodzinowe-dla-niego","10":"product_cat-prezenty-urodzinowe-dla-niej","11":"product_cat-prezent-na-urodziny","12":"product_tag-birthday-pl","14":"first","15":"instock","16":"sale","17":"taxable","18":"shipping-taxable","19":"purchasable","20":"product-type-variable"},"yoast_head":"<!-- This site is optimized with the Yoast SEO Premium plugin v27.2 (Yoast SEO v27.2) - https:\/\/yoast.com\/product\/yoast-seo-premium-wordpress\/ -->\n<title>Fotoobraz z Okazji Urodzin - Positive Prints<\/title>\n<meta name=\"description\" content=\"\u015awi\u0119tuj ka\u017cde urodziny w dobrym stylu ze spersonalizowanym foto-plakatem. Ka\u017cdy plakat zawiera wybrane przez Ciebie zdj\u0119cie oraz tekst.\" \/>\n<meta name=\"robots\" content=\"index, follow, max-snippet:-1, max-image-preview:large, max-video-preview:-1\" \/>\n<link rel=\"canonical\" href=\"https:\/\/positiveprints.com\/pl\/produkt\/zdjecie-jako-prezent-urodzinowy\/\" \/>\n<meta property=\"og:locale\" content=\"pl_PL\" \/>\n<meta property=\"og:type\" content=\"article\" \/>\n<meta property=\"og:title\" content=\"Fotoobraz z Okazji Urodzin\" \/>\n<meta property=\"og:description\" content=\"Uczcij urodziny swoich przyjaci\u00f3\u0142 w niezapomniany spos\u00f3b: uchwy\u0107 najcenniejsze wspomnienia w rozczulaj\u0105cym prezencie Dodaj osobisty akcent i spraw, by s\u0142owa uczyni\u0142y prezent prawdziwie wyj\u0105tkowym Spersonalizuj w 3 prostych krokach Interaktywny podgl\u0105d pozwoli dopracowa\u0107 ka\u017cdy szczeg\u00f3\u0142\" \/>\n<meta property=\"og:url\" content=\"https:\/\/positiveprints.com\/pl\/produkt\/zdjecie-jako-prezent-urodzinowy\/\" \/>\n<meta property=\"og:site_name\" content=\"Positive Prints\" \/>\n<meta property=\"article:publisher\" content=\"https:\/\/www.facebook.com\/positiveprintscom\" \/>\n<meta property=\"article:modified_time\" content=\"2026-04-12T21:49:26+00:00\" \/>\n<meta property=\"og:image\" content=\"https:\/\/positiveprints.com\/wp-content\/uploads\/2022\/08\/birthday-photo-gift.jpg\" \/>\n\t<meta property=\"og:image:width\" content=\"1080\" \/>\n\t<meta property=\"og:image:height\" content=\"1080\" \/>\n\t<meta property=\"og:image:type\" content=\"image\/jpeg\" \/>\n<meta name=\"twitter:card\" content=\"summary_large_image\" \/>\n<!-- \/ Yoast SEO Premium plugin. -->","yoast_head_json":{"title":"Fotoobraz z Okazji Urodzin - Positive Prints","description":"\u015awi\u0119tuj ka\u017cde urodziny w dobrym stylu ze spersonalizowanym foto-plakatem. Ka\u017cdy plakat zawiera wybrane przez Ciebie zdj\u0119cie oraz tekst.","robots":{"index":"index","follow":"follow","max-snippet":"max-snippet:-1","max-image-preview":"max-image-preview:large","max-video-preview":"max-video-preview:-1"},"canonical":"https:\/\/positiveprints.com\/pl\/produkt\/zdjecie-jako-prezent-urodzinowy\/","og_locale":"pl_PL","og_type":"article","og_title":"Fotoobraz z Okazji Urodzin","og_description":"Uczcij urodziny swoich przyjaci\u00f3\u0142 w niezapomniany spos\u00f3b: uchwy\u0107 najcenniejsze wspomnienia w rozczulaj\u0105cym prezencie Dodaj osobisty akcent i spraw, by s\u0142owa uczyni\u0142y prezent prawdziwie wyj\u0105tkowym Spersonalizuj w 3 prostych krokach Interaktywny podgl\u0105d pozwoli dopracowa\u0107 ka\u017cdy szczeg\u00f3\u0142","og_url":"https:\/\/positiveprints.com\/pl\/produkt\/zdjecie-jako-prezent-urodzinowy\/","og_site_name":"Positive Prints","article_publisher":"https:\/\/www.facebook.com\/positiveprintscom","article_modified_time":"2026-04-12T21:49:26+00:00","og_image":[{"width":1080,"height":1080,"url":"https:\/\/positiveprints.com\/wp-content\/uploads\/2022\/08\/birthday-photo-gift.jpg","type":"image\/jpeg"}],"twitter_card":"summary_large_image","schema":{"@context":"https:\/\/schema.org","@graph":[{"@type":["WebPage","ItemPage"],"@id":"https:\/\/positiveprints.com\/pl\/produkt\/zdjecie-jako-prezent-urodzinowy\/","url":"https:\/\/positiveprints.com\/pl\/produkt\/zdjecie-jako-prezent-urodzinowy\/","name":"Fotoobraz z Okazji Urodzin - Positive Prints","isPartOf":{"@id":"https:\/\/positiveprints.com\/pl\/#website"},"primaryImageOfPage":{"@id":"https:\/\/positiveprints.com\/pl\/produkt\/zdjecie-jako-prezent-urodzinowy\/#primaryimage"},"image":{"@id":"https:\/\/positiveprints.com\/pl\/produkt\/zdjecie-jako-prezent-urodzinowy\/#primaryimage"},"thumbnailUrl":"https:\/\/positiveprints.com\/wp-content\/uploads\/2022\/08\/birthday-photo-gift.jpg","datePublished":"2022-10-31T13:12:41+00:00","dateModified":"2026-04-12T21:49:26+00:00","description":"\u015awi\u0119tuj ka\u017cde urodziny w dobrym stylu ze spersonalizowanym foto-plakatem. Ka\u017cdy plakat zawiera wybrane przez Ciebie zdj\u0119cie oraz tekst.","breadcrumb":{"@id":"https:\/\/positiveprints.com\/pl\/produkt\/zdjecie-jako-prezent-urodzinowy\/#breadcrumb"},"inLanguage":"pl-PL","potentialAction":[{"@type":"ReadAction","target":["https:\/\/positiveprints.com\/pl\/produkt\/zdjecie-jako-prezent-urodzinowy\/"]}]},{"@type":"ImageObject","inLanguage":"pl-PL","@id":"https:\/\/positiveprints.com\/pl\/produkt\/zdjecie-jako-prezent-urodzinowy\/#primaryimage","url":"https:\/\/positiveprints.com\/wp-content\/uploads\/2022\/08\/birthday-photo-gift.jpg","contentUrl":"https:\/\/positiveprints.com\/wp-content\/uploads\/2022\/08\/birthday-photo-gift.jpg","width":1080,"height":1080,"caption":"Bring a birthday photo gift to the party and help them enjoy their special day."},{"@type":"BreadcrumbList","@id":"https:\/\/positiveprints.com\/pl\/produkt\/zdjecie-jako-prezent-urodzinowy\/#breadcrumb","itemListElement":[{"@type":"ListItem","position":1,"name":"Home","item":"https:\/\/positiveprints.com\/pl\/"},{"@type":"ListItem","position":2,"name":"Produkty","item":"https:\/\/positiveprints.com\/pl\/shop\/"},{"@type":"ListItem","position":3,"name":"Fotoobraz z Okazji Urodzin"}]},{"@type":"WebSite","@id":"https:\/\/positiveprints.com\/pl\/#website","url":"https:\/\/positiveprints.com\/pl\/","name":"Positive Prints","description":"Amazing Custom Personalized Gifts","publisher":{"@id":"https:\/\/positiveprints.com\/pl\/#organization"},"potentialAction":[{"@type":"SearchAction","target":{"@type":"EntryPoint","urlTemplate":"https:\/\/positiveprints.com\/pl\/?s={search_term_string}"},"query-input":{"@type":"PropertyValueSpecification","valueRequired":true,"valueName":"search_term_string"}}],"inLanguage":"pl-PL"},{"@type":"Organization","@id":"https:\/\/positiveprints.com\/pl\/#organization","name":"Positive Prints","alternateName":"Positive Prints","url":"https:\/\/positiveprints.com\/pl\/","logo":{"@type":"ImageObject","inLanguage":"pl-PL","@id":"https:\/\/positiveprints.com\/pl\/#\/schema\/logo\/image\/","url":"https:\/\/positiveprints.com\/wp-content\/uploads\/2026\/03\/245815646_1337939713319158_5671353136411139666_n.png","contentUrl":"https:\/\/positiveprints.com\/wp-content\/uploads\/2026\/03\/245815646_1337939713319158_5671353136411139666_n.png","width":800,"height":800,"caption":"Positive Prints"},"image":{"@id":"https:\/\/positiveprints.com\/pl\/#\/schema\/logo\/image\/"},"sameAs":["https:\/\/www.facebook.com\/positiveprintscom","https:\/\/www.instagram.com\/positiveprintscom\/","https:\/\/www.tiktok.com\/@positiveprintscom","https:\/\/www.pinterest.com\/positiveprintscom\/"]}]}},"jetpack_sharing_enabled":true,"_links":{"self":[{"href":"https:\/\/positiveprints.com\/pl\/wp-json\/wp\/v2\/product\/362726","targetHints":{"allow":["GET"]}}],"collection":[{"href":"https:\/\/positiveprints.com\/pl\/wp-json\/wp\/v2\/product"}],"about":[{"href":"https:\/\/positiveprints.com\/pl\/wp-json\/wp\/v2\/types\/product"}],"wp:featuredmedia":[{"embeddable":true,"href":"https:\/\/positiveprints.com\/pl\/wp-json\/wp\/v2\/media\/332939"}],"wp:attachment":[{"href":"https:\/\/positiveprints.com\/pl\/wp-json\/wp\/v2\/media?parent=362726"}],"wp:term":[{"taxonomy":"product_brand","embeddable":true,"href":"https:\/\/positiveprints.com\/pl\/wp-json\/wp\/v2\/product_brand?post=362726"},{"taxonomy":"product_cat","embeddable":true,"href":"https:\/\/positiveprints.com\/pl\/wp-json\/wp\/v2\/product_cat?post=362726"},{"taxonomy":"product_tag","embeddable":true,"href":"https:\/\/positiveprints.com\/pl\/wp-json\/wp\/v2\/product_tag?post=362726"}],"curies":[{"name":"wp","href":"https:\/\/api.w.org\/{rel}","templated":true}]}}