{"id":362208,"date":"2022-08-23T13:10:06","date_gmt":"2022-08-23T12:10:06","guid":{"rendered":"https:\/\/positiveprints.com\/?post_type=product&#038;p=362208"},"modified":"2026-04-12T23:06:56","modified_gmt":"2026-04-12T22:06:56","slug":"zdjecie-rodzinne","status":"publish","type":"product","link":"https:\/\/positiveprints.com\/pl\/produkt\/zdjecie-rodzinne\/","title":{"rendered":"Rodzinny Fotoobraz"},"content":{"rendered":"","protected":false},"excerpt":{"rendered":"<ul class=\"check-list\">\n<li>Przywo\u0142aj rodzinne wspomnienia i zr\u00f3b z nich zapieraj\u0105c\u0105 dech w piersiach wystaw\u0119 w niezwykle stylowy i wzruszaj\u0105cy spos\u00f3b<\/li>\n<li>Dodaj osobisty akcent i spraw, by s\u0142owa uczyni\u0142y prezent prawdziwie wyj\u0105tkowym<\/li>\n<li>Spersonalizuj w 3 prostych krokach<\/li>\n<li>Interaktywny podgl\u0105d pozwoli dopracowa\u0107 ka\u017cdy szczeg\u00f3\u0142<\/li>\n<\/ul>\n","protected":false},"featured_media":333511,"template":"","meta":[],"product_brand":[],"product_cat":[7770,11413,7818,11415,7850,15059,7658,9003,7500,5253,5296,5271],"product_tag":[8538,13468],"class_list":{"0":"post-362208","1":"product","2":"type-product","3":"status-publish","4":"has-post-thumbnail","6":"product_cat-prezent-dla-corki","7":"product_cat-prezenty-pod-choinke-dla-dzieci","8":"product_cat-prezent-dla-mlodych-rodzicow","9":"product_cat-prezenty-pod-choinke-dla-rodzicow","10":"product_cat-prezent-dla-rodziny","11":"product_cat-prezenty-pod-choinke-dla-rodziny","12":"product_cat-prezent-dla-syna","13":"product_cat-dzien-babci-i-dziadka","14":"product_cat-foto-pl","15":"product_cat-prezent-na-narodziny-dziecka","16":"product_cat-prezent-na-parapetowke","17":"product_cat-prezent-na-boze-narodzenie","18":"product_tag-family-pl","19":"product_tag-prezenty-swiateczne-dla-rodziny","21":"first","22":"instock","23":"sale","24":"taxable","25":"shipping-taxable","26":"purchasable","27":"product-type-variable"},"yoast_head":"<!-- This site is optimized with the Yoast SEO Premium plugin v27.2 (Yoast SEO v27.2) - https:\/\/yoast.com\/product\/yoast-seo-premium-wordpress\/ -->\n<title>Rodzinny Fotoobraz - Positive Prints<\/title>\n<meta name=\"description\" content=\"Twoja powi\u0119kszaj\u0105ca si\u0119 rodzina jest powodem do dumy. Uchwy\u0107 najpi\u0119kniejsze chwile dzi\u0119ki naszemu spersonalizowanemu foto-plakatowi\" \/>\n<meta name=\"robots\" content=\"index, follow, max-snippet:-1, max-image-preview:large, max-video-preview:-1\" \/>\n<link rel=\"canonical\" href=\"https:\/\/positiveprints.com\/pl\/produkt\/zdjecie-rodzinne\/\" \/>\n<meta property=\"og:locale\" content=\"pl_PL\" \/>\n<meta property=\"og:type\" content=\"article\" \/>\n<meta property=\"og:title\" content=\"Rodzinny Fotoobraz\" \/>\n<meta property=\"og:description\" content=\"Przywo\u0142aj rodzinne wspomnienia i zr\u00f3b z nich zapieraj\u0105c\u0105 dech w piersiach wystaw\u0119 w niezwykle stylowy i wzruszaj\u0105cy spos\u00f3b Dodaj osobisty akcent i spraw, by s\u0142owa uczyni\u0142y prezent prawdziwie wyj\u0105tkowym Spersonalizuj w 3 prostych krokach Interaktywny podgl\u0105d pozwoli dopracowa\u0107 ka\u017cdy szczeg\u00f3\u0142\" \/>\n<meta property=\"og:url\" content=\"https:\/\/positiveprints.com\/pl\/produkt\/zdjecie-rodzinne\/\" \/>\n<meta property=\"og:site_name\" content=\"Positive Prints\" \/>\n<meta property=\"article:publisher\" content=\"https:\/\/www.facebook.com\/positiveprintscom\" \/>\n<meta property=\"article:modified_time\" content=\"2026-04-12T22:06:56+00:00\" \/>\n<meta property=\"og:image\" content=\"https:\/\/positiveprints.com\/wp-content\/uploads\/2022\/08\/family-photo-wall-art.jpg\" \/>\n\t<meta property=\"og:image:width\" content=\"1080\" \/>\n\t<meta property=\"og:image:height\" content=\"1080\" \/>\n\t<meta property=\"og:image:type\" content=\"image\/jpeg\" \/>\n<meta name=\"twitter:card\" content=\"summary_large_image\" \/>\n<!-- \/ Yoast SEO Premium plugin. -->","yoast_head_json":{"title":"Rodzinny Fotoobraz - Positive Prints","description":"Twoja powi\u0119kszaj\u0105ca si\u0119 rodzina jest powodem do dumy. Uchwy\u0107 najpi\u0119kniejsze chwile dzi\u0119ki naszemu spersonalizowanemu foto-plakatowi","robots":{"index":"index","follow":"follow","max-snippet":"max-snippet:-1","max-image-preview":"max-image-preview:large","max-video-preview":"max-video-preview:-1"},"canonical":"https:\/\/positiveprints.com\/pl\/produkt\/zdjecie-rodzinne\/","og_locale":"pl_PL","og_type":"article","og_title":"Rodzinny Fotoobraz","og_description":"Przywo\u0142aj rodzinne wspomnienia i zr\u00f3b z nich zapieraj\u0105c\u0105 dech w piersiach wystaw\u0119 w niezwykle stylowy i wzruszaj\u0105cy spos\u00f3b Dodaj osobisty akcent i spraw, by s\u0142owa uczyni\u0142y prezent prawdziwie wyj\u0105tkowym Spersonalizuj w 3 prostych krokach Interaktywny podgl\u0105d pozwoli dopracowa\u0107 ka\u017cdy szczeg\u00f3\u0142","og_url":"https:\/\/positiveprints.com\/pl\/produkt\/zdjecie-rodzinne\/","og_site_name":"Positive Prints","article_publisher":"https:\/\/www.facebook.com\/positiveprintscom","article_modified_time":"2026-04-12T22:06:56+00:00","og_image":[{"width":1080,"height":1080,"url":"https:\/\/positiveprints.com\/wp-content\/uploads\/2022\/08\/family-photo-wall-art.jpg","type":"image\/jpeg"}],"twitter_card":"summary_large_image","schema":{"@context":"https:\/\/schema.org","@graph":[{"@type":["WebPage","ItemPage"],"@id":"https:\/\/positiveprints.com\/pl\/produkt\/zdjecie-rodzinne\/","url":"https:\/\/positiveprints.com\/pl\/produkt\/zdjecie-rodzinne\/","name":"Rodzinny Fotoobraz - Positive Prints","isPartOf":{"@id":"https:\/\/positiveprints.com\/pl\/#website"},"primaryImageOfPage":{"@id":"https:\/\/positiveprints.com\/pl\/produkt\/zdjecie-rodzinne\/#primaryimage"},"image":{"@id":"https:\/\/positiveprints.com\/pl\/produkt\/zdjecie-rodzinne\/#primaryimage"},"thumbnailUrl":"https:\/\/positiveprints.com\/wp-content\/uploads\/2022\/08\/family-photo-wall-art.jpg","datePublished":"2022-08-23T12:10:06+00:00","dateModified":"2026-04-12T22:06:56+00:00","description":"Twoja powi\u0119kszaj\u0105ca si\u0119 rodzina jest powodem do dumy. Uchwy\u0107 najpi\u0119kniejsze chwile dzi\u0119ki naszemu spersonalizowanemu foto-plakatowi","breadcrumb":{"@id":"https:\/\/positiveprints.com\/pl\/produkt\/zdjecie-rodzinne\/#breadcrumb"},"inLanguage":"pl-PL","potentialAction":[{"@type":"ReadAction","target":["https:\/\/positiveprints.com\/pl\/produkt\/zdjecie-rodzinne\/"]}]},{"@type":"ImageObject","inLanguage":"pl-PL","@id":"https:\/\/positiveprints.com\/pl\/produkt\/zdjecie-rodzinne\/#primaryimage","url":"https:\/\/positiveprints.com\/wp-content\/uploads\/2022\/08\/family-photo-wall-art.jpg","contentUrl":"https:\/\/positiveprints.com\/wp-content\/uploads\/2022\/08\/family-photo-wall-art.jpg","width":1080,"height":1080,"caption":"High-quality family photo prints that are perfect for framing and hanging"},{"@type":"BreadcrumbList","@id":"https:\/\/positiveprints.com\/pl\/produkt\/zdjecie-rodzinne\/#breadcrumb","itemListElement":[{"@type":"ListItem","position":1,"name":"Home","item":"https:\/\/positiveprints.com\/pl\/"},{"@type":"ListItem","position":2,"name":"Produkty","item":"https:\/\/positiveprints.com\/pl\/shop\/"},{"@type":"ListItem","position":3,"name":"Rodzinny Fotoobraz"}]},{"@type":"WebSite","@id":"https:\/\/positiveprints.com\/pl\/#website","url":"https:\/\/positiveprints.com\/pl\/","name":"Positive Prints","description":"Amazing Custom Personalized Gifts","publisher":{"@id":"https:\/\/positiveprints.com\/pl\/#organization"},"potentialAction":[{"@type":"SearchAction","target":{"@type":"EntryPoint","urlTemplate":"https:\/\/positiveprints.com\/pl\/?s={search_term_string}"},"query-input":{"@type":"PropertyValueSpecification","valueRequired":true,"valueName":"search_term_string"}}],"inLanguage":"pl-PL"},{"@type":"Organization","@id":"https:\/\/positiveprints.com\/pl\/#organization","name":"Positive Prints","alternateName":"Positive Prints","url":"https:\/\/positiveprints.com\/pl\/","logo":{"@type":"ImageObject","inLanguage":"pl-PL","@id":"https:\/\/positiveprints.com\/pl\/#\/schema\/logo\/image\/","url":"https:\/\/positiveprints.com\/wp-content\/uploads\/2026\/03\/245815646_1337939713319158_5671353136411139666_n.png","contentUrl":"https:\/\/positiveprints.com\/wp-content\/uploads\/2026\/03\/245815646_1337939713319158_5671353136411139666_n.png","width":800,"height":800,"caption":"Positive Prints"},"image":{"@id":"https:\/\/positiveprints.com\/pl\/#\/schema\/logo\/image\/"},"sameAs":["https:\/\/www.facebook.com\/positiveprintscom","https:\/\/www.instagram.com\/positiveprintscom\/","https:\/\/www.tiktok.com\/@positiveprintscom","https:\/\/www.pinterest.com\/positiveprintscom\/"]}]}},"jetpack_sharing_enabled":true,"_links":{"self":[{"href":"https:\/\/positiveprints.com\/pl\/wp-json\/wp\/v2\/product\/362208","targetHints":{"allow":["GET"]}}],"collection":[{"href":"https:\/\/positiveprints.com\/pl\/wp-json\/wp\/v2\/product"}],"about":[{"href":"https:\/\/positiveprints.com\/pl\/wp-json\/wp\/v2\/types\/product"}],"wp:featuredmedia":[{"embeddable":true,"href":"https:\/\/positiveprints.com\/pl\/wp-json\/wp\/v2\/media\/333511"}],"wp:attachment":[{"href":"https:\/\/positiveprints.com\/pl\/wp-json\/wp\/v2\/media?parent=362208"}],"wp:term":[{"taxonomy":"product_brand","embeddable":true,"href":"https:\/\/positiveprints.com\/pl\/wp-json\/wp\/v2\/product_brand?post=362208"},{"taxonomy":"product_cat","embeddable":true,"href":"https:\/\/positiveprints.com\/pl\/wp-json\/wp\/v2\/product_cat?post=362208"},{"taxonomy":"product_tag","embeddable":true,"href":"https:\/\/positiveprints.com\/pl\/wp-json\/wp\/v2\/product_tag?post=362208"}],"curies":[{"name":"wp","href":"https:\/\/api.w.org\/{rel}","templated":true}]}}