{"id":362163,"date":"2022-10-28T14:45:12","date_gmt":"2022-10-28T13:45:12","guid":{"rendered":"https:\/\/positiveprints.com\/?post_type=product&#038;p=362163"},"modified":"2026-04-12T22:50:37","modified_gmt":"2026-04-12T21:50:37","slug":"wszystkiego-najlepszego-fala-dzwiekowa","status":"publish","type":"product","link":"https:\/\/positiveprints.com\/pl\/produkt\/wszystkiego-najlepszego-fala-dzwiekowa\/","title":{"rendered":"Wszystkiego Najlepszego Fala D\u017awi\u0119kowa"},"content":{"rendered":"","protected":false},"excerpt":{"rendered":"<ul class=\"check-list\">\n<li>Zdob\u0105d\u017a serce bliskiej Ci osoby w dniu jej urodzin i nagraj unikalne \u017cyczenia, kt\u00f3re zostan\u0105 z ni\u0105 na zawsze<\/li>\n<li>Dodaj plik audio<\/li>\n<li>Umie\u015b\u0107 kod QR i zeskanuj go, by odtworzy\u0107 d\u017awi\u0119k<\/li>\n<li>Spersonalizuj w 3 prostych krokach<\/li>\n<li>U\u017cyj jednego z naszych szablon\u00f3w lub daj popis swojej wyobra\u017ani<\/li>\n<\/ul>\n","protected":false},"featured_media":982399,"template":"","meta":[],"product_brand":[],"product_cat":[3126,11209,11210,7483],"product_tag":[8468],"class_list":{"0":"post-362163","1":"product","2":"type-product","3":"status-publish","4":"has-post-thumbnail","6":"product_cat-prezent-na-urodziny","7":"product_cat-prezenty-urodzinowe-dla-niej","8":"product_cat-prezenty-urodzinowe-dla-niego","9":"product_cat-fala-dzwiekowa-pl","10":"product_tag-birthday-pl","12":"first","13":"instock","14":"sale","15":"taxable","16":"shipping-taxable","17":"purchasable","18":"product-type-variable"},"yoast_head":"<!-- This site is optimized with the Yoast SEO Premium plugin v27.2 (Yoast SEO v27.2) - https:\/\/yoast.com\/product\/yoast-seo-premium-wordpress\/ -->\n<title>Wszystkiego Najlepszego Fala D\u017awi\u0119kowa - Positive Prints<\/title>\n<meta name=\"description\" content=\"Chocia\u017c ukochana osoba mo\u017ce nie by\u0107 w stanie \u015bwi\u0119towa\u0107 Twoich urodzin, nasz plakat z Fal\u0105 D\u017awi\u0119kow\u0105 z okazji urodzin pomo\u017ce Ci poczu\u0107 j\u0105 blisko siebie. Dowiedz si\u0119 wi\u0119cej.\" \/>\n<meta name=\"robots\" content=\"index, follow, max-snippet:-1, max-image-preview:large, max-video-preview:-1\" \/>\n<link rel=\"canonical\" href=\"https:\/\/positiveprints.com\/pl\/produkt\/wszystkiego-najlepszego-fala-dzwiekowa\/\" \/>\n<meta property=\"og:locale\" content=\"pl_PL\" \/>\n<meta property=\"og:type\" content=\"article\" \/>\n<meta property=\"og:title\" content=\"Wszystkiego Najlepszego Fala D\u017awi\u0119kowa\" \/>\n<meta property=\"og:description\" content=\"Zdob\u0105d\u017a serce bliskiej Ci osoby w dniu jej urodzin i nagraj unikalne \u017cyczenia, kt\u00f3re zostan\u0105 z ni\u0105 na zawsze Dodaj plik audio Umie\u015b\u0107 kod QR i zeskanuj go, by odtworzy\u0107 d\u017awi\u0119k Spersonalizuj w 3 prostych krokach U\u017cyj jednego z naszych szablon\u00f3w lub daj popis swojej wyobra\u017ani\" \/>\n<meta property=\"og:url\" content=\"https:\/\/positiveprints.com\/pl\/produkt\/wszystkiego-najlepszego-fala-dzwiekowa\/\" \/>\n<meta property=\"og:site_name\" content=\"Positive Prints\" \/>\n<meta property=\"article:publisher\" content=\"https:\/\/www.facebook.com\/positiveprintscom\" \/>\n<meta property=\"article:modified_time\" content=\"2026-04-12T21:50:37+00:00\" \/>\n<meta property=\"og:image\" content=\"https:\/\/positiveprints.com\/wp-content\/uploads\/2023\/10\/Wszystkiego-Najlepszego-Fala-Dzwiekowa.jpg\" \/>\n\t<meta property=\"og:image:width\" content=\"1080\" \/>\n\t<meta property=\"og:image:height\" content=\"1080\" \/>\n\t<meta property=\"og:image:type\" content=\"image\/jpeg\" \/>\n<meta name=\"twitter:card\" content=\"summary_large_image\" \/>\n<!-- \/ Yoast SEO Premium plugin. -->","yoast_head_json":{"title":"Wszystkiego Najlepszego Fala D\u017awi\u0119kowa - Positive Prints","description":"Chocia\u017c ukochana osoba mo\u017ce nie by\u0107 w stanie \u015bwi\u0119towa\u0107 Twoich urodzin, nasz plakat z Fal\u0105 D\u017awi\u0119kow\u0105 z okazji urodzin pomo\u017ce Ci poczu\u0107 j\u0105 blisko siebie. Dowiedz si\u0119 wi\u0119cej.","robots":{"index":"index","follow":"follow","max-snippet":"max-snippet:-1","max-image-preview":"max-image-preview:large","max-video-preview":"max-video-preview:-1"},"canonical":"https:\/\/positiveprints.com\/pl\/produkt\/wszystkiego-najlepszego-fala-dzwiekowa\/","og_locale":"pl_PL","og_type":"article","og_title":"Wszystkiego Najlepszego Fala D\u017awi\u0119kowa","og_description":"Zdob\u0105d\u017a serce bliskiej Ci osoby w dniu jej urodzin i nagraj unikalne \u017cyczenia, kt\u00f3re zostan\u0105 z ni\u0105 na zawsze Dodaj plik audio Umie\u015b\u0107 kod QR i zeskanuj go, by odtworzy\u0107 d\u017awi\u0119k Spersonalizuj w 3 prostych krokach U\u017cyj jednego z naszych szablon\u00f3w lub daj popis swojej wyobra\u017ani","og_url":"https:\/\/positiveprints.com\/pl\/produkt\/wszystkiego-najlepszego-fala-dzwiekowa\/","og_site_name":"Positive Prints","article_publisher":"https:\/\/www.facebook.com\/positiveprintscom","article_modified_time":"2026-04-12T21:50:37+00:00","og_image":[{"width":1080,"height":1080,"url":"https:\/\/positiveprints.com\/wp-content\/uploads\/2023\/10\/Wszystkiego-Najlepszego-Fala-Dzwiekowa.jpg","type":"image\/jpeg"}],"twitter_card":"summary_large_image","schema":{"@context":"https:\/\/schema.org","@graph":[{"@type":["WebPage","ItemPage"],"@id":"https:\/\/positiveprints.com\/pl\/produkt\/wszystkiego-najlepszego-fala-dzwiekowa\/","url":"https:\/\/positiveprints.com\/pl\/produkt\/wszystkiego-najlepszego-fala-dzwiekowa\/","name":"Wszystkiego Najlepszego Fala D\u017awi\u0119kowa - Positive Prints","isPartOf":{"@id":"https:\/\/positiveprints.com\/pl\/#website"},"primaryImageOfPage":{"@id":"https:\/\/positiveprints.com\/pl\/produkt\/wszystkiego-najlepszego-fala-dzwiekowa\/#primaryimage"},"image":{"@id":"https:\/\/positiveprints.com\/pl\/produkt\/wszystkiego-najlepszego-fala-dzwiekowa\/#primaryimage"},"thumbnailUrl":"https:\/\/positiveprints.com\/wp-content\/uploads\/2023\/10\/Wszystkiego-Najlepszego-Fala-Dzwiekowa.jpg","datePublished":"2022-10-28T13:45:12+00:00","dateModified":"2026-04-12T21:50:37+00:00","description":"Chocia\u017c ukochana osoba mo\u017ce nie by\u0107 w stanie \u015bwi\u0119towa\u0107 Twoich urodzin, nasz plakat z Fal\u0105 D\u017awi\u0119kow\u0105 z okazji urodzin pomo\u017ce Ci poczu\u0107 j\u0105 blisko siebie. Dowiedz si\u0119 wi\u0119cej.","breadcrumb":{"@id":"https:\/\/positiveprints.com\/pl\/produkt\/wszystkiego-najlepszego-fala-dzwiekowa\/#breadcrumb"},"inLanguage":"pl-PL","potentialAction":[{"@type":"ReadAction","target":["https:\/\/positiveprints.com\/pl\/produkt\/wszystkiego-najlepszego-fala-dzwiekowa\/"]}]},{"@type":"ImageObject","inLanguage":"pl-PL","@id":"https:\/\/positiveprints.com\/pl\/produkt\/wszystkiego-najlepszego-fala-dzwiekowa\/#primaryimage","url":"https:\/\/positiveprints.com\/wp-content\/uploads\/2023\/10\/Wszystkiego-Najlepszego-Fala-Dzwiekowa.jpg","contentUrl":"https:\/\/positiveprints.com\/wp-content\/uploads\/2023\/10\/Wszystkiego-Najlepszego-Fala-Dzwiekowa.jpg","width":1080,"height":1080,"caption":"Wszystkiego Najlepszego Fala D\u017awi\u0119kowa"},{"@type":"BreadcrumbList","@id":"https:\/\/positiveprints.com\/pl\/produkt\/wszystkiego-najlepszego-fala-dzwiekowa\/#breadcrumb","itemListElement":[{"@type":"ListItem","position":1,"name":"Home","item":"https:\/\/positiveprints.com\/pl\/"},{"@type":"ListItem","position":2,"name":"Produkty","item":"https:\/\/positiveprints.com\/pl\/shop\/"},{"@type":"ListItem","position":3,"name":"Wszystkiego Najlepszego Fala D\u017awi\u0119kowa"}]},{"@type":"WebSite","@id":"https:\/\/positiveprints.com\/pl\/#website","url":"https:\/\/positiveprints.com\/pl\/","name":"Positive Prints","description":"Amazing Custom Personalized Gifts","publisher":{"@id":"https:\/\/positiveprints.com\/pl\/#organization"},"potentialAction":[{"@type":"SearchAction","target":{"@type":"EntryPoint","urlTemplate":"https:\/\/positiveprints.com\/pl\/?s={search_term_string}"},"query-input":{"@type":"PropertyValueSpecification","valueRequired":true,"valueName":"search_term_string"}}],"inLanguage":"pl-PL"},{"@type":"Organization","@id":"https:\/\/positiveprints.com\/pl\/#organization","name":"Positive Prints","alternateName":"Positive Prints","url":"https:\/\/positiveprints.com\/pl\/","logo":{"@type":"ImageObject","inLanguage":"pl-PL","@id":"https:\/\/positiveprints.com\/pl\/#\/schema\/logo\/image\/","url":"https:\/\/positiveprints.com\/wp-content\/uploads\/2026\/03\/245815646_1337939713319158_5671353136411139666_n.png","contentUrl":"https:\/\/positiveprints.com\/wp-content\/uploads\/2026\/03\/245815646_1337939713319158_5671353136411139666_n.png","width":800,"height":800,"caption":"Positive Prints"},"image":{"@id":"https:\/\/positiveprints.com\/pl\/#\/schema\/logo\/image\/"},"sameAs":["https:\/\/www.facebook.com\/positiveprintscom","https:\/\/www.instagram.com\/positiveprintscom\/","https:\/\/www.tiktok.com\/@positiveprintscom","https:\/\/www.pinterest.com\/positiveprintscom\/"]}]}},"jetpack_sharing_enabled":true,"_links":{"self":[{"href":"https:\/\/positiveprints.com\/pl\/wp-json\/wp\/v2\/product\/362163","targetHints":{"allow":["GET"]}}],"collection":[{"href":"https:\/\/positiveprints.com\/pl\/wp-json\/wp\/v2\/product"}],"about":[{"href":"https:\/\/positiveprints.com\/pl\/wp-json\/wp\/v2\/types\/product"}],"wp:featuredmedia":[{"embeddable":true,"href":"https:\/\/positiveprints.com\/pl\/wp-json\/wp\/v2\/media\/982399"}],"wp:attachment":[{"href":"https:\/\/positiveprints.com\/pl\/wp-json\/wp\/v2\/media?parent=362163"}],"wp:term":[{"taxonomy":"product_brand","embeddable":true,"href":"https:\/\/positiveprints.com\/pl\/wp-json\/wp\/v2\/product_brand?post=362163"},{"taxonomy":"product_cat","embeddable":true,"href":"https:\/\/positiveprints.com\/pl\/wp-json\/wp\/v2\/product_cat?post=362163"},{"taxonomy":"product_tag","embeddable":true,"href":"https:\/\/positiveprints.com\/pl\/wp-json\/wp\/v2\/product_tag?post=362163"}],"curies":[{"name":"wp","href":"https:\/\/api.w.org\/{rel}","templated":true}]}}