{"id":362104,"date":"2022-08-24T11:03:10","date_gmt":"2022-08-24T10:03:10","guid":{"rendered":"https:\/\/positiveprints.com\/?post_type=product&#038;p=362104"},"modified":"2026-04-18T06:46:02","modified_gmt":"2026-04-18T05:46:02","slug":"pamiatkowe-zdjecie-osoby-zmarlej","status":"publish","type":"product","link":"https:\/\/positiveprints.com\/pl\/produkt\/pamiatkowe-zdjecie-osoby-zmarlej\/","title":{"rendered":"Fotoobraz na Pami\u0105tk\u0119 Zmar\u0142ej Osoby"},"content":{"rendered":"","protected":false},"excerpt":{"rendered":"<ul class=\"check-list\">\n<li>Zachowaj pami\u0119\u0107 o wyj\u0105tkowej osobie dzi\u0119ki zdj\u0119ciom, kt\u00f3re pozostan\u0105 na zawsze<\/li>\n<li>Dodaj osobisty akcent i spraw, by s\u0142owa uczyni\u0142y pami\u0105tk\u0119 jedyn\u0105 w swoim rodzaju<\/li>\n<li>Spersonalizuj w 3 prostych krokach<\/li>\n<li>Interaktywny podgl\u0105d pozwoli dopracowa\u0107 ka\u017cdy szczeg\u00f3\u0142<\/li>\n<\/ul>\n","protected":false},"featured_media":334017,"template":"","meta":[],"product_brand":[],"product_cat":[7500,7993],"product_tag":[15370,15371,15372,15373,15374,15375,15262,15376,15377],"class_list":{"0":"post-362104","1":"product","2":"type-product","3":"status-publish","4":"has-post-thumbnail","6":"product_cat-foto-pl","7":"product_cat-smierc-bliskiej-osoby","8":"product_tag-condolence-gift-pl","9":"product_tag-condolence-gifts-pl","10":"product_tag-grief-support-gift-pl","11":"product_tag-memorial-pl","12":"product_tag-memorial-gift-pl","13":"product_tag-remembrance-gift-pl","14":"product_tag-sympathy-pl-2","15":"product_tag-sympathy-gift-pl","16":"product_tag-sympathy-gifts-pl","18":"first","19":"instock","20":"sale","21":"taxable","22":"shipping-taxable","23":"purchasable","24":"product-type-variable"},"yoast_head":"<!-- This site is optimized with the Yoast SEO Premium plugin v27.2 (Yoast SEO v27.2) - https:\/\/yoast.com\/product\/yoast-seo-premium-wordpress\/ -->\n<title>Fotoobraz na Pami\u0105tk\u0119 Zmar\u0142ej Osoby - Positive Prints<\/title>\n<meta name=\"description\" content=\"Dobrze prze\u017cyte \u017cycie zas\u0142uguje na zapami\u0119tanie. Nasz Pami\u0105tkowy Prezent Fotograficzny pomo\u017ce Ci zachowa\u0107 zmar\u0142\u0105 osob\u0119 w pami\u0119ci na pogrzebie i nie tylko.\" \/>\n<meta name=\"robots\" content=\"index, follow, max-snippet:-1, max-image-preview:large, max-video-preview:-1\" \/>\n<link rel=\"canonical\" href=\"https:\/\/positiveprints.com\/pl\/produkt\/pamiatkowe-zdjecie-osoby-zmarlej\/\" \/>\n<meta property=\"og:locale\" content=\"pl_PL\" \/>\n<meta property=\"og:type\" content=\"article\" \/>\n<meta property=\"og:title\" content=\"Fotoobraz na Pami\u0105tk\u0119 Zmar\u0142ej Osoby\" \/>\n<meta property=\"og:description\" content=\"Zachowaj pami\u0119\u0107 o wyj\u0105tkowej osobie dzi\u0119ki zdj\u0119ciom, kt\u00f3re pozostan\u0105 na zawsze Dodaj osobisty akcent i spraw, by s\u0142owa uczyni\u0142y pami\u0105tk\u0119 jedyn\u0105 w swoim rodzaju Spersonalizuj w 3 prostych krokach Interaktywny podgl\u0105d pozwoli dopracowa\u0107 ka\u017cdy szczeg\u00f3\u0142\" \/>\n<meta property=\"og:url\" content=\"https:\/\/positiveprints.com\/pl\/produkt\/pamiatkowe-zdjecie-osoby-zmarlej\/\" \/>\n<meta property=\"og:site_name\" content=\"Positive Prints\" \/>\n<meta property=\"article:publisher\" content=\"https:\/\/www.facebook.com\/positiveprintscom\" \/>\n<meta property=\"article:modified_time\" content=\"2026-04-18T05:46:02+00:00\" \/>\n<meta property=\"og:image\" content=\"https:\/\/positiveprints.com\/wp-content\/uploads\/2022\/08\/memorial-photo-gifts.jpg\" \/>\n\t<meta property=\"og:image:width\" content=\"1080\" \/>\n\t<meta property=\"og:image:height\" content=\"1080\" \/>\n\t<meta property=\"og:image:type\" content=\"image\/jpeg\" \/>\n<meta name=\"twitter:card\" content=\"summary_large_image\" \/>\n<!-- \/ Yoast SEO Premium plugin. -->","yoast_head_json":{"title":"Fotoobraz na Pami\u0105tk\u0119 Zmar\u0142ej Osoby - Positive Prints","description":"Dobrze prze\u017cyte \u017cycie zas\u0142uguje na zapami\u0119tanie. Nasz Pami\u0105tkowy Prezent Fotograficzny pomo\u017ce Ci zachowa\u0107 zmar\u0142\u0105 osob\u0119 w pami\u0119ci na pogrzebie i nie tylko.","robots":{"index":"index","follow":"follow","max-snippet":"max-snippet:-1","max-image-preview":"max-image-preview:large","max-video-preview":"max-video-preview:-1"},"canonical":"https:\/\/positiveprints.com\/pl\/produkt\/pamiatkowe-zdjecie-osoby-zmarlej\/","og_locale":"pl_PL","og_type":"article","og_title":"Fotoobraz na Pami\u0105tk\u0119 Zmar\u0142ej Osoby","og_description":"Zachowaj pami\u0119\u0107 o wyj\u0105tkowej osobie dzi\u0119ki zdj\u0119ciom, kt\u00f3re pozostan\u0105 na zawsze Dodaj osobisty akcent i spraw, by s\u0142owa uczyni\u0142y pami\u0105tk\u0119 jedyn\u0105 w swoim rodzaju Spersonalizuj w 3 prostych krokach Interaktywny podgl\u0105d pozwoli dopracowa\u0107 ka\u017cdy szczeg\u00f3\u0142","og_url":"https:\/\/positiveprints.com\/pl\/produkt\/pamiatkowe-zdjecie-osoby-zmarlej\/","og_site_name":"Positive Prints","article_publisher":"https:\/\/www.facebook.com\/positiveprintscom","article_modified_time":"2026-04-18T05:46:02+00:00","og_image":[{"width":1080,"height":1080,"url":"https:\/\/positiveprints.com\/wp-content\/uploads\/2022\/08\/memorial-photo-gifts.jpg","type":"image\/jpeg"}],"twitter_card":"summary_large_image","schema":{"@context":"https:\/\/schema.org","@graph":[{"@type":["WebPage","ItemPage"],"@id":"https:\/\/positiveprints.com\/pl\/produkt\/pamiatkowe-zdjecie-osoby-zmarlej\/","url":"https:\/\/positiveprints.com\/pl\/produkt\/pamiatkowe-zdjecie-osoby-zmarlej\/","name":"Fotoobraz na Pami\u0105tk\u0119 Zmar\u0142ej Osoby - Positive Prints","isPartOf":{"@id":"https:\/\/positiveprints.com\/pl\/#website"},"primaryImageOfPage":{"@id":"https:\/\/positiveprints.com\/pl\/produkt\/pamiatkowe-zdjecie-osoby-zmarlej\/#primaryimage"},"image":{"@id":"https:\/\/positiveprints.com\/pl\/produkt\/pamiatkowe-zdjecie-osoby-zmarlej\/#primaryimage"},"thumbnailUrl":"https:\/\/positiveprints.com\/wp-content\/uploads\/2022\/08\/memorial-photo-gifts.jpg","datePublished":"2022-08-24T10:03:10+00:00","dateModified":"2026-04-18T05:46:02+00:00","description":"Dobrze prze\u017cyte \u017cycie zas\u0142uguje na zapami\u0119tanie. Nasz Pami\u0105tkowy Prezent Fotograficzny pomo\u017ce Ci zachowa\u0107 zmar\u0142\u0105 osob\u0119 w pami\u0119ci na pogrzebie i nie tylko.","breadcrumb":{"@id":"https:\/\/positiveprints.com\/pl\/produkt\/pamiatkowe-zdjecie-osoby-zmarlej\/#breadcrumb"},"inLanguage":"pl-PL","potentialAction":[{"@type":"ReadAction","target":["https:\/\/positiveprints.com\/pl\/produkt\/pamiatkowe-zdjecie-osoby-zmarlej\/"]}]},{"@type":"ImageObject","inLanguage":"pl-PL","@id":"https:\/\/positiveprints.com\/pl\/produkt\/pamiatkowe-zdjecie-osoby-zmarlej\/#primaryimage","url":"https:\/\/positiveprints.com\/wp-content\/uploads\/2022\/08\/memorial-photo-gifts.jpg","contentUrl":"https:\/\/positiveprints.com\/wp-content\/uploads\/2022\/08\/memorial-photo-gifts.jpg","width":1080,"height":1080,"caption":"Do something special to remember a life well lived, like creating in loving memory photo gifts that keep them close to your heart."},{"@type":"BreadcrumbList","@id":"https:\/\/positiveprints.com\/pl\/produkt\/pamiatkowe-zdjecie-osoby-zmarlej\/#breadcrumb","itemListElement":[{"@type":"ListItem","position":1,"name":"Home","item":"https:\/\/positiveprints.com\/pl\/"},{"@type":"ListItem","position":2,"name":"Produkty","item":"https:\/\/positiveprints.com\/pl\/shop\/"},{"@type":"ListItem","position":3,"name":"Fotoobraz na Pami\u0105tk\u0119 Zmar\u0142ej Osoby"}]},{"@type":"WebSite","@id":"https:\/\/positiveprints.com\/pl\/#website","url":"https:\/\/positiveprints.com\/pl\/","name":"Positive Prints","description":"Amazing Custom Personalized Gifts","publisher":{"@id":"https:\/\/positiveprints.com\/pl\/#organization"},"potentialAction":[{"@type":"SearchAction","target":{"@type":"EntryPoint","urlTemplate":"https:\/\/positiveprints.com\/pl\/?s={search_term_string}"},"query-input":{"@type":"PropertyValueSpecification","valueRequired":true,"valueName":"search_term_string"}}],"inLanguage":"pl-PL"},{"@type":"Organization","@id":"https:\/\/positiveprints.com\/pl\/#organization","name":"Positive Prints","alternateName":"Positive Prints","url":"https:\/\/positiveprints.com\/pl\/","logo":{"@type":"ImageObject","inLanguage":"pl-PL","@id":"https:\/\/positiveprints.com\/pl\/#\/schema\/logo\/image\/","url":"https:\/\/positiveprints.com\/wp-content\/uploads\/2026\/03\/245815646_1337939713319158_5671353136411139666_n.png","contentUrl":"https:\/\/positiveprints.com\/wp-content\/uploads\/2026\/03\/245815646_1337939713319158_5671353136411139666_n.png","width":800,"height":800,"caption":"Positive Prints"},"image":{"@id":"https:\/\/positiveprints.com\/pl\/#\/schema\/logo\/image\/"},"sameAs":["https:\/\/www.facebook.com\/positiveprintscom","https:\/\/www.instagram.com\/positiveprintscom\/","https:\/\/www.tiktok.com\/@positiveprintscom","https:\/\/www.pinterest.com\/positiveprintscom\/"]}]}},"jetpack_sharing_enabled":true,"_links":{"self":[{"href":"https:\/\/positiveprints.com\/pl\/wp-json\/wp\/v2\/product\/362104","targetHints":{"allow":["GET"]}}],"collection":[{"href":"https:\/\/positiveprints.com\/pl\/wp-json\/wp\/v2\/product"}],"about":[{"href":"https:\/\/positiveprints.com\/pl\/wp-json\/wp\/v2\/types\/product"}],"wp:featuredmedia":[{"embeddable":true,"href":"https:\/\/positiveprints.com\/pl\/wp-json\/wp\/v2\/media\/334017"}],"wp:attachment":[{"href":"https:\/\/positiveprints.com\/pl\/wp-json\/wp\/v2\/media?parent=362104"}],"wp:term":[{"taxonomy":"product_brand","embeddable":true,"href":"https:\/\/positiveprints.com\/pl\/wp-json\/wp\/v2\/product_brand?post=362104"},{"taxonomy":"product_cat","embeddable":true,"href":"https:\/\/positiveprints.com\/pl\/wp-json\/wp\/v2\/product_cat?post=362104"},{"taxonomy":"product_tag","embeddable":true,"href":"https:\/\/positiveprints.com\/pl\/wp-json\/wp\/v2\/product_tag?post=362104"}],"curies":[{"name":"wp","href":"https:\/\/api.w.org\/{rel}","templated":true}]}}