{"id":362085,"date":"2022-10-28T13:13:34","date_gmt":"2022-10-28T12:13:34","guid":{"rendered":"https:\/\/positiveprints.com\/?post_type=product&#038;p=362085"},"modified":"2026-04-03T03:25:15","modified_gmt":"2026-04-03T02:25:15","slug":"przysiega-malzenska-fala-dzwiekowa","status":"publish","type":"product","link":"https:\/\/positiveprints.com\/pl\/produkt\/przysiega-malzenska-fala-dzwiekowa\/","title":{"rendered":"Przysi\u0119ga Ma\u0142\u017ce\u0144ska &#8211; Plakat Fali D\u017awi\u0119kowej"},"content":{"rendered":"","protected":false},"excerpt":{"rendered":"<ul class=\"check-list\">\n<li>Uczy\u0144 swoj\u0105 przysi\u0119g\u0119 \u015blubn\u0105 niezapomnian\u0105, zamieniaj\u0105c j\u0105 w efektown\u0105 fal\u0119 d\u017awi\u0119kow\u0105<\/li>\n<li>Dodaj plik audio lub wklej link z YouTube<\/li>\n<li>Umie\u015b\u0107 kod QR i zeskanuj go, by odtworzy\u0107 d\u017awi\u0119k to your loved one<\/li>\n<li>Spersonalizuj w 3 prostych krokach<\/li>\n<li>U\u017cyj jednego z naszych szablon\u00f3w lub daj popis swojej wyobra\u017ani<\/li>\n<\/ul>\n","protected":false},"featured_media":631372,"template":"","meta":[],"product_brand":[],"product_cat":[99],"product_tag":[14975,8375],"class_list":{"0":"post-362085","1":"product","2":"type-product","3":"status-publish","4":"has-post-thumbnail","6":"product_cat-wszystkie-produkty","7":"product_tag-anniversary-pl","8":"product_tag-rocznica","10":"first","11":"instock","12":"sale","13":"taxable","14":"shipping-taxable","15":"purchasable","16":"product-type-variable"},"yoast_head":"<!-- This site is optimized with the Yoast SEO Premium plugin v27.2 (Yoast SEO v27.2) - https:\/\/yoast.com\/product\/yoast-seo-premium-wordpress\/ -->\n<title>Przysi\u0119ga Ma\u0142\u017ce\u0144ska Plakat Fali D\u017awi\u0119kowej - Positive Prints<\/title>\n<meta name=\"description\" content=\"W\u0142o\u017cy\u0142e\u015b tak wiele wysi\u0142ku w napisanie swojej przysi\u0119gi \u015blubnej. Delektuj si\u0119 tymi chwilami w k\u00f3\u0142ko dzi\u0119ki naszej Fali D\u017awi\u0119kowej Przysi\u0119gi Ma\u0142\u017ce\u0144skiej.\" \/>\n<meta name=\"robots\" content=\"index, follow, max-snippet:-1, max-image-preview:large, max-video-preview:-1\" \/>\n<link rel=\"canonical\" href=\"https:\/\/positiveprints.com\/pl\/produkt\/przysiega-malzenska-fala-dzwiekowa\/\" \/>\n<meta property=\"og:locale\" content=\"pl_PL\" \/>\n<meta property=\"og:type\" content=\"article\" \/>\n<meta property=\"og:title\" content=\"Przysi\u0119ga Ma\u0142\u017ce\u0144ska - Plakat Fali D\u017awi\u0119kowej\" \/>\n<meta property=\"og:description\" content=\"Uczy\u0144 swoj\u0105 przysi\u0119g\u0119 \u015blubn\u0105 niezapomnian\u0105, zamieniaj\u0105c j\u0105 w efektown\u0105 fal\u0119 d\u017awi\u0119kow\u0105 Dodaj plik audio lub wklej link z YouTube Umie\u015b\u0107 kod QR i zeskanuj go, by odtworzy\u0107 d\u017awi\u0119k to your loved one Spersonalizuj w 3 prostych krokach U\u017cyj jednego z naszych szablon\u00f3w lub daj popis swojej wyobra\u017ani\" \/>\n<meta property=\"og:url\" content=\"https:\/\/positiveprints.com\/pl\/produkt\/przysiega-malzenska-fala-dzwiekowa\/\" \/>\n<meta property=\"og:site_name\" content=\"Positive Prints\" \/>\n<meta property=\"article:publisher\" content=\"https:\/\/www.facebook.com\/positiveprintscom\" \/>\n<meta property=\"article:modified_time\" content=\"2026-04-03T02:25:15+00:00\" \/>\n<meta property=\"og:image\" content=\"https:\/\/positiveprints.com\/wp-content\/uploads\/2023\/07\/Przysiega-Malzenska-Plakat-Fali-Dzwiekowej.jpg\" \/>\n\t<meta property=\"og:image:width\" content=\"1080\" \/>\n\t<meta property=\"og:image:height\" content=\"1080\" \/>\n\t<meta property=\"og:image:type\" content=\"image\/jpeg\" \/>\n<meta name=\"twitter:card\" content=\"summary_large_image\" \/>\n<!-- \/ Yoast SEO Premium plugin. -->","yoast_head_json":{"title":"Przysi\u0119ga Ma\u0142\u017ce\u0144ska Plakat Fali D\u017awi\u0119kowej - Positive Prints","description":"W\u0142o\u017cy\u0142e\u015b tak wiele wysi\u0142ku w napisanie swojej przysi\u0119gi \u015blubnej. Delektuj si\u0119 tymi chwilami w k\u00f3\u0142ko dzi\u0119ki naszej Fali D\u017awi\u0119kowej Przysi\u0119gi Ma\u0142\u017ce\u0144skiej.","robots":{"index":"index","follow":"follow","max-snippet":"max-snippet:-1","max-image-preview":"max-image-preview:large","max-video-preview":"max-video-preview:-1"},"canonical":"https:\/\/positiveprints.com\/pl\/produkt\/przysiega-malzenska-fala-dzwiekowa\/","og_locale":"pl_PL","og_type":"article","og_title":"Przysi\u0119ga Ma\u0142\u017ce\u0144ska - Plakat Fali D\u017awi\u0119kowej","og_description":"Uczy\u0144 swoj\u0105 przysi\u0119g\u0119 \u015blubn\u0105 niezapomnian\u0105, zamieniaj\u0105c j\u0105 w efektown\u0105 fal\u0119 d\u017awi\u0119kow\u0105 Dodaj plik audio lub wklej link z YouTube Umie\u015b\u0107 kod QR i zeskanuj go, by odtworzy\u0107 d\u017awi\u0119k to your loved one Spersonalizuj w 3 prostych krokach U\u017cyj jednego z naszych szablon\u00f3w lub daj popis swojej wyobra\u017ani","og_url":"https:\/\/positiveprints.com\/pl\/produkt\/przysiega-malzenska-fala-dzwiekowa\/","og_site_name":"Positive Prints","article_publisher":"https:\/\/www.facebook.com\/positiveprintscom","article_modified_time":"2026-04-03T02:25:15+00:00","og_image":[{"width":1080,"height":1080,"url":"https:\/\/positiveprints.com\/wp-content\/uploads\/2023\/07\/Przysiega-Malzenska-Plakat-Fali-Dzwiekowej.jpg","type":"image\/jpeg"}],"twitter_card":"summary_large_image","schema":{"@context":"https:\/\/schema.org","@graph":[{"@type":["WebPage","ItemPage"],"@id":"https:\/\/positiveprints.com\/pl\/produkt\/przysiega-malzenska-fala-dzwiekowa\/","url":"https:\/\/positiveprints.com\/pl\/produkt\/przysiega-malzenska-fala-dzwiekowa\/","name":"Przysi\u0119ga Ma\u0142\u017ce\u0144ska Plakat Fali D\u017awi\u0119kowej - Positive Prints","isPartOf":{"@id":"https:\/\/positiveprints.com\/pl\/#website"},"primaryImageOfPage":{"@id":"https:\/\/positiveprints.com\/pl\/produkt\/przysiega-malzenska-fala-dzwiekowa\/#primaryimage"},"image":{"@id":"https:\/\/positiveprints.com\/pl\/produkt\/przysiega-malzenska-fala-dzwiekowa\/#primaryimage"},"thumbnailUrl":"https:\/\/positiveprints.com\/wp-content\/uploads\/2023\/07\/Przysiega-Malzenska-Plakat-Fali-Dzwiekowej.jpg","datePublished":"2022-10-28T12:13:34+00:00","dateModified":"2026-04-03T02:25:15+00:00","description":"W\u0142o\u017cy\u0142e\u015b tak wiele wysi\u0142ku w napisanie swojej przysi\u0119gi \u015blubnej. Delektuj si\u0119 tymi chwilami w k\u00f3\u0142ko dzi\u0119ki naszej Fali D\u017awi\u0119kowej Przysi\u0119gi Ma\u0142\u017ce\u0144skiej.","breadcrumb":{"@id":"https:\/\/positiveprints.com\/pl\/produkt\/przysiega-malzenska-fala-dzwiekowa\/#breadcrumb"},"inLanguage":"pl-PL","potentialAction":[{"@type":"ReadAction","target":["https:\/\/positiveprints.com\/pl\/produkt\/przysiega-malzenska-fala-dzwiekowa\/"]}]},{"@type":"ImageObject","inLanguage":"pl-PL","@id":"https:\/\/positiveprints.com\/pl\/produkt\/przysiega-malzenska-fala-dzwiekowa\/#primaryimage","url":"https:\/\/positiveprints.com\/wp-content\/uploads\/2023\/07\/Przysiega-Malzenska-Plakat-Fali-Dzwiekowej.jpg","contentUrl":"https:\/\/positiveprints.com\/wp-content\/uploads\/2023\/07\/Przysiega-Malzenska-Plakat-Fali-Dzwiekowej.jpg","width":1080,"height":1080,"caption":"Przysi\u0119ga Ma\u0142\u017ce\u0144ska - Plakat Fali D\u017awi\u0119kowej"},{"@type":"BreadcrumbList","@id":"https:\/\/positiveprints.com\/pl\/produkt\/przysiega-malzenska-fala-dzwiekowa\/#breadcrumb","itemListElement":[{"@type":"ListItem","position":1,"name":"Home","item":"https:\/\/positiveprints.com\/pl\/"},{"@type":"ListItem","position":2,"name":"Produkty","item":"https:\/\/positiveprints.com\/pl\/shop\/"},{"@type":"ListItem","position":3,"name":"Przysi\u0119ga Ma\u0142\u017ce\u0144ska &#8211; Plakat Fali D\u017awi\u0119kowej"}]},{"@type":"WebSite","@id":"https:\/\/positiveprints.com\/pl\/#website","url":"https:\/\/positiveprints.com\/pl\/","name":"Positive Prints","description":"Amazing Custom Personalized Gifts","publisher":{"@id":"https:\/\/positiveprints.com\/pl\/#organization"},"potentialAction":[{"@type":"SearchAction","target":{"@type":"EntryPoint","urlTemplate":"https:\/\/positiveprints.com\/pl\/?s={search_term_string}"},"query-input":{"@type":"PropertyValueSpecification","valueRequired":true,"valueName":"search_term_string"}}],"inLanguage":"pl-PL"},{"@type":"Organization","@id":"https:\/\/positiveprints.com\/pl\/#organization","name":"Positive Prints","alternateName":"Positive Prints","url":"https:\/\/positiveprints.com\/pl\/","logo":{"@type":"ImageObject","inLanguage":"pl-PL","@id":"https:\/\/positiveprints.com\/pl\/#\/schema\/logo\/image\/","url":"https:\/\/positiveprints.com\/wp-content\/uploads\/2026\/03\/245815646_1337939713319158_5671353136411139666_n.png","contentUrl":"https:\/\/positiveprints.com\/wp-content\/uploads\/2026\/03\/245815646_1337939713319158_5671353136411139666_n.png","width":800,"height":800,"caption":"Positive Prints"},"image":{"@id":"https:\/\/positiveprints.com\/pl\/#\/schema\/logo\/image\/"},"sameAs":["https:\/\/www.facebook.com\/positiveprintscom","https:\/\/www.instagram.com\/positiveprintscom\/","https:\/\/www.tiktok.com\/@positiveprintscom","https:\/\/www.pinterest.com\/positiveprintscom\/"]}]}},"jetpack_sharing_enabled":true,"_links":{"self":[{"href":"https:\/\/positiveprints.com\/pl\/wp-json\/wp\/v2\/product\/362085","targetHints":{"allow":["GET"]}}],"collection":[{"href":"https:\/\/positiveprints.com\/pl\/wp-json\/wp\/v2\/product"}],"about":[{"href":"https:\/\/positiveprints.com\/pl\/wp-json\/wp\/v2\/types\/product"}],"wp:featuredmedia":[{"embeddable":true,"href":"https:\/\/positiveprints.com\/pl\/wp-json\/wp\/v2\/media\/631372"}],"wp:attachment":[{"href":"https:\/\/positiveprints.com\/pl\/wp-json\/wp\/v2\/media?parent=362085"}],"wp:term":[{"taxonomy":"product_brand","embeddable":true,"href":"https:\/\/positiveprints.com\/pl\/wp-json\/wp\/v2\/product_brand?post=362085"},{"taxonomy":"product_cat","embeddable":true,"href":"https:\/\/positiveprints.com\/pl\/wp-json\/wp\/v2\/product_cat?post=362085"},{"taxonomy":"product_tag","embeddable":true,"href":"https:\/\/positiveprints.com\/pl\/wp-json\/wp\/v2\/product_tag?post=362085"}],"curies":[{"name":"wp","href":"https:\/\/api.w.org\/{rel}","templated":true}]}}