{"id":362035,"date":"2022-08-24T13:08:44","date_gmt":"2022-08-24T12:08:44","guid":{"rendered":"https:\/\/positiveprints.com\/?post_type=product&#038;p=362035"},"modified":"2026-04-03T03:29:28","modified_gmt":"2026-04-03T02:29:28","slug":"zdjecie-zwierzaka-domowego","status":"publish","type":"product","link":"https:\/\/positiveprints.com\/pl\/produkt\/zdjecie-zwierzaka-domowego\/","title":{"rendered":"Fotoobraz Twojego Pupila"},"content":{"rendered":"","protected":false},"excerpt":{"rendered":"<ul class=\"check-list\">\n<li>Poka\u017c \u015bwiatu, jak bardzo cenisz swojego pupila &#8211; stw\u00f3rz pi\u0119kny plakat z ukochanym pyszczkiem, kt\u00f3ry rozja\u015bni ka\u017cde wn\u0119trze<\/li>\n<li>Dodaj osobisty akcent i spraw, by s\u0142owa uczyni\u0142y prezent prawdziwie wyj\u0105tkowym<\/li>\n<li>Spersonalizuj w 3 prostych krokach<\/li>\n<li>Interaktywny podgl\u0105d pozwoli dopracowa\u0107 ka\u017cdy szczeg\u00f3\u0142<\/li>\n<\/ul>\n","protected":false},"featured_media":334248,"template":"","meta":[],"product_brand":[],"product_cat":[7500,7898],"product_tag":[15631,8694,15398],"class_list":{"0":"post-362035","1":"product","2":"type-product","3":"status-publish","4":"has-post-thumbnail","6":"product_cat-foto-pl","7":"product_cat-prezent-dla-psiarza","8":"product_tag-animals-pl","9":"product_tag-dog-lovers-pl","10":"product_tag-zwierzeta","12":"first","13":"instock","14":"sale","15":"taxable","16":"shipping-taxable","17":"purchasable","18":"product-type-variable"},"yoast_head":"<!-- This site is optimized with the Yoast SEO Premium plugin v27.2 (Yoast SEO v27.2) - https:\/\/yoast.com\/product\/yoast-seo-premium-wordpress\/ -->\n<title>Fotoobraz Twojego Pupila - Positive Prints<\/title>\n<meta name=\"description\" content=\"Poka\u017c, jak bardzo kochasz swojego zwierzaka! Ze Spersonalizowanym foto-plakatem uczynisz go oficjaln\u0105 cz\u0119\u015bci\u0105 swojej rodziny.\" \/>\n<meta name=\"robots\" content=\"index, follow, max-snippet:-1, max-image-preview:large, max-video-preview:-1\" \/>\n<link rel=\"canonical\" href=\"https:\/\/positiveprints.com\/pl\/produkt\/zdjecie-zwierzaka-domowego\/\" \/>\n<meta property=\"og:locale\" content=\"pl_PL\" \/>\n<meta property=\"og:type\" content=\"article\" \/>\n<meta property=\"og:title\" content=\"Fotoobraz Twojego Pupila\" \/>\n<meta property=\"og:description\" content=\"Poka\u017c \u015bwiatu, jak bardzo cenisz swojego pupila - stw\u00f3rz pi\u0119kny plakat z ukochanym pyszczkiem, kt\u00f3ry rozja\u015bni ka\u017cde wn\u0119trze Dodaj osobisty akcent i spraw, by s\u0142owa uczyni\u0142y prezent prawdziwie wyj\u0105tkowym Spersonalizuj w 3 prostych krokach Interaktywny podgl\u0105d pozwoli dopracowa\u0107 ka\u017cdy szczeg\u00f3\u0142\" \/>\n<meta property=\"og:url\" content=\"https:\/\/positiveprints.com\/pl\/produkt\/zdjecie-zwierzaka-domowego\/\" \/>\n<meta property=\"og:site_name\" content=\"Positive Prints\" \/>\n<meta property=\"article:publisher\" content=\"https:\/\/www.facebook.com\/positiveprintscom\" \/>\n<meta property=\"article:modified_time\" content=\"2026-04-03T02:29:28+00:00\" \/>\n<meta property=\"og:image\" content=\"https:\/\/positiveprints.com\/wp-content\/uploads\/2022\/08\/pet-photo-wall-art.jpg\" \/>\n\t<meta property=\"og:image:width\" content=\"1080\" \/>\n\t<meta property=\"og:image:height\" content=\"1080\" \/>\n\t<meta property=\"og:image:type\" content=\"image\/jpeg\" \/>\n<meta name=\"twitter:card\" content=\"summary_large_image\" \/>\n<!-- \/ Yoast SEO Premium plugin. -->","yoast_head_json":{"title":"Fotoobraz Twojego Pupila - Positive Prints","description":"Poka\u017c, jak bardzo kochasz swojego zwierzaka! Ze Spersonalizowanym foto-plakatem uczynisz go oficjaln\u0105 cz\u0119\u015bci\u0105 swojej rodziny.","robots":{"index":"index","follow":"follow","max-snippet":"max-snippet:-1","max-image-preview":"max-image-preview:large","max-video-preview":"max-video-preview:-1"},"canonical":"https:\/\/positiveprints.com\/pl\/produkt\/zdjecie-zwierzaka-domowego\/","og_locale":"pl_PL","og_type":"article","og_title":"Fotoobraz Twojego Pupila","og_description":"Poka\u017c \u015bwiatu, jak bardzo cenisz swojego pupila - stw\u00f3rz pi\u0119kny plakat z ukochanym pyszczkiem, kt\u00f3ry rozja\u015bni ka\u017cde wn\u0119trze Dodaj osobisty akcent i spraw, by s\u0142owa uczyni\u0142y prezent prawdziwie wyj\u0105tkowym Spersonalizuj w 3 prostych krokach Interaktywny podgl\u0105d pozwoli dopracowa\u0107 ka\u017cdy szczeg\u00f3\u0142","og_url":"https:\/\/positiveprints.com\/pl\/produkt\/zdjecie-zwierzaka-domowego\/","og_site_name":"Positive Prints","article_publisher":"https:\/\/www.facebook.com\/positiveprintscom","article_modified_time":"2026-04-03T02:29:28+00:00","og_image":[{"width":1080,"height":1080,"url":"https:\/\/positiveprints.com\/wp-content\/uploads\/2022\/08\/pet-photo-wall-art.jpg","type":"image\/jpeg"}],"twitter_card":"summary_large_image","schema":{"@context":"https:\/\/schema.org","@graph":[{"@type":["WebPage","ItemPage"],"@id":"https:\/\/positiveprints.com\/pl\/produkt\/zdjecie-zwierzaka-domowego\/","url":"https:\/\/positiveprints.com\/pl\/produkt\/zdjecie-zwierzaka-domowego\/","name":"Fotoobraz Twojego Pupila - Positive Prints","isPartOf":{"@id":"https:\/\/positiveprints.com\/pl\/#website"},"primaryImageOfPage":{"@id":"https:\/\/positiveprints.com\/pl\/produkt\/zdjecie-zwierzaka-domowego\/#primaryimage"},"image":{"@id":"https:\/\/positiveprints.com\/pl\/produkt\/zdjecie-zwierzaka-domowego\/#primaryimage"},"thumbnailUrl":"https:\/\/positiveprints.com\/wp-content\/uploads\/2022\/08\/pet-photo-wall-art.jpg","datePublished":"2022-08-24T12:08:44+00:00","dateModified":"2026-04-03T02:29:28+00:00","description":"Poka\u017c, jak bardzo kochasz swojego zwierzaka! Ze Spersonalizowanym foto-plakatem uczynisz go oficjaln\u0105 cz\u0119\u015bci\u0105 swojej rodziny.","breadcrumb":{"@id":"https:\/\/positiveprints.com\/pl\/produkt\/zdjecie-zwierzaka-domowego\/#breadcrumb"},"inLanguage":"pl-PL","potentialAction":[{"@type":"ReadAction","target":["https:\/\/positiveprints.com\/pl\/produkt\/zdjecie-zwierzaka-domowego\/"]}]},{"@type":"ImageObject","inLanguage":"pl-PL","@id":"https:\/\/positiveprints.com\/pl\/produkt\/zdjecie-zwierzaka-domowego\/#primaryimage","url":"https:\/\/positiveprints.com\/wp-content\/uploads\/2022\/08\/pet-photo-wall-art.jpg","contentUrl":"https:\/\/positiveprints.com\/wp-content\/uploads\/2022\/08\/pet-photo-wall-art.jpg","width":1080,"height":1080,"caption":"Customize photos of your pets and turn them into works of art"},{"@type":"BreadcrumbList","@id":"https:\/\/positiveprints.com\/pl\/produkt\/zdjecie-zwierzaka-domowego\/#breadcrumb","itemListElement":[{"@type":"ListItem","position":1,"name":"Home","item":"https:\/\/positiveprints.com\/pl\/"},{"@type":"ListItem","position":2,"name":"Produkty","item":"https:\/\/positiveprints.com\/pl\/shop\/"},{"@type":"ListItem","position":3,"name":"Fotoobraz Twojego Pupila"}]},{"@type":"WebSite","@id":"https:\/\/positiveprints.com\/pl\/#website","url":"https:\/\/positiveprints.com\/pl\/","name":"Positive Prints","description":"Amazing Custom Personalized Gifts","publisher":{"@id":"https:\/\/positiveprints.com\/pl\/#organization"},"potentialAction":[{"@type":"SearchAction","target":{"@type":"EntryPoint","urlTemplate":"https:\/\/positiveprints.com\/pl\/?s={search_term_string}"},"query-input":{"@type":"PropertyValueSpecification","valueRequired":true,"valueName":"search_term_string"}}],"inLanguage":"pl-PL"},{"@type":"Organization","@id":"https:\/\/positiveprints.com\/pl\/#organization","name":"Positive Prints","alternateName":"Positive Prints","url":"https:\/\/positiveprints.com\/pl\/","logo":{"@type":"ImageObject","inLanguage":"pl-PL","@id":"https:\/\/positiveprints.com\/pl\/#\/schema\/logo\/image\/","url":"https:\/\/positiveprints.com\/wp-content\/uploads\/2026\/03\/245815646_1337939713319158_5671353136411139666_n.png","contentUrl":"https:\/\/positiveprints.com\/wp-content\/uploads\/2026\/03\/245815646_1337939713319158_5671353136411139666_n.png","width":800,"height":800,"caption":"Positive Prints"},"image":{"@id":"https:\/\/positiveprints.com\/pl\/#\/schema\/logo\/image\/"},"sameAs":["https:\/\/www.facebook.com\/positiveprintscom","https:\/\/www.instagram.com\/positiveprintscom\/","https:\/\/www.tiktok.com\/@positiveprintscom","https:\/\/www.pinterest.com\/positiveprintscom\/"]}]}},"jetpack_sharing_enabled":true,"_links":{"self":[{"href":"https:\/\/positiveprints.com\/pl\/wp-json\/wp\/v2\/product\/362035","targetHints":{"allow":["GET"]}}],"collection":[{"href":"https:\/\/positiveprints.com\/pl\/wp-json\/wp\/v2\/product"}],"about":[{"href":"https:\/\/positiveprints.com\/pl\/wp-json\/wp\/v2\/types\/product"}],"wp:featuredmedia":[{"embeddable":true,"href":"https:\/\/positiveprints.com\/pl\/wp-json\/wp\/v2\/media\/334248"}],"wp:attachment":[{"href":"https:\/\/positiveprints.com\/pl\/wp-json\/wp\/v2\/media?parent=362035"}],"wp:term":[{"taxonomy":"product_brand","embeddable":true,"href":"https:\/\/positiveprints.com\/pl\/wp-json\/wp\/v2\/product_brand?post=362035"},{"taxonomy":"product_cat","embeddable":true,"href":"https:\/\/positiveprints.com\/pl\/wp-json\/wp\/v2\/product_cat?post=362035"},{"taxonomy":"product_tag","embeddable":true,"href":"https:\/\/positiveprints.com\/pl\/wp-json\/wp\/v2\/product_tag?post=362035"}],"curies":[{"name":"wp","href":"https:\/\/api.w.org\/{rel}","templated":true}]}}