{"id":362024,"date":"2021-03-23T11:07:28","date_gmt":"2022-10-28T10:41:30","guid":{"rendered":"https:\/\/positiveprints.com\/?post_type=product&#038;p=362024"},"modified":"2026-04-03T04:05:07","modified_gmt":"2026-04-03T03:05:07","slug":"ukonczenie-nauki","status":"publish","type":"product","link":"https:\/\/positiveprints.com\/pl\/produkt\/ukonczenie-nauki\/","title":{"rendered":"Mapa Nieba dla Absolwenta &#8211; Prezent z Okazji Uko\u0144czenia Szko\u0142y"},"content":{"rendered":"","protected":false},"excerpt":{"rendered":"<ul class=\"check-list\">\n<li>Stw\u00f3rz jedyn\u0105 w swoim rodzaju map\u0119 gwiazd na podstawie wybranej lokalizacji i daty<\/li>\n<li>Dodaj planety, konstelacje i Drog\u0119 Mleczn\u0105 <\/li>\n<li>Spersonalizuj w 3 prostych krokach<\/li>\n<li>Dodaj dedykacj\u0119 prosto z serca<\/li>\n<li>Interaktywny podgl\u0105d pozwoli dopracowa\u0107 ka\u017cdy szczeg\u00f3\u0142<\/li>\n<\/ul>\n","protected":false},"featured_media":1329208,"template":"","meta":[],"product_brand":[],"product_cat":[3114,7915],"product_tag":[15255,8495],"class_list":{"0":"post-362024","1":"product","2":"type-product","3":"status-publish","4":"has-post-thumbnail","6":"product_cat-star-pl-2","7":"product_cat-prezent-na-zakonczenie-studiow","8":"product_tag-graduation-en-gb-pl","9":"product_tag-graduation-pl","11":"first","12":"instock","13":"sale","14":"taxable","15":"shipping-taxable","16":"purchasable","17":"product-type-variable","18":"has-default-attributes"},"yoast_head":"<!-- This site is optimized with the Yoast SEO Premium plugin v27.2 (Yoast SEO v27.2) - https:\/\/yoast.com\/product\/yoast-seo-premium-wordpress\/ -->\n<title>Mapa Nieba z Okazji Uko\u0144czenia Szko\u0142y - Positive Prints<\/title>\n<meta name=\"description\" content=\"Nie ma w\u0105tpliwo\u015bci, \u017ce Mapa Gwiazd na dzie\u0144 uko\u0144czenia szko\u0142y jest niesamowitym prezentem, zw\u0142aszcza je\u015bli kto\u015b wyj\u0105tkowy w twoim \u017cyciu nieustannie spogl\u0105da w niebo.\" \/>\n<meta name=\"robots\" content=\"index, follow, max-snippet:-1, max-image-preview:large, max-video-preview:-1\" \/>\n<link rel=\"canonical\" href=\"https:\/\/positiveprints.com\/pl\/produkt\/ukonczenie-nauki\/\" \/>\n<meta property=\"og:locale\" content=\"pl_PL\" \/>\n<meta property=\"og:type\" content=\"article\" \/>\n<meta property=\"og:title\" content=\"Mapa Nieba dla Absolwenta - Prezent z Okazji Uko\u0144czenia Szko\u0142y\" \/>\n<meta property=\"og:description\" content=\"Stw\u00f3rz jedyn\u0105 w swoim rodzaju map\u0119 gwiazd na podstawie wybranej lokalizacji i daty Dodaj planety, konstelacje i Drog\u0119 Mleczn\u0105  Spersonalizuj w 3 prostych krokach Dodaj dedykacj\u0119 prosto z serca Interaktywny podgl\u0105d pozwoli dopracowa\u0107 ka\u017cdy szczeg\u00f3\u0142\" \/>\n<meta property=\"og:url\" content=\"https:\/\/positiveprints.com\/pl\/produkt\/ukonczenie-nauki\/\" \/>\n<meta property=\"og:site_name\" content=\"Positive Prints\" \/>\n<meta property=\"article:publisher\" content=\"https:\/\/www.facebook.com\/positiveprintscom\" \/>\n<meta property=\"article:modified_time\" content=\"2026-04-03T03:05:07+00:00\" \/>\n<meta property=\"og:image\" content=\"https:\/\/positiveprints.com\/wp-content\/uploads\/2025\/01\/Mapa-Nieba-dla-Absolwenta-Prezent-z-Okazji-Ukon\u0301czenia-Szkoly-1.webp\" \/>\n\t<meta property=\"og:image:width\" content=\"1450\" \/>\n\t<meta property=\"og:image:height\" content=\"1450\" \/>\n\t<meta property=\"og:image:type\" content=\"image\/webp\" \/>\n<meta name=\"twitter:card\" content=\"summary_large_image\" \/>\n<!-- \/ Yoast SEO Premium plugin. -->","yoast_head_json":{"title":"Mapa Nieba z Okazji Uko\u0144czenia Szko\u0142y - Positive Prints","description":"Nie ma w\u0105tpliwo\u015bci, \u017ce Mapa Gwiazd na dzie\u0144 uko\u0144czenia szko\u0142y jest niesamowitym prezentem, zw\u0142aszcza je\u015bli kto\u015b wyj\u0105tkowy w twoim \u017cyciu nieustannie spogl\u0105da w niebo.","robots":{"index":"index","follow":"follow","max-snippet":"max-snippet:-1","max-image-preview":"max-image-preview:large","max-video-preview":"max-video-preview:-1"},"canonical":"https:\/\/positiveprints.com\/pl\/produkt\/ukonczenie-nauki\/","og_locale":"pl_PL","og_type":"article","og_title":"Mapa Nieba dla Absolwenta - Prezent z Okazji Uko\u0144czenia Szko\u0142y","og_description":"Stw\u00f3rz jedyn\u0105 w swoim rodzaju map\u0119 gwiazd na podstawie wybranej lokalizacji i daty Dodaj planety, konstelacje i Drog\u0119 Mleczn\u0105  Spersonalizuj w 3 prostych krokach Dodaj dedykacj\u0119 prosto z serca Interaktywny podgl\u0105d pozwoli dopracowa\u0107 ka\u017cdy szczeg\u00f3\u0142","og_url":"https:\/\/positiveprints.com\/pl\/produkt\/ukonczenie-nauki\/","og_site_name":"Positive Prints","article_publisher":"https:\/\/www.facebook.com\/positiveprintscom","article_modified_time":"2026-04-03T03:05:07+00:00","og_image":[{"width":1450,"height":1450,"url":"https:\/\/positiveprints.com\/wp-content\/uploads\/2025\/01\/Mapa-Nieba-dla-Absolwenta-Prezent-z-Okazji-Ukon\u0301czenia-Szkoly-1.webp","type":"image\/webp"}],"twitter_card":"summary_large_image","schema":{"@context":"https:\/\/schema.org","@graph":[{"@type":["WebPage","ItemPage"],"@id":"https:\/\/positiveprints.com\/pl\/produkt\/ukonczenie-nauki\/","url":"https:\/\/positiveprints.com\/pl\/produkt\/ukonczenie-nauki\/","name":"Mapa Nieba z Okazji Uko\u0144czenia Szko\u0142y - Positive Prints","isPartOf":{"@id":"https:\/\/positiveprints.com\/pl\/#website"},"primaryImageOfPage":{"@id":"https:\/\/positiveprints.com\/pl\/produkt\/ukonczenie-nauki\/#primaryimage"},"image":{"@id":"https:\/\/positiveprints.com\/pl\/produkt\/ukonczenie-nauki\/#primaryimage"},"thumbnailUrl":"https:\/\/positiveprints.com\/wp-content\/uploads\/2025\/01\/Mapa-Nieba-dla-Absolwenta-Prezent-z-Okazji-Ukon\u0301czenia-Szkoly-1.webp","datePublished":"2022-10-28T10:41:30+00:00","dateModified":"2026-04-03T03:05:07+00:00","description":"Nie ma w\u0105tpliwo\u015bci, \u017ce Mapa Gwiazd na dzie\u0144 uko\u0144czenia szko\u0142y jest niesamowitym prezentem, zw\u0142aszcza je\u015bli kto\u015b wyj\u0105tkowy w twoim \u017cyciu nieustannie spogl\u0105da w niebo.","breadcrumb":{"@id":"https:\/\/positiveprints.com\/pl\/produkt\/ukonczenie-nauki\/#breadcrumb"},"inLanguage":"pl-PL","potentialAction":[{"@type":"ReadAction","target":["https:\/\/positiveprints.com\/pl\/produkt\/ukonczenie-nauki\/"]}]},{"@type":"ImageObject","inLanguage":"pl-PL","@id":"https:\/\/positiveprints.com\/pl\/produkt\/ukonczenie-nauki\/#primaryimage","url":"https:\/\/positiveprints.com\/wp-content\/uploads\/2025\/01\/Mapa-Nieba-dla-Absolwenta-Prezent-z-Okazji-Ukon\u0301czenia-Szkoly-1.webp","contentUrl":"https:\/\/positiveprints.com\/wp-content\/uploads\/2025\/01\/Mapa-Nieba-dla-Absolwenta-Prezent-z-Okazji-Ukon\u0301czenia-Szkoly-1.webp","width":1450,"height":1450},{"@type":"BreadcrumbList","@id":"https:\/\/positiveprints.com\/pl\/produkt\/ukonczenie-nauki\/#breadcrumb","itemListElement":[{"@type":"ListItem","position":1,"name":"Home","item":"https:\/\/positiveprints.com\/pl\/"},{"@type":"ListItem","position":2,"name":"Produkty","item":"https:\/\/positiveprints.com\/pl\/shop\/"},{"@type":"ListItem","position":3,"name":"Mapa Nieba dla Absolwenta &#8211; Prezent z Okazji Uko\u0144czenia Szko\u0142y"}]},{"@type":"WebSite","@id":"https:\/\/positiveprints.com\/pl\/#website","url":"https:\/\/positiveprints.com\/pl\/","name":"Positive Prints","description":"Amazing Custom Personalized Gifts","publisher":{"@id":"https:\/\/positiveprints.com\/pl\/#organization"},"potentialAction":[{"@type":"SearchAction","target":{"@type":"EntryPoint","urlTemplate":"https:\/\/positiveprints.com\/pl\/?s={search_term_string}"},"query-input":{"@type":"PropertyValueSpecification","valueRequired":true,"valueName":"search_term_string"}}],"inLanguage":"pl-PL"},{"@type":"Organization","@id":"https:\/\/positiveprints.com\/pl\/#organization","name":"Positive Prints","alternateName":"Positive Prints","url":"https:\/\/positiveprints.com\/pl\/","logo":{"@type":"ImageObject","inLanguage":"pl-PL","@id":"https:\/\/positiveprints.com\/pl\/#\/schema\/logo\/image\/","url":"https:\/\/positiveprints.com\/wp-content\/uploads\/2026\/03\/245815646_1337939713319158_5671353136411139666_n.png","contentUrl":"https:\/\/positiveprints.com\/wp-content\/uploads\/2026\/03\/245815646_1337939713319158_5671353136411139666_n.png","width":800,"height":800,"caption":"Positive Prints"},"image":{"@id":"https:\/\/positiveprints.com\/pl\/#\/schema\/logo\/image\/"},"sameAs":["https:\/\/www.facebook.com\/positiveprintscom","https:\/\/www.instagram.com\/positiveprintscom\/","https:\/\/www.tiktok.com\/@positiveprintscom","https:\/\/www.pinterest.com\/positiveprintscom\/"]}]}},"jetpack_sharing_enabled":true,"_links":{"self":[{"href":"https:\/\/positiveprints.com\/pl\/wp-json\/wp\/v2\/product\/362024","targetHints":{"allow":["GET"]}}],"collection":[{"href":"https:\/\/positiveprints.com\/pl\/wp-json\/wp\/v2\/product"}],"about":[{"href":"https:\/\/positiveprints.com\/pl\/wp-json\/wp\/v2\/types\/product"}],"wp:featuredmedia":[{"embeddable":true,"href":"https:\/\/positiveprints.com\/pl\/wp-json\/wp\/v2\/media\/1329208"}],"wp:attachment":[{"href":"https:\/\/positiveprints.com\/pl\/wp-json\/wp\/v2\/media?parent=362024"}],"wp:term":[{"taxonomy":"product_brand","embeddable":true,"href":"https:\/\/positiveprints.com\/pl\/wp-json\/wp\/v2\/product_brand?post=362024"},{"taxonomy":"product_cat","embeddable":true,"href":"https:\/\/positiveprints.com\/pl\/wp-json\/wp\/v2\/product_cat?post=362024"},{"taxonomy":"product_tag","embeddable":true,"href":"https:\/\/positiveprints.com\/pl\/wp-json\/wp\/v2\/product_tag?post=362024"}],"curies":[{"name":"wp","href":"https:\/\/api.w.org\/{rel}","templated":true}]}}