{"id":361831,"date":"2022-07-24T14:05:04","date_gmt":"2022-10-27T16:29:42","guid":{"rendered":"https:\/\/positiveprints.com\/?post_type=product&#038;p=361831"},"modified":"2026-04-12T23:11:48","modified_gmt":"2026-04-12T22:11:48","slug":"zycie-zapisane-w-gwiazdach","status":"publish","type":"product","link":"https:\/\/positiveprints.com\/pl\/produkt\/zycie-zapisane-w-gwiazdach\/","title":{"rendered":"Na Zawsze w Naszych Sercach &#8211; Personalizowana Pami\u0105tka \u017ba\u0142obna"},"content":{"rendered":"","protected":false},"excerpt":{"rendered":"<ul class=\"check-list\">\n<li>Piel\u0119gnuj pami\u0119\u0107 o ukochanej osobie, dzi\u0119ki gwiezdnej mapie, kt\u00f3ra zostanie z Tob\u0105 na zawsze<\/li>\n<li>Dodaj planety, konstelacje i Drog\u0119 Mleczn\u0105 <\/li>\n<li>Spersonalizuj w 3 prostych krokach<\/li>\n<li>Dodaj dedykacj\u0119 prosto z serca<\/li>\n<li>Interaktywny podgl\u0105d pozwoli dopracowa\u0107 ka\u017cdy szczeg\u00f3\u0142<\/li>\n<\/ul>\n","protected":false},"featured_media":1284726,"template":"","meta":[],"product_brand":[],"product_cat":[9279,7993,3114],"product_tag":[15370,15371,15372,15373,15374,15375,15262,15376,15377,8617],"class_list":{"0":"post-361831","1":"product","2":"type-product","3":"status-publish","4":"has-post-thumbnail","6":"product_cat-bestsellers-label-pl","7":"product_cat-smierc-bliskiej-osoby","8":"product_cat-star-pl-2","9":"product_tag-condolence-gift-pl","10":"product_tag-condolence-gifts-pl","11":"product_tag-grief-support-gift-pl","12":"product_tag-memorial-pl","13":"product_tag-memorial-gift-pl","14":"product_tag-remembrance-gift-pl","15":"product_tag-sympathy-pl-2","16":"product_tag-sympathy-gift-pl","17":"product_tag-sympathy-gifts-pl","18":"product_tag-sympathy-pl","20":"first","21":"instock","22":"sale","23":"taxable","24":"shipping-taxable","25":"purchasable","26":"product-type-variable"},"yoast_head":"<!-- This site is optimized with the Yoast SEO Premium plugin v27.2 (Yoast SEO v27.2) - https:\/\/yoast.com\/product\/yoast-seo-premium-wordpress\/ -->\n<title>Na Zawsze w Naszych Sercach- Positive Prints<\/title>\n<meta name=\"description\" content=\"Spersonalizowany plakat \u201e\u017bycie Zapisane w Gwiazdach\u201d to pi\u0119kny spos\u00f3b na uhonorowanie tych, kt\u00f3rych ju\u017c z nami nie ma.\" \/>\n<meta name=\"robots\" content=\"index, follow, max-snippet:-1, max-image-preview:large, max-video-preview:-1\" \/>\n<link rel=\"canonical\" href=\"https:\/\/positiveprints.com\/pl\/produkt\/zycie-zapisane-w-gwiazdach\/\" \/>\n<meta property=\"og:locale\" content=\"pl_PL\" \/>\n<meta property=\"og:type\" content=\"article\" \/>\n<meta property=\"og:title\" content=\"Na Zawsze w Naszych Sercach - Personalizowana Pami\u0105tka \u017ba\u0142obna\" \/>\n<meta property=\"og:description\" content=\"Piel\u0119gnuj pami\u0119\u0107 o ukochanej osobie, dzi\u0119ki gwiezdnej mapie, kt\u00f3ra zostanie z Tob\u0105 na zawsze Dodaj planety, konstelacje i Drog\u0119 Mleczn\u0105 Spersonalizuj w 3 prostych krokach Dodaj dedykacj\u0119 prosto z serca Interaktywny podgl\u0105d pozwoli dopracowa\u0107 ka\u017cdy szczeg\u00f3\u0142\" \/>\n<meta property=\"og:url\" content=\"https:\/\/positiveprints.com\/pl\/produkt\/zycie-zapisane-w-gwiazdach\/\" \/>\n<meta property=\"og:site_name\" content=\"Positive Prints\" \/>\n<meta property=\"article:publisher\" content=\"https:\/\/www.facebook.com\/positiveprintscom\" \/>\n<meta property=\"article:modified_time\" content=\"2026-04-12T22:11:48+00:00\" \/>\n<meta property=\"og:image\" content=\"https:\/\/positiveprints.com\/wp-content\/uploads\/2024\/11\/Packshot_PL_Remembered-in-the-Stars-product-image.webp\" \/>\n\t<meta property=\"og:image:width\" content=\"1450\" \/>\n\t<meta property=\"og:image:height\" content=\"1450\" \/>\n\t<meta property=\"og:image:type\" content=\"image\/webp\" \/>\n<meta name=\"twitter:card\" content=\"summary_large_image\" \/>\n<!-- \/ Yoast SEO Premium plugin. -->","yoast_head_json":{"title":"Na Zawsze w Naszych Sercach- Positive Prints","description":"Spersonalizowany plakat \u201e\u017bycie Zapisane w Gwiazdach\u201d to pi\u0119kny spos\u00f3b na uhonorowanie tych, kt\u00f3rych ju\u017c z nami nie ma.","robots":{"index":"index","follow":"follow","max-snippet":"max-snippet:-1","max-image-preview":"max-image-preview:large","max-video-preview":"max-video-preview:-1"},"canonical":"https:\/\/positiveprints.com\/pl\/produkt\/zycie-zapisane-w-gwiazdach\/","og_locale":"pl_PL","og_type":"article","og_title":"Na Zawsze w Naszych Sercach - Personalizowana Pami\u0105tka \u017ba\u0142obna","og_description":"Piel\u0119gnuj pami\u0119\u0107 o ukochanej osobie, dzi\u0119ki gwiezdnej mapie, kt\u00f3ra zostanie z Tob\u0105 na zawsze Dodaj planety, konstelacje i Drog\u0119 Mleczn\u0105 Spersonalizuj w 3 prostych krokach Dodaj dedykacj\u0119 prosto z serca Interaktywny podgl\u0105d pozwoli dopracowa\u0107 ka\u017cdy szczeg\u00f3\u0142","og_url":"https:\/\/positiveprints.com\/pl\/produkt\/zycie-zapisane-w-gwiazdach\/","og_site_name":"Positive Prints","article_publisher":"https:\/\/www.facebook.com\/positiveprintscom","article_modified_time":"2026-04-12T22:11:48+00:00","og_image":[{"width":1450,"height":1450,"url":"https:\/\/positiveprints.com\/wp-content\/uploads\/2024\/11\/Packshot_PL_Remembered-in-the-Stars-product-image.webp","type":"image\/webp"}],"twitter_card":"summary_large_image","schema":{"@context":"https:\/\/schema.org","@graph":[{"@type":["WebPage","ItemPage"],"@id":"https:\/\/positiveprints.com\/pl\/produkt\/zycie-zapisane-w-gwiazdach\/","url":"https:\/\/positiveprints.com\/pl\/produkt\/zycie-zapisane-w-gwiazdach\/","name":"Na Zawsze w Naszych Sercach- Positive Prints","isPartOf":{"@id":"https:\/\/positiveprints.com\/pl\/#website"},"primaryImageOfPage":{"@id":"https:\/\/positiveprints.com\/pl\/produkt\/zycie-zapisane-w-gwiazdach\/#primaryimage"},"image":{"@id":"https:\/\/positiveprints.com\/pl\/produkt\/zycie-zapisane-w-gwiazdach\/#primaryimage"},"thumbnailUrl":"https:\/\/positiveprints.com\/wp-content\/uploads\/2024\/11\/Packshot_PL_Remembered-in-the-Stars-product-image.webp","datePublished":"2022-10-27T16:29:42+00:00","dateModified":"2026-04-12T22:11:48+00:00","description":"Spersonalizowany plakat \u201e\u017bycie Zapisane w Gwiazdach\u201d to pi\u0119kny spos\u00f3b na uhonorowanie tych, kt\u00f3rych ju\u017c z nami nie ma.","breadcrumb":{"@id":"https:\/\/positiveprints.com\/pl\/produkt\/zycie-zapisane-w-gwiazdach\/#breadcrumb"},"inLanguage":"pl-PL","potentialAction":[{"@type":"ReadAction","target":["https:\/\/positiveprints.com\/pl\/produkt\/zycie-zapisane-w-gwiazdach\/"]}]},{"@type":"ImageObject","inLanguage":"pl-PL","@id":"https:\/\/positiveprints.com\/pl\/produkt\/zycie-zapisane-w-gwiazdach\/#primaryimage","url":"https:\/\/positiveprints.com\/wp-content\/uploads\/2024\/11\/Packshot_PL_Remembered-in-the-Stars-product-image.webp","contentUrl":"https:\/\/positiveprints.com\/wp-content\/uploads\/2024\/11\/Packshot_PL_Remembered-in-the-Stars-product-image.webp","width":1450,"height":1450},{"@type":"BreadcrumbList","@id":"https:\/\/positiveprints.com\/pl\/produkt\/zycie-zapisane-w-gwiazdach\/#breadcrumb","itemListElement":[{"@type":"ListItem","position":1,"name":"Home","item":"https:\/\/positiveprints.com\/pl\/"},{"@type":"ListItem","position":2,"name":"Produkty","item":"https:\/\/positiveprints.com\/pl\/shop\/"},{"@type":"ListItem","position":3,"name":"Na Zawsze w Naszych Sercach &#8211; Personalizowana Pami\u0105tka \u017ba\u0142obna"}]},{"@type":"WebSite","@id":"https:\/\/positiveprints.com\/pl\/#website","url":"https:\/\/positiveprints.com\/pl\/","name":"Positive Prints","description":"Amazing Custom Personalized Gifts","publisher":{"@id":"https:\/\/positiveprints.com\/pl\/#organization"},"potentialAction":[{"@type":"SearchAction","target":{"@type":"EntryPoint","urlTemplate":"https:\/\/positiveprints.com\/pl\/?s={search_term_string}"},"query-input":{"@type":"PropertyValueSpecification","valueRequired":true,"valueName":"search_term_string"}}],"inLanguage":"pl-PL"},{"@type":"Organization","@id":"https:\/\/positiveprints.com\/pl\/#organization","name":"Positive Prints","alternateName":"Positive Prints","url":"https:\/\/positiveprints.com\/pl\/","logo":{"@type":"ImageObject","inLanguage":"pl-PL","@id":"https:\/\/positiveprints.com\/pl\/#\/schema\/logo\/image\/","url":"https:\/\/positiveprints.com\/wp-content\/uploads\/2026\/03\/245815646_1337939713319158_5671353136411139666_n.png","contentUrl":"https:\/\/positiveprints.com\/wp-content\/uploads\/2026\/03\/245815646_1337939713319158_5671353136411139666_n.png","width":800,"height":800,"caption":"Positive Prints"},"image":{"@id":"https:\/\/positiveprints.com\/pl\/#\/schema\/logo\/image\/"},"sameAs":["https:\/\/www.facebook.com\/positiveprintscom","https:\/\/www.instagram.com\/positiveprintscom\/","https:\/\/www.tiktok.com\/@positiveprintscom","https:\/\/www.pinterest.com\/positiveprintscom\/"]}]}},"jetpack_sharing_enabled":true,"_links":{"self":[{"href":"https:\/\/positiveprints.com\/pl\/wp-json\/wp\/v2\/product\/361831","targetHints":{"allow":["GET"]}}],"collection":[{"href":"https:\/\/positiveprints.com\/pl\/wp-json\/wp\/v2\/product"}],"about":[{"href":"https:\/\/positiveprints.com\/pl\/wp-json\/wp\/v2\/types\/product"}],"wp:featuredmedia":[{"embeddable":true,"href":"https:\/\/positiveprints.com\/pl\/wp-json\/wp\/v2\/media\/1284726"}],"wp:attachment":[{"href":"https:\/\/positiveprints.com\/pl\/wp-json\/wp\/v2\/media?parent=361831"}],"wp:term":[{"taxonomy":"product_brand","embeddable":true,"href":"https:\/\/positiveprints.com\/pl\/wp-json\/wp\/v2\/product_brand?post=361831"},{"taxonomy":"product_cat","embeddable":true,"href":"https:\/\/positiveprints.com\/pl\/wp-json\/wp\/v2\/product_cat?post=361831"},{"taxonomy":"product_tag","embeddable":true,"href":"https:\/\/positiveprints.com\/pl\/wp-json\/wp\/v2\/product_tag?post=361831"}],"curies":[{"name":"wp","href":"https:\/\/api.w.org\/{rel}","templated":true}]}}