{"id":361232,"date":"2021-09-23T09:26:31","date_gmt":"2021-09-23T08:26:31","guid":{"rendered":"https:\/\/positiveprints.com\/?post_type=product&#038;p=361232"},"modified":"2026-04-18T07:46:30","modified_gmt":"2026-04-18T06:46:30","slug":"nasze-pierwsze-spotkanie-wspolrzedne","status":"publish","type":"product","link":"https:\/\/positiveprints.com\/pl\/produkt\/nasze-pierwsze-spotkanie-wspolrzedne\/","title":{"rendered":"Nasze Pierwsze Spotkanie &#8211; Wsp\u00f3\u0142rz\u0119dne"},"content":{"rendered":"","protected":false},"excerpt":{"rendered":"<ul class=\"check-list\">\n<li>Wprowad\u017a wsp\u00f3\u0142rz\u0119dne geograficzne i utrwal wyj\u0105tkowe miejsce, w kt\u00f3rym spotkali\u015bcie si\u0119 po raz pierwszy<\/li>\n<li>Dodaj dedykacj\u0119 prosto z serca<\/li>\n<li>Spersonalizuj w 3 prostych krokach<\/li>\n<li>U\u017cyj jednego z naszych szablon\u00f3w lub daj popis swojej wyobra\u017ani<\/li>\n<li>Interaktywny podgl\u0105d pozwoli dopracowa\u0107 ka\u017cdy szczeg\u00f3\u0142<\/li>\n<\/ul>\n","protected":false},"featured_media":634081,"template":"","meta":[],"product_brand":[],"product_cat":[8190,8206,7171,5333,11186,11184,11185,7929,5271,11410,11411,11407,11403,11417,11412,8010,7675,7643,7690,7786,7753,7802,3120,11239,11240],"product_tag":[14975,11756,11770,11817,11816,11815,11813],"class_list":{"0":"post-361232","1":"product","2":"type-product","3":"status-publish","4":"has-post-thumbnail","6":"product_cat-dla-niej","7":"product_cat-dla-niego","8":"product_cat-coordinates-pl","9":"product_cat-prezent-na-rocznice","10":"product_cat-prezenty-na-rocznice-dla-pary","11":"product_cat-prezenty-na-rocznice-dla-niej","12":"product_cat-prezenty-na-rocznice-dla-niego","13":"product_cat-prezent-na-wieczor-panienski","14":"product_cat-prezent-na-boze-narodzenie","15":"product_cat-prezenty-pod-choinke-dla-niej","16":"product_cat-prezenty-pod-choinke-dla-niego","17":"product_cat-prezenty-pod-choinke-dla-dziewczyny","18":"product_cat-prezenty-pod-choinke-dla-chlopaka","19":"product_cat-prezenty-pod-choinke-dla-zony","20":"product_cat-prezenty-pod-choinke-dla-meza","21":"product_cat-prezent-dla-mezczyzny","22":"product_cat-prezent-dla-chlopaka","23":"product_cat-prezent-dla-meza","24":"product_cat-prezent-dla-kobiety","25":"product_cat-prezent-dla-dziewczyny","26":"product_cat-prezent-dla-zony","27":"product_cat-prezent-dla-pary","28":"product_cat-prezent-na-walentynki","29":"product_cat-prezenty-na-walentynki-dla-niej","30":"product_cat-prezenty-na-walentynki-dla-niego","31":"product_tag-anniversary-pl","32":"product_tag-prezenty-pod-choinke-dla-chlopaka","33":"product_tag-prezenty-pod-choinke-dla-dziewczyny","34":"product_tag-prezenty-pod-choinke-dla-meza","35":"product_tag-prezenty-pod-choinke-dla-niego","36":"product_tag-prezenty-pod-choinke-dla-niej","37":"product_tag-prezenty-pod-choinke-dla-zony","39":"first","40":"instock","41":"sale","42":"taxable","43":"shipping-taxable","44":"purchasable","45":"product-type-variable"},"yoast_head":"<!-- This site is optimized with the Yoast SEO Premium plugin v27.2 (Yoast SEO v27.2) - https:\/\/yoast.com\/product\/yoast-seo-premium-wordpress\/ -->\n<title>Nasze Pierwsze Spotkanie - Wsp\u00f3\u0142rz\u0119dne - Positive Prints<\/title>\n<meta name=\"description\" content=\"Stw\u00f3rz plakat upami\u0119tniaj\u0105cy miejsce Waszego pierwszego spotkania, korzystaj\u0105c ze wsp\u00f3\u0142rz\u0119dnych GPS.\" \/>\n<meta name=\"robots\" content=\"index, follow, max-snippet:-1, max-image-preview:large, max-video-preview:-1\" \/>\n<link rel=\"canonical\" href=\"https:\/\/positiveprints.com\/pl\/produkt\/nasze-pierwsze-spotkanie-wspolrzedne\/\" \/>\n<meta property=\"og:locale\" content=\"pl_PL\" \/>\n<meta property=\"og:type\" content=\"article\" \/>\n<meta property=\"og:title\" content=\"Nasze Pierwsze Spotkanie - Wsp\u00f3\u0142rz\u0119dne\" \/>\n<meta property=\"og:description\" content=\"Wprowad\u017a wsp\u00f3\u0142rz\u0119dne geograficzne i utrwal wyj\u0105tkowe miejsce, w kt\u00f3rym spotkali\u015bcie si\u0119 po raz pierwszy Dodaj dedykacj\u0119 prosto z serca Spersonalizuj w 3 prostych krokach U\u017cyj jednego z naszych szablon\u00f3w lub daj popis swojej wyobra\u017ani Interaktywny podgl\u0105d pozwoli dopracowa\u0107 ka\u017cdy szczeg\u00f3\u0142\" \/>\n<meta property=\"og:url\" content=\"https:\/\/positiveprints.com\/pl\/produkt\/nasze-pierwsze-spotkanie-wspolrzedne\/\" \/>\n<meta property=\"og:site_name\" content=\"Positive Prints\" \/>\n<meta property=\"article:publisher\" content=\"https:\/\/www.facebook.com\/positiveprintscom\" \/>\n<meta property=\"article:modified_time\" content=\"2026-04-18T06:46:30+00:00\" \/>\n<meta property=\"og:image\" content=\"https:\/\/positiveprints.com\/wp-content\/uploads\/2023\/07\/Nasze-Pierwsze-Spotkanie-Wspolrzedne-GPS.jpg\" \/>\n\t<meta property=\"og:image:width\" content=\"1080\" \/>\n\t<meta property=\"og:image:height\" content=\"1080\" \/>\n\t<meta property=\"og:image:type\" content=\"image\/jpeg\" \/>\n<meta name=\"twitter:card\" content=\"summary_large_image\" \/>\n<!-- \/ Yoast SEO Premium plugin. -->","yoast_head_json":{"title":"Nasze Pierwsze Spotkanie - Wsp\u00f3\u0142rz\u0119dne - Positive Prints","description":"Stw\u00f3rz plakat upami\u0119tniaj\u0105cy miejsce Waszego pierwszego spotkania, korzystaj\u0105c ze wsp\u00f3\u0142rz\u0119dnych GPS.","robots":{"index":"index","follow":"follow","max-snippet":"max-snippet:-1","max-image-preview":"max-image-preview:large","max-video-preview":"max-video-preview:-1"},"canonical":"https:\/\/positiveprints.com\/pl\/produkt\/nasze-pierwsze-spotkanie-wspolrzedne\/","og_locale":"pl_PL","og_type":"article","og_title":"Nasze Pierwsze Spotkanie - Wsp\u00f3\u0142rz\u0119dne","og_description":"Wprowad\u017a wsp\u00f3\u0142rz\u0119dne geograficzne i utrwal wyj\u0105tkowe miejsce, w kt\u00f3rym spotkali\u015bcie si\u0119 po raz pierwszy Dodaj dedykacj\u0119 prosto z serca Spersonalizuj w 3 prostych krokach U\u017cyj jednego z naszych szablon\u00f3w lub daj popis swojej wyobra\u017ani Interaktywny podgl\u0105d pozwoli dopracowa\u0107 ka\u017cdy szczeg\u00f3\u0142","og_url":"https:\/\/positiveprints.com\/pl\/produkt\/nasze-pierwsze-spotkanie-wspolrzedne\/","og_site_name":"Positive Prints","article_publisher":"https:\/\/www.facebook.com\/positiveprintscom","article_modified_time":"2026-04-18T06:46:30+00:00","og_image":[{"width":1080,"height":1080,"url":"https:\/\/positiveprints.com\/wp-content\/uploads\/2023\/07\/Nasze-Pierwsze-Spotkanie-Wspolrzedne-GPS.jpg","type":"image\/jpeg"}],"twitter_card":"summary_large_image","schema":{"@context":"https:\/\/schema.org","@graph":[{"@type":["WebPage","ItemPage"],"@id":"https:\/\/positiveprints.com\/pl\/produkt\/nasze-pierwsze-spotkanie-wspolrzedne\/","url":"https:\/\/positiveprints.com\/pl\/produkt\/nasze-pierwsze-spotkanie-wspolrzedne\/","name":"Nasze Pierwsze Spotkanie - Wsp\u00f3\u0142rz\u0119dne - Positive Prints","isPartOf":{"@id":"https:\/\/positiveprints.com\/pl\/#website"},"primaryImageOfPage":{"@id":"https:\/\/positiveprints.com\/pl\/produkt\/nasze-pierwsze-spotkanie-wspolrzedne\/#primaryimage"},"image":{"@id":"https:\/\/positiveprints.com\/pl\/produkt\/nasze-pierwsze-spotkanie-wspolrzedne\/#primaryimage"},"thumbnailUrl":"https:\/\/positiveprints.com\/wp-content\/uploads\/2023\/07\/Nasze-Pierwsze-Spotkanie-Wspolrzedne-GPS.jpg","datePublished":"2021-09-23T08:26:31+00:00","dateModified":"2026-04-18T06:46:30+00:00","description":"Stw\u00f3rz plakat upami\u0119tniaj\u0105cy miejsce Waszego pierwszego spotkania, korzystaj\u0105c ze wsp\u00f3\u0142rz\u0119dnych GPS.","breadcrumb":{"@id":"https:\/\/positiveprints.com\/pl\/produkt\/nasze-pierwsze-spotkanie-wspolrzedne\/#breadcrumb"},"inLanguage":"pl-PL","potentialAction":[{"@type":"ReadAction","target":["https:\/\/positiveprints.com\/pl\/produkt\/nasze-pierwsze-spotkanie-wspolrzedne\/"]}]},{"@type":"ImageObject","inLanguage":"pl-PL","@id":"https:\/\/positiveprints.com\/pl\/produkt\/nasze-pierwsze-spotkanie-wspolrzedne\/#primaryimage","url":"https:\/\/positiveprints.com\/wp-content\/uploads\/2023\/07\/Nasze-Pierwsze-Spotkanie-Wspolrzedne-GPS.jpg","contentUrl":"https:\/\/positiveprints.com\/wp-content\/uploads\/2023\/07\/Nasze-Pierwsze-Spotkanie-Wspolrzedne-GPS.jpg","width":1080,"height":1080,"caption":"Nasze Pierwsze Spotkanie Wsp\u00f3\u0142rz\u0119dne GPS"},{"@type":"BreadcrumbList","@id":"https:\/\/positiveprints.com\/pl\/produkt\/nasze-pierwsze-spotkanie-wspolrzedne\/#breadcrumb","itemListElement":[{"@type":"ListItem","position":1,"name":"Home","item":"https:\/\/positiveprints.com\/pl\/"},{"@type":"ListItem","position":2,"name":"Produkty","item":"https:\/\/positiveprints.com\/pl\/shop\/"},{"@type":"ListItem","position":3,"name":"Nasze Pierwsze Spotkanie &#8211; Wsp\u00f3\u0142rz\u0119dne"}]},{"@type":"WebSite","@id":"https:\/\/positiveprints.com\/pl\/#website","url":"https:\/\/positiveprints.com\/pl\/","name":"Positive Prints","description":"Amazing Custom Personalized Gifts","publisher":{"@id":"https:\/\/positiveprints.com\/pl\/#organization"},"potentialAction":[{"@type":"SearchAction","target":{"@type":"EntryPoint","urlTemplate":"https:\/\/positiveprints.com\/pl\/?s={search_term_string}"},"query-input":{"@type":"PropertyValueSpecification","valueRequired":true,"valueName":"search_term_string"}}],"inLanguage":"pl-PL"},{"@type":"Organization","@id":"https:\/\/positiveprints.com\/pl\/#organization","name":"Positive Prints","alternateName":"Positive Prints","url":"https:\/\/positiveprints.com\/pl\/","logo":{"@type":"ImageObject","inLanguage":"pl-PL","@id":"https:\/\/positiveprints.com\/pl\/#\/schema\/logo\/image\/","url":"https:\/\/positiveprints.com\/wp-content\/uploads\/2026\/03\/245815646_1337939713319158_5671353136411139666_n.png","contentUrl":"https:\/\/positiveprints.com\/wp-content\/uploads\/2026\/03\/245815646_1337939713319158_5671353136411139666_n.png","width":800,"height":800,"caption":"Positive Prints"},"image":{"@id":"https:\/\/positiveprints.com\/pl\/#\/schema\/logo\/image\/"},"sameAs":["https:\/\/www.facebook.com\/positiveprintscom","https:\/\/www.instagram.com\/positiveprintscom\/","https:\/\/www.tiktok.com\/@positiveprintscom","https:\/\/www.pinterest.com\/positiveprintscom\/"]}]}},"jetpack_sharing_enabled":true,"_links":{"self":[{"href":"https:\/\/positiveprints.com\/pl\/wp-json\/wp\/v2\/product\/361232","targetHints":{"allow":["GET"]}}],"collection":[{"href":"https:\/\/positiveprints.com\/pl\/wp-json\/wp\/v2\/product"}],"about":[{"href":"https:\/\/positiveprints.com\/pl\/wp-json\/wp\/v2\/types\/product"}],"wp:featuredmedia":[{"embeddable":true,"href":"https:\/\/positiveprints.com\/pl\/wp-json\/wp\/v2\/media\/634081"}],"wp:attachment":[{"href":"https:\/\/positiveprints.com\/pl\/wp-json\/wp\/v2\/media?parent=361232"}],"wp:term":[{"taxonomy":"product_brand","embeddable":true,"href":"https:\/\/positiveprints.com\/pl\/wp-json\/wp\/v2\/product_brand?post=361232"},{"taxonomy":"product_cat","embeddable":true,"href":"https:\/\/positiveprints.com\/pl\/wp-json\/wp\/v2\/product_cat?post=361232"},{"taxonomy":"product_tag","embeddable":true,"href":"https:\/\/positiveprints.com\/pl\/wp-json\/wp\/v2\/product_tag?post=361232"}],"curies":[{"name":"wp","href":"https:\/\/api.w.org\/{rel}","templated":true}]}}