{"id":361149,"date":"2021-11-22T14:16:29","date_gmt":"2021-11-22T13:16:29","guid":{"rendered":"https:\/\/positiveprints.com\/?post_type=product&#038;p=361149"},"modified":"2026-04-03T03:35:12","modified_gmt":"2026-04-03T02:35:12","slug":"plakat-nazwiska-rodowego","status":"publish","type":"product","link":"https:\/\/positiveprints.com\/pl\/produkt\/plakat-nazwiska-rodowego\/","title":{"rendered":"Oto Moja Rodzina &#8211; Plakat z Nazwiskiem"},"content":{"rendered":"","protected":false},"excerpt":{"rendered":"<ul class=\"check-list\">\n<li>Wyra\u017a dum\u0119 ze swojej rodziny za pomoc\u0105 pi\u0119knego dzie\u0142a sztuki z wsp\u00f3\u0142rz\u0119dnymi domu, w kt\u00f3rym tworzycie wspomnienia<\/li>\n<li>Dodaj dedykacj\u0119 prosto z serca<\/li>\n<li>Spersonalizuj w 3 prostych krokach<\/li>\n<li>U\u017cyj jednego z naszych szablon\u00f3w lub daj popis swojej wyobra\u017ani<\/li>\n<li>Interaktywny podgl\u0105d pozwoli dopracowa\u0107 ka\u017cdy szczeg\u00f3\u0142<\/li>\n<\/ul>\n","protected":false},"featured_media":204618,"template":"","meta":[],"product_brand":[],"product_cat":[7171,3126,11209,11210,5271,11414,11406,11408,11409,15059,11416,11404,11415,11413,8010,7626,7978,7610,7658,7690,7850,7818],"product_tag":[8538,12776,13360,13361,11819,11763,13458,13468],"class_list":{"0":"post-361149","1":"product","2":"type-product","3":"status-publish","4":"has-post-thumbnail","6":"product_cat-coordinates-pl","7":"product_cat-prezent-na-urodziny","8":"product_cat-prezenty-urodzinowe-dla-niej","9":"product_cat-prezenty-urodzinowe-dla-niego","10":"product_cat-prezent-na-boze-narodzenie","11":"product_cat-prezenty-pod-choinke-dla-mamy","12":"product_cat-prezenty-pod-choinke-dla-taty","13":"product_cat-prezenty-pod-choinke-dla-babci","14":"product_cat-prezenty-pod-choinke-dla-dziadka","15":"product_cat-prezenty-pod-choinke-dla-rodziny","16":"product_cat-prezenty-pod-choinke-dla-siostry","17":"product_cat-prezenty-pod-choinke-dla-brata","18":"product_cat-prezenty-pod-choinke-dla-rodzicow","19":"product_cat-prezenty-pod-choinke-dla-dzieci","20":"product_cat-prezent-dla-mezczyzny","21":"product_cat-prezent-dla-brata","22":"product_cat-prezent-dla-taty","23":"product_cat-prezent-dla-dziadka","24":"product_cat-prezent-dla-syna","25":"product_cat-prezent-dla-kobiety","26":"product_cat-prezent-dla-rodziny","27":"product_cat-prezent-dla-mlodych-rodzicow","28":"product_tag-family-pl","29":"product_tag-prezent-pod-choinke-dla-siostry","30":"product_tag-prezent-swiateczny-dla-babci","31":"product_tag-prezent-swiateczny-dla-dziadka","32":"product_tag-prezenty-pod-choinke-dla-mamy","33":"product_tag-prezenty-pod-choinke-dla-taty","34":"product_tag-prezenty-swiateczne-dla-brata","35":"product_tag-prezenty-swiateczne-dla-rodziny","37":"first","38":"instock","39":"sale","40":"taxable","41":"shipping-taxable","42":"purchasable","43":"product-type-variable"},"yoast_head":"<!-- This site is optimized with the Yoast SEO Premium plugin v27.2 (Yoast SEO v27.2) - https:\/\/yoast.com\/product\/yoast-seo-premium-wordpress\/ -->\n<title>Oto Moja Rodzina - Plakat z Nazwiskiem - Positive Prints<\/title>\n<meta name=\"description\" content=\"Twoje nazwisko rodowe opowiada histori\u0119. Poka\u017c, jak bardzo jeste\u015b dumny ze swojego nazwiska, za pomoc\u0105 spersonalizowanego plakatu.\" \/>\n<meta name=\"robots\" content=\"index, follow, max-snippet:-1, max-image-preview:large, max-video-preview:-1\" \/>\n<link rel=\"canonical\" href=\"https:\/\/positiveprints.com\/pl\/produkt\/plakat-nazwiska-rodowego\/\" \/>\n<meta property=\"og:locale\" content=\"pl_PL\" \/>\n<meta property=\"og:type\" content=\"article\" \/>\n<meta property=\"og:title\" content=\"Oto Moja Rodzina - Plakat z Nazwiskiem\" \/>\n<meta property=\"og:description\" content=\"Wyra\u017a dum\u0119 ze swojej rodziny za pomoc\u0105 pi\u0119knego dzie\u0142a sztuki z wsp\u00f3\u0142rz\u0119dnymi domu, w kt\u00f3rym tworzycie wspomnienia Dodaj dedykacj\u0119 prosto z serca Spersonalizuj w 3 prostych krokach U\u017cyj jednego z naszych szablon\u00f3w lub daj popis swojej wyobra\u017ani Interaktywny podgl\u0105d pozwoli dopracowa\u0107 ka\u017cdy szczeg\u00f3\u0142\" \/>\n<meta property=\"og:url\" content=\"https:\/\/positiveprints.com\/pl\/produkt\/plakat-nazwiska-rodowego\/\" \/>\n<meta property=\"og:site_name\" content=\"Positive Prints\" \/>\n<meta property=\"article:publisher\" content=\"https:\/\/www.facebook.com\/positiveprintscom\" \/>\n<meta property=\"article:modified_time\" content=\"2026-04-03T02:35:12+00:00\" \/>\n<meta property=\"og:image\" content=\"https:\/\/positiveprints.com\/wp-content\/uploads\/2021\/11\/family-name-sign.jpg\" \/>\n\t<meta property=\"og:image:width\" content=\"1080\" \/>\n\t<meta property=\"og:image:height\" content=\"1080\" \/>\n\t<meta property=\"og:image:type\" content=\"image\/jpeg\" \/>\n<meta name=\"twitter:card\" content=\"summary_large_image\" \/>\n<meta name=\"twitter:label1\" content=\"Szacowany czas czytania\" \/>\n\t<meta name=\"twitter:data1\" content=\"1 minuta\" \/>\n<!-- \/ Yoast SEO Premium plugin. -->","yoast_head_json":{"title":"Oto Moja Rodzina - Plakat z Nazwiskiem - Positive Prints","description":"Twoje nazwisko rodowe opowiada histori\u0119. Poka\u017c, jak bardzo jeste\u015b dumny ze swojego nazwiska, za pomoc\u0105 spersonalizowanego plakatu.","robots":{"index":"index","follow":"follow","max-snippet":"max-snippet:-1","max-image-preview":"max-image-preview:large","max-video-preview":"max-video-preview:-1"},"canonical":"https:\/\/positiveprints.com\/pl\/produkt\/plakat-nazwiska-rodowego\/","og_locale":"pl_PL","og_type":"article","og_title":"Oto Moja Rodzina - Plakat z Nazwiskiem","og_description":"Wyra\u017a dum\u0119 ze swojej rodziny za pomoc\u0105 pi\u0119knego dzie\u0142a sztuki z wsp\u00f3\u0142rz\u0119dnymi domu, w kt\u00f3rym tworzycie wspomnienia Dodaj dedykacj\u0119 prosto z serca Spersonalizuj w 3 prostych krokach U\u017cyj jednego z naszych szablon\u00f3w lub daj popis swojej wyobra\u017ani Interaktywny podgl\u0105d pozwoli dopracowa\u0107 ka\u017cdy szczeg\u00f3\u0142","og_url":"https:\/\/positiveprints.com\/pl\/produkt\/plakat-nazwiska-rodowego\/","og_site_name":"Positive Prints","article_publisher":"https:\/\/www.facebook.com\/positiveprintscom","article_modified_time":"2026-04-03T02:35:12+00:00","og_image":[{"width":1080,"height":1080,"url":"https:\/\/positiveprints.com\/wp-content\/uploads\/2021\/11\/family-name-sign.jpg","type":"image\/jpeg"}],"twitter_card":"summary_large_image","twitter_misc":{"Szacowany czas czytania":"1 minuta"},"schema":{"@context":"https:\/\/schema.org","@graph":[{"@type":["WebPage","ItemPage"],"@id":"https:\/\/positiveprints.com\/pl\/produkt\/plakat-nazwiska-rodowego\/","url":"https:\/\/positiveprints.com\/pl\/produkt\/plakat-nazwiska-rodowego\/","name":"Oto Moja Rodzina - Plakat z Nazwiskiem - Positive Prints","isPartOf":{"@id":"https:\/\/positiveprints.com\/pl\/#website"},"primaryImageOfPage":{"@id":"https:\/\/positiveprints.com\/pl\/produkt\/plakat-nazwiska-rodowego\/#primaryimage"},"image":{"@id":"https:\/\/positiveprints.com\/pl\/produkt\/plakat-nazwiska-rodowego\/#primaryimage"},"thumbnailUrl":"https:\/\/positiveprints.com\/wp-content\/uploads\/2021\/11\/family-name-sign.jpg","datePublished":"2021-11-22T13:16:29+00:00","dateModified":"2026-04-03T02:35:12+00:00","description":"Twoje nazwisko rodowe opowiada histori\u0119. Poka\u017c, jak bardzo jeste\u015b dumny ze swojego nazwiska, za pomoc\u0105 spersonalizowanego plakatu.","breadcrumb":{"@id":"https:\/\/positiveprints.com\/pl\/produkt\/plakat-nazwiska-rodowego\/#breadcrumb"},"inLanguage":"pl-PL","potentialAction":[{"@type":"ReadAction","target":["https:\/\/positiveprints.com\/pl\/produkt\/plakat-nazwiska-rodowego\/"]}]},{"@type":"ImageObject","inLanguage":"pl-PL","@id":"https:\/\/positiveprints.com\/pl\/produkt\/plakat-nazwiska-rodowego\/#primaryimage","url":"https:\/\/positiveprints.com\/wp-content\/uploads\/2021\/11\/family-name-sign.jpg","contentUrl":"https:\/\/positiveprints.com\/wp-content\/uploads\/2021\/11\/family-name-sign.jpg","width":1080,"height":1080,"caption":"Your family name on a professional-looking print"},{"@type":"BreadcrumbList","@id":"https:\/\/positiveprints.com\/pl\/produkt\/plakat-nazwiska-rodowego\/#breadcrumb","itemListElement":[{"@type":"ListItem","position":1,"name":"Home","item":"https:\/\/positiveprints.com\/pl\/"},{"@type":"ListItem","position":2,"name":"Produkty","item":"https:\/\/positiveprints.com\/pl\/shop\/"},{"@type":"ListItem","position":3,"name":"Oto Moja Rodzina &#8211; Plakat z Nazwiskiem"}]},{"@type":"WebSite","@id":"https:\/\/positiveprints.com\/pl\/#website","url":"https:\/\/positiveprints.com\/pl\/","name":"Positive Prints","description":"Amazing Custom Personalized Gifts","publisher":{"@id":"https:\/\/positiveprints.com\/pl\/#organization"},"potentialAction":[{"@type":"SearchAction","target":{"@type":"EntryPoint","urlTemplate":"https:\/\/positiveprints.com\/pl\/?s={search_term_string}"},"query-input":{"@type":"PropertyValueSpecification","valueRequired":true,"valueName":"search_term_string"}}],"inLanguage":"pl-PL"},{"@type":"Organization","@id":"https:\/\/positiveprints.com\/pl\/#organization","name":"Positive Prints","alternateName":"Positive Prints","url":"https:\/\/positiveprints.com\/pl\/","logo":{"@type":"ImageObject","inLanguage":"pl-PL","@id":"https:\/\/positiveprints.com\/pl\/#\/schema\/logo\/image\/","url":"https:\/\/positiveprints.com\/wp-content\/uploads\/2026\/03\/245815646_1337939713319158_5671353136411139666_n.png","contentUrl":"https:\/\/positiveprints.com\/wp-content\/uploads\/2026\/03\/245815646_1337939713319158_5671353136411139666_n.png","width":800,"height":800,"caption":"Positive Prints"},"image":{"@id":"https:\/\/positiveprints.com\/pl\/#\/schema\/logo\/image\/"},"sameAs":["https:\/\/www.facebook.com\/positiveprintscom","https:\/\/www.instagram.com\/positiveprintscom\/","https:\/\/www.tiktok.com\/@positiveprintscom","https:\/\/www.pinterest.com\/positiveprintscom\/"]}]}},"jetpack_sharing_enabled":true,"_links":{"self":[{"href":"https:\/\/positiveprints.com\/pl\/wp-json\/wp\/v2\/product\/361149","targetHints":{"allow":["GET"]}}],"collection":[{"href":"https:\/\/positiveprints.com\/pl\/wp-json\/wp\/v2\/product"}],"about":[{"href":"https:\/\/positiveprints.com\/pl\/wp-json\/wp\/v2\/types\/product"}],"wp:featuredmedia":[{"embeddable":true,"href":"https:\/\/positiveprints.com\/pl\/wp-json\/wp\/v2\/media\/204618"}],"wp:attachment":[{"href":"https:\/\/positiveprints.com\/pl\/wp-json\/wp\/v2\/media?parent=361149"}],"wp:term":[{"taxonomy":"product_brand","embeddable":true,"href":"https:\/\/positiveprints.com\/pl\/wp-json\/wp\/v2\/product_brand?post=361149"},{"taxonomy":"product_cat","embeddable":true,"href":"https:\/\/positiveprints.com\/pl\/wp-json\/wp\/v2\/product_cat?post=361149"},{"taxonomy":"product_tag","embeddable":true,"href":"https:\/\/positiveprints.com\/pl\/wp-json\/wp\/v2\/product_tag?post=361149"}],"curies":[{"name":"wp","href":"https:\/\/api.w.org\/{rel}","templated":true}]}}