{"id":361016,"date":"2021-11-22T21:26:46","date_gmt":"2021-11-22T20:26:46","guid":{"rendered":"https:\/\/positiveprints.com\/?post_type=product&#038;p=361016"},"modified":"2026-04-12T23:24:32","modified_gmt":"2026-04-12T22:24:32","slug":"nie-ma-to-jak-w-domu","status":"publish","type":"product","link":"https:\/\/positiveprints.com\/pl\/produkt\/nie-ma-to-jak-w-domu\/","title":{"rendered":"Nie Ma To Jak w Domu"},"content":{"rendered":"","protected":false},"excerpt":{"rendered":"<ul class=\"check-list\">\n<li>Zamie\u0144 wsp\u00f3\u0142rz\u0119dne Twojego domu w jego najpi\u0119kniejsz\u0105 dekoracj\u0119<\/li>\n<li>Dodaj dedykacj\u0119 prosto z serca<\/li>\n<li>Spersonalizuj w 3 prostych krokach<\/li>\n<li>U\u017cyj jednego z naszych szablon\u00f3w lub daj popis swojej wyobra\u017ani<\/li>\n<li>Interaktywny podgl\u0105d pozwoli dopracowa\u0107 ka\u017cdy szczeg\u00f3\u0142<\/li>\n<\/ul>\n","protected":false},"featured_media":204817,"template":"","meta":[],"product_brand":[],"product_cat":[7171,5296],"product_tag":[14955],"class_list":{"0":"post-361016","1":"product","2":"type-product","3":"status-publish","4":"has-post-thumbnail","6":"product_cat-coordinates-pl","7":"product_cat-prezent-na-parapetowke","8":"product_tag-housewarming-pl-2","10":"first","11":"instock","12":"sale","13":"taxable","14":"shipping-taxable","15":"purchasable","16":"product-type-variable"},"yoast_head":"<!-- This site is optimized with the Yoast SEO Premium plugin v27.2 (Yoast SEO v27.2) - https:\/\/yoast.com\/product\/yoast-seo-premium-wordpress\/ -->\n<title>Nie Ma To Jak w Domu - Positive Prints<\/title>\n<meta name=\"description\" content=\"Dom to ulubione miejsce ka\u017cdego. Spraw, by by\u0142 wyj\u0105tkowy dzi\u0119ki plakatowi Nie Ma To Jak w Domu ze wsp\u00f3\u0142rz\u0119dnymi stworzonymi specjalnie dla Ciebie.\" \/>\n<meta name=\"robots\" content=\"index, follow, max-snippet:-1, max-image-preview:large, max-video-preview:-1\" \/>\n<link rel=\"canonical\" href=\"https:\/\/positiveprints.com\/pl\/produkt\/nie-ma-to-jak-w-domu\/\" \/>\n<meta property=\"og:locale\" content=\"pl_PL\" \/>\n<meta property=\"og:type\" content=\"article\" \/>\n<meta property=\"og:title\" content=\"Nie Ma To Jak w Domu\" \/>\n<meta property=\"og:description\" content=\"Zamie\u0144 wsp\u00f3\u0142rz\u0119dne Twojego domu w jego najpi\u0119kniejsz\u0105 dekoracj\u0119 Dodaj dedykacj\u0119 prosto z serca Spersonalizuj w 3 prostych krokach U\u017cyj jednego z naszych szablon\u00f3w lub daj popis swojej wyobra\u017ani Interaktywny podgl\u0105d pozwoli dopracowa\u0107 ka\u017cdy szczeg\u00f3\u0142\" \/>\n<meta property=\"og:url\" content=\"https:\/\/positiveprints.com\/pl\/produkt\/nie-ma-to-jak-w-domu\/\" \/>\n<meta property=\"og:site_name\" content=\"Positive Prints\" \/>\n<meta property=\"article:publisher\" content=\"https:\/\/www.facebook.com\/positiveprintscom\" \/>\n<meta property=\"article:modified_time\" content=\"2026-04-12T22:24:32+00:00\" \/>\n<meta property=\"og:image\" content=\"https:\/\/positiveprints.com\/wp-content\/uploads\/2021\/11\/home-sweet-home-sign.jpg\" \/>\n\t<meta property=\"og:image:width\" content=\"1080\" \/>\n\t<meta property=\"og:image:height\" content=\"1080\" \/>\n\t<meta property=\"og:image:type\" content=\"image\/jpeg\" \/>\n<meta name=\"twitter:card\" content=\"summary_large_image\" \/>\n<!-- \/ Yoast SEO Premium plugin. -->","yoast_head_json":{"title":"Nie Ma To Jak w Domu - Positive Prints","description":"Dom to ulubione miejsce ka\u017cdego. Spraw, by by\u0142 wyj\u0105tkowy dzi\u0119ki plakatowi Nie Ma To Jak w Domu ze wsp\u00f3\u0142rz\u0119dnymi stworzonymi specjalnie dla Ciebie.","robots":{"index":"index","follow":"follow","max-snippet":"max-snippet:-1","max-image-preview":"max-image-preview:large","max-video-preview":"max-video-preview:-1"},"canonical":"https:\/\/positiveprints.com\/pl\/produkt\/nie-ma-to-jak-w-domu\/","og_locale":"pl_PL","og_type":"article","og_title":"Nie Ma To Jak w Domu","og_description":"Zamie\u0144 wsp\u00f3\u0142rz\u0119dne Twojego domu w jego najpi\u0119kniejsz\u0105 dekoracj\u0119 Dodaj dedykacj\u0119 prosto z serca Spersonalizuj w 3 prostych krokach U\u017cyj jednego z naszych szablon\u00f3w lub daj popis swojej wyobra\u017ani Interaktywny podgl\u0105d pozwoli dopracowa\u0107 ka\u017cdy szczeg\u00f3\u0142","og_url":"https:\/\/positiveprints.com\/pl\/produkt\/nie-ma-to-jak-w-domu\/","og_site_name":"Positive Prints","article_publisher":"https:\/\/www.facebook.com\/positiveprintscom","article_modified_time":"2026-04-12T22:24:32+00:00","og_image":[{"width":1080,"height":1080,"url":"https:\/\/positiveprints.com\/wp-content\/uploads\/2021\/11\/home-sweet-home-sign.jpg","type":"image\/jpeg"}],"twitter_card":"summary_large_image","schema":{"@context":"https:\/\/schema.org","@graph":[{"@type":["WebPage","ItemPage"],"@id":"https:\/\/positiveprints.com\/pl\/produkt\/nie-ma-to-jak-w-domu\/","url":"https:\/\/positiveprints.com\/pl\/produkt\/nie-ma-to-jak-w-domu\/","name":"Nie Ma To Jak w Domu - Positive Prints","isPartOf":{"@id":"https:\/\/positiveprints.com\/pl\/#website"},"primaryImageOfPage":{"@id":"https:\/\/positiveprints.com\/pl\/produkt\/nie-ma-to-jak-w-domu\/#primaryimage"},"image":{"@id":"https:\/\/positiveprints.com\/pl\/produkt\/nie-ma-to-jak-w-domu\/#primaryimage"},"thumbnailUrl":"https:\/\/positiveprints.com\/wp-content\/uploads\/2021\/11\/home-sweet-home-sign.jpg","datePublished":"2021-11-22T20:26:46+00:00","dateModified":"2026-04-12T22:24:32+00:00","description":"Dom to ulubione miejsce ka\u017cdego. Spraw, by by\u0142 wyj\u0105tkowy dzi\u0119ki plakatowi Nie Ma To Jak w Domu ze wsp\u00f3\u0142rz\u0119dnymi stworzonymi specjalnie dla Ciebie.","breadcrumb":{"@id":"https:\/\/positiveprints.com\/pl\/produkt\/nie-ma-to-jak-w-domu\/#breadcrumb"},"inLanguage":"pl-PL","potentialAction":[{"@type":"ReadAction","target":["https:\/\/positiveprints.com\/pl\/produkt\/nie-ma-to-jak-w-domu\/"]}]},{"@type":"ImageObject","inLanguage":"pl-PL","@id":"https:\/\/positiveprints.com\/pl\/produkt\/nie-ma-to-jak-w-domu\/#primaryimage","url":"https:\/\/positiveprints.com\/wp-content\/uploads\/2021\/11\/home-sweet-home-sign.jpg","contentUrl":"https:\/\/positiveprints.com\/wp-content\/uploads\/2021\/11\/home-sweet-home-sign.jpg","width":1080,"height":1080,"caption":"Our Home Sweet Home coordinates signs display the exact GPS coordinates of your home in a beautiful, artistic print."},{"@type":"BreadcrumbList","@id":"https:\/\/positiveprints.com\/pl\/produkt\/nie-ma-to-jak-w-domu\/#breadcrumb","itemListElement":[{"@type":"ListItem","position":1,"name":"Home","item":"https:\/\/positiveprints.com\/pl\/"},{"@type":"ListItem","position":2,"name":"Produkty","item":"https:\/\/positiveprints.com\/pl\/shop\/"},{"@type":"ListItem","position":3,"name":"Nie Ma To Jak w Domu"}]},{"@type":"WebSite","@id":"https:\/\/positiveprints.com\/pl\/#website","url":"https:\/\/positiveprints.com\/pl\/","name":"Positive Prints","description":"Amazing Custom Personalized Gifts","publisher":{"@id":"https:\/\/positiveprints.com\/pl\/#organization"},"potentialAction":[{"@type":"SearchAction","target":{"@type":"EntryPoint","urlTemplate":"https:\/\/positiveprints.com\/pl\/?s={search_term_string}"},"query-input":{"@type":"PropertyValueSpecification","valueRequired":true,"valueName":"search_term_string"}}],"inLanguage":"pl-PL"},{"@type":"Organization","@id":"https:\/\/positiveprints.com\/pl\/#organization","name":"Positive Prints","alternateName":"Positive Prints","url":"https:\/\/positiveprints.com\/pl\/","logo":{"@type":"ImageObject","inLanguage":"pl-PL","@id":"https:\/\/positiveprints.com\/pl\/#\/schema\/logo\/image\/","url":"https:\/\/positiveprints.com\/wp-content\/uploads\/2026\/03\/245815646_1337939713319158_5671353136411139666_n.png","contentUrl":"https:\/\/positiveprints.com\/wp-content\/uploads\/2026\/03\/245815646_1337939713319158_5671353136411139666_n.png","width":800,"height":800,"caption":"Positive Prints"},"image":{"@id":"https:\/\/positiveprints.com\/pl\/#\/schema\/logo\/image\/"},"sameAs":["https:\/\/www.facebook.com\/positiveprintscom","https:\/\/www.instagram.com\/positiveprintscom\/","https:\/\/www.tiktok.com\/@positiveprintscom","https:\/\/www.pinterest.com\/positiveprintscom\/"]}]}},"jetpack_sharing_enabled":true,"_links":{"self":[{"href":"https:\/\/positiveprints.com\/pl\/wp-json\/wp\/v2\/product\/361016","targetHints":{"allow":["GET"]}}],"collection":[{"href":"https:\/\/positiveprints.com\/pl\/wp-json\/wp\/v2\/product"}],"about":[{"href":"https:\/\/positiveprints.com\/pl\/wp-json\/wp\/v2\/types\/product"}],"wp:featuredmedia":[{"embeddable":true,"href":"https:\/\/positiveprints.com\/pl\/wp-json\/wp\/v2\/media\/204817"}],"wp:attachment":[{"href":"https:\/\/positiveprints.com\/pl\/wp-json\/wp\/v2\/media?parent=361016"}],"wp:term":[{"taxonomy":"product_brand","embeddable":true,"href":"https:\/\/positiveprints.com\/pl\/wp-json\/wp\/v2\/product_brand?post=361016"},{"taxonomy":"product_cat","embeddable":true,"href":"https:\/\/positiveprints.com\/pl\/wp-json\/wp\/v2\/product_cat?post=361016"},{"taxonomy":"product_tag","embeddable":true,"href":"https:\/\/positiveprints.com\/pl\/wp-json\/wp\/v2\/product_tag?post=361016"}],"curies":[{"name":"wp","href":"https:\/\/api.w.org\/{rel}","templated":true}]}}