{"id":360903,"date":"2022-07-26T10:07:47","date_gmt":"2022-07-26T09:07:47","guid":{"rendered":"https:\/\/positiveprints.com\/?post_type=product&#038;p=360903"},"modified":"2026-04-03T03:30:32","modified_gmt":"2026-04-03T02:30:32","slug":"dzien-w-ktorym-zostalas-moja-zona","status":"publish","type":"product","link":"https:\/\/positiveprints.com\/pl\/produkt\/dzien-w-ktorym-zostalas-moja-zona\/","title":{"rendered":"Dzie\u0144, w Kt\u00f3rym Zosta\u0142a\u015b Moj\u0105 \u017bon\u0105"},"content":{"rendered":"","protected":false},"excerpt":{"rendered":"<ul class=\"check-list\">\n<li>Celebruj dzie\u0144, w kt\u00f3rym wyj\u0105tkowa kobieta zosta\u0142a Twoj\u0105 \u017con\u0105, tworz\u0105c pi\u0119kn\u0105 map\u0119, kt\u00f3ra zostanie z Wami na zawsze<\/li>\n<li>Dodaj planety, konstelacje i Drog\u0119 Mleczn\u0105 <\/li>\n<li>Spersonalizuj w 3 prostych krokach<\/li>\n<li>Dodaj dedykacj\u0119 prosto z serca<\/li>\n<li>Interaktywny podgl\u0105d pozwoli dopracowa\u0107 ka\u017cdy szczeg\u00f3\u0142<\/li>\n<\/ul>\n","protected":false},"featured_media":1332451,"template":"","meta":[],"product_brand":[],"product_cat":[7753,3114],"product_tag":[14975],"class_list":{"0":"post-360903","1":"product","2":"type-product","3":"status-publish","4":"has-post-thumbnail","6":"product_cat-prezent-dla-zony","7":"product_cat-star-pl-2","8":"product_tag-anniversary-pl","10":"first","11":"instock","12":"sale","13":"taxable","14":"shipping-taxable","15":"purchasable","16":"product-type-variable"},"yoast_head":"<!-- This site is optimized with the Yoast SEO Premium plugin v27.2 (Yoast SEO v27.2) - https:\/\/yoast.com\/product\/yoast-seo-premium-wordpress\/ -->\n<title>Dzie\u0144, w Kt\u00f3rym Zosta\u0142a\u015b Moj\u0105 \u017bon\u0105 - Positive Prints<\/title>\n<meta name=\"description\" content=\"Z okazji rocznicy lub innej specjalnej okazji pomo\u017cemy Ci stworzy\u0107 plakat Dzie\u0144, w kt\u00f3rym zosta\u0142a\u015b moj\u0105 \u017con\u0105 - jedyny w swoim rodzaju prezent dla \u017cony.\" \/>\n<meta name=\"robots\" content=\"index, follow, max-snippet:-1, max-image-preview:large, max-video-preview:-1\" \/>\n<link rel=\"canonical\" href=\"https:\/\/positiveprints.com\/pl\/produkt\/dzien-w-ktorym-zostalas-moja-zona\/\" \/>\n<meta property=\"og:locale\" content=\"pl_PL\" \/>\n<meta property=\"og:type\" content=\"article\" \/>\n<meta property=\"og:title\" content=\"Dzie\u0144, w Kt\u00f3rym Zosta\u0142a\u015b Moj\u0105 \u017bon\u0105\" \/>\n<meta property=\"og:description\" content=\"Celebruj dzie\u0144, w kt\u00f3rym wyj\u0105tkowa kobieta zosta\u0142a Twoj\u0105 \u017con\u0105, tworz\u0105c pi\u0119kn\u0105 map\u0119, kt\u00f3ra zostanie z Wami na zawsze Dodaj planety, konstelacje i Drog\u0119 Mleczn\u0105 Spersonalizuj w 3 prostych krokach Dodaj dedykacj\u0119 prosto z serca Interaktywny podgl\u0105d pozwoli dopracowa\u0107 ka\u017cdy szczeg\u00f3\u0142\" \/>\n<meta property=\"og:url\" content=\"https:\/\/positiveprints.com\/pl\/produkt\/dzien-w-ktorym-zostalas-moja-zona\/\" \/>\n<meta property=\"og:site_name\" content=\"Positive Prints\" \/>\n<meta property=\"article:publisher\" content=\"https:\/\/www.facebook.com\/positiveprintscom\" \/>\n<meta property=\"article:modified_time\" content=\"2026-04-03T02:30:32+00:00\" \/>\n<meta property=\"og:image\" content=\"https:\/\/positiveprints.com\/wp-content\/uploads\/2025\/01\/Dzien\u0301-w-Kto\u0301rym-Zostalas\u0301-Moja\u0328-Z\u0307ona\u0328-1.webp\" \/>\n\t<meta property=\"og:image:width\" content=\"1450\" \/>\n\t<meta property=\"og:image:height\" content=\"1450\" \/>\n\t<meta property=\"og:image:type\" content=\"image\/webp\" \/>\n<meta name=\"twitter:card\" content=\"summary_large_image\" \/>\n<!-- \/ Yoast SEO Premium plugin. -->","yoast_head_json":{"title":"Dzie\u0144, w Kt\u00f3rym Zosta\u0142a\u015b Moj\u0105 \u017bon\u0105 - Positive Prints","description":"Z okazji rocznicy lub innej specjalnej okazji pomo\u017cemy Ci stworzy\u0107 plakat Dzie\u0144, w kt\u00f3rym zosta\u0142a\u015b moj\u0105 \u017con\u0105 - jedyny w swoim rodzaju prezent dla \u017cony.","robots":{"index":"index","follow":"follow","max-snippet":"max-snippet:-1","max-image-preview":"max-image-preview:large","max-video-preview":"max-video-preview:-1"},"canonical":"https:\/\/positiveprints.com\/pl\/produkt\/dzien-w-ktorym-zostalas-moja-zona\/","og_locale":"pl_PL","og_type":"article","og_title":"Dzie\u0144, w Kt\u00f3rym Zosta\u0142a\u015b Moj\u0105 \u017bon\u0105","og_description":"Celebruj dzie\u0144, w kt\u00f3rym wyj\u0105tkowa kobieta zosta\u0142a Twoj\u0105 \u017con\u0105, tworz\u0105c pi\u0119kn\u0105 map\u0119, kt\u00f3ra zostanie z Wami na zawsze Dodaj planety, konstelacje i Drog\u0119 Mleczn\u0105 Spersonalizuj w 3 prostych krokach Dodaj dedykacj\u0119 prosto z serca Interaktywny podgl\u0105d pozwoli dopracowa\u0107 ka\u017cdy szczeg\u00f3\u0142","og_url":"https:\/\/positiveprints.com\/pl\/produkt\/dzien-w-ktorym-zostalas-moja-zona\/","og_site_name":"Positive Prints","article_publisher":"https:\/\/www.facebook.com\/positiveprintscom","article_modified_time":"2026-04-03T02:30:32+00:00","og_image":[{"width":1450,"height":1450,"url":"https:\/\/positiveprints.com\/wp-content\/uploads\/2025\/01\/Dzien\u0301-w-Kto\u0301rym-Zostalas\u0301-Moja\u0328-Z\u0307ona\u0328-1.webp","type":"image\/webp"}],"twitter_card":"summary_large_image","schema":{"@context":"https:\/\/schema.org","@graph":[{"@type":["WebPage","ItemPage"],"@id":"https:\/\/positiveprints.com\/pl\/produkt\/dzien-w-ktorym-zostalas-moja-zona\/","url":"https:\/\/positiveprints.com\/pl\/produkt\/dzien-w-ktorym-zostalas-moja-zona\/","name":"Dzie\u0144, w Kt\u00f3rym Zosta\u0142a\u015b Moj\u0105 \u017bon\u0105 - Positive Prints","isPartOf":{"@id":"https:\/\/positiveprints.com\/pl\/#website"},"primaryImageOfPage":{"@id":"https:\/\/positiveprints.com\/pl\/produkt\/dzien-w-ktorym-zostalas-moja-zona\/#primaryimage"},"image":{"@id":"https:\/\/positiveprints.com\/pl\/produkt\/dzien-w-ktorym-zostalas-moja-zona\/#primaryimage"},"thumbnailUrl":"https:\/\/positiveprints.com\/wp-content\/uploads\/2025\/01\/Dzien\u0301-w-Kto\u0301rym-Zostalas\u0301-Moja\u0328-Z\u0307ona\u0328-1.webp","datePublished":"2022-07-26T09:07:47+00:00","dateModified":"2026-04-03T02:30:32+00:00","description":"Z okazji rocznicy lub innej specjalnej okazji pomo\u017cemy Ci stworzy\u0107 plakat Dzie\u0144, w kt\u00f3rym zosta\u0142a\u015b moj\u0105 \u017con\u0105 - jedyny w swoim rodzaju prezent dla \u017cony.","breadcrumb":{"@id":"https:\/\/positiveprints.com\/pl\/produkt\/dzien-w-ktorym-zostalas-moja-zona\/#breadcrumb"},"inLanguage":"pl-PL","potentialAction":[{"@type":"ReadAction","target":["https:\/\/positiveprints.com\/pl\/produkt\/dzien-w-ktorym-zostalas-moja-zona\/"]}]},{"@type":"ImageObject","inLanguage":"pl-PL","@id":"https:\/\/positiveprints.com\/pl\/produkt\/dzien-w-ktorym-zostalas-moja-zona\/#primaryimage","url":"https:\/\/positiveprints.com\/wp-content\/uploads\/2025\/01\/Dzien\u0301-w-Kto\u0301rym-Zostalas\u0301-Moja\u0328-Z\u0307ona\u0328-1.webp","contentUrl":"https:\/\/positiveprints.com\/wp-content\/uploads\/2025\/01\/Dzien\u0301-w-Kto\u0301rym-Zostalas\u0301-Moja\u0328-Z\u0307ona\u0328-1.webp","width":1450,"height":1450},{"@type":"BreadcrumbList","@id":"https:\/\/positiveprints.com\/pl\/produkt\/dzien-w-ktorym-zostalas-moja-zona\/#breadcrumb","itemListElement":[{"@type":"ListItem","position":1,"name":"Home","item":"https:\/\/positiveprints.com\/pl\/"},{"@type":"ListItem","position":2,"name":"Produkty","item":"https:\/\/positiveprints.com\/pl\/shop\/"},{"@type":"ListItem","position":3,"name":"Dzie\u0144, w Kt\u00f3rym Zosta\u0142a\u015b Moj\u0105 \u017bon\u0105"}]},{"@type":"WebSite","@id":"https:\/\/positiveprints.com\/pl\/#website","url":"https:\/\/positiveprints.com\/pl\/","name":"Positive Prints","description":"Amazing Custom Personalized Gifts","publisher":{"@id":"https:\/\/positiveprints.com\/pl\/#organization"},"potentialAction":[{"@type":"SearchAction","target":{"@type":"EntryPoint","urlTemplate":"https:\/\/positiveprints.com\/pl\/?s={search_term_string}"},"query-input":{"@type":"PropertyValueSpecification","valueRequired":true,"valueName":"search_term_string"}}],"inLanguage":"pl-PL"},{"@type":"Organization","@id":"https:\/\/positiveprints.com\/pl\/#organization","name":"Positive Prints","alternateName":"Positive Prints","url":"https:\/\/positiveprints.com\/pl\/","logo":{"@type":"ImageObject","inLanguage":"pl-PL","@id":"https:\/\/positiveprints.com\/pl\/#\/schema\/logo\/image\/","url":"https:\/\/positiveprints.com\/wp-content\/uploads\/2026\/03\/245815646_1337939713319158_5671353136411139666_n.png","contentUrl":"https:\/\/positiveprints.com\/wp-content\/uploads\/2026\/03\/245815646_1337939713319158_5671353136411139666_n.png","width":800,"height":800,"caption":"Positive Prints"},"image":{"@id":"https:\/\/positiveprints.com\/pl\/#\/schema\/logo\/image\/"},"sameAs":["https:\/\/www.facebook.com\/positiveprintscom","https:\/\/www.instagram.com\/positiveprintscom\/","https:\/\/www.tiktok.com\/@positiveprintscom","https:\/\/www.pinterest.com\/positiveprintscom\/"]}]}},"jetpack_sharing_enabled":true,"_links":{"self":[{"href":"https:\/\/positiveprints.com\/pl\/wp-json\/wp\/v2\/product\/360903","targetHints":{"allow":["GET"]}}],"collection":[{"href":"https:\/\/positiveprints.com\/pl\/wp-json\/wp\/v2\/product"}],"about":[{"href":"https:\/\/positiveprints.com\/pl\/wp-json\/wp\/v2\/types\/product"}],"wp:featuredmedia":[{"embeddable":true,"href":"https:\/\/positiveprints.com\/pl\/wp-json\/wp\/v2\/media\/1332451"}],"wp:attachment":[{"href":"https:\/\/positiveprints.com\/pl\/wp-json\/wp\/v2\/media?parent=360903"}],"wp:term":[{"taxonomy":"product_brand","embeddable":true,"href":"https:\/\/positiveprints.com\/pl\/wp-json\/wp\/v2\/product_brand?post=360903"},{"taxonomy":"product_cat","embeddable":true,"href":"https:\/\/positiveprints.com\/pl\/wp-json\/wp\/v2\/product_cat?post=360903"},{"taxonomy":"product_tag","embeddable":true,"href":"https:\/\/positiveprints.com\/pl\/wp-json\/wp\/v2\/product_tag?post=360903"}],"curies":[{"name":"wp","href":"https:\/\/api.w.org\/{rel}","templated":true}]}}