{"id":360849,"date":"2021-11-22T21:47:05","date_gmt":"2021-11-22T20:47:05","guid":{"rendered":"https:\/\/positiveprints.com\/?post_type=product&#038;p=360849"},"modified":"2026-04-28T14:42:52","modified_gmt":"2026-04-28T13:42:52","slug":"nasz-pierwszy-dom","status":"publish","type":"product","link":"https:\/\/positiveprints.com\/pl\/produkt\/nasz-pierwszy-dom\/","title":{"rendered":"Nasz Pierwszy Dom"},"content":{"rendered":"","protected":false},"excerpt":{"rendered":"<ul class=\"check-list\">\n<li>Upami\u0119tnij sw\u00f3j pierwszy dom, tworz\u0105c wyj\u0105tkow\u0105 map\u0119, kt\u00f3ra zostanie z Tob\u0105 na lata<\/li>\n<li>Zaznacz szczeg\u00f3lne miejsce wybranym symbolem<\/li>\n<li>Spersonalizuj w 3 prostych krokach<\/li>\n<li>Dodaj dedykacj\u0119 prosto z serca<\/li>\n<li>Interaktywny podgl\u0105d pozwoli dopracowa\u0107 ka\u017cdy szczeg\u00f3\u0142<\/li>\n<\/ul>\n","protected":false},"featured_media":204910,"template":"","meta":[],"product_brand":[],"product_cat":[7171,8010,7690],"product_tag":[14955],"class_list":{"0":"post-360849","1":"product","2":"type-product","3":"status-publish","4":"has-post-thumbnail","6":"product_cat-coordinates-pl","7":"product_cat-prezent-dla-mezczyzny","8":"product_cat-prezent-dla-kobiety","9":"product_tag-housewarming-pl-2","11":"first","12":"instock","13":"sale","14":"taxable","15":"shipping-taxable","16":"purchasable","17":"product-type-variable"},"yoast_head":"<!-- This site is optimized with the Yoast SEO Premium plugin v27.2 (Yoast SEO v27.2) - https:\/\/yoast.com\/product\/yoast-seo-premium-wordpress\/ -->\n<title>Nasz Pierwszy Dom - Positive Prints<\/title>\n<meta name=\"description\" content=\"Tw\u00f3j pierwszy dom jest wyj\u0105tkowy. Niech twoje wspomnienia zostan\u0105 utrwalone dzi\u0119ki naszemu spersonalizowanemu plakatowi Nasz Pierwszy Dom ze wsp\u00f3\u0142rz\u0119dnymi GPS.\" \/>\n<meta name=\"robots\" content=\"index, follow, max-snippet:-1, max-image-preview:large, max-video-preview:-1\" \/>\n<link rel=\"canonical\" href=\"https:\/\/positiveprints.com\/pl\/produkt\/nasz-pierwszy-dom\/\" \/>\n<meta property=\"og:locale\" content=\"pl_PL\" \/>\n<meta property=\"og:type\" content=\"article\" \/>\n<meta property=\"og:title\" content=\"Nasz Pierwszy Dom\" \/>\n<meta property=\"og:description\" content=\"Upami\u0119tnij sw\u00f3j pierwszy dom, tworz\u0105c wyj\u0105tkow\u0105 map\u0119, kt\u00f3ra zostanie z Tob\u0105 na lata Zaznacz szczeg\u00f3lne miejsce wybranym symbolem Spersonalizuj w 3 prostych krokach Dodaj dedykacj\u0119 prosto z serca Interaktywny podgl\u0105d pozwoli dopracowa\u0107 ka\u017cdy szczeg\u00f3\u0142\" \/>\n<meta property=\"og:url\" content=\"https:\/\/positiveprints.com\/pl\/produkt\/nasz-pierwszy-dom\/\" \/>\n<meta property=\"og:site_name\" content=\"Positive Prints\" \/>\n<meta property=\"article:publisher\" content=\"https:\/\/www.facebook.com\/positiveprintscom\" \/>\n<meta property=\"article:modified_time\" content=\"2026-04-28T13:42:52+00:00\" \/>\n<meta property=\"og:image\" content=\"https:\/\/positiveprints.com\/wp-content\/uploads\/2021\/11\/our-first-home-sign.jpg\" \/>\n\t<meta property=\"og:image:width\" content=\"1080\" \/>\n\t<meta property=\"og:image:height\" content=\"1080\" \/>\n\t<meta property=\"og:image:type\" content=\"image\/jpeg\" \/>\n<meta name=\"twitter:card\" content=\"summary_large_image\" \/>\n<!-- \/ Yoast SEO Premium plugin. -->","yoast_head_json":{"title":"Nasz Pierwszy Dom - Positive Prints","description":"Tw\u00f3j pierwszy dom jest wyj\u0105tkowy. Niech twoje wspomnienia zostan\u0105 utrwalone dzi\u0119ki naszemu spersonalizowanemu plakatowi Nasz Pierwszy Dom ze wsp\u00f3\u0142rz\u0119dnymi GPS.","robots":{"index":"index","follow":"follow","max-snippet":"max-snippet:-1","max-image-preview":"max-image-preview:large","max-video-preview":"max-video-preview:-1"},"canonical":"https:\/\/positiveprints.com\/pl\/produkt\/nasz-pierwszy-dom\/","og_locale":"pl_PL","og_type":"article","og_title":"Nasz Pierwszy Dom","og_description":"Upami\u0119tnij sw\u00f3j pierwszy dom, tworz\u0105c wyj\u0105tkow\u0105 map\u0119, kt\u00f3ra zostanie z Tob\u0105 na lata Zaznacz szczeg\u00f3lne miejsce wybranym symbolem Spersonalizuj w 3 prostych krokach Dodaj dedykacj\u0119 prosto z serca Interaktywny podgl\u0105d pozwoli dopracowa\u0107 ka\u017cdy szczeg\u00f3\u0142","og_url":"https:\/\/positiveprints.com\/pl\/produkt\/nasz-pierwszy-dom\/","og_site_name":"Positive Prints","article_publisher":"https:\/\/www.facebook.com\/positiveprintscom","article_modified_time":"2026-04-28T13:42:52+00:00","og_image":[{"width":1080,"height":1080,"url":"https:\/\/positiveprints.com\/wp-content\/uploads\/2021\/11\/our-first-home-sign.jpg","type":"image\/jpeg"}],"twitter_card":"summary_large_image","schema":{"@context":"https:\/\/schema.org","@graph":[{"@type":["WebPage","ItemPage"],"@id":"https:\/\/positiveprints.com\/pl\/produkt\/nasz-pierwszy-dom\/","url":"https:\/\/positiveprints.com\/pl\/produkt\/nasz-pierwszy-dom\/","name":"Nasz Pierwszy Dom - Positive Prints","isPartOf":{"@id":"https:\/\/positiveprints.com\/pl\/#website"},"primaryImageOfPage":{"@id":"https:\/\/positiveprints.com\/pl\/produkt\/nasz-pierwszy-dom\/#primaryimage"},"image":{"@id":"https:\/\/positiveprints.com\/pl\/produkt\/nasz-pierwszy-dom\/#primaryimage"},"thumbnailUrl":"https:\/\/positiveprints.com\/wp-content\/uploads\/2021\/11\/our-first-home-sign.jpg","datePublished":"2021-11-22T20:47:05+00:00","dateModified":"2026-04-28T13:42:52+00:00","description":"Tw\u00f3j pierwszy dom jest wyj\u0105tkowy. Niech twoje wspomnienia zostan\u0105 utrwalone dzi\u0119ki naszemu spersonalizowanemu plakatowi Nasz Pierwszy Dom ze wsp\u00f3\u0142rz\u0119dnymi GPS.","breadcrumb":{"@id":"https:\/\/positiveprints.com\/pl\/produkt\/nasz-pierwszy-dom\/#breadcrumb"},"inLanguage":"pl-PL","potentialAction":[{"@type":"ReadAction","target":["https:\/\/positiveprints.com\/pl\/produkt\/nasz-pierwszy-dom\/"]}]},{"@type":"ImageObject","inLanguage":"pl-PL","@id":"https:\/\/positiveprints.com\/pl\/produkt\/nasz-pierwszy-dom\/#primaryimage","url":"https:\/\/positiveprints.com\/wp-content\/uploads\/2021\/11\/our-first-home-sign.jpg","contentUrl":"https:\/\/positiveprints.com\/wp-content\/uploads\/2021\/11\/our-first-home-sign.jpg","width":1080,"height":1080,"caption":"If you\u2019ve just bought your first house, an Our First Home sign makes an excellent addition to your walls."},{"@type":"BreadcrumbList","@id":"https:\/\/positiveprints.com\/pl\/produkt\/nasz-pierwszy-dom\/#breadcrumb","itemListElement":[{"@type":"ListItem","position":1,"name":"Home","item":"https:\/\/positiveprints.com\/pl\/"},{"@type":"ListItem","position":2,"name":"Produkty","item":"https:\/\/positiveprints.com\/pl\/shop\/"},{"@type":"ListItem","position":3,"name":"Nasz Pierwszy Dom"}]},{"@type":"WebSite","@id":"https:\/\/positiveprints.com\/pl\/#website","url":"https:\/\/positiveprints.com\/pl\/","name":"Positive Prints","description":"Amazing Custom Personalized Gifts","publisher":{"@id":"https:\/\/positiveprints.com\/pl\/#organization"},"potentialAction":[{"@type":"SearchAction","target":{"@type":"EntryPoint","urlTemplate":"https:\/\/positiveprints.com\/pl\/?s={search_term_string}"},"query-input":{"@type":"PropertyValueSpecification","valueRequired":true,"valueName":"search_term_string"}}],"inLanguage":"pl-PL"},{"@type":"Organization","@id":"https:\/\/positiveprints.com\/pl\/#organization","name":"Positive Prints","alternateName":"Positive Prints","url":"https:\/\/positiveprints.com\/pl\/","logo":{"@type":"ImageObject","inLanguage":"pl-PL","@id":"https:\/\/positiveprints.com\/pl\/#\/schema\/logo\/image\/","url":"https:\/\/positiveprints.com\/wp-content\/uploads\/2026\/03\/245815646_1337939713319158_5671353136411139666_n.png","contentUrl":"https:\/\/positiveprints.com\/wp-content\/uploads\/2026\/03\/245815646_1337939713319158_5671353136411139666_n.png","width":800,"height":800,"caption":"Positive Prints"},"image":{"@id":"https:\/\/positiveprints.com\/pl\/#\/schema\/logo\/image\/"},"sameAs":["https:\/\/www.facebook.com\/positiveprintscom","https:\/\/www.instagram.com\/positiveprintscom\/","https:\/\/www.tiktok.com\/@positiveprintscom","https:\/\/www.pinterest.com\/positiveprintscom\/"]}]}},"jetpack_sharing_enabled":true,"_links":{"self":[{"href":"https:\/\/positiveprints.com\/pl\/wp-json\/wp\/v2\/product\/360849","targetHints":{"allow":["GET"]}}],"collection":[{"href":"https:\/\/positiveprints.com\/pl\/wp-json\/wp\/v2\/product"}],"about":[{"href":"https:\/\/positiveprints.com\/pl\/wp-json\/wp\/v2\/types\/product"}],"wp:featuredmedia":[{"embeddable":true,"href":"https:\/\/positiveprints.com\/pl\/wp-json\/wp\/v2\/media\/204910"}],"wp:attachment":[{"href":"https:\/\/positiveprints.com\/pl\/wp-json\/wp\/v2\/media?parent=360849"}],"wp:term":[{"taxonomy":"product_brand","embeddable":true,"href":"https:\/\/positiveprints.com\/pl\/wp-json\/wp\/v2\/product_brand?post=360849"},{"taxonomy":"product_cat","embeddable":true,"href":"https:\/\/positiveprints.com\/pl\/wp-json\/wp\/v2\/product_cat?post=360849"},{"taxonomy":"product_tag","embeddable":true,"href":"https:\/\/positiveprints.com\/pl\/wp-json\/wp\/v2\/product_tag?post=360849"}],"curies":[{"name":"wp","href":"https:\/\/api.w.org\/{rel}","templated":true}]}}