{"id":356734,"date":"2022-09-05T08:45:07","date_gmt":"2022-09-05T07:45:07","guid":{"rendered":"https:\/\/positiveprints.com\/?post_type=product&#038;p=356734"},"modified":"2026-04-28T14:35:10","modified_gmt":"2026-04-28T13:35:10","slug":"fala-dzwiekowa-do-wydruku","status":"publish","type":"product","link":"https:\/\/positiveprints.com\/pl\/produkt\/fala-dzwiekowa-do-wydruku\/","title":{"rendered":"Plakat Fali D\u017awi\u0119kowej do Wydruku"},"content":{"rendered":"","protected":false},"excerpt":{"rendered":"<ul class=\"check-list\">\n<li>Zamie\u0144 sw\u00f3j ulubiony d\u017awi\u0119k w zapieraj\u0105ce dech w piersiach dzie\u0142o sztuki, kt\u00f3re ozdobi Twoje wn\u0119trze<\/li>\n<li>Mo\u017cesz go pobra\u0107 od razu po z\u0142o\u017ceniu i op\u0142aceniu zam\u00f3wienia<\/li>\n<li>Wydrukuj w dowolnym formacie<\/li>\n<li>Otrzymaj wysokiej jako\u015bci plik JPEG (300dpi)<\/li>\n<li>Interaktywny podgl\u0105d pozwoli dopracowa\u0107 ka\u017cdy szczeg\u00f3\u0142<\/li>\n<\/ul>\n","protected":false},"featured_media":327625,"template":"","meta":[],"product_brand":[],"product_cat":[8238,7578,7483],"product_tag":[15408,15827],"class_list":{"0":"post-356734","1":"product","2":"type-product","3":"status-publish","4":"has-post-thumbnail","6":"product_cat-digital-products-pl","7":"product_cat-prezenty-na-ostatnia-chwile","8":"product_cat-fala-dzwiekowa-pl","9":"product_tag-audio-pl","10":"product_tag-last-minute-pl-2","12":"first","13":"instock","14":"sale","15":"taxable","16":"shipping-taxable","17":"purchasable","18":"product-type-variable"},"yoast_head":"<!-- This site is optimized with the Yoast SEO Premium plugin v27.2 (Yoast SEO v27.2) - https:\/\/yoast.com\/product\/yoast-seo-premium-wordpress\/ -->\n<title>Plakat Fali D\u017awi\u0119kowej do Wydruku - Positive Prints<\/title>\n<meta name=\"description\" content=\"Niezale\u017cnie od tego, czy szukasz prezentu na ostatni\u0105 chwil\u0119 \u2013 plakat fali d\u017awi\u0119kowej do wydruku to idealny wyb\u00f3r! Dost\u0119pne od razu po zakupie.\" \/>\n<meta name=\"robots\" content=\"index, follow, max-snippet:-1, max-image-preview:large, max-video-preview:-1\" \/>\n<link rel=\"canonical\" href=\"https:\/\/positiveprints.com\/pl\/produkt\/fala-dzwiekowa-do-wydruku\/\" \/>\n<meta property=\"og:locale\" content=\"pl_PL\" \/>\n<meta property=\"og:type\" content=\"article\" \/>\n<meta property=\"og:title\" content=\"Plakat Fali D\u017awi\u0119kowej do Wydruku\" \/>\n<meta property=\"og:description\" content=\"Zamie\u0144 sw\u00f3j ulubiony d\u017awi\u0119k w zapieraj\u0105ce dech w piersiach dzie\u0142o sztuki, kt\u00f3re ozdobi Twoje wn\u0119trze Mo\u017cesz go pobra\u0107 od razu po z\u0142o\u017ceniu i op\u0142aceniu zam\u00f3wienia Wydrukuj w dowolnym formacie Otrzymaj wysokiej jako\u015bci plik JPEG (300dpi) Interaktywny podgl\u0105d pozwoli dopracowa\u0107 ka\u017cdy szczeg\u00f3\u0142\" \/>\n<meta property=\"og:url\" content=\"https:\/\/positiveprints.com\/pl\/produkt\/fala-dzwiekowa-do-wydruku\/\" \/>\n<meta property=\"og:site_name\" content=\"Positive Prints\" \/>\n<meta property=\"article:publisher\" content=\"https:\/\/www.facebook.com\/positiveprintscom\" \/>\n<meta property=\"article:modified_time\" content=\"2026-04-28T13:35:10+00:00\" \/>\n<meta property=\"og:image\" content=\"https:\/\/positiveprints.com\/wp-content\/uploads\/2022\/08\/fala-dzwiekowa-personalizowany-prezent.jpg\" \/>\n\t<meta property=\"og:image:width\" content=\"1080\" \/>\n\t<meta property=\"og:image:height\" content=\"1080\" \/>\n\t<meta property=\"og:image:type\" content=\"image\/jpeg\" \/>\n<meta name=\"twitter:card\" content=\"summary_large_image\" \/>\n<!-- \/ Yoast SEO Premium plugin. -->","yoast_head_json":{"title":"Plakat Fali D\u017awi\u0119kowej do Wydruku - Positive Prints","description":"Niezale\u017cnie od tego, czy szukasz prezentu na ostatni\u0105 chwil\u0119 \u2013 plakat fali d\u017awi\u0119kowej do wydruku to idealny wyb\u00f3r! Dost\u0119pne od razu po zakupie.","robots":{"index":"index","follow":"follow","max-snippet":"max-snippet:-1","max-image-preview":"max-image-preview:large","max-video-preview":"max-video-preview:-1"},"canonical":"https:\/\/positiveprints.com\/pl\/produkt\/fala-dzwiekowa-do-wydruku\/","og_locale":"pl_PL","og_type":"article","og_title":"Plakat Fali D\u017awi\u0119kowej do Wydruku","og_description":"Zamie\u0144 sw\u00f3j ulubiony d\u017awi\u0119k w zapieraj\u0105ce dech w piersiach dzie\u0142o sztuki, kt\u00f3re ozdobi Twoje wn\u0119trze Mo\u017cesz go pobra\u0107 od razu po z\u0142o\u017ceniu i op\u0142aceniu zam\u00f3wienia Wydrukuj w dowolnym formacie Otrzymaj wysokiej jako\u015bci plik JPEG (300dpi) Interaktywny podgl\u0105d pozwoli dopracowa\u0107 ka\u017cdy szczeg\u00f3\u0142","og_url":"https:\/\/positiveprints.com\/pl\/produkt\/fala-dzwiekowa-do-wydruku\/","og_site_name":"Positive Prints","article_publisher":"https:\/\/www.facebook.com\/positiveprintscom","article_modified_time":"2026-04-28T13:35:10+00:00","og_image":[{"width":1080,"height":1080,"url":"https:\/\/positiveprints.com\/wp-content\/uploads\/2022\/08\/fala-dzwiekowa-personalizowany-prezent.jpg","type":"image\/jpeg"}],"twitter_card":"summary_large_image","schema":{"@context":"https:\/\/schema.org","@graph":[{"@type":["WebPage","ItemPage"],"@id":"https:\/\/positiveprints.com\/pl\/produkt\/fala-dzwiekowa-do-wydruku\/","url":"https:\/\/positiveprints.com\/pl\/produkt\/fala-dzwiekowa-do-wydruku\/","name":"Plakat Fali D\u017awi\u0119kowej do Wydruku - Positive Prints","isPartOf":{"@id":"https:\/\/positiveprints.com\/pl\/#website"},"primaryImageOfPage":{"@id":"https:\/\/positiveprints.com\/pl\/produkt\/fala-dzwiekowa-do-wydruku\/#primaryimage"},"image":{"@id":"https:\/\/positiveprints.com\/pl\/produkt\/fala-dzwiekowa-do-wydruku\/#primaryimage"},"thumbnailUrl":"https:\/\/positiveprints.com\/wp-content\/uploads\/2022\/08\/fala-dzwiekowa-personalizowany-prezent.jpg","datePublished":"2022-09-05T07:45:07+00:00","dateModified":"2026-04-28T13:35:10+00:00","description":"Niezale\u017cnie od tego, czy szukasz prezentu na ostatni\u0105 chwil\u0119 \u2013 plakat fali d\u017awi\u0119kowej do wydruku to idealny wyb\u00f3r! Dost\u0119pne od razu po zakupie.","breadcrumb":{"@id":"https:\/\/positiveprints.com\/pl\/produkt\/fala-dzwiekowa-do-wydruku\/#breadcrumb"},"inLanguage":"pl-PL","potentialAction":[{"@type":"ReadAction","target":["https:\/\/positiveprints.com\/pl\/produkt\/fala-dzwiekowa-do-wydruku\/"]}]},{"@type":"ImageObject","inLanguage":"pl-PL","@id":"https:\/\/positiveprints.com\/pl\/produkt\/fala-dzwiekowa-do-wydruku\/#primaryimage","url":"https:\/\/positiveprints.com\/wp-content\/uploads\/2022\/08\/fala-dzwiekowa-personalizowany-prezent.jpg","contentUrl":"https:\/\/positiveprints.com\/wp-content\/uploads\/2022\/08\/fala-dzwiekowa-personalizowany-prezent.jpg","width":1080,"height":1080,"caption":"Personalizowana fala d\u017awi\u0119kowa wybranego przez Ciebie utworu"},{"@type":"BreadcrumbList","@id":"https:\/\/positiveprints.com\/pl\/produkt\/fala-dzwiekowa-do-wydruku\/#breadcrumb","itemListElement":[{"@type":"ListItem","position":1,"name":"Home","item":"https:\/\/positiveprints.com\/pl\/"},{"@type":"ListItem","position":2,"name":"Produkty","item":"https:\/\/positiveprints.com\/pl\/shop\/"},{"@type":"ListItem","position":3,"name":"Plakat Fali D\u017awi\u0119kowej do Wydruku"}]},{"@type":"WebSite","@id":"https:\/\/positiveprints.com\/pl\/#website","url":"https:\/\/positiveprints.com\/pl\/","name":"Positive Prints","description":"Amazing Custom Personalized Gifts","publisher":{"@id":"https:\/\/positiveprints.com\/pl\/#organization"},"potentialAction":[{"@type":"SearchAction","target":{"@type":"EntryPoint","urlTemplate":"https:\/\/positiveprints.com\/pl\/?s={search_term_string}"},"query-input":{"@type":"PropertyValueSpecification","valueRequired":true,"valueName":"search_term_string"}}],"inLanguage":"pl-PL"},{"@type":"Organization","@id":"https:\/\/positiveprints.com\/pl\/#organization","name":"Positive Prints","alternateName":"Positive Prints","url":"https:\/\/positiveprints.com\/pl\/","logo":{"@type":"ImageObject","inLanguage":"pl-PL","@id":"https:\/\/positiveprints.com\/pl\/#\/schema\/logo\/image\/","url":"https:\/\/positiveprints.com\/wp-content\/uploads\/2026\/03\/245815646_1337939713319158_5671353136411139666_n.png","contentUrl":"https:\/\/positiveprints.com\/wp-content\/uploads\/2026\/03\/245815646_1337939713319158_5671353136411139666_n.png","width":800,"height":800,"caption":"Positive Prints"},"image":{"@id":"https:\/\/positiveprints.com\/pl\/#\/schema\/logo\/image\/"},"sameAs":["https:\/\/www.facebook.com\/positiveprintscom","https:\/\/www.instagram.com\/positiveprintscom\/","https:\/\/www.tiktok.com\/@positiveprintscom","https:\/\/www.pinterest.com\/positiveprintscom\/"]}]}},"jetpack_sharing_enabled":true,"_links":{"self":[{"href":"https:\/\/positiveprints.com\/pl\/wp-json\/wp\/v2\/product\/356734","targetHints":{"allow":["GET"]}}],"collection":[{"href":"https:\/\/positiveprints.com\/pl\/wp-json\/wp\/v2\/product"}],"about":[{"href":"https:\/\/positiveprints.com\/pl\/wp-json\/wp\/v2\/types\/product"}],"wp:featuredmedia":[{"embeddable":true,"href":"https:\/\/positiveprints.com\/pl\/wp-json\/wp\/v2\/media\/327625"}],"wp:attachment":[{"href":"https:\/\/positiveprints.com\/pl\/wp-json\/wp\/v2\/media?parent=356734"}],"wp:term":[{"taxonomy":"product_brand","embeddable":true,"href":"https:\/\/positiveprints.com\/pl\/wp-json\/wp\/v2\/product_brand?post=356734"},{"taxonomy":"product_cat","embeddable":true,"href":"https:\/\/positiveprints.com\/pl\/wp-json\/wp\/v2\/product_cat?post=356734"},{"taxonomy":"product_tag","embeddable":true,"href":"https:\/\/positiveprints.com\/pl\/wp-json\/wp\/v2\/product_tag?post=356734"}],"curies":[{"name":"wp","href":"https:\/\/api.w.org\/{rel}","templated":true}]}}