{"id":34466,"date":"2020-11-02T01:22:30","date_gmt":"2020-11-02T00:22:30","guid":{"rendered":"https:\/\/positiveprints.com\/product\/karta-podarunkowa-2\/"},"modified":"2026-04-13T01:18:42","modified_gmt":"2026-04-13T00:18:42","slug":"karta-podarunkowa","status":"publish","type":"product","link":"https:\/\/positiveprints.com\/pl\/produkt\/karta-podarunkowa\/","title":{"rendered":"Karta Podarunkowa"},"content":{"rendered":"","protected":false},"excerpt":{"rendered":"<ul class=\"check-list\">\n<li>Podaruj swojej ukochanej osobie szans\u0119 zaprojektowania w\u0142asnego dzie\u0142a sztuki lub bi\u017cuterii<\/li>\n<li>Natychmiastowa dostawa na Twoj\u0105 skrzynk\u0119 odbiorcz\u0105<\/li>\n<li>Mo\u017ce by\u0107 wykorzystana do pe\u0142nej lub cz\u0119\u015bciowej p\u0142atno\u015bci za zam\u00f3wienie<\/li>\n<li>Wa\u017cna przez 12 miesi\u0119cy od daty zakupu<\/li>\n<li>Zabezpieczona indywidualnym numerem karty<\/li>\n<\/ul>\n","protected":false},"featured_media":1209761,"template":"","meta":[],"product_brand":[],"product_cat":[8230,4331,7578,7961],"product_tag":[15827,8724,15594],"class_list":{"0":"post-34466","1":"product","2":"type-product","3":"status-publish","4":"has-post-thumbnail","6":"product_cat-last-minute-gifts-bestsellers-pl","7":"product_cat-gift-card-pl","8":"product_cat-prezenty-na-ostatnia-chwile","9":"product_cat-prezenty-na-baby-shower","10":"product_tag-last-minute-pl-2","11":"product_tag-last-minute-pl","12":"product_tag-voucher-pl","14":"first","15":"instock","16":"taxable","17":"shipping-taxable","18":"purchasable","19":"product-type-variable"},"yoast_head":"<!-- This site is optimized with the Yoast SEO Premium plugin v27.2 (Yoast SEO v27.2) - https:\/\/yoast.com\/product\/yoast-seo-premium-wordpress\/ -->\n<title>Gift Card Positive Prints - Get a Gift Card Today! | Positive Prints<\/title>\n<meta name=\"description\" content=\"Shopping for someone else but not sure what to give them? Give them the gift of choice with The Positive Prints gift card!\" \/>\n<meta name=\"robots\" content=\"index, follow, max-snippet:-1, max-image-preview:large, max-video-preview:-1\" \/>\n<link rel=\"canonical\" href=\"https:\/\/positiveprints.com\/pl\/produkt\/karta-podarunkowa\/\" \/>\n<meta property=\"og:locale\" content=\"pl_PL\" \/>\n<meta property=\"og:type\" content=\"article\" \/>\n<meta property=\"og:title\" content=\"Karta Podarunkowa\" \/>\n<meta property=\"og:description\" content=\"Podaruj swojej ukochanej osobie szans\u0119 zaprojektowania w\u0142asnego dzie\u0142a sztuki lub bi\u017cuterii Natychmiastowa dostawa na Twoj\u0105 skrzynk\u0119 odbiorcz\u0105 Mo\u017ce by\u0107 wykorzystana do pe\u0142nej lub cz\u0119\u015bciowej p\u0142atno\u015bci za zam\u00f3wienie Wa\u017cna przez 12 miesi\u0119cy od daty zakupu Zabezpieczona indywidualnym numerem karty\" \/>\n<meta property=\"og:url\" content=\"https:\/\/positiveprints.com\/pl\/produkt\/karta-podarunkowa\/\" \/>\n<meta property=\"og:site_name\" content=\"Positive Prints\" \/>\n<meta property=\"article:publisher\" content=\"https:\/\/www.facebook.com\/positiveprintscom\" \/>\n<meta property=\"article:modified_time\" content=\"2026-04-13T00:18:42+00:00\" \/>\n<meta property=\"og:image\" content=\"https:\/\/positiveprints.com\/wp-content\/uploads\/2024\/10\/PL-gift-card-main.webp\" \/>\n\t<meta property=\"og:image:width\" content=\"1450\" \/>\n\t<meta property=\"og:image:height\" content=\"1450\" \/>\n\t<meta property=\"og:image:type\" content=\"image\/webp\" \/>\n<meta name=\"twitter:card\" content=\"summary_large_image\" \/>\n<!-- \/ Yoast SEO Premium plugin. -->","yoast_head_json":{"title":"Gift Card Positive Prints - Get a Gift Card Today! | Positive Prints","description":"Shopping for someone else but not sure what to give them? Give them the gift of choice with The Positive Prints gift card!","robots":{"index":"index","follow":"follow","max-snippet":"max-snippet:-1","max-image-preview":"max-image-preview:large","max-video-preview":"max-video-preview:-1"},"canonical":"https:\/\/positiveprints.com\/pl\/produkt\/karta-podarunkowa\/","og_locale":"pl_PL","og_type":"article","og_title":"Karta Podarunkowa","og_description":"Podaruj swojej ukochanej osobie szans\u0119 zaprojektowania w\u0142asnego dzie\u0142a sztuki lub bi\u017cuterii Natychmiastowa dostawa na Twoj\u0105 skrzynk\u0119 odbiorcz\u0105 Mo\u017ce by\u0107 wykorzystana do pe\u0142nej lub cz\u0119\u015bciowej p\u0142atno\u015bci za zam\u00f3wienie Wa\u017cna przez 12 miesi\u0119cy od daty zakupu Zabezpieczona indywidualnym numerem karty","og_url":"https:\/\/positiveprints.com\/pl\/produkt\/karta-podarunkowa\/","og_site_name":"Positive Prints","article_publisher":"https:\/\/www.facebook.com\/positiveprintscom","article_modified_time":"2026-04-13T00:18:42+00:00","og_image":[{"width":1450,"height":1450,"url":"https:\/\/positiveprints.com\/wp-content\/uploads\/2024\/10\/PL-gift-card-main.webp","type":"image\/webp"}],"twitter_card":"summary_large_image","schema":{"@context":"https:\/\/schema.org","@graph":[{"@type":["WebPage","ItemPage"],"@id":"https:\/\/positiveprints.com\/pl\/produkt\/karta-podarunkowa\/","url":"https:\/\/positiveprints.com\/pl\/produkt\/karta-podarunkowa\/","name":"Gift Card Positive Prints - Get a Gift Card Today! | Positive Prints","isPartOf":{"@id":"https:\/\/positiveprints.com\/pl\/#website"},"primaryImageOfPage":{"@id":"https:\/\/positiveprints.com\/pl\/produkt\/karta-podarunkowa\/#primaryimage"},"image":{"@id":"https:\/\/positiveprints.com\/pl\/produkt\/karta-podarunkowa\/#primaryimage"},"thumbnailUrl":"https:\/\/positiveprints.com\/wp-content\/uploads\/2024\/10\/PL-gift-card-main.webp","datePublished":"2020-11-02T00:22:30+00:00","dateModified":"2026-04-13T00:18:42+00:00","description":"Shopping for someone else but not sure what to give them? Give them the gift of choice with The Positive Prints gift card!","breadcrumb":{"@id":"https:\/\/positiveprints.com\/pl\/produkt\/karta-podarunkowa\/#breadcrumb"},"inLanguage":"pl-PL","potentialAction":[{"@type":"ReadAction","target":["https:\/\/positiveprints.com\/pl\/produkt\/karta-podarunkowa\/"]}]},{"@type":"ImageObject","inLanguage":"pl-PL","@id":"https:\/\/positiveprints.com\/pl\/produkt\/karta-podarunkowa\/#primaryimage","url":"https:\/\/positiveprints.com\/wp-content\/uploads\/2024\/10\/PL-gift-card-main.webp","contentUrl":"https:\/\/positiveprints.com\/wp-content\/uploads\/2024\/10\/PL-gift-card-main.webp","width":1450,"height":1450},{"@type":"BreadcrumbList","@id":"https:\/\/positiveprints.com\/pl\/produkt\/karta-podarunkowa\/#breadcrumb","itemListElement":[{"@type":"ListItem","position":1,"name":"Home","item":"https:\/\/positiveprints.com\/pl\/"},{"@type":"ListItem","position":2,"name":"Produkty","item":"https:\/\/positiveprints.com\/pl\/shop\/"},{"@type":"ListItem","position":3,"name":"Karta Podarunkowa"}]},{"@type":"WebSite","@id":"https:\/\/positiveprints.com\/pl\/#website","url":"https:\/\/positiveprints.com\/pl\/","name":"Positive Prints","description":"Amazing Custom Personalized Gifts","publisher":{"@id":"https:\/\/positiveprints.com\/pl\/#organization"},"potentialAction":[{"@type":"SearchAction","target":{"@type":"EntryPoint","urlTemplate":"https:\/\/positiveprints.com\/pl\/?s={search_term_string}"},"query-input":{"@type":"PropertyValueSpecification","valueRequired":true,"valueName":"search_term_string"}}],"inLanguage":"pl-PL"},{"@type":"Organization","@id":"https:\/\/positiveprints.com\/pl\/#organization","name":"Positive Prints","alternateName":"Positive Prints","url":"https:\/\/positiveprints.com\/pl\/","logo":{"@type":"ImageObject","inLanguage":"pl-PL","@id":"https:\/\/positiveprints.com\/pl\/#\/schema\/logo\/image\/","url":"https:\/\/positiveprints.com\/wp-content\/uploads\/2026\/03\/245815646_1337939713319158_5671353136411139666_n.png","contentUrl":"https:\/\/positiveprints.com\/wp-content\/uploads\/2026\/03\/245815646_1337939713319158_5671353136411139666_n.png","width":800,"height":800,"caption":"Positive Prints"},"image":{"@id":"https:\/\/positiveprints.com\/pl\/#\/schema\/logo\/image\/"},"sameAs":["https:\/\/www.facebook.com\/positiveprintscom","https:\/\/www.instagram.com\/positiveprintscom\/","https:\/\/www.tiktok.com\/@positiveprintscom","https:\/\/www.pinterest.com\/positiveprintscom\/"]}]}},"jetpack_sharing_enabled":true,"_links":{"self":[{"href":"https:\/\/positiveprints.com\/pl\/wp-json\/wp\/v2\/product\/34466","targetHints":{"allow":["GET"]}}],"collection":[{"href":"https:\/\/positiveprints.com\/pl\/wp-json\/wp\/v2\/product"}],"about":[{"href":"https:\/\/positiveprints.com\/pl\/wp-json\/wp\/v2\/types\/product"}],"wp:featuredmedia":[{"embeddable":true,"href":"https:\/\/positiveprints.com\/pl\/wp-json\/wp\/v2\/media\/1209761"}],"wp:attachment":[{"href":"https:\/\/positiveprints.com\/pl\/wp-json\/wp\/v2\/media?parent=34466"}],"wp:term":[{"taxonomy":"product_brand","embeddable":true,"href":"https:\/\/positiveprints.com\/pl\/wp-json\/wp\/v2\/product_brand?post=34466"},{"taxonomy":"product_cat","embeddable":true,"href":"https:\/\/positiveprints.com\/pl\/wp-json\/wp\/v2\/product_cat?post=34466"},{"taxonomy":"product_tag","embeddable":true,"href":"https:\/\/positiveprints.com\/pl\/wp-json\/wp\/v2\/product_tag?post=34466"}],"curies":[{"name":"wp","href":"https:\/\/api.w.org\/{rel}","templated":true}]}}