{"id":324065,"date":"2022-06-30T11:20:57","date_gmt":"2022-06-30T10:20:57","guid":{"rendered":"https:\/\/positiveprints.com\/product\/photo-wall-art\/"},"modified":"2026-04-18T06:57:20","modified_gmt":"2026-04-18T05:57:20","slug":"personalizowany-fotoobraz","status":"publish","type":"product","link":"https:\/\/positiveprints.com\/pl\/produkt\/personalizowany-fotoobraz\/","title":{"rendered":"Personalizowany Fotoobraz"},"content":{"rendered":"<p>Nic tak nie utrwala najcenniejszych wspomnie\u0144, jak podarowane w prezencie fotografie. Dzi\u0119ki nim, mo\u017cesz cieszy\u0107 si\u0119 wyj\u0105tkow\u0105 chwil\u0105 przez ca\u0142e \u017cycie. Stw\u00f3rz sw\u00f3j Personalizowany Fotoobraz i dziel si\u0119 mi\u0142o\u015bci\u0105!<\/p>\r\n\r\n\r\n\r\n<h2 class=\"grenB f24 cblue\" style=\"margin-top: 3rem\">Dlaczego warto wybra\u0107 Personalizowany Fotoobraz?<\/h2>\r\n\r\n\r\n\r\n<p style=\"margin-top: 1rem\">Wszystkie  zdj\u0119cia na Twoim telefonie to cenne momenty z Twojego \u017cycia. To niesamowite, wystarczy jedno zdj\u0119cie, aby przywo\u0142a\u0107 wszystkie pi\u0119kne wspomnienia i przenie\u015b\u0107 Ci\u0119 z powrotem do najszcz\u0119\u015bliwszych chwil! Podziel si\u0119 tymi emocjami z bliskimi osobami, zamieniaj\u0105c swoje ukochane zdj\u0119cia w spersonalizowany Personalizowany Fotoobraz. <\/p>\r\n\r\n\r\n\r\n<p style=\"margin-top: 1rem\"> Personalizowany plakat na \u015bcianie opowiada histori\u0119 wszystkim, kt\u00f3rzy j\u0105 zobacz\u0105. Jest odzwierciedleniem wn\u0119trza cz\u0142owieka, dzi\u0119ki czemu pomaga dzieli\u0107 si\u0119 jego unikatow\u0105 histori\u0105. Wysokiej jako\u015bci zdj\u0119cia mog\u0105 by\u0107 przekazywane z pokolenia na pokolenie, pomagaj\u0105c zachowa\u0107 rodzinne wspomnienia, historie i opowie\u015bci, kt\u00f3re utrzymuj\u0105 magi\u0119 przy \u017cyciu.<\/p>\r\n\r\n\r\n\r\n<h2 class=\"grenB f24 cblue\" style=\"margin-top: 3rem\">Jak to dzia\u0142a<\/h2>\r\n\r\n\r\n\r\n<p style=\"margin-top: 1rem\">Nasz prosty w obs\u0142udze program do edycji, pomo\u017ce Ci przekszta\u0142ci\u0107 dowolne zdj\u0119cie w dzie\u0142o sztuki \u2014 to tak proste jak 1, 2, 3! Prze\u015blij sw\u00f3j obraz, dodaj tekst, wybierz rozmiar zdj\u0119cia i pozosta\u0142e szczeg\u00f3\u0142y. Nasz kreator jest intuicyjny i przyjazny dla u\u017cytkownika. Dzi\u0119ki aktualizacji w czasie rzeczywistym, mo\u017cesz dostrzec, jak Twoje prezenty ze zdj\u0119ciami o\u017cywaj\u0105. <\/p>\r\n\r\n\r\n\r\n<p style=\"margin-top: 1rem\">Wybierz jeden z dost\u0119pnych rozmiar\u00f3w, projekty s\u0105 drukowane na materia\u0142ach najwy\u017cszej jako\u015bci, gotowych do podarowania. Wybierz format spo\u015br\u00f3d plakat\u00f3w, plakat\u00f3w w ramie lub wydruk\u00f3w na p\u0142\u00f3tnie albo wybierz plik cyfrowy, kt\u00f3ry mo\u017cesz pobra\u0107 i wydrukowa\u0107 samodzielnie. Wszystkie nasze produkty s\u0105 dostarczane do dowolnego miejsca na \u015bwiecie. <\/p>\r\n\r\n\r\n\r\n<h2 class=\"grenB f24 cblue\" style=\"margin-top: 3rem\">Tchnij \u017cycie w swoje fotograficzne prezenty, dzi\u0119ki naszym spersonalizowanym wydrukom<\/h2>\r\n\r\n\r\n\r\n<p style=\"margin-top: 1rem\">Nie ma nic lepszego ni\u017c podarowanie (lub otrzymanie!) spersonalizowanego prezentu ze zdj\u0119ciem. Wymaga to troch\u0119 wi\u0119cej pracy i wysi\u0142ku, ale efekt zawsze jest tego wart.<\/p>\r\n\r\n\r\n\r\n<p style=\"margin-top: 1rem\">W Positive Prints sprawiamy, \u017ce tworzenie i obdarowywanie  wyj\u0105tkowymi Personalizowanymi Fotoobrazami jest \u0142atwiejsze ni\u017c kiedykolwiek, wykonuj\u0105c wi\u0119kszo\u015b\u0107 trudnych prac za Ciebie. To prawdziwie unikatowy prezent, kt\u00f3ry Twoi bliscy b\u0119d\u0105 piel\u0119gnowa\u0107 przez lata. Zacznij tutaj!<\/p>","protected":false},"excerpt":{"rendered":"<ul class=\"check-list\">\n<li>Przekszta\u0142\u0107 swoje zdj\u0119cia w wyj\u0105tkowe prezenty, kt\u00f3re zachwyc\u0105 ka\u017cdego<\/li>\n<li>Dodaj dedykacj\u0119, by prezent sta\u0142 si\u0119 naprawd\u0119 jedyny w swoim rodzaju<\/li>\n<li>Spersonalizuj w 3 prostych krokach<\/li>\n<li>Interaktywny podgl\u0105d pozwoli dopracowa\u0107 ka\u017cdy szczeg\u00f3\u0142<\/li>\n<\/ul>\n","protected":false},"featured_media":1552952,"template":"","meta":[],"product_brand":[],"product_cat":[15114,8238,262,7500],"product_tag":[14956,14958,13814],"class_list":{"0":"post-324065","1":"product","2":"type-product","3":"status-publish","4":"has-post-thumbnail","6":"product_cat-bestsellers-menu-pl","7":"product_cat-digital-products-pl","8":"product_cat-creators-pl","9":"product_cat-foto-pl","10":"product_tag-creators-pl-2","11":"product_tag-custom-photo-pl","12":"product_tag-personalizowany-plakat-ze-zdjeciem","14":"first","15":"instock","16":"sale","17":"taxable","18":"shipping-taxable","19":"purchasable","20":"product-type-variable"},"yoast_head":"<!-- This site is optimized with the Yoast SEO Premium plugin v27.2 (Yoast SEO v27.2) - https:\/\/yoast.com\/product\/yoast-seo-premium-wordpress\/ -->\n<title>Personalizowany Fotoobraz - Positive Prints<\/title>\n<meta name=\"description\" content=\"Nic tak nie utrwala najcenniejszych wspomnie\u0144, jak podarowane w prezencie fotografie. Dzi\u0119ki nim, mo\u017cesz cieszy\u0107 si\u0119 wyj\u0105tkow\u0105 chwil\u0105 przez ca\u0142e \u017cycie. Stw\u00f3rz sw\u00f3j Personalizowany Fotoobraz z Positive Prints!\" \/>\n<meta name=\"robots\" content=\"index, follow, max-snippet:-1, max-image-preview:large, max-video-preview:-1\" \/>\n<link rel=\"canonical\" href=\"https:\/\/positiveprints.com\/pl\/produkt\/personalizowany-fotoobraz\/\" \/>\n<meta property=\"og:locale\" content=\"pl_PL\" \/>\n<meta property=\"og:type\" content=\"article\" \/>\n<meta property=\"og:title\" content=\"Personalizowany Fotoobraz\" \/>\n<meta property=\"og:description\" content=\"Przekszta\u0142\u0107 swoje zdj\u0119cia w wyj\u0105tkowe prezenty, kt\u00f3re zachwyc\u0105 ka\u017cdego  Dodaj dedykacj\u0119, by prezent sta\u0142 si\u0119 naprawd\u0119 jedyny w swoim rodzaju  Spersonalizuj w 3 prostych krokach  Interaktywny podgl\u0105d pozwoli dopracowa\u0107 ka\u017cdy szczeg\u00f3\u0142\" \/>\n<meta property=\"og:url\" content=\"https:\/\/positiveprints.com\/pl\/produkt\/personalizowany-fotoobraz\/\" \/>\n<meta property=\"og:site_name\" content=\"Positive Prints\" \/>\n<meta property=\"article:publisher\" content=\"https:\/\/www.facebook.com\/positiveprintscom\" \/>\n<meta property=\"article:modified_time\" content=\"2026-04-18T05:57:20+00:00\" \/>\n<meta property=\"og:image\" content=\"https:\/\/positiveprints.com\/wp-content\/uploads\/2022\/06\/photo-wall-art.jpg\" \/>\n\t<meta property=\"og:image:width\" content=\"1080\" \/>\n\t<meta property=\"og:image:height\" content=\"1080\" \/>\n\t<meta property=\"og:image:type\" content=\"image\/jpeg\" \/>\n<meta name=\"twitter:card\" content=\"summary_large_image\" \/>\n<meta name=\"twitter:label1\" content=\"Szacowany czas czytania\" \/>\n\t<meta name=\"twitter:data1\" content=\"2 minuty\" \/>\n<!-- \/ Yoast SEO Premium plugin. -->","yoast_head_json":{"title":"Personalizowany Fotoobraz - Positive Prints","description":"Nic tak nie utrwala najcenniejszych wspomnie\u0144, jak podarowane w prezencie fotografie. Dzi\u0119ki nim, mo\u017cesz cieszy\u0107 si\u0119 wyj\u0105tkow\u0105 chwil\u0105 przez ca\u0142e \u017cycie. Stw\u00f3rz sw\u00f3j Personalizowany Fotoobraz z Positive Prints!","robots":{"index":"index","follow":"follow","max-snippet":"max-snippet:-1","max-image-preview":"max-image-preview:large","max-video-preview":"max-video-preview:-1"},"canonical":"https:\/\/positiveprints.com\/pl\/produkt\/personalizowany-fotoobraz\/","og_locale":"pl_PL","og_type":"article","og_title":"Personalizowany Fotoobraz","og_description":"Przekszta\u0142\u0107 swoje zdj\u0119cia w wyj\u0105tkowe prezenty, kt\u00f3re zachwyc\u0105 ka\u017cdego  Dodaj dedykacj\u0119, by prezent sta\u0142 si\u0119 naprawd\u0119 jedyny w swoim rodzaju  Spersonalizuj w 3 prostych krokach  Interaktywny podgl\u0105d pozwoli dopracowa\u0107 ka\u017cdy szczeg\u00f3\u0142","og_url":"https:\/\/positiveprints.com\/pl\/produkt\/personalizowany-fotoobraz\/","og_site_name":"Positive Prints","article_publisher":"https:\/\/www.facebook.com\/positiveprintscom","article_modified_time":"2026-04-18T05:57:20+00:00","og_image":[{"width":1080,"height":1080,"url":"https:\/\/positiveprints.com\/wp-content\/uploads\/2022\/06\/photo-wall-art.jpg","type":"image\/jpeg"}],"twitter_card":"summary_large_image","twitter_misc":{"Szacowany czas czytania":"2 minuty"},"schema":{"@context":"https:\/\/schema.org","@graph":[{"@type":["WebPage","ItemPage"],"@id":"https:\/\/positiveprints.com\/pl\/produkt\/personalizowany-fotoobraz\/","url":"https:\/\/positiveprints.com\/pl\/produkt\/personalizowany-fotoobraz\/","name":"Personalizowany Fotoobraz - Positive Prints","isPartOf":{"@id":"https:\/\/positiveprints.com\/pl\/#website"},"primaryImageOfPage":{"@id":"https:\/\/positiveprints.com\/pl\/produkt\/personalizowany-fotoobraz\/#primaryimage"},"image":{"@id":"https:\/\/positiveprints.com\/pl\/produkt\/personalizowany-fotoobraz\/#primaryimage"},"thumbnailUrl":"https:\/\/positiveprints.com\/wp-content\/uploads\/2025\/10\/Personalizowany-Fotoobraz-6.webp","datePublished":"2022-06-30T10:20:57+00:00","dateModified":"2026-04-18T05:57:20+00:00","description":"Nic tak nie utrwala najcenniejszych wspomnie\u0144, jak podarowane w prezencie fotografie. Dzi\u0119ki nim, mo\u017cesz cieszy\u0107 si\u0119 wyj\u0105tkow\u0105 chwil\u0105 przez ca\u0142e \u017cycie. Stw\u00f3rz sw\u00f3j Personalizowany Fotoobraz z Positive Prints!","breadcrumb":{"@id":"https:\/\/positiveprints.com\/pl\/produkt\/personalizowany-fotoobraz\/#breadcrumb"},"inLanguage":"pl-PL","potentialAction":[{"@type":"ReadAction","target":["https:\/\/positiveprints.com\/pl\/produkt\/personalizowany-fotoobraz\/"]}]},{"@type":"ImageObject","inLanguage":"pl-PL","@id":"https:\/\/positiveprints.com\/pl\/produkt\/personalizowany-fotoobraz\/#primaryimage","url":"https:\/\/positiveprints.com\/wp-content\/uploads\/2025\/10\/Personalizowany-Fotoobraz-6.webp","contentUrl":"https:\/\/positiveprints.com\/wp-content\/uploads\/2025\/10\/Personalizowany-Fotoobraz-6.webp","width":1450,"height":1450},{"@type":"BreadcrumbList","@id":"https:\/\/positiveprints.com\/pl\/produkt\/personalizowany-fotoobraz\/#breadcrumb","itemListElement":[{"@type":"ListItem","position":1,"name":"Home","item":"https:\/\/positiveprints.com\/pl\/"},{"@type":"ListItem","position":2,"name":"Produkty","item":"https:\/\/positiveprints.com\/pl\/shop\/"},{"@type":"ListItem","position":3,"name":"Personalizowany Fotoobraz"}]},{"@type":"WebSite","@id":"https:\/\/positiveprints.com\/pl\/#website","url":"https:\/\/positiveprints.com\/pl\/","name":"Positive Prints","description":"Amazing Custom Personalized Gifts","publisher":{"@id":"https:\/\/positiveprints.com\/pl\/#organization"},"potentialAction":[{"@type":"SearchAction","target":{"@type":"EntryPoint","urlTemplate":"https:\/\/positiveprints.com\/pl\/?s={search_term_string}"},"query-input":{"@type":"PropertyValueSpecification","valueRequired":true,"valueName":"search_term_string"}}],"inLanguage":"pl-PL"},{"@type":"Organization","@id":"https:\/\/positiveprints.com\/pl\/#organization","name":"Positive Prints","alternateName":"Positive Prints","url":"https:\/\/positiveprints.com\/pl\/","logo":{"@type":"ImageObject","inLanguage":"pl-PL","@id":"https:\/\/positiveprints.com\/pl\/#\/schema\/logo\/image\/","url":"https:\/\/positiveprints.com\/wp-content\/uploads\/2026\/03\/245815646_1337939713319158_5671353136411139666_n.png","contentUrl":"https:\/\/positiveprints.com\/wp-content\/uploads\/2026\/03\/245815646_1337939713319158_5671353136411139666_n.png","width":800,"height":800,"caption":"Positive Prints"},"image":{"@id":"https:\/\/positiveprints.com\/pl\/#\/schema\/logo\/image\/"},"sameAs":["https:\/\/www.facebook.com\/positiveprintscom","https:\/\/www.instagram.com\/positiveprintscom\/","https:\/\/www.tiktok.com\/@positiveprintscom","https:\/\/www.pinterest.com\/positiveprintscom\/"]}]}},"jetpack_sharing_enabled":true,"_links":{"self":[{"href":"https:\/\/positiveprints.com\/pl\/wp-json\/wp\/v2\/product\/324065","targetHints":{"allow":["GET"]}}],"collection":[{"href":"https:\/\/positiveprints.com\/pl\/wp-json\/wp\/v2\/product"}],"about":[{"href":"https:\/\/positiveprints.com\/pl\/wp-json\/wp\/v2\/types\/product"}],"wp:featuredmedia":[{"embeddable":true,"href":"https:\/\/positiveprints.com\/pl\/wp-json\/wp\/v2\/media\/1552952"}],"wp:attachment":[{"href":"https:\/\/positiveprints.com\/pl\/wp-json\/wp\/v2\/media?parent=324065"}],"wp:term":[{"taxonomy":"product_brand","embeddable":true,"href":"https:\/\/positiveprints.com\/pl\/wp-json\/wp\/v2\/product_brand?post=324065"},{"taxonomy":"product_cat","embeddable":true,"href":"https:\/\/positiveprints.com\/pl\/wp-json\/wp\/v2\/product_cat?post=324065"},{"taxonomy":"product_tag","embeddable":true,"href":"https:\/\/positiveprints.com\/pl\/wp-json\/wp\/v2\/product_tag?post=324065"}],"curies":[{"name":"wp","href":"https:\/\/api.w.org\/{rel}","templated":true}]}}