{"id":318239,"date":"2022-06-30T11:14:45","date_gmt":"2022-06-30T10:14:45","guid":{"rendered":"https:\/\/positiveprints.com\/product\/soundwave-art\/"},"modified":"2026-04-18T06:58:51","modified_gmt":"2026-04-18T05:58:51","slug":"fala-dzwiekowa","status":"publish","type":"product","link":"https:\/\/positiveprints.com\/pl\/produkt\/fala-dzwiekowa\/","title":{"rendered":"Personalizowana Fala D\u017awi\u0119kowa"},"content":{"rendered":"<p>Personalizowana Fala D\u017awi\u0119kowa umo\u017cliwi Ci przemian\u0119 wybranego d\u017awi\u0119ku w obraz b\u0119d\u0105cy dzie\u0142em sztuki. Personalizowana fala d\u017awi\u0119kowa pozwala uchwyci\u0107 dowolny d\u017awi\u0119k i przemieni\u0107 go w dekoracj\u0119 \u015bcienn\u0105, \u0142\u0105cz\u0105c zmys\u0142y s\u0142uchu i wzroku. Prze\u015blij sw\u00f3j plik d\u017awi\u0119kowy, wybierz styl i wersj\u0119 kolorystyczn\u0105, a my zajmiemy si\u0119 reszt\u0105!<\/p>\r\n\r\n<h2 class=\"grenB f24 cblue\" style=\"margin-top: 3rem\">Czym jest Personalizowana Fala D\u017awi\u0119kowa?<\/h2>\r\n\r\n<p style=\"margin-top: 1rem\">Ka\u017cdy g\u0142os i ka\u017cdy d\u017awi\u0119k tworz\u0105 niepowtarzalny wz\u00f3r. Wz\u00f3r ten nie jest dla nas widoczny, kiedy co\u015b m\u00f3wimy lub czego\u015b s\u0142uchamy. Jednak dzi\u0119ki odpowiedniej technologii mo\u017cesz zwizualizowa\u0107 fale d\u017awi\u0119kowe, kt\u00f3re sk\u0142adaj\u0105 si\u0119 na Twoje s\u0142owa.<\/p>\r\n\r\n<p style=\"margin-top: 1rem\">Mo\u017cesz uwieczni\u0107 te fale d\u017awi\u0119kowe na Personalizowanej Fali D\u017awi\u0119kowej dost\u0119pnej w Positive Prints. Nasz edytor fali d\u017awi\u0119kowej wykorzystuje wybrany przez Ciebie plik audio, a nast\u0119pnie nadaje d\u017awi\u0119kowi wymiar wizualny, przekszta\u0142caj\u0105c go w dzie\u0142o sztuki.<\/p>\r\n\r\n<h2 class=\"grenB f24 cblue\" style=\"margin-top: 3rem\">Co sprawia, \u017ce Fala D\u017awi\u0119kowa jest warta uwiecznienia?<\/h2>\r\n\r\n<p style=\"margin-top: 1rem\">Cz\u0119\u015b\u0107 naszych najcenniejszych wspomnie\u0144 to te, kt\u00f3re s\u0142yszymy w naszych w\u0142asnych g\u0142owach: Pierwsze s\u0142owa Twojego dziecka. Ostatnie s\u0142owa ukochanej osoby. Chwila, w kt\u00f3rej z\u0142o\u017cyli\u015bcie przysi\u0119g\u0119 ma\u0142\u017ce\u0144sk\u0105. Twoja ulubiona piosenka. Te wspomnienia s\u0105 niezast\u0105pione i zas\u0142uguj\u0105, aby upami\u0119tni\u0107 je na wieczno\u015b\u0107.<\/p>\r\n\r\n<p style=\"margin-top: 1rem\">W\u0142a\u015bnie to jest powodem, dla kt\u00f3rego zdecydowali\u015bmy si\u0119 stworzy\u0107 nasz edytor Fali D\u017awi\u0119kowej. Chcemy umo\u017cliwi\u0107 Ci do\u015bwiadczanie najwa\u017cniejszych d\u017awi\u0119k\u00f3w w Twoim \u017cyciu, kiedy tylko zechcesz i jak zechcesz. Gdy przemienisz plik d\u017awi\u0119kowy w grafik\u0119 \u015bcienn\u0105, b\u0119dziesz wspomina\u0107 te wyj\u0105tkowe d\u017awi\u0119ki za ka\u017cdym razem, gdy spojrzysz na plakat. To dzie\u0142o sztuki niepodobne do \u017cadnego innego, kt\u00f3re zajmie specjalne miejsce w Twoim sercu na d\u0142ugie lata.<\/p>\r\n\r\n<h2 class=\"grenB f24 cblue\" style=\"margin-top: 3rem\">Doskona\u0142y prezent na ka\u017cd\u0105 okazj\u0119<\/h2>\r\n\r\n<p style=\"margin-top: 1rem\">Istnieje wiele powod\u00f3w, dla kt\u00f3rych nasi klienci kupuj\u0105 Personalizowan\u0105 Fal\u0119 D\u017awi\u0119kow\u0105, lecz najcz\u0119\u015bciej nasze wydruki s\u0142u\u017c\u0105 jako prezenty dla najbli\u017cszych. Zaskocz swoj\u0105 drug\u0105 po\u0142\u00f3wk\u0119 fal\u0105 d\u017awi\u0119kow\u0105 wa\u017cnej dla Was piosenki lub romantycznego cytatu. Nagraj bicie serca swojego dziecka i stw\u00f3rz wyj\u0105tkowy prezent z okazji jego narodzin. Zamie\u0144 inspiruj\u0105cy cytat w prezent z okazji uko\u0144czenia szko\u0142y lub prezent z okazji du\u017cego \u017cyciowego osi\u0105gni\u0119cia.<\/p>\r\n\r\n<p style=\"margin-top: 1rem\">Personalizowana Fala D\u017awi\u0119kowa to najlepsza pami\u0105tka na ka\u017cd\u0105 okazj\u0119. Wielu naszych klient\u00f3w daje je w prezencie na:<\/p>\r\n\r\n<ul>\r\n\r\n<li>Urodziny<\/li>\r\n\r\n<li>Narodziny dziecka<\/li>\r\n\r\n<li>Rocznice<\/li>\r\n\r\n<li>\u015aluby<\/li>\r\n\r\n<li>Zar\u0119czyny<\/li>\r\n\r\n<li>\u015awi\u0119ta<\/li>\r\n\r\n<li>Awanse w pracy<\/li>\r\n\r\n<li>Przej\u015bcie na emerytur\u0119<\/li>\r\n\r\n<\/ul>\r\n\r\n<p style=\"margin-top: 1rem\">Je\u015bli ju\u017c \u015bwi\u0119towa\u0107, to w wielkim stylu. Personalizowana Fala D\u017awi\u0119kowa pozwoli Ci wr\u0119czy\u0107 prezent r\u00f3wnie wyj\u0105tkowy, jak jego odbiorca. Jest jedyny w swoim rodzaju i ca\u0142kowicie zaskakuj\u0105cy, a przekazuje o wiele wi\u0119cej troski i czu\u0142o\u015bci ni\u017c cokolwiek, co znajdziesz w sklepie. Personalizowana Fala D\u017awi\u0119kowa to prezent z niesko\u0144czonym potencja\u0142em!<\/p>\r\n\r\n<h2 class=\"grenB f24 cblue\" style=\"margin-top: 3rem\">Zacznij personalizowa\u0107 swoj\u0105 Fal\u0119 D\u017awi\u0119kow\u0105 ju\u017c teraz!<\/h2>\r\n\r\n<p style=\"margin-top: 1rem\">Najwy\u017cszy czas, aby zamieni\u0107 Twoje ulubione d\u017awi\u0119ki w niepowtarzaln\u0105 grafik\u0119. Positive Prints wykona wi\u0119kszo\u015b\u0107 pracy za Ciebie dzi\u0119ki naszemu edytorowi fal d\u017awi\u0119kowych. Wystarczy, \u017ce za\u0142adujesz sw\u00f3j plik audio lub znajdziesz swoj\u0105 ulubion\u0105 piosenk\u0119 na Spotify. Nast\u0119pnie wybierz styl i kolory swojego plakatu, a my zajmiemy si\u0119 reszt\u0105!<\/p>\r\n\r\n<p style=\"margin-top: 1rem\">Zacznij teraz i ciesz si\u0119 pi\u0119knym dzie\u0142em sztuki stworzonym specjalnie dla Ciebie!<\/p>","protected":false},"excerpt":{"rendered":"<ul class=\"check-list\">\n<li>Dodaj plik audio<\/li>\n<li>Umie\u015b\u0107 kod QR i zeskanuj go, by odtworzy\u0107 d\u017awi\u0119k<\/li>\n<li>Spersonalizuj w 3 prostych krokach<\/li>\n<li>Wybierz jeden z naszych  szablon\u00f3w lub stw\u00f3rz w\u0142asny<\/li>\n<\/ul>\n","protected":false},"featured_media":1277128,"template":"","meta":[],"product_brand":[],"product_cat":[15114,8238,99,262,11542,11604,11543,11539,11544,11540,11541,7483],"product_tag":[14956],"class_list":{"0":"post-318239","1":"product","2":"type-product","3":"status-publish","4":"has-post-thumbnail","6":"product_cat-bestsellers-menu-pl","7":"product_cat-digital-products-pl","8":"product_cat-wszystkie-produkty","9":"product_cat-creators-pl","10":"product_cat-10-rocznica","11":"product_cat-50-rocznica","12":"product_cat-15-rocznica","13":"product_cat-1-rocznica","14":"product_cat-20-rocznica","15":"product_cat-2-rocznica","16":"product_cat-5-rocznica","17":"product_cat-fala-dzwiekowa-pl","18":"product_tag-creators-pl-2","20":"first","21":"instock","22":"sale","23":"taxable","24":"shipping-taxable","25":"purchasable","26":"product-type-variable"},"yoast_head":"<!-- This site is optimized with the Yoast SEO Premium plugin v27.2 (Yoast SEO v27.2) - https:\/\/yoast.com\/product\/yoast-seo-premium-wordpress\/ -->\n<title>Personalizowana Fala D\u017awi\u0119kowa - Positive Prints<\/title>\n<meta name=\"description\" content=\"Personalizowana Fala D\u017awi\u0119kowa umo\u017cliwi Ci przemian\u0119 wybranego d\u017awi\u0119ku w obraz b\u0119d\u0105cy dzie\u0142em sztuki.\" \/>\n<meta name=\"robots\" content=\"index, follow, max-snippet:-1, max-image-preview:large, max-video-preview:-1\" \/>\n<link rel=\"canonical\" href=\"https:\/\/positiveprints.com\/pl\/produkt\/fala-dzwiekowa\/\" \/>\n<meta property=\"og:locale\" content=\"pl_PL\" \/>\n<meta property=\"og:type\" content=\"article\" \/>\n<meta property=\"og:title\" content=\"Personalizowana Fala D\u017awi\u0119kowa\" \/>\n<meta property=\"og:description\" content=\"Dodaj plik audio  Umie\u015b\u0107 kod QR i zeskanuj go, by odtworzy\u0107 d\u017awi\u0119k  Spersonalizuj w 3 prostych krokach  Wybierz jeden z naszych szablon\u00f3w lub stw\u00f3rz w\u0142asny\" \/>\n<meta property=\"og:url\" content=\"https:\/\/positiveprints.com\/pl\/produkt\/fala-dzwiekowa\/\" \/>\n<meta property=\"og:site_name\" content=\"Positive Prints\" \/>\n<meta property=\"article:publisher\" content=\"https:\/\/www.facebook.com\/positiveprintscom\" \/>\n<meta property=\"article:modified_time\" content=\"2026-04-18T05:58:51+00:00\" \/>\n<meta property=\"og:image\" content=\"https:\/\/positiveprints.com\/wp-content\/uploads\/2024\/11\/Packshot_PL_Soundwave-Art-product-image-.webp\" \/>\n\t<meta property=\"og:image:width\" content=\"1450\" \/>\n\t<meta property=\"og:image:height\" content=\"1450\" \/>\n\t<meta property=\"og:image:type\" content=\"image\/webp\" \/>\n<meta name=\"twitter:card\" content=\"summary_large_image\" \/>\n<meta name=\"twitter:label1\" content=\"Szacowany czas czytania\" \/>\n\t<meta name=\"twitter:data1\" content=\"3 minuty\" \/>\n<!-- \/ Yoast SEO Premium plugin. -->","yoast_head_json":{"title":"Personalizowana Fala D\u017awi\u0119kowa - Positive Prints","description":"Personalizowana Fala D\u017awi\u0119kowa umo\u017cliwi Ci przemian\u0119 wybranego d\u017awi\u0119ku w obraz b\u0119d\u0105cy dzie\u0142em sztuki.","robots":{"index":"index","follow":"follow","max-snippet":"max-snippet:-1","max-image-preview":"max-image-preview:large","max-video-preview":"max-video-preview:-1"},"canonical":"https:\/\/positiveprints.com\/pl\/produkt\/fala-dzwiekowa\/","og_locale":"pl_PL","og_type":"article","og_title":"Personalizowana Fala D\u017awi\u0119kowa","og_description":"Dodaj plik audio  Umie\u015b\u0107 kod QR i zeskanuj go, by odtworzy\u0107 d\u017awi\u0119k  Spersonalizuj w 3 prostych krokach  Wybierz jeden z naszych szablon\u00f3w lub stw\u00f3rz w\u0142asny","og_url":"https:\/\/positiveprints.com\/pl\/produkt\/fala-dzwiekowa\/","og_site_name":"Positive Prints","article_publisher":"https:\/\/www.facebook.com\/positiveprintscom","article_modified_time":"2026-04-18T05:58:51+00:00","og_image":[{"width":1450,"height":1450,"url":"https:\/\/positiveprints.com\/wp-content\/uploads\/2024\/11\/Packshot_PL_Soundwave-Art-product-image-.webp","type":"image\/webp"}],"twitter_card":"summary_large_image","twitter_misc":{"Szacowany czas czytania":"3 minuty"},"schema":{"@context":"https:\/\/schema.org","@graph":[{"@type":["WebPage","ItemPage"],"@id":"https:\/\/positiveprints.com\/pl\/produkt\/fala-dzwiekowa\/","url":"https:\/\/positiveprints.com\/pl\/produkt\/fala-dzwiekowa\/","name":"Personalizowana Fala D\u017awi\u0119kowa - Positive Prints","isPartOf":{"@id":"https:\/\/positiveprints.com\/pl\/#website"},"primaryImageOfPage":{"@id":"https:\/\/positiveprints.com\/pl\/produkt\/fala-dzwiekowa\/#primaryimage"},"image":{"@id":"https:\/\/positiveprints.com\/pl\/produkt\/fala-dzwiekowa\/#primaryimage"},"thumbnailUrl":"https:\/\/positiveprints.com\/wp-content\/uploads\/2024\/11\/Packshot_PL_Soundwave-Art-product-image-.webp","datePublished":"2022-06-30T10:14:45+00:00","dateModified":"2026-04-18T05:58:51+00:00","description":"Personalizowana Fala D\u017awi\u0119kowa umo\u017cliwi Ci przemian\u0119 wybranego d\u017awi\u0119ku w obraz b\u0119d\u0105cy dzie\u0142em sztuki.","breadcrumb":{"@id":"https:\/\/positiveprints.com\/pl\/produkt\/fala-dzwiekowa\/#breadcrumb"},"inLanguage":"pl-PL","potentialAction":[{"@type":"ReadAction","target":["https:\/\/positiveprints.com\/pl\/produkt\/fala-dzwiekowa\/"]}]},{"@type":"ImageObject","inLanguage":"pl-PL","@id":"https:\/\/positiveprints.com\/pl\/produkt\/fala-dzwiekowa\/#primaryimage","url":"https:\/\/positiveprints.com\/wp-content\/uploads\/2024\/11\/Packshot_PL_Soundwave-Art-product-image-.webp","contentUrl":"https:\/\/positiveprints.com\/wp-content\/uploads\/2024\/11\/Packshot_PL_Soundwave-Art-product-image-.webp","width":1450,"height":1450},{"@type":"BreadcrumbList","@id":"https:\/\/positiveprints.com\/pl\/produkt\/fala-dzwiekowa\/#breadcrumb","itemListElement":[{"@type":"ListItem","position":1,"name":"Home","item":"https:\/\/positiveprints.com\/pl\/"},{"@type":"ListItem","position":2,"name":"Produkty","item":"https:\/\/positiveprints.com\/pl\/shop\/"},{"@type":"ListItem","position":3,"name":"Personalizowana Fala D\u017awi\u0119kowa"}]},{"@type":"WebSite","@id":"https:\/\/positiveprints.com\/pl\/#website","url":"https:\/\/positiveprints.com\/pl\/","name":"Positive Prints","description":"Amazing Custom Personalized Gifts","publisher":{"@id":"https:\/\/positiveprints.com\/pl\/#organization"},"potentialAction":[{"@type":"SearchAction","target":{"@type":"EntryPoint","urlTemplate":"https:\/\/positiveprints.com\/pl\/?s={search_term_string}"},"query-input":{"@type":"PropertyValueSpecification","valueRequired":true,"valueName":"search_term_string"}}],"inLanguage":"pl-PL"},{"@type":"Organization","@id":"https:\/\/positiveprints.com\/pl\/#organization","name":"Positive Prints","alternateName":"Positive Prints","url":"https:\/\/positiveprints.com\/pl\/","logo":{"@type":"ImageObject","inLanguage":"pl-PL","@id":"https:\/\/positiveprints.com\/pl\/#\/schema\/logo\/image\/","url":"https:\/\/positiveprints.com\/wp-content\/uploads\/2026\/03\/245815646_1337939713319158_5671353136411139666_n.png","contentUrl":"https:\/\/positiveprints.com\/wp-content\/uploads\/2026\/03\/245815646_1337939713319158_5671353136411139666_n.png","width":800,"height":800,"caption":"Positive Prints"},"image":{"@id":"https:\/\/positiveprints.com\/pl\/#\/schema\/logo\/image\/"},"sameAs":["https:\/\/www.facebook.com\/positiveprintscom","https:\/\/www.instagram.com\/positiveprintscom\/","https:\/\/www.tiktok.com\/@positiveprintscom","https:\/\/www.pinterest.com\/positiveprintscom\/"]}]}},"jetpack_sharing_enabled":true,"_links":{"self":[{"href":"https:\/\/positiveprints.com\/pl\/wp-json\/wp\/v2\/product\/318239","targetHints":{"allow":["GET"]}}],"collection":[{"href":"https:\/\/positiveprints.com\/pl\/wp-json\/wp\/v2\/product"}],"about":[{"href":"https:\/\/positiveprints.com\/pl\/wp-json\/wp\/v2\/types\/product"}],"wp:featuredmedia":[{"embeddable":true,"href":"https:\/\/positiveprints.com\/pl\/wp-json\/wp\/v2\/media\/1277128"}],"wp:attachment":[{"href":"https:\/\/positiveprints.com\/pl\/wp-json\/wp\/v2\/media?parent=318239"}],"wp:term":[{"taxonomy":"product_brand","embeddable":true,"href":"https:\/\/positiveprints.com\/pl\/wp-json\/wp\/v2\/product_brand?post=318239"},{"taxonomy":"product_cat","embeddable":true,"href":"https:\/\/positiveprints.com\/pl\/wp-json\/wp\/v2\/product_cat?post=318239"},{"taxonomy":"product_tag","embeddable":true,"href":"https:\/\/positiveprints.com\/pl\/wp-json\/wp\/v2\/product_tag?post=318239"}],"curies":[{"name":"wp","href":"https:\/\/api.w.org\/{rel}","templated":true}]}}