{"id":28785,"date":"2020-09-23T09:25:45","date_gmt":"2020-09-23T08:25:45","guid":{"rendered":"https:\/\/positiveprints.com\/?post_type=product&#038;p=28785"},"modified":"2026-04-18T09:14:41","modified_gmt":"2026-04-18T08:14:41","slug":"ksiezyc-w-dniu-urodzin","status":"publish","type":"product","link":"https:\/\/positiveprints.com\/pl\/produkt\/ksiezyc-w-dniu-urodzin\/","title":{"rendered":"Ksi\u0119\u017cyc w Dniu Urodzin"},"content":{"rendered":"<p style=\"margin-top: 1rem\">Wiesz jak wygl\u0105da\u0142 Ksi\u0119\u017cyc w dniu urodzin Twoich lub bliskiej Ci osoby? Sprawd\u017a w jakiej fazie by\u0142 Ksi\u0119\u017cyc i zam\u00f3w spersonalizowany wydruk.<\/p>\n<h2 class=\"grenB f24 cblue\" style=\"margin-top: 3rem\">Jak wygl\u0105da\u0142 Ksi\u0119\u017cyc w dniu moich urodzin?<\/h2>\n<p style=\"margin-top: 1rem\">Nale\u017cysz do os\u00f3b urodzonych podczas pe\u0142ni Ksi\u0119\u017cyca? A mo\u017ce niebo by\u0142o wtedy ciemniejsze ni\u017c heban, a Ksi\u0119\u017cyc w og\u00f3le niewidoczny? Niezale\u017cnie od fazy ksi\u0119\u017cyca tej nocy wiedz, \u017ce ta pi\u0119kna kula by\u0142a \u015bwiadkiem Twojego przyj\u015bcia na \u015bwiat.<\/p>\n<p style=\"margin-top: 1rem\">Wielu zastanawia si\u0119, jak wygl\u0105da\u0142 Ksi\u0119\u017cyc w dniu urodzin. Nasz spersonalizowany plakat Ksi\u0119\u017cyc ukazuje jak wygl\u0105da\u0142 Ksi\u0119\u017cyc w dniu urodzin, w konkretnym miejscy na Ziemi. To tak, jakby patrze\u0107 w nocne niebo, tak jak Twoi rodzice mogli to robi\u0107, kiedy po raz pierwszy witali Ci\u0119 na \u015bwiecie.<\/p>\n<h2 class=\"grenB f24 cblue\" style=\"margin-top: 3rem\">Ksi\u0119\u017cyc w dniu urodzin<\/h2>\n<p style=\"margin-top: 1rem\">Czy wiesz, \u017ce twoja urodzinowa faza Ksi\u0119\u017cyca mo\u017ce mie\u0107 wiele wsp\u00f3lnego z twoj\u0105 wyj\u0105tkow\u0105 osobowo\u015bci\u0105? To prawda! Fazy \u200b\u200bksi\u0119\u017cyca s\u0105 wa\u017cn\u0105 cz\u0119\u015bci\u0105 astrologii, podobnie jak znaki zodiaku i cia\u0142a niebieskie, a ich aktualna pozycja oraz pozycja w dniu urodzenia mo\u017ce wp\u0142ywa\u0107 na nastroje i zachowania.<\/p>\n<p style=\"margin-top: 1rem\">Dzieje si\u0119 tak, poniewa\u017c fazy Ksi\u0119\u017cyca odpowiadaj\u0105 cyklowi sadzenia. Podobnie jak nasiona rozwijaj\u0105 si\u0119 i kwitn\u0105, tak samo dzieje si\u0119 z czasem. W zale\u017cno\u015bci od tego, gdzie Ksi\u0119\u017cyc by\u0142 w swojej fazie w por\u00f3wnaniu z tym, kiedy si\u0119 urodzili\u015bmy, nasze osobowo\u015bci i cele w \u017cyciu mog\u0105 przybiera\u0107 r\u00f3\u017cne kszta\u0142ty. To jeden z powod\u00f3w, dla kt\u00f3rych nie ma dw\u00f3ch takich samych os\u00f3b, nawet je\u015bli maj\u0105 te same znaki zodiaku. Faza ksi\u0119\u017cyca dodaje osobowo\u015bciom wyj\u0105tkow\u0105 warstw\u0119, kt\u00f3ra mo\u017ce wp\u0142ywa\u0107 na nasze \u017cyciowe zaj\u0119cia i zainteresowania.<\/p>\n<p style=\"margin-top: 1rem\">Znajomo\u015b\u0107 fazy Ksi\u0119\u017cyca z dnia urodzin jest istotn\u0105 cz\u0119\u015bci\u0105 wzrostu. Pozwala nam lepiej zrozumie\u0107 nasze zaniedbania i tendencje. I chocia\u017c \u017caden los nie jest ca\u0142kowicie z g\u00f3ry okre\u015blony, znajomo\u015b\u0107 tych cech mo\u017ce pom\u00f3c nam wykorzysta\u0107 je na nasz\u0105 korzy\u015b\u0107 lub pracowa\u0107 nad ich ca\u0142kowitym unikni\u0119ciem.<\/p>\n<h2 class=\"grenB f24 cblue\" style=\"margin-top: 3rem\">Obraz Ksi\u0119\u017cyca z dnia narodzin<\/h2>\n<p style=\"margin-top: 1rem\">Je\u015bli kochasz wszystko, co kosmiczne, nasze produkty z faz\u0105 Ksi\u0119\u017cyca zosta\u0142y stworzone dla Ciebie (dos\u0142ownie!). Za pomoc\u0105 naszego \u0142atwego w obs\u0142udze kreatora plakat\u00f3w ksi\u0119\u017cycowych mo\u017cesz wybra\u0107 dat\u0119 i miejsce swojego urodzenia. A my odtworzymy, jak Ksi\u0119\u017cyc wygl\u0105da\u0142 z Ziemi w ten wyj\u0105tkowy dzie\u0144. Spersonalizuj sw\u00f3j plakat za pomoc\u0105 niestandardowych opcji tekstu i kolor\u00f3w, aby stworzy\u0107 wydruk Ksi\u0119\u017cyca, kt\u00f3ry z dum\u0105 poka\u017cesz znajomym.<\/p>\n<p style=\"margin-top: 1rem\">Nasz <a href=\"https:\/\/positiveprints.com\/pl\/produkt\/plakat-ksiezyc\/\">plakat z ksi\u0119\u017cycem<\/a> to doskona\u0142y prezent urodzinowy dla ka\u017cdego. Sprawd\u017a obraz Ksi\u0119\u017cyca na dowolny dzie\u0144, a nast\u0119pnie stw\u00f3rz jedyny w swoim rodzaju plakat dla wszystkich swoich bliskich.<\/p>\n<h2 class=\"grenB f24 cblue\" style=\"margin-top: 3rem\">Odkryj obraz Ksi\u0119\u017cyca z dnia Twoich narodzin<\/h2>\n<p style=\"margin-top: 1rem\">Czy zdarzy\u0142o Ci si\u0119 kiedy\u015b spotka\u0107 osob\u0119, kt\u00f3ra odczuwa koj\u0105c\u0105 moc Ksi\u0119\u017cyca? A mo\u017ce to Ciebie Ksi\u0119\u017cyc urzeka w nietypowy spos\u00f3b, dzi\u0119ki czemu czujesz pobudzenie i spok\u00f3j za ka\u017cdym razem, kiedy spogl\u0105dasz na nocne niebo. Istnieje s\u0142owo okre\u015blaj\u0105ce takich ludzi: selenofil. I prawdopodbnie uwielbiaj\u0105 oni prezenty z Ksi\u0119\u017cycem.<\/p>\n<p style=\"margin-top: 1rem\">Selenofilia to umi\u0142owanie Ksi\u0119\u017cyca. Niekt\u00f3rzy mog\u0105 nawet stwierdzi\u0107, \u017ce selenofile s\u0105 wyczuleni na Ksi\u0119\u017cyc, jakby by\u0142 to ich sz\u00f3sty zmys\u0142, poniewa\u017c przyci\u0105ga ich on jak magnes. Zwracasz uwag\u0119 na Ksi\u0119\u017cyc, nawet kiedy nie jest w pe\u0142ni i nie l\u015bni z ca\u0142\u0105 moc\u0105, albo kiedy zdaje si\u0119 odleg\u0142y i ma\u0142y. Nie mo\u017cesz oprze\u0107 si\u0119 pokusie spogl\u0105dania na niebo kiedy spacerujesz noc\u0105 i zazwyczaj wiesz, w jakiej fazie jest teraz Ksi\u0119\u017cyc. Wiesz w jakiej fazie by\u0142 Ksi\u0119\u017cyc w dniu urodzin Twoich, znajomych, rodziny.<\/p>\n<p style=\"margin-top: 1rem\">Kiedy patrzysz na Ksi\u0119\u017cyc, mo\u017cesz poczu\u0107 dziwn\u0105 lecz koj\u0105c\u0105 wi\u0119\u017a ze Srebrnym Globem. To niezwyk\u0142e po\u0142\u0105czenie jest pot\u0119\u017cnym uczuciem i ka\u017cdy, kto uwa\u017ca si\u0119 za selenofila mo\u017ce odnale\u017a\u0107 energi\u0119, odnowienie i spok\u00f3j poprzez nieustann\u0105 blisko\u015b\u0107 Ksi\u0119\u017cyca.<\/p>\n<p style=\"margin-top: 1rem\">Niezale\u017cnie od tego, czy to Ty jeste\u015b selenofilem czy te\u017c znasz kogo\u015b kto nim jest, nie ma lepszego pomys\u0142u na prezent ni\u017c unikalne prezenty z Ksi\u0119\u017cycem, kt\u00f3re dbaj\u0105 o wewn\u0119trzn\u0105 harmoni\u0119.<\/p>\n<h2 class=\"grenB f24 cblue\" style=\"margin-top: 3rem\">Dlaczego Ksi\u0119\u017cyc jest tak magiczny?<\/h2>\n<p style=\"margin-top: 1rem\">Od wiek\u00f3w Ksi\u0119\u017cyc wyst\u0119puje w opowie\u015bciach, legendach i rytua\u0142ach. Wiele os\u00f3b wierzy, \u017ce Ksi\u0119\u017cyc posiada wyj\u0105tkow\u0105 niebia\u0144sk\u0105 moc, kt\u00f3ra wp\u0142ywa na \u017cycie na Ziemi, decyduj\u0105c o naszej energii, nastroju i r\u00f3wnowadze natury. Dostrzegamy magi\u0119 ksi\u0119\u017cyca wsz\u0119dzie wok\u00f3\u0142 nas, od p\u0142yw\u00f3w morskich po zachowania ludzi, kiedy wschodzi Ksi\u0119\u017cyc w pe\u0142ni.<\/p>\n<p style=\"margin-top: 1rem\">Lecz nawet je\u017celi nie wierzysz w magi\u0119 Ksi\u0119\u017cyca, on wci\u0105\u017c przykuwa nasz\u0105 uwag\u0119. Wzbudza pytania o wszech\u015bwiecie i istnieniu oraz naturze \u017cycia. Dodaje intrygi nocnemu niebu i stwarza poczucie spokoju i \u0142agodno\u015bci. Te uczucia same w sobie s\u0105 niemal magiczne, zw\u0142aszcza je\u015bli do relaksu i odstresowania si\u0119 potrzebujemy tylko odrobiny czasu sam na sam z Ksi\u0119\u017cycem.<\/p>\n<p style=\"margin-top: 1rem\">Ka\u017cdemu kto odczuwa wyj\u0105tkow\u0105 wi\u0119\u017a z aktywno\u015bci\u0105 Ksi\u0119\u017cycow\u0105, personalizowana mapa Ksi\u0119\u017cyca przy\u0107mi ka\u017cdy inny prezent.<\/p>\n<h2 class=\"grenB f24 cblue\" style=\"margin-top: 3rem\">Personalizowana mapa Ksi\u0119\u017cyca posiada wyj\u0105tkow\u0105 moc<\/h2>\n<p style=\"margin-top: 1rem\">Mapa Ksi\u0119\u017cyca posiada swoj\u0105 moc, ale dodaj\u0105c szczypt\u0119 personalizacji kreuje si\u0119 co\u015b jeszcze bardziej specjalnego i drogocennego. To nie tylko \u015bwiadectwo wiedzy na temat braterstwa bliskiej Ci osoby z Ksi\u0119\u017cycem, ale te\u017c daje Ci mo\u017cliwo\u015b\u0107 podarowania czego\u015b jedynego w swoim rodzaju i stworzonego specjalnie dla tej osoby.<\/p>\n<p style=\"margin-top: 1rem\">Najlepsze prezenty z Ksi\u0119\u017cycem zawsze zawieraj\u0105 jaki\u015b element personalizacji. Nie s\u0105 one zwyczajnymi, przeci\u0119tnymi bibelotami, kt\u00f3re mo\u017cna kupi\u0107 w jakimkolwiek sklepie. Mapa Ksi\u0119\u017cyca na prezent to bardzo oryginalny podarunek, kt\u00f3ry przyci\u0105gnie uwag\u0119 ka\u017cdego selenofila. Kiedy udaje Ci si\u0119 uwzgl\u0119dni\u0107 czyj\u0105\u015b wi\u0119\u017a z Ksi\u0119\u017cycem przy wyborze prezentu, obdarowywana osoba wie, \u017ce bardzo si\u0119 starasz, aby uczyni\u0107 jej do\u015bwiadczenie godnym zapami\u0119tania.<\/p>\n<p style=\"margin-top: 1rem\">Ale personalizacja nie musi si\u0119 na tym ko\u0144czy\u0107. Dodaj\u0105c osobiste dedykacje, daty, cytaty lub wspomnienia, mo\u017cna uczyni\u0107 prezent i okoliczno\u015b\u0107 jeszcze bardziej wyj\u0105tkowymi. A za ka\u017cdym razem, kiedy obdarowana osoba spojrzy na sw\u00f3j prezent b\u0105d\u017a go u\u017cyje, pomy\u015bli o Tobie.<\/p>\n<h2 class=\"grenB f24 cblue\" style=\"margin-top: 3rem\">O naszym plakacie fazy Ksi\u0119\u017cyca<\/h2>\n<p style=\"margin-top: 1rem\">W Positive Prints zrobili\u015bmy co w naszej mocy, aby umo\u017cliwi\u0107 Ci \u0142atwe stworzenie personalizowanego plakatu Ksi\u0119\u017cyca, kt\u00f3ry uwieczni Twoje najbardziej magiczne chwile. Masz pe\u0142n\u0105 kontrol\u0119 nad wyborem daty i lokalizacji, mo\u017cesz te\u017c wybra\u0107 spo\u015br\u00f3d wielu rozmiar\u00f3w, wersji kolorystycznych, a nawet doda\u0107 osobist\u0105 wiadomo\u015b\u0107 lub dedykacj\u0119.<\/p>\n<p style=\"margin-top: 1rem\">Na specjalne okazje mo\u017cesz zam\u00f3wi\u0107 wydruk w standardowym rozmiarze, dzi\u0119ki kt\u00f3remu znalezienie ramy dla Twojego plakatu nie przysporzy Ci najmniejszych trudno\u015bci. A je\u015bli potrzebujesz prezentu z Ksi\u0119\u017cycem na ostatni\u0105 chwil\u0119, wybierz wersj\u0119 cyfrow\u0105 do samodzielnego wydruku, kt\u00f3ra eliminuje konieczno\u015b\u0107 oczekiwania na przesy\u0142k\u0119. <\/p>\n<h2 class=\"grenB f24 cblue\" style=\"margin-top: 3rem\">Na co czekasz? Mapa Ksi\u0119\u017cyca to \u015bwietny pomys\u0142 na prezent!<\/h2>\n<p style=\"margin-top: 1rem\">Je\u015bli chcesz podarowa\u0107 ciekawy, wyj\u0105tkowy prezent, kt\u00f3ry mo\u017cna kocha\u0107 i ceni\u0107 przez lata, nasze plakaty fazy Ksi\u0119\u017cyca s\u0105 doskona\u0142ym wyborem. Wydrukowany na najwy\u017cszej jako\u015bci grubym papierze matowym stworzonym do doskona\u0142ego odwzorowywania kolor\u00f3w i d\u0142ugowieczno\u015bci, personalizowany plakat pozwoli Ci podzieli\u0107 si\u0119 magi\u0105 Ksi\u0119\u017cyca z innymi selenofilami.<\/p><h2 class=\"wp-block-heading\" id=\"h-faq\"><strong>FAQ<\/strong><\/h2><details class=\"wp-block-details is-layout-flow wp-block-details-is-layout-flow\"><summary><strong>Czym jest Plakat &#8220;Ksi\u0119\u017cyc w Dniu Urodzin&#8221;?<\/strong><\/summary><p>Plakat &#8220;Ksi\u0119\u017cyc w Dniu Urodzin&#8221; to spersonalizowany wydruk przedstawiaj\u0105cy dok\u0142adn\u0105 faz\u0119 ksi\u0119\u017cyca z dnia narodzin. Konkretnie, odtwarza jak wygl\u0105da\u0142 Ksi\u0119\u017cyc z Ziemi w ten wyj\u0105tkowy dzie\u0144.<\/p><\/details><details class=\"wp-block-details is-layout-flow wp-block-details-is-layout-flow\"><summary><strong>Czy faza ksi\u0119\u017cyca jest dok\u0142adna?<\/strong><\/summary><p>Tak, ka\u017cda faza jest w 100% dok\u0142adna. Wykorzystujemy precyzyjne dane astronomiczne, sp\u00f3jne z kalendarzem NASA, aby wiernie odwzorowa\u0107 faz\u0119 Ksi\u0119\u017cyca. Grafika jest dodatkowo dostosowana do odpowiedniej p\u00f3\u0142kuli, dzi\u0119ki czemu pokazuje autentyczny wygl\u0105d wraz z unikatowym uk\u0142adem \u015bwiat\u0142a i cienia dla wybranej daty oraz lokalizacji. Interaktywny podgl\u0105d pozwala dopracowa\u0107 ka\u017cdy szczeg\u00f3\u0142 projektu przed z\u0142o\u017ceniem zam\u00f3wienia.<\/p><\/details><details class=\"wp-block-details is-layout-flow wp-block-details-is-layout-flow\"><summary><strong>Dlaczego to idealny prezent urodzinowy?<\/strong><\/summary><p>To wyj\u0105tkowy prezent, poniewa\u017c pokazuje faz\u0119 Ksi\u0119\u017cyca z dnia urodzin, kt\u00f3ra wed\u0142ug wielu os\u00f3b symbolicznie wi\u0105\u017ce si\u0119 z osobowo\u015bci\u0105. To doskona\u0142y wyb\u00f3r dla mi\u0142o\u015bnik\u00f3w kosmosu i wszystkiego, co zwi\u0105zane z nocnym niebem.<\/p><\/details><details class=\"wp-block-details is-layout-flow wp-block-details-is-layout-flow\"><summary><strong>Jak stworzy\u0107 Plakat &#8220;Ksi\u0119\u017cyc w Dniu Urodzin&#8221;?<\/strong><\/summary><p>Stworzenie plakatu to trzy proste kroki. Po pierwsze, wybierz dat\u0119, miejsce urodzin i wersj\u0119 kolorystyczn\u0105. Nast\u0119pnie, dodaj spersonalizowan\u0105 wiadomo\u015b\u0107 lub ulubiony cytat. Na koniec, wybierz format i rozmiar wydruku.<\/p><\/details><details class=\"wp-block-details is-layout-flow wp-block-details-is-layout-flow\"><summary><strong>Na jakie okazje sprawdzi si\u0119 ten plakat?<\/strong><\/summary><p>Ten plakat sprawdzi si\u0119 na urodziny, narodziny dziecka, zar\u0119czyny i \u015bluby. Ponadto, to \u015bwietny prezent na rocznice i wyj\u0105tkowe momenty \u017cycia. Dodatkowo, doskonale nadaje si\u0119 dla os\u00f3b urodzonych podczas pe\u0142ni ksi\u0119\u017cyca.\u200b<\/p><\/details><details class=\"wp-block-details is-layout-flow wp-block-details-is-layout-flow\"><summary><strong>Jak szybko otrzymam plakat?<\/strong><\/summary><p>W przypadku pilnego prezentu wybierz natychmiastowy plik cyfrowy do pobrania jest to\u2013 plik JPEG o wysokiej rozdzielczo\u015bci 300 dpi, kt\u00f3ry mo\u017cesz wydrukowa\u0107 samodzielnie. W przypadku produkt\u00f3w fizycznych drukujemy i wysy\u0142amy lokalnie z naszych drukarni w Australii, Kanadzie, Stanach Zjednoczonych, Wielkiej Brytanii i Polsce. Gwarantuje to szybk\u0105 i niezawodn\u0105 dostaw\u0119, cz\u0119sto w ci\u0105gu zaledwie kilku dni.<\/p><\/details>","protected":false},"excerpt":{"rendered":"<ul class=\"check-list\">\n<li>Odkryj faz\u0119 ksi\u0119\u017cyca dla dowolnej daty i lokalizacji<\/li>\n<li>Spersonalizuj w 3 prostych krokach<\/li>\n<li>Wybierz jedn\u0105 z efektownych wersji kolorystycznych<\/li>\n<li>Interaktywny podgl\u0105d pozwoli dopracowa\u0107 ka\u017cdy szczeg\u00f3\u0142<\/li>\n<\/ul>\n","protected":false},"featured_media":1688624,"template":"","meta":[],"product_brand":[],"product_cat":[11545,11546,11547,11548,11636,11637,11638,11639,9279,7594,7626,11404,7770,11413,7690,8010,7818,8206,15037,7834,11416,7739,7658,7207,5253,11210,11209,5271,3126],"product_tag":[17455,17607,17588,17577,17561,17545,17530,17515,17500,17643,17613,17470,8468,15421,12776,13458,13478],"class_list":{"0":"post-28785","1":"product","2":"type-product","3":"status-publish","4":"has-post-thumbnail","6":"product_cat-18-urodziny","7":"product_cat-21-urodziny","8":"product_cat-30-urodziny","9":"product_cat-40-urodziny","10":"product_cat-50-urodziny","11":"product_cat-60-urodziny","12":"product_cat-70-urodziny","13":"product_cat-80-urodziny","14":"product_cat-bestsellers-label-pl","15":"product_cat-prezent-na-chrzest","16":"product_cat-prezent-dla-brata","17":"product_cat-prezenty-pod-choinke-dla-brata","18":"product_cat-prezent-dla-corki","19":"product_cat-prezenty-pod-choinke-dla-dzieci","20":"product_cat-prezent-dla-kobiety","21":"product_cat-prezent-dla-mezczyzny","22":"product_cat-prezent-dla-mlodych-rodzicow","23":"product_cat-dla-niego","24":"product_cat-prezenty-pod-choinke-dla-przyjaciol","25":"product_cat-prezent-dla-przyjaciol","26":"product_cat-prezenty-pod-choinke-dla-siostry","27":"product_cat-prezent-dla-siostry","28":"product_cat-prezent-dla-syna","29":"product_cat-moon-pl","30":"product_cat-prezent-na-narodziny-dziecka","31":"product_cat-prezenty-urodzinowe-dla-niego","32":"product_cat-prezenty-urodzinowe-dla-niej","33":"product_cat-prezent-na-boze-narodzenie","34":"product_cat-prezent-na-urodziny","35":"product_tag-100-lat","36":"product_tag-16-lat","37":"product_tag-18-lat","38":"product_tag-20-lat","39":"product_tag-30-lat","40":"product_tag-40-lat","41":"product_tag-50-lat","42":"product_tag-60-lat","43":"product_tag-70-lat","44":"product_tag-80-lat","45":"product_tag-80th-birthday-pl","46":"product_tag-90-lat","47":"product_tag-birthday-pl","48":"product_tag-ksiezyc-w-dniu-urodzin-plakat-z-ramka","49":"product_tag-prezent-pod-choinke-dla-siostry","50":"product_tag-prezenty-swiateczne-dla-brata","51":"product_tag-prezenty-swiateczne-dla-przyjaciol","53":"first","54":"instock","55":"sale","56":"taxable","57":"shipping-taxable","58":"purchasable","59":"product-type-variable"},"yoast_head":"<!-- This site is optimized with the Yoast SEO Premium plugin v27.2 (Yoast SEO v27.2) - https:\/\/yoast.com\/product\/yoast-seo-premium-wordpress\/ -->\n<title>Ksi\u0119\u017cyc w Dniu Urodzin | Faza Ksi\u0119\u017cyca z Dnia Narodzin - Positive Prints<\/title>\n<meta name=\"description\" content=\"Zobacz jak wygl\u0105da\u0142 ksi\u0119\u017cyc w dniu urodzin, \u015blubu, narodzin dzieka. Plakat Ksi\u0119\u017cyc to idealny pomys\u0142 na dekoracj\u0119 domy lub prezent.\" \/>\n<meta name=\"robots\" content=\"index, follow, max-snippet:-1, max-image-preview:large, max-video-preview:-1\" \/>\n<link rel=\"canonical\" href=\"https:\/\/positiveprints.com\/pl\/produkt\/ksiezyc-w-dniu-urodzin\/\" \/>\n<meta property=\"og:locale\" content=\"pl_PL\" \/>\n<meta property=\"og:type\" content=\"article\" \/>\n<meta property=\"og:title\" content=\"Ksi\u0119\u017cyc w Dniu Urodzin\" \/>\n<meta property=\"og:description\" content=\"Odkryj faz\u0119 ksi\u0119\u017cyca dla dowolnej daty i lokalizacji  Spersonalizuj w 3 prostych krokach  Wybierz jedn\u0105 z efektownych wersji kolorystycznych  Interaktywny podgl\u0105d pozwoli dopracowa\u0107 ka\u017cdy szczeg\u00f3\u0142\" \/>\n<meta property=\"og:url\" content=\"https:\/\/positiveprints.com\/pl\/produkt\/ksiezyc-w-dniu-urodzin\/\" \/>\n<meta property=\"og:site_name\" content=\"Positive Prints\" \/>\n<meta property=\"article:publisher\" content=\"https:\/\/www.facebook.com\/positiveprintscom\" \/>\n<meta property=\"article:modified_time\" content=\"2026-04-18T08:14:41+00:00\" \/>\n<meta property=\"og:image\" content=\"https:\/\/positiveprints.com\/wp-content\/uploads\/2024\/10\/Packshot_PL_Birthday-Moon-Phase-product-image.webp\" \/>\n\t<meta property=\"og:image:width\" content=\"1450\" \/>\n\t<meta property=\"og:image:height\" content=\"1450\" \/>\n\t<meta property=\"og:image:type\" content=\"image\/webp\" \/>\n<meta name=\"twitter:card\" content=\"summary_large_image\" \/>\n<meta name=\"twitter:label1\" content=\"Szacowany czas czytania\" \/>\n\t<meta name=\"twitter:data1\" content=\"6 minut\" \/>\n<!-- \/ Yoast SEO Premium plugin. -->","yoast_head_json":{"title":"Ksi\u0119\u017cyc w Dniu Urodzin | Faza Ksi\u0119\u017cyca z Dnia Narodzin - Positive Prints","description":"Zobacz jak wygl\u0105da\u0142 ksi\u0119\u017cyc w dniu urodzin, \u015blubu, narodzin dzieka. Plakat Ksi\u0119\u017cyc to idealny pomys\u0142 na dekoracj\u0119 domy lub prezent.","robots":{"index":"index","follow":"follow","max-snippet":"max-snippet:-1","max-image-preview":"max-image-preview:large","max-video-preview":"max-video-preview:-1"},"canonical":"https:\/\/positiveprints.com\/pl\/produkt\/ksiezyc-w-dniu-urodzin\/","og_locale":"pl_PL","og_type":"article","og_title":"Ksi\u0119\u017cyc w Dniu Urodzin","og_description":"Odkryj faz\u0119 ksi\u0119\u017cyca dla dowolnej daty i lokalizacji  Spersonalizuj w 3 prostych krokach  Wybierz jedn\u0105 z efektownych wersji kolorystycznych  Interaktywny podgl\u0105d pozwoli dopracowa\u0107 ka\u017cdy szczeg\u00f3\u0142","og_url":"https:\/\/positiveprints.com\/pl\/produkt\/ksiezyc-w-dniu-urodzin\/","og_site_name":"Positive Prints","article_publisher":"https:\/\/www.facebook.com\/positiveprintscom","article_modified_time":"2026-04-18T08:14:41+00:00","og_image":[{"width":1450,"height":1450,"url":"https:\/\/positiveprints.com\/wp-content\/uploads\/2024\/10\/Packshot_PL_Birthday-Moon-Phase-product-image.webp","type":"image\/webp"}],"twitter_card":"summary_large_image","twitter_misc":{"Szacowany czas czytania":"6 minut"},"schema":{"@context":"https:\/\/schema.org","@graph":[{"@type":["WebPage","ItemPage"],"@id":"https:\/\/positiveprints.com\/pl\/produkt\/ksiezyc-w-dniu-urodzin\/","url":"https:\/\/positiveprints.com\/pl\/produkt\/ksiezyc-w-dniu-urodzin\/","name":"Ksi\u0119\u017cyc w Dniu Urodzin | Faza Ksi\u0119\u017cyca z Dnia Narodzin - Positive Prints","isPartOf":{"@id":"https:\/\/positiveprints.com\/pl\/#website"},"primaryImageOfPage":{"@id":"https:\/\/positiveprints.com\/pl\/produkt\/ksiezyc-w-dniu-urodzin\/#primaryimage"},"image":{"@id":"https:\/\/positiveprints.com\/pl\/produkt\/ksiezyc-w-dniu-urodzin\/#primaryimage"},"thumbnailUrl":"https:\/\/positiveprints.com\/wp-content\/uploads\/2026\/03\/Packshot_PL_Ksiezyc-w-Dniu-Urodzin.webp","datePublished":"2020-09-23T08:25:45+00:00","dateModified":"2026-04-18T08:14:41+00:00","description":"Zobacz jak wygl\u0105da\u0142 ksi\u0119\u017cyc w dniu urodzin, \u015blubu, narodzin dzieka. Plakat Ksi\u0119\u017cyc to idealny pomys\u0142 na dekoracj\u0119 domy lub prezent.","breadcrumb":{"@id":"https:\/\/positiveprints.com\/pl\/produkt\/ksiezyc-w-dniu-urodzin\/#breadcrumb"},"inLanguage":"pl-PL","potentialAction":[{"@type":"ReadAction","target":["https:\/\/positiveprints.com\/pl\/produkt\/ksiezyc-w-dniu-urodzin\/"]}]},{"@type":"ImageObject","inLanguage":"pl-PL","@id":"https:\/\/positiveprints.com\/pl\/produkt\/ksiezyc-w-dniu-urodzin\/#primaryimage","url":"https:\/\/positiveprints.com\/wp-content\/uploads\/2026\/03\/Packshot_PL_Ksiezyc-w-Dniu-Urodzin.webp","contentUrl":"https:\/\/positiveprints.com\/wp-content\/uploads\/2026\/03\/Packshot_PL_Ksiezyc-w-Dniu-Urodzin.webp","width":1450,"height":1450},{"@type":"BreadcrumbList","@id":"https:\/\/positiveprints.com\/pl\/produkt\/ksiezyc-w-dniu-urodzin\/#breadcrumb","itemListElement":[{"@type":"ListItem","position":1,"name":"Home","item":"https:\/\/positiveprints.com\/pl\/"},{"@type":"ListItem","position":2,"name":"Produkty","item":"https:\/\/positiveprints.com\/pl\/shop\/"},{"@type":"ListItem","position":3,"name":"Ksi\u0119\u017cyc w Dniu Urodzin"}]},{"@type":"WebSite","@id":"https:\/\/positiveprints.com\/pl\/#website","url":"https:\/\/positiveprints.com\/pl\/","name":"Positive Prints","description":"Amazing Custom Personalized Gifts","publisher":{"@id":"https:\/\/positiveprints.com\/pl\/#organization"},"potentialAction":[{"@type":"SearchAction","target":{"@type":"EntryPoint","urlTemplate":"https:\/\/positiveprints.com\/pl\/?s={search_term_string}"},"query-input":{"@type":"PropertyValueSpecification","valueRequired":true,"valueName":"search_term_string"}}],"inLanguage":"pl-PL"},{"@type":"Organization","@id":"https:\/\/positiveprints.com\/pl\/#organization","name":"Positive Prints","alternateName":"Positive Prints","url":"https:\/\/positiveprints.com\/pl\/","logo":{"@type":"ImageObject","inLanguage":"pl-PL","@id":"https:\/\/positiveprints.com\/pl\/#\/schema\/logo\/image\/","url":"https:\/\/positiveprints.com\/wp-content\/uploads\/2026\/03\/245815646_1337939713319158_5671353136411139666_n.png","contentUrl":"https:\/\/positiveprints.com\/wp-content\/uploads\/2026\/03\/245815646_1337939713319158_5671353136411139666_n.png","width":800,"height":800,"caption":"Positive Prints"},"image":{"@id":"https:\/\/positiveprints.com\/pl\/#\/schema\/logo\/image\/"},"sameAs":["https:\/\/www.facebook.com\/positiveprintscom","https:\/\/www.instagram.com\/positiveprintscom\/","https:\/\/www.tiktok.com\/@positiveprintscom","https:\/\/www.pinterest.com\/positiveprintscom\/"]}]}},"jetpack_sharing_enabled":true,"_links":{"self":[{"href":"https:\/\/positiveprints.com\/pl\/wp-json\/wp\/v2\/product\/28785","targetHints":{"allow":["GET"]}}],"collection":[{"href":"https:\/\/positiveprints.com\/pl\/wp-json\/wp\/v2\/product"}],"about":[{"href":"https:\/\/positiveprints.com\/pl\/wp-json\/wp\/v2\/types\/product"}],"wp:featuredmedia":[{"embeddable":true,"href":"https:\/\/positiveprints.com\/pl\/wp-json\/wp\/v2\/media\/1688624"}],"wp:attachment":[{"href":"https:\/\/positiveprints.com\/pl\/wp-json\/wp\/v2\/media?parent=28785"}],"wp:term":[{"taxonomy":"product_brand","embeddable":true,"href":"https:\/\/positiveprints.com\/pl\/wp-json\/wp\/v2\/product_brand?post=28785"},{"taxonomy":"product_cat","embeddable":true,"href":"https:\/\/positiveprints.com\/pl\/wp-json\/wp\/v2\/product_cat?post=28785"},{"taxonomy":"product_tag","embeddable":true,"href":"https:\/\/positiveprints.com\/pl\/wp-json\/wp\/v2\/product_tag?post=28785"}],"curies":[{"name":"wp","href":"https:\/\/api.w.org\/{rel}","templated":true}]}}