{"id":26526,"date":"2020-07-13T23:04:52","date_gmt":"2020-07-13T22:04:52","guid":{"rendered":"https:\/\/positiveprints.com\/product\/mapa-nieba\/"},"modified":"2026-04-18T09:14:51","modified_gmt":"2026-04-18T08:14:51","slug":"mapa-nieba","status":"publish","type":"product","link":"https:\/\/positiveprints.com\/pl\/produkt\/mapa-nieba\/","title":{"rendered":"Mapa Gwiazd"},"content":{"rendered":"<p style=\"margin-top: 1rem\">Mapa nieba przypomni Ci, jak wygl\u0105da\u0142o nocne niebo podczas najbardziej pami\u0119tnych wieczor\u00f3w w \u017cyciu. Zatrzymaj uk\u0142ad gwiazd z danego dnia i miejsca. Mapa gwiazd to oryginalny prezent na urodziny, z okazji \u015blubu i narodzin dziecka.<\/p>\n<p style=\"margin-top: 1rem\">Czy posiadanie kawa\u0142ka nieba w mieszkaniu nie jest czym\u015b zachwycaj\u0105cym? Gwie\u017adziste niebo na wiele os\u00f3b ma uspokajaj\u0105cy wp\u0142yw. Niebo, licz\u0105ce tyle samo lat co sam czas, by\u0142o \u015bwiadkiem wielu magicznych moment\u00f3w. Projektuj\u0105c plakaty Positive Prints chcemy u\u0142atwi\u0107 uchwycenie najbardziej wyj\u0105tkowych chwil w formie pi\u0119knej mapy nieba. Zobacz jak stworzy\u0107 map\u0119 gwiazd z danego dnia.<\/p>\n<p style=\"margin-top: 1rem\">Nasze personalizowane mapy nieba to estetyczny spos\u00f3b na odtworzenie widoku z Twojego wyj\u0105tkowego dnia. Czy to b\u0119dzie \u015blub znajomych, urodziny przyjaciela, czy narodziny nowego cz\u0142onka rodziny. Zdobycie wiedzy jak stworzy\u0107 map\u0119 gwiazd z danego dnia przyda si\u0119 niejednokrotnie, gdy poszukiwa\u0107 b\u0119dziesz oryginalnego prezentu.<\/p>\n<h2 class=\"grenB f24 cblue\" style=\"margin-top: 3rem\">Czym Jest Mapa Gwiazd?<\/h2>\n<p style=\"margin-top: 1rem\">Cofnij si\u0119 my\u015blami do chwil, kt\u00f3re w wyj\u0105tkowy spos\u00f3b kszta\u0142tuj\u0105 histori\u0119 Twojego \u017cycia. Pami\u0119tasz jak wygl\u0105da\u0142o wtedy niebo? Nocne niebo, tak jak Ziemia, stale ewoluuje. Gwiazdy i planety s\u0105 w ci\u0105g\u0142ej w\u0119dr\u00f3wce w przestrzeni kosmicznej. Dlatego tak wiele os\u00f3b zachwyca si\u0119 ich widokiem. Mapa gwiazd pozwala zachowa\u0107 wyj\u0105tkowe chwil\u0119 na d\u0142u\u017cej i stworzy\u0107 pi\u0119kn\u0105 pami\u0105tk\u0119 na lata.<\/p>\n<p style=\"margin-top: 1rem\">Personalizowana mapa nieba jest replik\u0105 nocnego nieba z danego dnia, czasu i miejsca. Ka\u017cda rozgwie\u017cd\u017cona mapa nieba jest unikalna, gdy\u017c ka\u017cdy wyj\u0105tkowy moment w \u017cyciu cz\u0142owieka jest niepowtarzalny. Nasz edytor map nieba korzysta z dok\u0142adnych danych, w celu stworzenia obrazu odpowiadaj\u0105cego rzeczywistemu uk\u0142adowi gwiazd.<\/p>\n<h2 class=\"grenB f24 cblue\" style=\"margin-top: 3rem\">Mapa Nieba Plakat &#8211; Stworzony w oparciu o precyzyjne dane<\/h2>\n<p style=\"margin-top: 1rem\">W 1989 roku <a href=\"https:\/\/www.esa.int\/Space_in_Member_States\/Poland\/Poznaj_ESA\">Europejska Agencja Kosmiczna<\/a> wystrzeli\u0142a satelit\u0119 <a href=\"https:\/\/en.wikipedia.org\/wiki\/Hipparcos\">Hipparcos<\/a>, aby wykona\u0107 bardzo dok\u0142adne pomiary cia\u0142 niebieskich na naszym nocnym niebie. Od planet i gwiazd po konstelacje i galaktyki, u\u017cywamy danych z Hipparcos do tworzenia dok\u0142adnych map gwiazd, aby precyzyjnie wy\u015bwietla\u0107 niebo z dowolnej nocy &#8211; przesz\u0142ej, tera\u017aniejszej lub przysz\u0142ej! &#8211; z dowolnego miejsca na \u015bwiecie.<\/p>\n<h2 class=\"grenB f24 cblue\" style=\"margin-top: 3rem\">Mapa Gwiazd na Prezent<\/h2>\n<p style=\"margin-top: 1rem\">Kosmos ma miliardy lat i chcemy, aby Twoje wspomnienia trwa\u0142y r\u00f3wnie d\u0142ugo. Wybierz niestandardow\u0105 map\u0119 nocnego nieba, aby upami\u0119tni\u0107 narodziny dziecka lub noc, w kt\u00f3rej spotka\u0142e\u015b ukochan\u0105 osob\u0119. Spersonalizowana mapa gwiazd to \u015bwietny spos\u00f3b, aby wzbudzi\u0107 ciekawo\u015b\u0107 przysz\u0142ego astronoma lub pokaza\u0107 ukochanej osobie, ile dla niej znaczysz. <\/p>\n<p style=\"margin-top: 1rem\">Je\u015bli szukasz oryginalnego prezentu, mapa gwiazd z danego dnia sprawdzi si\u0119 przy ka\u017cdej okazji. To zaskakuj\u0105cy i pi\u0119kny prezent o osobistym znaczeniu. Obdarowane osoby ceni\u0105 sobie mapy nieba za ich indywidualny charakter i fakt, \u017ce pomagaj\u0105 powraca\u0107 pami\u0119ci\u0105 to pi\u0119knych chwil \u017cycia.<\/p>\n<p style=\"margin-top: 1rem\">Nasze mapy gwiazd to najlepsza pami\u0105tka na ka\u017cd\u0105 okazj\u0119. Wielu naszych klient\u00f3w daje je w prezencie na:<\/p>\n<ul>\n<li>\u015aluby<\/li>\n<li>Rocznice<\/li>\n<li>Narodziny dziecka<\/li>\n<li>Uko\u0144czenie szko\u0142y lub uczelni<\/li>\n<li>Przej\u015bcie na emerytur\u0119<\/li>\n<li>Prezent z okazji \u015awi\u0119ta Bo\u017cego Narodzenia<\/li>\n<li>Awanse w pracy<\/li>\n<li>inne wa\u017cne wydarzenia w \u017cyciu.<\/li>\n<\/ul>\n<p style=\"margin-top: 1rem\">Z naszym prostym w u\u017cyciu edytorem, mo\u017cesz nawet zrobi\u0107 jeden z plakat\u00f3w dla siebie!<\/p>\n<h2 class=\"grenB f24 cblue\" style=\"margin-top: 3rem\">Jak Stworzy\u0107 Map\u0119 Gwiazd z Danego Dnia<\/h2>\n<p style=\"margin-top: 1rem\">Dzi\u0119ki Positive Prints stworzenie pi\u0119knych map nieba jest banalnie proste. W 3 prostych krokach mo\u017cesz spersonalizowa\u0107 map\u0119 na podstawie daty, czasu i lokalizacji. Mo\u017cesz dowolnie wybra\u0107 kolorystyk\u0119 plakatu i doda\u0107 detale takie jak gwiazdy, nazwy konstelacji, planety. Na koniec dodasz w\u0142asny tekst lub wzruszaj\u0105cy <a href=\"https:\/\/positiveprints.com\/pl\/blog\/mapa-gwiazd-cytaty-na-prezent\/\">cytat o gwiazdach<\/a>, aby podkre\u015bli\u0107 znaczenie danego dnia i widoku nieba dla obdarowanej osoby.<\/p>\n<p style=\"margin-top: 1rem\">Je\u017celi zamawiasz gotowy do powieszenia plakat, mo\u017cesz wybra\u0107 jeden ze standardowych format\u00f3w wydruku. Z \u0142atwo\u015bci\u0105 znajdziesz ramk\u0119, w kt\u00f3r\u0105 w\u0142o\u017cysz plakat i b\u0119dzie ju\u017c gotowy do zawieszenia na \u015bcianie. Plakaty drukowane s\u0105 na wysokiej jako\u015bci papierze, kt\u00f3ry wytrzyma pr\u00f3b\u0119 czasu i jest odporny na blakni\u0119cie, \u0142uszczenie i p\u0119kanie. Zamawiaj\u0105c gotowy plakat, nie p\u0142acisz za dostaw\u0119, niezale\u017cnie od liczby zam\u00f3wionych przedmiot\u00f3w.<\/p>\n<p style=\"margin-top: 1rem\">Mo\u017cesz r\u00f3wnie\u017c wybra\u0107 opcj\u0119 cyfrowego pliku do pobrania, kt\u00f3ry udost\u0119pnimy Ci pod linkiem przes\u0142anym wprost na Twoj\u0105 skrzynk\u0119 email. Po otrzymaniu plik\u00f3w, mo\u017cesz wydrukowa\u0107 plakat w wybranej przez Ciebie drukarni. Najcz\u0119\u015bciej taka forma zam\u00f3wienia sprawdza si\u0119 jako prezent na ostatni\u0105 chwil\u0119, kiedy nie mamy czasu czeka\u0107 na przesy\u0142k\u0119.<\/p>\n<p>Zobacz 3 kroki, kt\u00f3re trzeba przej\u015b\u0107, aby spersonalizowa\u0107 sw\u00f3j plakat:\n<\/p>\n<h3 class=\"grenB f18 cblue\" style=\"margin-top: 3rem\">Krok 1: Wyb\u00f3r Stylu<\/h3>\n<p style=\"margin-top: 1rem\">Nasze mapy gwiazd s\u0105 dost\u0119pne w r\u00f3\u017cnych stylach, w tym w kszta\u0142cie ko\u0142a i serca oraz w kilku propozycjach wersji kolorystycznych. Te schematy kolor\u00f3w zosta\u0142y wybrane, aby zapewni\u0107 najwi\u0119kszy kontrast, kt\u00f3ry sprawi, \u017ce Tw\u00f3j projekt b\u0119dzie si\u0119 wyr\u00f3\u017cnia\u0142. Mo\u017cesz r\u00f3wnie\u017c w pe\u0142ni kontrolowa\u0107 wygl\u0105d plakatu i wybra\u0107 dowolne kolory dla mapy.<\/p>\n<p style=\"margin-top: 1rem\">Po wybraniu projektu mo\u017cesz wybra\u0107 elementy, kt\u00f3re chcesz wy\u015bwietli\u0107 na mapie gwiezdnej. Najbardziej podstawow\u0105 form\u0105 jest uk\u0142ad gwiazd. Mo\u017cesz u\u017cy\u0107 prze\u0142\u0105cznik\u00f3w, aby doda\u0107 planety, nazwy planet, konstelacje, nazwy konstelacji, Drog\u0119 Mleczn\u0105 i \/ lub lini\u0119 ekliptyki.<\/p>\n<p style=\"margin-top: 1rem\">Mo\u017cesz r\u00f3wnie\u017c doda\u0107 symbol do swojego opisu. Po prostu skopiuj i wklej jeden z symboli dost\u0119pnych online .<\/p>\n<p style=\"margin-top: 1rem\">Za ka\u017cdym razem, gdy dokonujesz wyboru w procesie projektowania, mo\u017cesz zobaczy\u0107 zmiany w czasie rzeczywistym. Gdy jeste\u015b zadowolony z wynik\u00f3w, kliknij Nast\u0119pny krok, aby przej\u015b\u0107 dalej.<\/p>\n<h3 class=\"grenB f18 cblue\" style=\"margin-top: 3rem\">Krok 2: Uzupe\u0142nianie Informacji<\/h3>\n<p style=\"margin-top: 1rem\">Wprowad\u017a miejsce, gdzie wydarzy\u0142o si\u0119 co\u015b magicznego i zobacz, jak zmienia si\u0119 Tw\u00f3j plakat z uk\u0142adem gwiazd! Dzieje si\u0119 tak, poniewa\u017c nasz edytor map gwiazd wykorzystuje rzeczywiste dane do okre\u015blenia, jak wygl\u0105da\u0142o niebo z okre\u015blonego, wybranego przez Ciebie miejsca.<\/p>\n<p style=\"margin-top: 1rem\">Kontynuuj wype\u0142nianie p\u00f3l swoimi indywidualnymi informacjami, jak data wyj\u0105tkowego wydarzenia. Dodaj dowolny tekst do plakatu, aby dodatkowo wzmocni\u0107 osobisty charakter prezentu. Umo\u017cliwiamy uzupe\u0142nienie dw\u00f3ch linijek tekstu (oraz tytu\u0142 i podtytu\u0142), z kt\u00f3rych ka\u017cda mo\u017ce mie\u0107 standardowy wygl\u0105d lub by\u0107 pisana czcionk\u0105 ozdobn\u0105.<br \/>\nPo wpisaniu swoich danych kliknij Nast\u0119pny krok, aby zako\u0144czy\u0107 tworzenie mapy gwiazd.<\/p>\n<h3 class=\"grenB f18 cblue\" style=\"margin-top: 3rem\">Krok 3: Wybierz Format Wydruku<\/h3>\n<p style=\"margin-top: 1rem\">Mo\u017cesz wybra\u0107 fizyczny wydruk w jednym z trzech standardowych rozmiar\u00f3w. Domy\u015blnym wyborem jest wydruk o wymiarach 50 cm na 70 cm. Mo\u017cesz wybra\u0107 inny rozmiar, zar\u00f3wno w cm, jak i calach.<\/p>\n<p style=\"margin-top: 1rem\">Mo\u017cesz te\u017c klikn\u0105\u0107 opcj\u0119 natychmiastowego otrzymania pliku cyfrowego do samodzielnego wydruku Gdy plik b\u0119dzie gotowy, otrzymasz w wiadomo\u015bci e-mail link do pobrania, kt\u00f3ry umo\u017cliwi wydrukowanie plakatu w wybranym przez Ciebie miejscu.<\/p>\n<p style=\"margin-top: 1rem\">To ostatni krok przed dodaniem w\u0142asnej mapy gwiazd do koszyka. Nast\u0119pnie zako\u0144cz proces p\u0142atno\u015bci, zap\u0142a\u0107 za wydruk i przygotuj si\u0119 na s\u0142owa zachwytu obdarowanej osoby!<\/p>\n<h2 class=\"grenB f24 cblue\" style=\"margin-top: 3rem\">Zacznij personalizowa\u0107 map\u0119 gwiazd!<\/h2>\n<p style=\"margin-top: 1rem\">Zacznij od skorzystania z naszego edytora map gwiazd i zobacz, jak \u0142atwo jest zaskoczy\u0107 kogo\u015b prezentem, kt\u00f3ry b\u0119dzie ceniony przez ca\u0142e \u017cycie!<\/p><h2 class=\"wp-block-heading\" id=\"h-faq\"><strong>FAQ<\/strong><\/h2><details class=\"wp-block-details is-layout-flow wp-block-details-is-layout-flow\"><summary><strong>Czym jest Mapa Gwiazd?<\/strong><\/summary><p>Mapa Gwiazd to spersonalizowany plakat przedstawiaj\u0105cy nocne niebo z konkretnej daty i miejsca. Konkretnie, u\u017cywa precyzyjnych danych z satelity Hipparcos do odwzorowania uk\u0142adu gwiazd. W konsekwencji, upami\u0119tnia wyj\u0105tkowe chwile w formie pi\u0119knej pami\u0105tki na lata.\u200b<\/p><\/details><details class=\"wp-block-details is-layout-flow wp-block-details-is-layout-flow\"><summary><strong>Czy mapa jest naukowo dok\u0142adna?<\/strong><\/summary><p>Tak, ka\u017cda mapa jest naukowo dok\u0142adna. Faktycznie, pokazuje oko\u0142o 2000 cia\u0142 niebieskich w autentyczny spos\u00f3b. Ponadto, zawiera planety, konstelacje i ich nazwy oraz Drog\u0119 Mleczn\u0105 w dok\u0142adnych pozycjach. Dodatkowo, interaktywny podgl\u0105d pozwala dopracowa\u0107 ka\u017cdy szczeg\u00f3\u0142 w czasie rzeczywistym.\u200b<\/p><\/details><details class=\"wp-block-details is-layout-flow wp-block-details-is-layout-flow\"><summary><strong>Dlaczego to idealny prezent na rocznic\u0119?<\/strong><\/summary><p>To idealny prezent, poniewa\u017c przypomina o magicznych chwilach \u017cycia. Konkretnie, to prezent w 100% osobisty wyra\u017caj\u0105cy uczucia i mi\u0142o\u015b\u0107. W konsekwencji, to wyj\u0105tkowa pami\u0105tka ceniona przez ca\u0142e \u017cycie.\u200b<\/p><\/details><details class=\"wp-block-details is-layout-flow wp-block-details-is-layout-flow\"><summary><strong>Jak stworzy\u0107 Map\u0119 Gwiazd?<\/strong><\/summary><p>Stworzenie mapy to trzy proste kroki. Po pierwsze, wybierz kszta\u0142t, styl\u00a0 kolorystyczny i elementy astralne mapy nieba. Nast\u0119pnie, wprowad\u017a dat\u0119, miejsce, czas i dodaj swoj\u0105 dedykacj\u0119. Na koniec, wybierz rodzaj wydruku i rozmiar. Mo\u017cesz zam\u00f3wi\u0107 plakat sam lub z ram\u0105, wydruk na p\u0142\u00f3tnie lub plik cyfrowy.<\/p><\/details><details class=\"wp-block-details is-layout-flow wp-block-details-is-layout-flow\"><summary><strong>Na jakie okazje sprawdzi si\u0119 ta mapa?<\/strong><\/summary><p>Ta mapa sprawdza si\u0119 na \u015bluby, rocznice, narodziny dziecka i urodziny. Ponadto, to \u015bwietny prezent na uko\u0144czenie szko\u0142y czy przej\u015bcie na emerytur\u0119 .. Dodatkowo, doskonale nadaje si\u0119 na ka\u017cd\u0105 wyj\u0105tkow\u0105 okazj\u0119 \u017cyciow\u0105.\u200b<\/p><\/details><details class=\"wp-block-details is-layout-flow wp-block-details-is-layout-flow\"><summary><strong>Jak szybko otrzymam map\u0119?<\/strong><\/summary><p>W przypadku pilnego prezentu wybierz natychmiastowy plik cyfrowy do pobrania jest to\u2013 plik JPEG o wysokiej rozdzielczo\u015bci 300 dpi, kt\u00f3ry mo\u017cesz wydrukowa\u0107 samodzielnie. W przypadku produkt\u00f3w fizycznych drukujemy i wysy\u0142amy lokalnie z naszych drukarni w Australii, Kanadzie, Stanach Zjednoczonych, Wielkiej Brytanii i Polsce. Gwarantuje to szybk\u0105 i niezawodn\u0105 dostaw\u0119, cz\u0119sto w ci\u0105gu zaledwie kilku dni.<\/p><\/details>","protected":false},"excerpt":{"rendered":"<ul class=\"check-list\">\n<li>Dodaj planety, konstelacje i Drog\u0119 Mleczn\u0105 <\/li>\n<li>Spersonalizuj w 3 prostych krokach<\/li>\n<li>Dodaj dedykacj\u0119 prosto z serca<\/li>\n<li>Interaktywny podgl\u0105d pozwoli dopracowa\u0107 ka\u017cdy szczeg\u00f3\u0142<\/li>\n<\/ul>\n","protected":false},"featured_media":1220173,"template":"","meta":[],"product_brand":[],"product_cat":[15114,302,262,8238,15849,3114],"product_tag":[14956,16445,15550],"class_list":{"0":"post-26526","1":"product","2":"type-product","3":"status-publish","4":"has-post-thumbnail","6":"product_cat-bestsellers-menu-pl","7":"product_cat-bestsellery-pl","8":"product_cat-creators-pl","9":"product_cat-digital-products-pl","10":"product_cat-shop-bestsellers-pl","11":"product_cat-star-pl-2","12":"product_tag-creators-pl-2","13":"product_tag-gwiazda","14":"product_tag-nocne-niebo","16":"first","17":"instock","18":"sale","19":"taxable","20":"shipping-taxable","21":"purchasable","22":"product-type-variable","23":"has-default-attributes"},"yoast_head":"<!-- This site is optimized with the Yoast SEO Premium plugin v27.2 (Yoast SEO v27.2) - https:\/\/yoast.com\/product\/yoast-seo-premium-wordpress\/ -->\n<title>Mapa Gwiazd - Personalizowana Mapa Nieba - Positive Prints<\/title>\n<meta name=\"description\" content=\"Mapa gwiazd to oryginany i zachwycaj\u0105cy prezent. Personalizowana mapa nieba plakat mo\u017ce zawiera\u0107 uk\u0142ad gwiazd z dnia \u015blubu, urodzin, narodzin dziecka.\" \/>\n<meta name=\"robots\" content=\"index, follow, max-snippet:-1, max-image-preview:large, max-video-preview:-1\" \/>\n<link rel=\"canonical\" href=\"https:\/\/positiveprints.com\/pl\/produkt\/mapa-nieba\/\" \/>\n<meta property=\"og:locale\" content=\"pl_PL\" \/>\n<meta property=\"og:type\" content=\"article\" \/>\n<meta property=\"og:title\" content=\"Mapa Gwiazd\" \/>\n<meta property=\"og:description\" content=\"Dodaj planety, konstelacje i Drog\u0119 Mleczn\u0105   Spersonalizuj w 3 prostych krokach  Dodaj dedykacj\u0119 prosto z serca  Interaktywny podgl\u0105d pozwoli dopracowa\u0107 ka\u017cdy szczeg\u00f3\u0142\" \/>\n<meta property=\"og:url\" content=\"https:\/\/positiveprints.com\/pl\/produkt\/mapa-nieba\/\" \/>\n<meta property=\"og:site_name\" content=\"Positive Prints\" \/>\n<meta property=\"article:publisher\" content=\"https:\/\/www.facebook.com\/positiveprintscom\" \/>\n<meta property=\"article:modified_time\" content=\"2026-04-18T08:14:51+00:00\" \/>\n<meta property=\"og:image\" content=\"https:\/\/positiveprints.com\/wp-content\/uploads\/2024\/10\/Packshot_PL_custom-star-map-product-image.webp\" \/>\n\t<meta property=\"og:image:width\" content=\"1450\" \/>\n\t<meta property=\"og:image:height\" content=\"1450\" \/>\n\t<meta property=\"og:image:type\" content=\"image\/webp\" \/>\n<meta name=\"twitter:card\" content=\"summary_large_image\" \/>\n<meta name=\"twitter:label1\" content=\"Szacowany czas czytania\" \/>\n\t<meta name=\"twitter:data1\" content=\"6 minut\" \/>\n<!-- \/ Yoast SEO Premium plugin. -->","yoast_head_json":{"title":"Mapa Gwiazd - Personalizowana Mapa Nieba - Positive Prints","description":"Mapa gwiazd to oryginany i zachwycaj\u0105cy prezent. Personalizowana mapa nieba plakat mo\u017ce zawiera\u0107 uk\u0142ad gwiazd z dnia \u015blubu, urodzin, narodzin dziecka.","robots":{"index":"index","follow":"follow","max-snippet":"max-snippet:-1","max-image-preview":"max-image-preview:large","max-video-preview":"max-video-preview:-1"},"canonical":"https:\/\/positiveprints.com\/pl\/produkt\/mapa-nieba\/","og_locale":"pl_PL","og_type":"article","og_title":"Mapa Gwiazd","og_description":"Dodaj planety, konstelacje i Drog\u0119 Mleczn\u0105   Spersonalizuj w 3 prostych krokach  Dodaj dedykacj\u0119 prosto z serca  Interaktywny podgl\u0105d pozwoli dopracowa\u0107 ka\u017cdy szczeg\u00f3\u0142","og_url":"https:\/\/positiveprints.com\/pl\/produkt\/mapa-nieba\/","og_site_name":"Positive Prints","article_publisher":"https:\/\/www.facebook.com\/positiveprintscom","article_modified_time":"2026-04-18T08:14:51+00:00","og_image":[{"width":1450,"height":1450,"url":"https:\/\/positiveprints.com\/wp-content\/uploads\/2024\/10\/Packshot_PL_custom-star-map-product-image.webp","type":"image\/webp"}],"twitter_card":"summary_large_image","twitter_misc":{"Szacowany czas czytania":"6 minut"},"schema":{"@context":"https:\/\/schema.org","@graph":[{"@type":["WebPage","ItemPage"],"@id":"https:\/\/positiveprints.com\/pl\/produkt\/mapa-nieba\/","url":"https:\/\/positiveprints.com\/pl\/produkt\/mapa-nieba\/","name":"Mapa Gwiazd - Personalizowana Mapa Nieba - Positive Prints","isPartOf":{"@id":"https:\/\/positiveprints.com\/pl\/#website"},"primaryImageOfPage":{"@id":"https:\/\/positiveprints.com\/pl\/produkt\/mapa-nieba\/#primaryimage"},"image":{"@id":"https:\/\/positiveprints.com\/pl\/produkt\/mapa-nieba\/#primaryimage"},"thumbnailUrl":"https:\/\/positiveprints.com\/wp-content\/uploads\/2024\/10\/Packshot_PL_custom-star-map-product-image.webp","datePublished":"2020-07-13T22:04:52+00:00","dateModified":"2026-04-18T08:14:51+00:00","description":"Mapa gwiazd to oryginany i zachwycaj\u0105cy prezent. Personalizowana mapa nieba plakat mo\u017ce zawiera\u0107 uk\u0142ad gwiazd z dnia \u015blubu, urodzin, narodzin dziecka.","breadcrumb":{"@id":"https:\/\/positiveprints.com\/pl\/produkt\/mapa-nieba\/#breadcrumb"},"inLanguage":"pl-PL","potentialAction":[{"@type":"ReadAction","target":["https:\/\/positiveprints.com\/pl\/produkt\/mapa-nieba\/"]}]},{"@type":"ImageObject","inLanguage":"pl-PL","@id":"https:\/\/positiveprints.com\/pl\/produkt\/mapa-nieba\/#primaryimage","url":"https:\/\/positiveprints.com\/wp-content\/uploads\/2024\/10\/Packshot_PL_custom-star-map-product-image.webp","contentUrl":"https:\/\/positiveprints.com\/wp-content\/uploads\/2024\/10\/Packshot_PL_custom-star-map-product-image.webp","width":1450,"height":1450},{"@type":"BreadcrumbList","@id":"https:\/\/positiveprints.com\/pl\/produkt\/mapa-nieba\/#breadcrumb","itemListElement":[{"@type":"ListItem","position":1,"name":"Home","item":"https:\/\/positiveprints.com\/pl\/"},{"@type":"ListItem","position":2,"name":"Produkty","item":"https:\/\/positiveprints.com\/pl\/shop\/"},{"@type":"ListItem","position":3,"name":"Mapa Gwiazd"}]},{"@type":"WebSite","@id":"https:\/\/positiveprints.com\/pl\/#website","url":"https:\/\/positiveprints.com\/pl\/","name":"Positive Prints","description":"Amazing Custom Personalized Gifts","publisher":{"@id":"https:\/\/positiveprints.com\/pl\/#organization"},"potentialAction":[{"@type":"SearchAction","target":{"@type":"EntryPoint","urlTemplate":"https:\/\/positiveprints.com\/pl\/?s={search_term_string}"},"query-input":{"@type":"PropertyValueSpecification","valueRequired":true,"valueName":"search_term_string"}}],"inLanguage":"pl-PL"},{"@type":"Organization","@id":"https:\/\/positiveprints.com\/pl\/#organization","name":"Positive Prints","alternateName":"Positive Prints","url":"https:\/\/positiveprints.com\/pl\/","logo":{"@type":"ImageObject","inLanguage":"pl-PL","@id":"https:\/\/positiveprints.com\/pl\/#\/schema\/logo\/image\/","url":"https:\/\/positiveprints.com\/wp-content\/uploads\/2026\/03\/245815646_1337939713319158_5671353136411139666_n.png","contentUrl":"https:\/\/positiveprints.com\/wp-content\/uploads\/2026\/03\/245815646_1337939713319158_5671353136411139666_n.png","width":800,"height":800,"caption":"Positive Prints"},"image":{"@id":"https:\/\/positiveprints.com\/pl\/#\/schema\/logo\/image\/"},"sameAs":["https:\/\/www.facebook.com\/positiveprintscom","https:\/\/www.instagram.com\/positiveprintscom\/","https:\/\/www.tiktok.com\/@positiveprintscom","https:\/\/www.pinterest.com\/positiveprintscom\/"]}]}},"jetpack_sharing_enabled":true,"_links":{"self":[{"href":"https:\/\/positiveprints.com\/pl\/wp-json\/wp\/v2\/product\/26526","targetHints":{"allow":["GET"]}}],"collection":[{"href":"https:\/\/positiveprints.com\/pl\/wp-json\/wp\/v2\/product"}],"about":[{"href":"https:\/\/positiveprints.com\/pl\/wp-json\/wp\/v2\/types\/product"}],"wp:featuredmedia":[{"embeddable":true,"href":"https:\/\/positiveprints.com\/pl\/wp-json\/wp\/v2\/media\/1220173"}],"wp:attachment":[{"href":"https:\/\/positiveprints.com\/pl\/wp-json\/wp\/v2\/media?parent=26526"}],"wp:term":[{"taxonomy":"product_brand","embeddable":true,"href":"https:\/\/positiveprints.com\/pl\/wp-json\/wp\/v2\/product_brand?post=26526"},{"taxonomy":"product_cat","embeddable":true,"href":"https:\/\/positiveprints.com\/pl\/wp-json\/wp\/v2\/product_cat?post=26526"},{"taxonomy":"product_tag","embeddable":true,"href":"https:\/\/positiveprints.com\/pl\/wp-json\/wp\/v2\/product_tag?post=26526"}],"curies":[{"name":"wp","href":"https:\/\/api.w.org\/{rel}","templated":true}]}}