{"id":262306,"date":"2022-03-10T12:01:34","date_gmt":"2022-03-10T11:01:34","guid":{"rendered":"https:\/\/positiveprints.com\/product\/nie-ma-jak-u-taty\/"},"modified":"2026-04-28T14:41:38","modified_gmt":"2026-04-28T13:41:38","slug":"nie-ma-jak-u-taty","status":"publish","type":"product","link":"https:\/\/positiveprints.com\/pl\/produkt\/nie-ma-jak-u-taty\/","title":{"rendered":"Nie Ma Jak u Taty"},"content":{"rendered":"<h2 class=\"grenB f24 cblue\">Bo Nie Ma Jak u Taty<\/h2>\r\n<p style=\"margin-top: 1rem\">Ka\u017cdy ojciec wie, \u017ce nadejdzie wreszcie taki dzie\u0144, kiedy jego dziecko wyprowadzi si\u0119 z domu. Dom rodzinny zawsze zajmuje jednak wyj\u0105tkowe miejsce w naszych sercach. Bez wzgl\u0119du na to w jak odleg\u0142ym miejscu mieszkasz, z ch\u0119ci\u0105 wracasz tam, gdzie jest Tw\u00f3j tata. St\u0105d powsta\u0142 pomys\u0142 na map\u0119 \u201eNie Ma Jak u Taty\u201d.<\/p>\r\n<p style=\"margin-top: 1rem\">Jest to estetyczna i szczeg\u00f3\u0142owa mapa wskazanej przez Ciebie lokalizacji. Specjalnym markerem zaznacz miejsce, w kt\u00f3rym mieszka Tw\u00f3j tata, aby wyrazi\u0107 to, jak wiele dla Ciebie znaczy. Tak spersonalizowany prezent na Dzie\u0144 Ojca z pewno\u015bci\u0105 wzbudzi wiele pozytywnych emocji.<\/p>\r\n<h2 class=\"grenB f24 cblue\" style=\"margin-top: 3rem\">Stw\u00f3rz map\u0119 w 3 prostych krokach<\/h2>\r\n<p style=\"margin-top: 1rem\">Kreator na stronie Positive Prints g\u0142adko przeprowadzi Ci\u0119 przez proces projektowania. Dzi\u0119ki interaktywnemu podgl\u0105dowi na bie\u017c\u0105co zobaczysz wprowadzane przez siebie zmiany.<\/p>\r\n<p style=\"margin-top: 1rem\">Wybierz styl i kolorystyk\u0119, kt\u00f3re pasuj\u0105 do Twojego taty. Nast\u0119pnie podaj szczeg\u00f3\u0142y takie jak lokalizacja oraz podpis dla mapy. W kolejnym kroku wybierz rozmiar oraz format wydruku. To tylko tyle i a\u017c tyle \u2013 Tw\u00f3j tata b\u0119dzie zachwycony!<\/p>\r\n<p style=\"margin-top: 1rem\">Zacznij projektowa\u0107 ju\u017c dzi\u015b!<\/p>","protected":false},"excerpt":{"rendered":"<ul class=\"check-list\">\n<li>Stw\u00f3rz map\u0119 z miejscem, kt\u00f3re na zawsze pozostanie Twoim domem, dop\u00f3ki jest w nim Tata<\/li>\n<li>Podkre\u015bl wa\u017cne miejsce za pomoc\u0105 wybranego symbolu<\/li>\n<li>Spersonalizuj w 3 prostych krokach<\/li>\n<li>Dodaj dedykacj\u0119 prosto z serca<\/li>\n<li>Interaktywny podgl\u0105d pozwoli dopracowa\u0107 ka\u017cdy szczeg\u00f3\u0142<\/li>\n<\/ul>\n","protected":false},"featured_media":466248,"template":"","meta":[],"product_brand":[],"product_cat":[8010,7978,11406,7339,7188,5271],"product_tag":[8556,11763],"class_list":{"0":"post-262306","1":"product","2":"type-product","3":"status-publish","4":"has-post-thumbnail","6":"product_cat-prezent-dla-mezczyzny","7":"product_cat-prezent-dla-taty","8":"product_cat-prezenty-pod-choinke-dla-taty","9":"product_cat-prezenty-na-dzien-ojca","10":"product_cat-map-pl","11":"product_cat-prezent-na-boze-narodzenie","12":"product_tag-father-pl","13":"product_tag-prezenty-pod-choinke-dla-taty","15":"first","16":"instock","17":"sale","18":"taxable","19":"shipping-taxable","20":"purchasable","21":"product-type-variable"},"yoast_head":"<!-- This site is optimized with the Yoast SEO Premium plugin v27.2 (Yoast SEO v27.2) - https:\/\/yoast.com\/product\/yoast-seo-premium-wordpress\/ -->\n<title>Nie Ma Jak u Taty - Prezent na Dzie\u0144 Ojca - Positive Prints<\/title>\n<meta name=\"description\" content=\"Plakat \u201eNie Ma Jak u Taty\u201d to estetyczna i szczeg\u00f3\u0142owa mapa wskazanej przez Ciebie lokalizacji. Zam\u00f3w na prezent dla taty.\" \/>\n<meta name=\"robots\" content=\"index, follow, max-snippet:-1, max-image-preview:large, max-video-preview:-1\" \/>\n<link rel=\"canonical\" href=\"https:\/\/positiveprints.com\/pl\/produkt\/nie-ma-jak-u-taty\/\" \/>\n<meta property=\"og:locale\" content=\"pl_PL\" \/>\n<meta property=\"og:type\" content=\"article\" \/>\n<meta property=\"og:title\" content=\"Nie Ma Jak u Taty\" \/>\n<meta property=\"og:description\" content=\"Stw\u00f3rz map\u0119 z miejscem, kt\u00f3re na zawsze pozostanie Twoim domem, dop\u00f3ki jest w nim Tata  Podkre\u015bl wa\u017cne miejsce za pomoc\u0105 wybranego symbolu  Spersonalizuj w 3 prostych krokach  Dodaj dedykacj\u0119 prosto z serca  Interaktywny podgl\u0105d pozwoli dopracowa\u0107 ka\u017cdy szczeg\u00f3\u0142\" \/>\n<meta property=\"og:url\" content=\"https:\/\/positiveprints.com\/pl\/produkt\/nie-ma-jak-u-taty\/\" \/>\n<meta property=\"og:site_name\" content=\"Positive Prints\" \/>\n<meta property=\"article:publisher\" content=\"https:\/\/www.facebook.com\/positiveprintscom\" \/>\n<meta property=\"article:modified_time\" content=\"2026-04-28T13:41:38+00:00\" \/>\n<meta property=\"og:image\" content=\"https:\/\/positiveprints.com\/wp-content\/uploads\/2023\/04\/prezent-mapa-plakat-dla-taty.jpg\" \/>\n\t<meta property=\"og:image:width\" content=\"1080\" \/>\n\t<meta property=\"og:image:height\" content=\"1080\" \/>\n\t<meta property=\"og:image:type\" content=\"image\/jpeg\" \/>\n<meta name=\"twitter:card\" content=\"summary_large_image\" \/>\n<!-- \/ Yoast SEO Premium plugin. -->","yoast_head_json":{"title":"Nie Ma Jak u Taty - Prezent na Dzie\u0144 Ojca - Positive Prints","description":"Plakat \u201eNie Ma Jak u Taty\u201d to estetyczna i szczeg\u00f3\u0142owa mapa wskazanej przez Ciebie lokalizacji. Zam\u00f3w na prezent dla taty.","robots":{"index":"index","follow":"follow","max-snippet":"max-snippet:-1","max-image-preview":"max-image-preview:large","max-video-preview":"max-video-preview:-1"},"canonical":"https:\/\/positiveprints.com\/pl\/produkt\/nie-ma-jak-u-taty\/","og_locale":"pl_PL","og_type":"article","og_title":"Nie Ma Jak u Taty","og_description":"Stw\u00f3rz map\u0119 z miejscem, kt\u00f3re na zawsze pozostanie Twoim domem, dop\u00f3ki jest w nim Tata  Podkre\u015bl wa\u017cne miejsce za pomoc\u0105 wybranego symbolu  Spersonalizuj w 3 prostych krokach  Dodaj dedykacj\u0119 prosto z serca  Interaktywny podgl\u0105d pozwoli dopracowa\u0107 ka\u017cdy szczeg\u00f3\u0142","og_url":"https:\/\/positiveprints.com\/pl\/produkt\/nie-ma-jak-u-taty\/","og_site_name":"Positive Prints","article_publisher":"https:\/\/www.facebook.com\/positiveprintscom","article_modified_time":"2026-04-28T13:41:38+00:00","og_image":[{"width":1080,"height":1080,"url":"https:\/\/positiveprints.com\/wp-content\/uploads\/2023\/04\/prezent-mapa-plakat-dla-taty.jpg","type":"image\/jpeg"}],"twitter_card":"summary_large_image","schema":{"@context":"https:\/\/schema.org","@graph":[{"@type":["WebPage","ItemPage"],"@id":"https:\/\/positiveprints.com\/pl\/produkt\/nie-ma-jak-u-taty\/","url":"https:\/\/positiveprints.com\/pl\/produkt\/nie-ma-jak-u-taty\/","name":"Nie Ma Jak u Taty - Prezent na Dzie\u0144 Ojca - Positive Prints","isPartOf":{"@id":"https:\/\/positiveprints.com\/pl\/#website"},"primaryImageOfPage":{"@id":"https:\/\/positiveprints.com\/pl\/produkt\/nie-ma-jak-u-taty\/#primaryimage"},"image":{"@id":"https:\/\/positiveprints.com\/pl\/produkt\/nie-ma-jak-u-taty\/#primaryimage"},"thumbnailUrl":"https:\/\/positiveprints.com\/wp-content\/uploads\/2023\/04\/prezent-mapa-plakat-dla-taty.jpg","datePublished":"2022-03-10T11:01:34+00:00","dateModified":"2026-04-28T13:41:38+00:00","description":"Plakat \u201eNie Ma Jak u Taty\u201d to estetyczna i szczeg\u00f3\u0142owa mapa wskazanej przez Ciebie lokalizacji. Zam\u00f3w na prezent dla taty.","breadcrumb":{"@id":"https:\/\/positiveprints.com\/pl\/produkt\/nie-ma-jak-u-taty\/#breadcrumb"},"inLanguage":"pl-PL","potentialAction":[{"@type":"ReadAction","target":["https:\/\/positiveprints.com\/pl\/produkt\/nie-ma-jak-u-taty\/"]}]},{"@type":"ImageObject","inLanguage":"pl-PL","@id":"https:\/\/positiveprints.com\/pl\/produkt\/nie-ma-jak-u-taty\/#primaryimage","url":"https:\/\/positiveprints.com\/wp-content\/uploads\/2023\/04\/prezent-mapa-plakat-dla-taty.jpg","contentUrl":"https:\/\/positiveprints.com\/wp-content\/uploads\/2023\/04\/prezent-mapa-plakat-dla-taty.jpg","width":1080,"height":1080,"caption":"prezent mapa plakat dla taty"},{"@type":"BreadcrumbList","@id":"https:\/\/positiveprints.com\/pl\/produkt\/nie-ma-jak-u-taty\/#breadcrumb","itemListElement":[{"@type":"ListItem","position":1,"name":"Home","item":"https:\/\/positiveprints.com\/pl\/"},{"@type":"ListItem","position":2,"name":"Produkty","item":"https:\/\/positiveprints.com\/pl\/shop\/"},{"@type":"ListItem","position":3,"name":"Nie Ma Jak u Taty"}]},{"@type":"WebSite","@id":"https:\/\/positiveprints.com\/pl\/#website","url":"https:\/\/positiveprints.com\/pl\/","name":"Positive Prints","description":"Amazing Custom Personalized Gifts","publisher":{"@id":"https:\/\/positiveprints.com\/pl\/#organization"},"potentialAction":[{"@type":"SearchAction","target":{"@type":"EntryPoint","urlTemplate":"https:\/\/positiveprints.com\/pl\/?s={search_term_string}"},"query-input":{"@type":"PropertyValueSpecification","valueRequired":true,"valueName":"search_term_string"}}],"inLanguage":"pl-PL"},{"@type":"Organization","@id":"https:\/\/positiveprints.com\/pl\/#organization","name":"Positive Prints","alternateName":"Positive Prints","url":"https:\/\/positiveprints.com\/pl\/","logo":{"@type":"ImageObject","inLanguage":"pl-PL","@id":"https:\/\/positiveprints.com\/pl\/#\/schema\/logo\/image\/","url":"https:\/\/positiveprints.com\/wp-content\/uploads\/2026\/03\/245815646_1337939713319158_5671353136411139666_n.png","contentUrl":"https:\/\/positiveprints.com\/wp-content\/uploads\/2026\/03\/245815646_1337939713319158_5671353136411139666_n.png","width":800,"height":800,"caption":"Positive Prints"},"image":{"@id":"https:\/\/positiveprints.com\/pl\/#\/schema\/logo\/image\/"},"sameAs":["https:\/\/www.facebook.com\/positiveprintscom","https:\/\/www.instagram.com\/positiveprintscom\/","https:\/\/www.tiktok.com\/@positiveprintscom","https:\/\/www.pinterest.com\/positiveprintscom\/"]}]}},"jetpack_sharing_enabled":true,"_links":{"self":[{"href":"https:\/\/positiveprints.com\/pl\/wp-json\/wp\/v2\/product\/262306","targetHints":{"allow":["GET"]}}],"collection":[{"href":"https:\/\/positiveprints.com\/pl\/wp-json\/wp\/v2\/product"}],"about":[{"href":"https:\/\/positiveprints.com\/pl\/wp-json\/wp\/v2\/types\/product"}],"wp:featuredmedia":[{"embeddable":true,"href":"https:\/\/positiveprints.com\/pl\/wp-json\/wp\/v2\/media\/466248"}],"wp:attachment":[{"href":"https:\/\/positiveprints.com\/pl\/wp-json\/wp\/v2\/media?parent=262306"}],"wp:term":[{"taxonomy":"product_brand","embeddable":true,"href":"https:\/\/positiveprints.com\/pl\/wp-json\/wp\/v2\/product_brand?post=262306"},{"taxonomy":"product_cat","embeddable":true,"href":"https:\/\/positiveprints.com\/pl\/wp-json\/wp\/v2\/product_cat?post=262306"},{"taxonomy":"product_tag","embeddable":true,"href":"https:\/\/positiveprints.com\/pl\/wp-json\/wp\/v2\/product_tag?post=262306"}],"curies":[{"name":"wp","href":"https:\/\/api.w.org\/{rel}","templated":true}]}}