{"id":262300,"date":"2022-03-10T13:15:56","date_gmt":"2022-03-10T12:15:56","guid":{"rendered":"https:\/\/positiveprints.com\/product\/kiedy-zostales-tata\/"},"modified":"2026-04-07T16:01:29","modified_gmt":"2026-04-07T15:01:29","slug":"kiedy-zostales-tata","status":"publish","type":"product","link":"https:\/\/positiveprints.com\/pl\/produkt\/kiedy-zostales-tata\/","title":{"rendered":"Kiedy Zosta\u0142e\u015b Tat\u0105"},"content":{"rendered":"<h2 class=\"grenB f24 cblue\">Mapa \u201eKiedy Zosta\u0142e\u015b Tat\u0105\u201d \u2013 idealny pomys\u0142 na prezent<\/h2>\n<p style=\"margin-top: 1rem\">Ka\u017cdej nocy niebo nad naszymi g\u0142owami wygl\u0105da troch\u0119 inaczej \u2013 faza ksi\u0119\u017cyca, u\u0142o\u017cenie konstelacji i planet zmieniaj\u0105 si\u0119 codziennie. R\u00f3wnie\u017c dzie\u0144 Twoich narodzin by\u0142 wyj\u0105tkowy \u2013 nie tylko ze wzgl\u0119du na oryginalne u\u0142o\u017cenie gwiazd, ale tak\u017ce dlatego, \u017ce Tw\u00f3j tata zosta\u0142 wtedy tat\u0105. Czy jest lepszy pow\u00f3d do \u015bwi\u0119towania?<\/p>\n<p style=\"margin-top: 1rem\">Dzi\u0119ki personalizowanemu plakatowi z map\u0105 nieba odtworzysz u\u0142o\u017cenie gwiazd w dniu Twoich narodzin. W\u0142a\u015bnie wtedy Tw\u00f3j tata zosta\u0142 tat\u0105 po raz pierwszy lub kolejny. To wyj\u0105tkowy dzie\u0144 r\u00f3wnie\u017c dla niego, a plakat z map\u0105 nieba pozwoli mu wraca\u0107 wspomnieniami do tego momentu za ka\u017cdym razem, kiedy na niego spojrzy.<\/p>\n<h2 class=\"grenB f24 cblue\" style=\"margin-top: 3rem\">Zaprojektuj niespodziank\u0119 dla taty w 3 prostych krokach<\/h2>\n<p style=\"margin-top: 1rem\">Ka\u017cda mapa nieba tworzona jest na zam\u00f3wienie na podstawie podanej daty i lokalizacji. Dane, na kt\u00f3rych opieramy projekty pochodz\u0105 od satelity Hipparcos-2, dzi\u0119ki czemu s\u0105 niezwykle precyzyjne.<\/p>\n<p style=\"margin-top: 1rem\">Nie musisz g\u0142owi\u0107 si\u0119 nadmiernie ani posiada\u0107 zmys\u0142u artystycznego. Dzi\u0119ki przyst\u0119pnemu kreatorowi na stronie Positive Prints w kilku prostych krokach zaprojektujesz sw\u00f3j wydruk, a wszelkie wprowadzane zmiany sprawdzisz na interaktywnym podgl\u0105dzie. Wybierz styl mapy oraz jej kszta\u0142t, a nast\u0119pnie dodaj detale, kt\u00f3re sprawi\u0105, \u017ce ten wydruk b\u0119dzie absolutnie wyj\u0105tkowy dla Twojego taty. Na koniec zdecyduj jaki format b\u0119dzie dla Ciebie najlepszy.<\/p>\n<p style=\"margin-top: 1rem\">Prezent na Dzie\u0144 Ojca lub inn\u0105 okazj\u0119? Wybieraj spo\u015br\u00f3d r\u00f3\u017cnorodnych opcji, przygotowanych przez Positive Prints.<\/p><h2 class=\"wp-block-heading\" id=\"h-faq\"><strong>FAQ<\/strong><\/h2><details class=\"wp-block-details is-layout-flow wp-block-details-is-layout-flow\"><summary><strong>Czym jest Mapa Nieba &#8220;Kiedy Zosta\u0142e\u015b Tat\u0105&#8221;?<\/strong><\/summary><p>Mapa \u201eKiedy Zosta\u0142e\u015b Tat\u0105\u201d to spersonalizowany plakat przedstawiaj\u0105cy uk\u0142ad gwiazd z dnia narodzin dziecka. Uwiecznia wyj\u0105tkowy, wzruszaj\u0105cy moment, gdy tata po raz pierwszy trzyma\u0142 swoje male\u0144stwo w ramionach. To pi\u0119kna pami\u0105tka, kt\u00f3ra pozwala zachowa\u0107 to niezwyk\u0142e wspomnienie na ca\u0142e \u017cycie.<\/p><\/details><details class=\"wp-block-details is-layout-flow wp-block-details-is-layout-flow\"><summary><strong>Czy mapa jest naukowo dok\u0142adna?<\/strong><\/summary><p>Tak, ka\u017cda mapa jest naukowo dok\u0142adna. U\u017cywa danych zebranych podczas kluczowej misja Europejskiej Agencji Kosmicznej (ESA) przez satelit\u0119 Hipparcos,\u00a0 do precyzyjnego odwzorowania uk\u0142adu gwiazd. Ponadto, pokazuje autentyczny uk\u0142ad planet i konstelacji z wybranej daty i lokalizacji. Dodatkowo, interaktywny podgl\u0105d pozwala dopracowa\u0107 ka\u017cdy szczeg\u00f3\u0142 w czasie rzeczywistym.\u200b<\/p><\/details><details class=\"wp-block-details is-layout-flow wp-block-details-is-layout-flow\"><summary><strong>Dlaczego to idealny prezent na Dzie\u0144 Ojca?<\/strong><\/summary><p>To wyj\u0105tkowy prezent, kt\u00f3ry celebruje jeden z najwa\u017cniejszych dni w \u017cyciu taty. Wzruszaj\u0105ca niespodzianka, pozwalaj\u0105ca wraca\u0107 wspomnieniami do momentu narodzin dziecka. Taka mapa nieba staje si\u0119 pi\u0119kn\u0105 pami\u0105tk\u0105 na lata, przypominaj\u0105c\u0105 o najszcz\u0119\u015bliwszym dniu.<\/p><\/details><details class=\"wp-block-details is-layout-flow wp-block-details-is-layout-flow\"><summary><strong>Jak zaprojektowa\u0107 Map\u0119 &#8220;Kiedy Zosta\u0142e\u015b Tat\u0105&#8221;?<\/strong><\/summary><p>Stworzenie mapy nieba to trzy proste kroki. Po pierwsze, wybierz kszta\u0142t, styl kolorystyczny i elementy astralne mapy nieba do wy\u015bwietlenia. Nast\u0119pnie, wprowad\u017a dat\u0119, miejsce, czas i dodaj swoj\u0105 dedykacj\u0119 prosto z serca. Na koniec, wybierz rodzaj wydruku i rozmiar. Mo\u017cesz zam\u00f3wi\u0107 plakat sam lub z ram\u0105, wydruk na p\u0142\u00f3tnie lub plik cyfrowy.<\/p><\/details><details class=\"wp-block-details is-layout-flow wp-block-details-is-layout-flow\"><summary><strong>Na jakie okazje sprawdzi si\u0119 ta mapa?<\/strong><\/summary><p>Ta mapa gwiazd sprawdzi si\u0119 na Dzie\u0144 Ojca, urodziny lub imieniny taty oraz Bo\u017ce Narodzenie. Ponadto, to \u015bwietny prezent z okazji narodzin dziecka lub roczek.<\/p><\/details><details class=\"wp-block-details is-layout-flow wp-block-details-is-layout-flow\"><summary><strong>Jak szybko otrzymam map\u0119?<\/strong><\/summary><p>W przypadku pilnego prezentu wybierz natychmiastowy plik cyfrowy do pobrania jest to\u2013 plik JPEG o wysokiej rozdzielczo\u015bci 300 dpi, kt\u00f3ry mo\u017cesz wydrukowa\u0107 samodzielnie. W przypadku produkt\u00f3w fizycznych drukujemy i wysy\u0142amy lokalnie z naszych drukarni w Australii, Kanadzie, Stanach Zjednoczonych, Wielkiej Brytanii i Polsce. Gwarantuje to szybk\u0105 i niezawodn\u0105 dostaw\u0119, cz\u0119sto w ci\u0105gu zaledwie kilku dni.<\/p><\/details>","protected":false},"excerpt":{"rendered":"<ul class=\"check-list\">\n<li>Dodaj planety, konstelacje i Drog\u0119 Mleczn\u0105 <\/li>\n<li>Spersonalizuj w 3 prostych krokach<\/li>\n<li>Dodaj dedykacj\u0119 prosto z serca<\/li>\n<li>Interaktywny podgl\u0105d pozwoli dopracowa\u0107 ka\u017cdy szczeg\u00f3\u0142<\/li>\n<\/ul>\n","protected":false},"featured_media":1224635,"template":"","meta":[],"product_brand":[],"product_cat":[9279,11406,7978,7339,3114,5271],"product_tag":[12615,15572,8556,9286,13688,11763],"class_list":{"0":"post-262300","1":"product","2":"type-product","3":"status-publish","4":"has-post-thumbnail","6":"product_cat-bestsellers-label-pl","7":"product_cat-prezenty-pod-choinke-dla-taty","8":"product_cat-prezent-dla-taty","9":"product_cat-prezenty-na-dzien-ojca","10":"product_cat-star-pl-2","11":"product_cat-prezent-na-boze-narodzenie","12":"product_tag-dzien-ojca","13":"product_tag-dzien-w-ktorym-zostales-tata","14":"product_tag-father-pl","15":"product_tag-najlepszy-tata-na-swiecie","16":"product_tag-prezent-na-dzien-ojca","17":"product_tag-prezenty-pod-choinke-dla-taty","19":"first","20":"instock","21":"sale","22":"taxable","23":"shipping-taxable","24":"purchasable","25":"product-type-variable"},"yoast_head":"<!-- This site is optimized with the Yoast SEO Premium plugin v27.2 (Yoast SEO v27.2) - https:\/\/yoast.com\/product\/yoast-seo-premium-wordpress\/ -->\n<title>Kiedy Zosta\u0142e\u015b Tat\u0105 \u2013 Prezent na Dzie\u0144 Ojca - Positive Prints<\/title>\n<meta name=\"description\" content=\"Prezent na Dzie\u0144 Ojca lub inn\u0105 okazj\u0119? Wybieraj spo\u015br\u00f3d r\u00f3\u017cnorodnych opcji, przygotowanych przez Positive Prints.\" \/>\n<meta name=\"robots\" content=\"index, follow, max-snippet:-1, max-image-preview:large, max-video-preview:-1\" \/>\n<link rel=\"canonical\" href=\"https:\/\/positiveprints.com\/pl\/produkt\/kiedy-zostales-tata\/\" \/>\n<meta property=\"og:locale\" content=\"pl_PL\" \/>\n<meta property=\"og:type\" content=\"article\" \/>\n<meta property=\"og:title\" content=\"Kiedy Zosta\u0142e\u015b Tat\u0105\" \/>\n<meta property=\"og:description\" content=\"Dodaj planety, konstelacje i Drog\u0119 Mleczn\u0105   Spersonalizuj w 3 prostych krokach  Dodaj dedykacj\u0119 prosto z serca  Interaktywny podgl\u0105d pozwoli dopracowa\u0107 ka\u017cdy szczeg\u00f3\u0142\" \/>\n<meta property=\"og:url\" content=\"https:\/\/positiveprints.com\/pl\/produkt\/kiedy-zostales-tata\/\" \/>\n<meta property=\"og:site_name\" content=\"Positive Prints\" \/>\n<meta property=\"article:publisher\" content=\"https:\/\/www.facebook.com\/positiveprintscom\" \/>\n<meta property=\"article:modified_time\" content=\"2026-04-07T15:01:29+00:00\" \/>\n<meta property=\"og:image\" content=\"https:\/\/positiveprints.com\/wp-content\/uploads\/2024\/10\/Packshot_PL_The-Day-You-Became-My-Daddy-product-image.webp\" \/>\n\t<meta property=\"og:image:width\" content=\"1450\" \/>\n\t<meta property=\"og:image:height\" content=\"1450\" \/>\n\t<meta property=\"og:image:type\" content=\"image\/webp\" \/>\n<meta name=\"twitter:card\" content=\"summary_large_image\" \/>\n<meta name=\"twitter:label1\" content=\"Szacowany czas czytania\" \/>\n\t<meta name=\"twitter:data1\" content=\"3 minuty\" \/>\n<!-- \/ Yoast SEO Premium plugin. -->","yoast_head_json":{"title":"Kiedy Zosta\u0142e\u015b Tat\u0105 \u2013 Prezent na Dzie\u0144 Ojca - Positive Prints","description":"Prezent na Dzie\u0144 Ojca lub inn\u0105 okazj\u0119? Wybieraj spo\u015br\u00f3d r\u00f3\u017cnorodnych opcji, przygotowanych przez Positive Prints.","robots":{"index":"index","follow":"follow","max-snippet":"max-snippet:-1","max-image-preview":"max-image-preview:large","max-video-preview":"max-video-preview:-1"},"canonical":"https:\/\/positiveprints.com\/pl\/produkt\/kiedy-zostales-tata\/","og_locale":"pl_PL","og_type":"article","og_title":"Kiedy Zosta\u0142e\u015b Tat\u0105","og_description":"Dodaj planety, konstelacje i Drog\u0119 Mleczn\u0105   Spersonalizuj w 3 prostych krokach  Dodaj dedykacj\u0119 prosto z serca  Interaktywny podgl\u0105d pozwoli dopracowa\u0107 ka\u017cdy szczeg\u00f3\u0142","og_url":"https:\/\/positiveprints.com\/pl\/produkt\/kiedy-zostales-tata\/","og_site_name":"Positive Prints","article_publisher":"https:\/\/www.facebook.com\/positiveprintscom","article_modified_time":"2026-04-07T15:01:29+00:00","og_image":[{"width":1450,"height":1450,"url":"https:\/\/positiveprints.com\/wp-content\/uploads\/2024\/10\/Packshot_PL_The-Day-You-Became-My-Daddy-product-image.webp","type":"image\/webp"}],"twitter_card":"summary_large_image","twitter_misc":{"Szacowany czas czytania":"3 minuty"},"schema":{"@context":"https:\/\/schema.org","@graph":[{"@type":["WebPage","ItemPage"],"@id":"https:\/\/positiveprints.com\/pl\/produkt\/kiedy-zostales-tata\/","url":"https:\/\/positiveprints.com\/pl\/produkt\/kiedy-zostales-tata\/","name":"Kiedy Zosta\u0142e\u015b Tat\u0105 \u2013 Prezent na Dzie\u0144 Ojca - Positive Prints","isPartOf":{"@id":"https:\/\/positiveprints.com\/pl\/#website"},"primaryImageOfPage":{"@id":"https:\/\/positiveprints.com\/pl\/produkt\/kiedy-zostales-tata\/#primaryimage"},"image":{"@id":"https:\/\/positiveprints.com\/pl\/produkt\/kiedy-zostales-tata\/#primaryimage"},"thumbnailUrl":"https:\/\/positiveprints.com\/wp-content\/uploads\/2024\/10\/Packshot_PL_The-Day-You-Became-My-Daddy-product-image.webp","datePublished":"2022-03-10T12:15:56+00:00","dateModified":"2026-04-07T15:01:29+00:00","description":"Prezent na Dzie\u0144 Ojca lub inn\u0105 okazj\u0119? Wybieraj spo\u015br\u00f3d r\u00f3\u017cnorodnych opcji, przygotowanych przez Positive Prints.","breadcrumb":{"@id":"https:\/\/positiveprints.com\/pl\/produkt\/kiedy-zostales-tata\/#breadcrumb"},"inLanguage":"pl-PL","potentialAction":[{"@type":"ReadAction","target":["https:\/\/positiveprints.com\/pl\/produkt\/kiedy-zostales-tata\/"]}]},{"@type":"ImageObject","inLanguage":"pl-PL","@id":"https:\/\/positiveprints.com\/pl\/produkt\/kiedy-zostales-tata\/#primaryimage","url":"https:\/\/positiveprints.com\/wp-content\/uploads\/2024\/10\/Packshot_PL_The-Day-You-Became-My-Daddy-product-image.webp","contentUrl":"https:\/\/positiveprints.com\/wp-content\/uploads\/2024\/10\/Packshot_PL_The-Day-You-Became-My-Daddy-product-image.webp","width":1450,"height":1450},{"@type":"BreadcrumbList","@id":"https:\/\/positiveprints.com\/pl\/produkt\/kiedy-zostales-tata\/#breadcrumb","itemListElement":[{"@type":"ListItem","position":1,"name":"Home","item":"https:\/\/positiveprints.com\/pl\/"},{"@type":"ListItem","position":2,"name":"Produkty","item":"https:\/\/positiveprints.com\/pl\/shop\/"},{"@type":"ListItem","position":3,"name":"Kiedy Zosta\u0142e\u015b Tat\u0105"}]},{"@type":"WebSite","@id":"https:\/\/positiveprints.com\/pl\/#website","url":"https:\/\/positiveprints.com\/pl\/","name":"Positive Prints","description":"Amazing Custom Personalized Gifts","publisher":{"@id":"https:\/\/positiveprints.com\/pl\/#organization"},"potentialAction":[{"@type":"SearchAction","target":{"@type":"EntryPoint","urlTemplate":"https:\/\/positiveprints.com\/pl\/?s={search_term_string}"},"query-input":{"@type":"PropertyValueSpecification","valueRequired":true,"valueName":"search_term_string"}}],"inLanguage":"pl-PL"},{"@type":"Organization","@id":"https:\/\/positiveprints.com\/pl\/#organization","name":"Positive Prints","alternateName":"Positive Prints","url":"https:\/\/positiveprints.com\/pl\/","logo":{"@type":"ImageObject","inLanguage":"pl-PL","@id":"https:\/\/positiveprints.com\/pl\/#\/schema\/logo\/image\/","url":"https:\/\/positiveprints.com\/wp-content\/uploads\/2026\/03\/245815646_1337939713319158_5671353136411139666_n.png","contentUrl":"https:\/\/positiveprints.com\/wp-content\/uploads\/2026\/03\/245815646_1337939713319158_5671353136411139666_n.png","width":800,"height":800,"caption":"Positive Prints"},"image":{"@id":"https:\/\/positiveprints.com\/pl\/#\/schema\/logo\/image\/"},"sameAs":["https:\/\/www.facebook.com\/positiveprintscom","https:\/\/www.instagram.com\/positiveprintscom\/","https:\/\/www.tiktok.com\/@positiveprintscom","https:\/\/www.pinterest.com\/positiveprintscom\/"]}]}},"jetpack_sharing_enabled":true,"_links":{"self":[{"href":"https:\/\/positiveprints.com\/pl\/wp-json\/wp\/v2\/product\/262300","targetHints":{"allow":["GET"]}}],"collection":[{"href":"https:\/\/positiveprints.com\/pl\/wp-json\/wp\/v2\/product"}],"about":[{"href":"https:\/\/positiveprints.com\/pl\/wp-json\/wp\/v2\/types\/product"}],"wp:featuredmedia":[{"embeddable":true,"href":"https:\/\/positiveprints.com\/pl\/wp-json\/wp\/v2\/media\/1224635"}],"wp:attachment":[{"href":"https:\/\/positiveprints.com\/pl\/wp-json\/wp\/v2\/media?parent=262300"}],"wp:term":[{"taxonomy":"product_brand","embeddable":true,"href":"https:\/\/positiveprints.com\/pl\/wp-json\/wp\/v2\/product_brand?post=262300"},{"taxonomy":"product_cat","embeddable":true,"href":"https:\/\/positiveprints.com\/pl\/wp-json\/wp\/v2\/product_cat?post=262300"},{"taxonomy":"product_tag","embeddable":true,"href":"https:\/\/positiveprints.com\/pl\/wp-json\/wp\/v2\/product_tag?post=262300"}],"curies":[{"name":"wp","href":"https:\/\/api.w.org\/{rel}","templated":true}]}}