{"id":245279,"date":"2022-02-09T12:29:15","date_gmt":"2022-02-09T11:29:15","guid":{"rendered":"https:\/\/positiveprints.com\/product\/mapa-tato-jestesmy-blisko\/"},"modified":"2026-04-12T23:23:08","modified_gmt":"2026-04-12T22:23:08","slug":"mapa-tato-jestesmy-blisko","status":"publish","type":"product","link":"https:\/\/positiveprints.com\/pl\/produkt\/mapa-tato-jestesmy-blisko\/","title":{"rendered":"Tato, Jeste\u015bmy Blisko"},"content":{"rendered":"<h2 class=\"grenB f24 cblue\">Czym jest mapa \u201eTato, Jeste\u015bmy Blisko\u201d?<\/h2>\r\n<p style=\"margin-top: 1rem\">Bycie blisko os\u00f3b, kt\u00f3re kochasz to przywilej. Mapa \u201eTato, Jeste\u015bmy Blisko\u201d to dow\u00f3d na to, jak bardzo t\u0119sknisz za swoim tat\u0105, kiedy jeste\u015bcie daleko od siebie. <\/p>\r\n<p style=\"margin-top: 1rem\">Potr\u00f3jna mapa \u201eTato, Jeste\u015bmy Blisko\u201d to opowie\u015b\u0107 rodzinna. Wskazuje wyj\u0105tkowe miejsca, kt\u00f3re \u0142\u0105cz\u0105 Ciebie, Twoje rodze\u0144stwo oraz Waszego tat\u0119, np. miejsca zamieszkania, ulubione cele podr\u00f3\u017cy lub inne wa\u017cne dla Was lokalizacje.<\/p>\r\n<h2 class=\"grenB f24 cblue\" style=\"margin-top: 3rem\">Mapa \u201eTato, Jeste\u015bmy Blisko\u201d \u2013 idealny prezent na Dzie\u0144 Ojca!<\/h2>\r\n<p style=\"margin-top: 1rem\">Nawet je\u015bli jeste\u015bcie oddaleni od siebie fizycznie, ten podarunek zbli\u017cy Was do siebie emocjonalnie! Wystarczy jedno spojrzenie na map\u0119, aby przypomnie\u0107 sobie wszystkie radosne chwile, do kt\u00f3rych nawi\u0105zuje plakat.<\/p>\r\n<p style=\"margin-top: 1rem\">Projektowanie mapy to tylko 3 proste kroki! Nasz interaktywny edytor zosta\u0142 zaprojektowany tak, aby wi\u0119ksz\u0105 cz\u0119\u015b\u0107 pracy wykona\u0107 za Ciebie. Wybierz styl i kszta\u0142t mapy, a nast\u0119pnie dodaj wybrane szczeg\u00f3\u0142y. Wska\u017c lokalizacje, kt\u00f3re powinny pojawi\u0107 si\u0119 na mapach. W kolejnym kroku dodaj ulubiony cytat, s\u0142owa piosenki, daty lub dedykacje, kt\u00f3re pos\u0142u\u017c\u0105 mapom za podpisy. Na sam koniec zdecyduj, jaki format odpowiada Ci najbardziej, a my zajmiemy si\u0119 reszt\u0105!<\/p>\r\n<p style=\"margin-top: 1rem\">Mapa \u201eTato, Jeste\u015bmy Blisko\u201d to pomys\u0142 na prezent na Dzie\u0144 Ojca, kt\u00f3ry wzrusza i zachwyca. Zacznij projektowa\u0107 go ju\u017c dzi\u015b!<\/p>","protected":false},"excerpt":{"rendered":"<ul class=\"check-list\">\n<li>B\u0105d\u017acie blisko, niezale\u017cnie od odleg\u0142o\u015bci &#8211; stw\u00f3rz map\u0119 z miejscami, w kt\u00f3rych mieszkasz Ty i Twoje rodze\u0144stwo<\/li>\n<li>Wyr\u00f3\u017cnij szczeg\u00f3lne lokalizacje za pomoc\u0105 symbolu<\/li>\n<li>Spersonalizuj w 3 prostych krokach<\/li>\n<li>Dodaj dedykacj\u0119 prosto z serca<\/li>\n<li>Interaktywny podgl\u0105d pozwoli dopracowa\u0107 ka\u017cdy szczeg\u00f3\u0142<\/li>\n<\/ul>\n","protected":false},"featured_media":1468112,"template":"","meta":[],"product_brand":[],"product_cat":[7978,7225],"product_tag":[8556],"class_list":{"0":"post-245279","1":"product","2":"type-product","3":"status-publish","4":"has-post-thumbnail","6":"product_cat-prezent-dla-taty","7":"product_cat-triple-maps-pl","8":"product_tag-father-pl","10":"first","11":"instock","12":"sale","13":"taxable","14":"shipping-taxable","15":"purchasable","16":"product-type-variable"},"yoast_head":"<!-- This site is optimized with the Yoast SEO Premium plugin v27.2 (Yoast SEO v27.2) - https:\/\/yoast.com\/product\/yoast-seo-premium-wordpress\/ -->\n<title>Tato, Jeste\u015bmy Blisko - Personalizowany Prezent dla Taty - Positive Prints<\/title>\n<meta name=\"description\" content=\"Tato, Jeste\u015bmy Blisko to doskona\u0142y prezent na Dzie\u0144 Ojca lub urodziny najwa\u017cniejszej osoby w Twoim \u017cyciu. Wysy\u0142ka na ca\u0142y \u015bwiat.\" \/>\n<meta name=\"robots\" content=\"index, follow, max-snippet:-1, max-image-preview:large, max-video-preview:-1\" \/>\n<link rel=\"canonical\" href=\"https:\/\/positiveprints.com\/pl\/produkt\/mapa-tato-jestesmy-blisko\/\" \/>\n<meta property=\"og:locale\" content=\"pl_PL\" \/>\n<meta property=\"og:type\" content=\"article\" \/>\n<meta property=\"og:title\" content=\"Tato, Jeste\u015bmy Blisko\" \/>\n<meta property=\"og:description\" content=\"B\u0105d\u017acie blisko, niezale\u017cnie od odleg\u0142o\u015bci - stw\u00f3rz map\u0119 z miejscami, w kt\u00f3rych mieszkasz Ty i Twoje rodze\u0144stwo  Wyr\u00f3\u017cnij szczeg\u00f3lne lokalizacje za pomoc\u0105 symbolu  Spersonalizuj w 3 prostych krokach  Dodaj dedykacj\u0119 prosto z serca  Interaktywny podgl\u0105d pozwoli dopracowa\u0107 ka\u017cdy szczeg\u00f3\u0142\" \/>\n<meta property=\"og:url\" content=\"https:\/\/positiveprints.com\/pl\/produkt\/mapa-tato-jestesmy-blisko\/\" \/>\n<meta property=\"og:site_name\" content=\"Positive Prints\" \/>\n<meta property=\"article:publisher\" content=\"https:\/\/www.facebook.com\/positiveprintscom\" \/>\n<meta property=\"article:modified_time\" content=\"2026-04-12T22:23:08+00:00\" \/>\n<meta property=\"og:image\" content=\"https:\/\/positiveprints.com\/wp-content\/uploads\/2025\/07\/Packshot_PL_Mappa-per-Sentirsi-Vicini-al-Papa\u0300.webp\" \/>\n\t<meta property=\"og:image:width\" content=\"1450\" \/>\n\t<meta property=\"og:image:height\" content=\"1450\" \/>\n\t<meta property=\"og:image:type\" content=\"image\/webp\" \/>\n<meta name=\"twitter:card\" content=\"summary_large_image\" \/>\n<meta name=\"twitter:label1\" content=\"Szacowany czas czytania\" \/>\n\t<meta name=\"twitter:data1\" content=\"2 minuty\" \/>\n<!-- \/ Yoast SEO Premium plugin. -->","yoast_head_json":{"title":"Tato, Jeste\u015bmy Blisko - Personalizowany Prezent dla Taty - Positive Prints","description":"Tato, Jeste\u015bmy Blisko to doskona\u0142y prezent na Dzie\u0144 Ojca lub urodziny najwa\u017cniejszej osoby w Twoim \u017cyciu. Wysy\u0142ka na ca\u0142y \u015bwiat.","robots":{"index":"index","follow":"follow","max-snippet":"max-snippet:-1","max-image-preview":"max-image-preview:large","max-video-preview":"max-video-preview:-1"},"canonical":"https:\/\/positiveprints.com\/pl\/produkt\/mapa-tato-jestesmy-blisko\/","og_locale":"pl_PL","og_type":"article","og_title":"Tato, Jeste\u015bmy Blisko","og_description":"B\u0105d\u017acie blisko, niezale\u017cnie od odleg\u0142o\u015bci - stw\u00f3rz map\u0119 z miejscami, w kt\u00f3rych mieszkasz Ty i Twoje rodze\u0144stwo  Wyr\u00f3\u017cnij szczeg\u00f3lne lokalizacje za pomoc\u0105 symbolu  Spersonalizuj w 3 prostych krokach  Dodaj dedykacj\u0119 prosto z serca  Interaktywny podgl\u0105d pozwoli dopracowa\u0107 ka\u017cdy szczeg\u00f3\u0142","og_url":"https:\/\/positiveprints.com\/pl\/produkt\/mapa-tato-jestesmy-blisko\/","og_site_name":"Positive Prints","article_publisher":"https:\/\/www.facebook.com\/positiveprintscom","article_modified_time":"2026-04-12T22:23:08+00:00","og_image":[{"width":1450,"height":1450,"url":"https:\/\/positiveprints.com\/wp-content\/uploads\/2025\/07\/Packshot_PL_Mappa-per-Sentirsi-Vicini-al-Papa\u0300.webp","type":"image\/webp"}],"twitter_card":"summary_large_image","twitter_misc":{"Szacowany czas czytania":"2 minuty"},"schema":{"@context":"https:\/\/schema.org","@graph":[{"@type":["WebPage","ItemPage"],"@id":"https:\/\/positiveprints.com\/pl\/produkt\/mapa-tato-jestesmy-blisko\/","url":"https:\/\/positiveprints.com\/pl\/produkt\/mapa-tato-jestesmy-blisko\/","name":"Tato, Jeste\u015bmy Blisko - Personalizowany Prezent dla Taty - Positive Prints","isPartOf":{"@id":"https:\/\/positiveprints.com\/pl\/#website"},"primaryImageOfPage":{"@id":"https:\/\/positiveprints.com\/pl\/produkt\/mapa-tato-jestesmy-blisko\/#primaryimage"},"image":{"@id":"https:\/\/positiveprints.com\/pl\/produkt\/mapa-tato-jestesmy-blisko\/#primaryimage"},"thumbnailUrl":"https:\/\/positiveprints.com\/wp-content\/uploads\/2025\/07\/Packshot_PL_Mappa-per-Sentirsi-Vicini-al-Papa\u0300.webp","datePublished":"2022-02-09T11:29:15+00:00","dateModified":"2026-04-12T22:23:08+00:00","description":"Tato, Jeste\u015bmy Blisko to doskona\u0142y prezent na Dzie\u0144 Ojca lub urodziny najwa\u017cniejszej osoby w Twoim \u017cyciu. Wysy\u0142ka na ca\u0142y \u015bwiat.","breadcrumb":{"@id":"https:\/\/positiveprints.com\/pl\/produkt\/mapa-tato-jestesmy-blisko\/#breadcrumb"},"inLanguage":"pl-PL","potentialAction":[{"@type":"ReadAction","target":["https:\/\/positiveprints.com\/pl\/produkt\/mapa-tato-jestesmy-blisko\/"]}]},{"@type":"ImageObject","inLanguage":"pl-PL","@id":"https:\/\/positiveprints.com\/pl\/produkt\/mapa-tato-jestesmy-blisko\/#primaryimage","url":"https:\/\/positiveprints.com\/wp-content\/uploads\/2025\/07\/Packshot_PL_Mappa-per-Sentirsi-Vicini-al-Papa\u0300.webp","contentUrl":"https:\/\/positiveprints.com\/wp-content\/uploads\/2025\/07\/Packshot_PL_Mappa-per-Sentirsi-Vicini-al-Papa\u0300.webp","width":1450,"height":1450},{"@type":"BreadcrumbList","@id":"https:\/\/positiveprints.com\/pl\/produkt\/mapa-tato-jestesmy-blisko\/#breadcrumb","itemListElement":[{"@type":"ListItem","position":1,"name":"Home","item":"https:\/\/positiveprints.com\/pl\/"},{"@type":"ListItem","position":2,"name":"Produkty","item":"https:\/\/positiveprints.com\/pl\/shop\/"},{"@type":"ListItem","position":3,"name":"Tato, Jeste\u015bmy Blisko"}]},{"@type":"WebSite","@id":"https:\/\/positiveprints.com\/pl\/#website","url":"https:\/\/positiveprints.com\/pl\/","name":"Positive Prints","description":"Amazing Custom Personalized Gifts","publisher":{"@id":"https:\/\/positiveprints.com\/pl\/#organization"},"potentialAction":[{"@type":"SearchAction","target":{"@type":"EntryPoint","urlTemplate":"https:\/\/positiveprints.com\/pl\/?s={search_term_string}"},"query-input":{"@type":"PropertyValueSpecification","valueRequired":true,"valueName":"search_term_string"}}],"inLanguage":"pl-PL"},{"@type":"Organization","@id":"https:\/\/positiveprints.com\/pl\/#organization","name":"Positive Prints","alternateName":"Positive Prints","url":"https:\/\/positiveprints.com\/pl\/","logo":{"@type":"ImageObject","inLanguage":"pl-PL","@id":"https:\/\/positiveprints.com\/pl\/#\/schema\/logo\/image\/","url":"https:\/\/positiveprints.com\/wp-content\/uploads\/2026\/03\/245815646_1337939713319158_5671353136411139666_n.png","contentUrl":"https:\/\/positiveprints.com\/wp-content\/uploads\/2026\/03\/245815646_1337939713319158_5671353136411139666_n.png","width":800,"height":800,"caption":"Positive Prints"},"image":{"@id":"https:\/\/positiveprints.com\/pl\/#\/schema\/logo\/image\/"},"sameAs":["https:\/\/www.facebook.com\/positiveprintscom","https:\/\/www.instagram.com\/positiveprintscom\/","https:\/\/www.tiktok.com\/@positiveprintscom","https:\/\/www.pinterest.com\/positiveprintscom\/"]}]}},"jetpack_sharing_enabled":true,"_links":{"self":[{"href":"https:\/\/positiveprints.com\/pl\/wp-json\/wp\/v2\/product\/245279","targetHints":{"allow":["GET"]}}],"collection":[{"href":"https:\/\/positiveprints.com\/pl\/wp-json\/wp\/v2\/product"}],"about":[{"href":"https:\/\/positiveprints.com\/pl\/wp-json\/wp\/v2\/types\/product"}],"wp:featuredmedia":[{"embeddable":true,"href":"https:\/\/positiveprints.com\/pl\/wp-json\/wp\/v2\/media\/1468112"}],"wp:attachment":[{"href":"https:\/\/positiveprints.com\/pl\/wp-json\/wp\/v2\/media?parent=245279"}],"wp:term":[{"taxonomy":"product_brand","embeddable":true,"href":"https:\/\/positiveprints.com\/pl\/wp-json\/wp\/v2\/product_brand?post=245279"},{"taxonomy":"product_cat","embeddable":true,"href":"https:\/\/positiveprints.com\/pl\/wp-json\/wp\/v2\/product_cat?post=245279"},{"taxonomy":"product_tag","embeddable":true,"href":"https:\/\/positiveprints.com\/pl\/wp-json\/wp\/v2\/product_tag?post=245279"}],"curies":[{"name":"wp","href":"https:\/\/api.w.org\/{rel}","templated":true}]}}