{"id":245277,"date":"2022-02-21T12:26:30","date_gmt":"2022-02-21T11:26:30","guid":{"rendered":"https:\/\/positiveprints.com\/product\/nasz-ksiezyc\/"},"modified":"2026-04-18T07:02:08","modified_gmt":"2026-04-18T06:02:08","slug":"nasz-ksiezyc","status":"publish","type":"product","link":"https:\/\/positiveprints.com\/pl\/produkt\/nasz-ksiezyc\/","title":{"rendered":"Nasz Ksi\u0119\u017cyc"},"content":{"rendered":"<h2 class=\"grenB f24 cblue\">Idealny prezent z okazji rocznicy!<\/h2>\r\n<p style=\"margin-top: 1rem\">Wiecz\u00f3r narodzin Waszej mi\u0142o\u015bci mia\u0142 dodatkowego \u015bwiadka. To ksi\u0119\u017cyc, kt\u00f3ry obserwowa\u0142 z g\u00f3ry kie\u0142kuj\u0105ce mi\u0119dzy Wami uczucie. Je\u015bli ta noc odmieni\u0142a ca\u0142e Twoje \u017cycie, warto upami\u0119tni\u0107 ten moment w wyj\u0105tkowy spos\u00f3b. Zaprojektuj plakat z faz\u0105 ksi\u0119\u017cyca od Positive Prints. <\/p>\r\n<p style=\"margin-top: 1rem\">Personalizowany plakat Nasz Ksi\u0119\u017cyc odtwarza faz\u0119 ksi\u0119\u017cyca dla wybranej daty i lokalizacji. To do Ciebie nale\u017cy wyb\u00f3r: data i miejsce pierwszego spotkania, pierwszego wyznania mi\u0142osnego, a mo\u017ce zar\u0119czyn? Pomagamy Ci zatrzyma\u0107 ten wspania\u0142y moment w czasie w formie plakatu, kt\u00f3ry mo\u017ce zaj\u0105\u0107 honorowe miejsce w Waszym wsp\u00f3lnym domu.<\/p>\r\n<h2 class=\"grenB f24 cblue\" style=\"margin-top: 3rem\">Jak spersonalizowa\u0107 Wasz ksi\u0119\u017cycowy podarunek?<\/h2>\r\n<p style=\"margin-top: 1rem\">Dzi\u0119ki \u0142atwemu w obs\u0142udze edytorowi bezproblemowo zaprojektujesz sw\u00f3j plakat, a wszelkie wprowadzane zmiany zobaczysz na interaktywnym podgl\u0105dzie. Wybierz ulubion\u0105 kolorystyk\u0119, a nast\u0119pnie dodaj dedykacj\u0119 od serca. Do Ciebie nale\u017cy decyzja czy b\u0119dzie to ukochany cytat, s\u0142owa piosenki lub po prostu data i miejsce tego wyj\u0105tkowego wydarzenia. To Tw\u00f3j plakat i Ty decydujesz o ka\u017cdym detalu. <\/p>\r\n<p style=\"margin-top: 1rem\">Za ka\u017cdym razem, kiedy spojrzysz na plakat, przypomnisz sobie wydarzenie, z kt\u00f3rym jest zwi\u0105zany. Zaprojektuj plakat ju\u017c dzi\u015b i podaruj ukochanej osobie prezent stworzony specjalnie z my\u015bl\u0105 o niej. <\/p>","protected":false},"excerpt":{"rendered":"<ul class=\"check-list\">\n<li>Odkryj faz\u0119 ksi\u0119\u017cyca dla dowolnej daty i lokalizacji<\/li>\n<li>Spersonalizuj w 3 prostych krokach<\/li>\n<li>Wybierz jedn\u0105 z efektownych wersji kolorystycznych<\/li>\n<li>Interaktywny podgl\u0105d pozwoli dopracowa\u0107 ka\u017cdy szczeg\u00f3\u0142<\/li>\n<\/ul>\n","protected":false},"featured_media":1689234,"template":"","meta":[],"product_brand":[],"product_cat":[7207,5279,8010,7690],"product_tag":[14975,13763,13753],"class_list":{"0":"post-245277","1":"product","2":"type-product","3":"status-publish","4":"has-post-thumbnail","6":"product_cat-moon-pl","7":"product_cat-prezent-na-zareczyny","8":"product_cat-prezent-dla-mezczyzny","9":"product_cat-prezent-dla-kobiety","10":"product_tag-anniversary-pl","11":"product_tag-faza-ksiezyca-w-dniu-slubu","12":"product_tag-faza-ksiezyca-w-rocznice","14":"first","15":"instock","16":"sale","17":"taxable","18":"shipping-taxable","19":"purchasable","20":"product-type-variable"},"yoast_head":"<!-- This site is optimized with the Yoast SEO Premium plugin v27.2 (Yoast SEO v27.2) - https:\/\/yoast.com\/product\/yoast-seo-premium-wordpress\/ -->\n<title>Nasz Ksi\u0119\u017cyc - Personalizowany Prezent na Rocznic\u0119 - Positive Prints<\/title>\n<meta name=\"description\" content=\"Czy zdarza Wam si\u0119 zastanawia\u0107, jak wygl\u0105da\u0142 ksi\u0119\u017cyc w dniu, kiedy si\u0119 poznali\u015bcie? Sprawd\u017a Wasz\u0105 faz\u0119 ksi\u0119\u017cyca i stw\u00f3rz unikatowy plakat.\" \/>\n<meta name=\"robots\" content=\"index, follow, max-snippet:-1, max-image-preview:large, max-video-preview:-1\" \/>\n<link rel=\"canonical\" href=\"https:\/\/positiveprints.com\/pl\/produkt\/nasz-ksiezyc\/\" \/>\n<meta property=\"og:locale\" content=\"pl_PL\" \/>\n<meta property=\"og:type\" content=\"article\" \/>\n<meta property=\"og:title\" content=\"Nasz Ksi\u0119\u017cyc\" \/>\n<meta property=\"og:description\" content=\"Odkryj faz\u0119 ksi\u0119\u017cyca dla dowolnej daty i lokalizacji  Spersonalizuj w 3 prostych krokach  Wybierz jedn\u0105 z efektownych wersji kolorystycznych  Interaktywny podgl\u0105d pozwoli dopracowa\u0107 ka\u017cdy szczeg\u00f3\u0142\" \/>\n<meta property=\"og:url\" content=\"https:\/\/positiveprints.com\/pl\/produkt\/nasz-ksiezyc\/\" \/>\n<meta property=\"og:site_name\" content=\"Positive Prints\" \/>\n<meta property=\"article:publisher\" content=\"https:\/\/www.facebook.com\/positiveprintscom\" \/>\n<meta property=\"article:modified_time\" content=\"2026-04-18T06:02:08+00:00\" \/>\n<meta property=\"og:image\" content=\"https:\/\/positiveprints.com\/wp-content\/uploads\/2024\/10\/Packshot_PL_our-moon-product-image.webp\" \/>\n\t<meta property=\"og:image:width\" content=\"1450\" \/>\n\t<meta property=\"og:image:height\" content=\"1450\" \/>\n\t<meta property=\"og:image:type\" content=\"image\/webp\" \/>\n<meta name=\"twitter:card\" content=\"summary_large_image\" \/>\n<meta name=\"twitter:label1\" content=\"Szacowany czas czytania\" \/>\n\t<meta name=\"twitter:data1\" content=\"1 minuta\" \/>\n<!-- \/ Yoast SEO Premium plugin. -->","yoast_head_json":{"title":"Nasz Ksi\u0119\u017cyc - Personalizowany Prezent na Rocznic\u0119 - Positive Prints","description":"Czy zdarza Wam si\u0119 zastanawia\u0107, jak wygl\u0105da\u0142 ksi\u0119\u017cyc w dniu, kiedy si\u0119 poznali\u015bcie? Sprawd\u017a Wasz\u0105 faz\u0119 ksi\u0119\u017cyca i stw\u00f3rz unikatowy plakat.","robots":{"index":"index","follow":"follow","max-snippet":"max-snippet:-1","max-image-preview":"max-image-preview:large","max-video-preview":"max-video-preview:-1"},"canonical":"https:\/\/positiveprints.com\/pl\/produkt\/nasz-ksiezyc\/","og_locale":"pl_PL","og_type":"article","og_title":"Nasz Ksi\u0119\u017cyc","og_description":"Odkryj faz\u0119 ksi\u0119\u017cyca dla dowolnej daty i lokalizacji  Spersonalizuj w 3 prostych krokach  Wybierz jedn\u0105 z efektownych wersji kolorystycznych  Interaktywny podgl\u0105d pozwoli dopracowa\u0107 ka\u017cdy szczeg\u00f3\u0142","og_url":"https:\/\/positiveprints.com\/pl\/produkt\/nasz-ksiezyc\/","og_site_name":"Positive Prints","article_publisher":"https:\/\/www.facebook.com\/positiveprintscom","article_modified_time":"2026-04-18T06:02:08+00:00","og_image":[{"width":1450,"height":1450,"url":"https:\/\/positiveprints.com\/wp-content\/uploads\/2024\/10\/Packshot_PL_our-moon-product-image.webp","type":"image\/webp"}],"twitter_card":"summary_large_image","twitter_misc":{"Szacowany czas czytania":"1 minuta"},"schema":{"@context":"https:\/\/schema.org","@graph":[{"@type":["WebPage","ItemPage"],"@id":"https:\/\/positiveprints.com\/pl\/produkt\/nasz-ksiezyc\/","url":"https:\/\/positiveprints.com\/pl\/produkt\/nasz-ksiezyc\/","name":"Nasz Ksi\u0119\u017cyc - Personalizowany Prezent na Rocznic\u0119 - Positive Prints","isPartOf":{"@id":"https:\/\/positiveprints.com\/pl\/#website"},"primaryImageOfPage":{"@id":"https:\/\/positiveprints.com\/pl\/produkt\/nasz-ksiezyc\/#primaryimage"},"image":{"@id":"https:\/\/positiveprints.com\/pl\/produkt\/nasz-ksiezyc\/#primaryimage"},"thumbnailUrl":"https:\/\/positiveprints.com\/wp-content\/uploads\/2026\/03\/Packshot_PL_Nasz-Ksiezyc.webp","datePublished":"2022-02-21T11:26:30+00:00","dateModified":"2026-04-18T06:02:08+00:00","description":"Czy zdarza Wam si\u0119 zastanawia\u0107, jak wygl\u0105da\u0142 ksi\u0119\u017cyc w dniu, kiedy si\u0119 poznali\u015bcie? Sprawd\u017a Wasz\u0105 faz\u0119 ksi\u0119\u017cyca i stw\u00f3rz unikatowy plakat.","breadcrumb":{"@id":"https:\/\/positiveprints.com\/pl\/produkt\/nasz-ksiezyc\/#breadcrumb"},"inLanguage":"pl-PL","potentialAction":[{"@type":"ReadAction","target":["https:\/\/positiveprints.com\/pl\/produkt\/nasz-ksiezyc\/"]}]},{"@type":"ImageObject","inLanguage":"pl-PL","@id":"https:\/\/positiveprints.com\/pl\/produkt\/nasz-ksiezyc\/#primaryimage","url":"https:\/\/positiveprints.com\/wp-content\/uploads\/2026\/03\/Packshot_PL_Nasz-Ksiezyc.webp","contentUrl":"https:\/\/positiveprints.com\/wp-content\/uploads\/2026\/03\/Packshot_PL_Nasz-Ksiezyc.webp","width":1450,"height":1450},{"@type":"BreadcrumbList","@id":"https:\/\/positiveprints.com\/pl\/produkt\/nasz-ksiezyc\/#breadcrumb","itemListElement":[{"@type":"ListItem","position":1,"name":"Home","item":"https:\/\/positiveprints.com\/pl\/"},{"@type":"ListItem","position":2,"name":"Produkty","item":"https:\/\/positiveprints.com\/pl\/shop\/"},{"@type":"ListItem","position":3,"name":"Nasz Ksi\u0119\u017cyc"}]},{"@type":"WebSite","@id":"https:\/\/positiveprints.com\/pl\/#website","url":"https:\/\/positiveprints.com\/pl\/","name":"Positive Prints","description":"Amazing Custom Personalized Gifts","publisher":{"@id":"https:\/\/positiveprints.com\/pl\/#organization"},"potentialAction":[{"@type":"SearchAction","target":{"@type":"EntryPoint","urlTemplate":"https:\/\/positiveprints.com\/pl\/?s={search_term_string}"},"query-input":{"@type":"PropertyValueSpecification","valueRequired":true,"valueName":"search_term_string"}}],"inLanguage":"pl-PL"},{"@type":"Organization","@id":"https:\/\/positiveprints.com\/pl\/#organization","name":"Positive Prints","alternateName":"Positive Prints","url":"https:\/\/positiveprints.com\/pl\/","logo":{"@type":"ImageObject","inLanguage":"pl-PL","@id":"https:\/\/positiveprints.com\/pl\/#\/schema\/logo\/image\/","url":"https:\/\/positiveprints.com\/wp-content\/uploads\/2026\/03\/245815646_1337939713319158_5671353136411139666_n.png","contentUrl":"https:\/\/positiveprints.com\/wp-content\/uploads\/2026\/03\/245815646_1337939713319158_5671353136411139666_n.png","width":800,"height":800,"caption":"Positive Prints"},"image":{"@id":"https:\/\/positiveprints.com\/pl\/#\/schema\/logo\/image\/"},"sameAs":["https:\/\/www.facebook.com\/positiveprintscom","https:\/\/www.instagram.com\/positiveprintscom\/","https:\/\/www.tiktok.com\/@positiveprintscom","https:\/\/www.pinterest.com\/positiveprintscom\/"]}]}},"jetpack_sharing_enabled":true,"_links":{"self":[{"href":"https:\/\/positiveprints.com\/pl\/wp-json\/wp\/v2\/product\/245277","targetHints":{"allow":["GET"]}}],"collection":[{"href":"https:\/\/positiveprints.com\/pl\/wp-json\/wp\/v2\/product"}],"about":[{"href":"https:\/\/positiveprints.com\/pl\/wp-json\/wp\/v2\/types\/product"}],"wp:featuredmedia":[{"embeddable":true,"href":"https:\/\/positiveprints.com\/pl\/wp-json\/wp\/v2\/media\/1689234"}],"wp:attachment":[{"href":"https:\/\/positiveprints.com\/pl\/wp-json\/wp\/v2\/media?parent=245277"}],"wp:term":[{"taxonomy":"product_brand","embeddable":true,"href":"https:\/\/positiveprints.com\/pl\/wp-json\/wp\/v2\/product_brand?post=245277"},{"taxonomy":"product_cat","embeddable":true,"href":"https:\/\/positiveprints.com\/pl\/wp-json\/wp\/v2\/product_cat?post=245277"},{"taxonomy":"product_tag","embeddable":true,"href":"https:\/\/positiveprints.com\/pl\/wp-json\/wp\/v2\/product_tag?post=245277"}],"curies":[{"name":"wp","href":"https:\/\/api.w.org\/{rel}","templated":true}]}}